{"id":68182,"date":"2025-04-07T12:39:35","date_gmt":"2025-04-07T09:39:35","guid":{"rendered":"https:\/\/unox.com.tr\/y-type-pneumatic-piston-valve-with-position-switch\/"},"modified":"2025-04-07T12:39:35","modified_gmt":"2025-04-07T09:39:35","slug":"y-type-pneumatic-piston-valve-with-position-switch","status":"publish","type":"product","link":"https:\/\/unox.com.tr\/en\/y-type-pneumatic-piston-valve-with-position-switch\/","title":{"rendered":"Y-Type Pneumatic Piston Valve with Position Switch"},"content":{"rendered":"<p class=\"p1\">The Y-Type Pneumatic Piston Valve with Position Switch is an ideal solution for fast and reliable fluid control in automation systems. Thanks to its Y-type body design, these valves allow the fluid to flow with low resistance. <a href=\"https:\/\/unox.com.tr\/\">Unox<\/a>-manufactured models with position switches are reliably used across various industries. They are particularly preferred in food, chemical, and pharmaceutical applications due to their hygienic design. Additionally, alternative products like the <a href=\"https:\/\/unox.com.tr\/3-yollu-elektrik-aktuatorlu-kuresel-vana\/\">Unox 3-Way Electric Actuated Ball Valve<\/a> meet different control requirements.   <\/p>\n<div id=\"ez-toc-container\" class=\"ez-toc-v2_0_82_2 counter-hierarchy ez-toc-counter ez-toc-grey ez-toc-container-direction\">\n<div class=\"ez-toc-title-container\">\n<p class=\"ez-toc-title\" style=\"cursor:inherit\">Sayfa \u0130\u00e7eri\u011fi<\/p>\n<span class=\"ez-toc-title-toggle\"><a href=\"#\" class=\"ez-toc-pull-right ez-toc-btn ez-toc-btn-xs ez-toc-btn-default ez-toc-toggle\" aria-label=\"Toggle Table of Content\"><span class=\"ez-toc-js-icon-con\"><span class=\"\"><span class=\"eztoc-hide\" style=\"display:none;\">Toggle<\/span><span class=\"ez-toc-icon-toggle-span\"><svg style=\"fill: #999;color:#999\" xmlns=\"http:\/\/www.w3.org\/2000\/svg\" class=\"list-377408\" width=\"20px\" height=\"20px\" viewBox=\"0 0 24 24\" fill=\"none\"><path d=\"M6 6H4v2h2V6zm14 0H8v2h12V6zM4 11h2v2H4v-2zm16 0H8v2h12v-2zM4 16h2v2H4v-2zm16 0H8v2h12v-2z\" fill=\"currentColor\"><\/path><\/svg><svg style=\"fill: #999;color:#999\" class=\"arrow-unsorted-368013\" xmlns=\"http:\/\/www.w3.org\/2000\/svg\" width=\"10px\" height=\"10px\" viewBox=\"0 0 24 24\" version=\"1.2\" baseProfile=\"tiny\"><path d=\"M18.2 9.3l-6.2-6.3-6.2 6.3c-.2.2-.3.4-.3.7s.1.5.3.7c.2.2.4.3.7.3h11c.3 0 .5-.1.7-.3.2-.2.3-.5.3-.7s-.1-.5-.3-.7zM5.8 14.7l6.2 6.3 6.2-6.3c.2-.2.3-.5.3-.7s-.1-.5-.3-.7c-.2-.2-.4-.3-.7-.3h-11c-.3 0-.5.1-.7.3-.2.2-.3.5-.3.7s.1.5.3.7z\"\/><\/svg><\/span><\/span><\/span><\/a><\/span><\/div>\n<nav><ul class='ez-toc-list ez-toc-list-level-1 ' ><li class='ez-toc-page-1 ez-toc-heading-level-3'><a class=\"ez-toc-link ez-toc-heading-1\" href=\"https:\/\/unox.com.tr\/en\/y-type-pneumatic-piston-valve-with-position-switch\/#Durable_Body_Construction_and_Actuator_System\" >Durable Body Construction and Actuator System<\/a><\/li><li class='ez-toc-page-1 ez-toc-heading-level-3'><a class=\"ez-toc-link ez-toc-heading-2\" href=\"https:\/\/unox.com.tr\/en\/y-type-pneumatic-piston-valve-with-position-switch\/#Automation-Compatible_Position_Feedback\" >Automation-Compatible Position Feedback<\/a><\/li><li class='ez-toc-page-1 ez-toc-heading-level-3'><a class=\"ez-toc-link ez-toc-heading-3\" href=\"https:\/\/unox.com.tr\/en\/y-type-pneumatic-piston-valve-with-position-switch\/#Various_Mounting_Options_and_Pressure_Ranges\" >Various Mounting Options and Pressure Ranges<\/a><\/li><li class='ez-toc-page-1 ez-toc-heading-level-3'><a class=\"ez-toc-link ez-toc-heading-4\" href=\"https:\/\/unox.com.tr\/en\/y-type-pneumatic-piston-valve-with-position-switch\/#Performance_Advantage_According_to_Application_Areas\" >Performance Advantage According to Application Areas<\/a><\/li><\/ul><\/nav><\/div>\n<h3><span class=\"ez-toc-section\" id=\"Durable_Body_Construction_and_Actuator_System\"><\/span><b>Durable Body Construction and Actuator System<\/b><span class=\"ez-toc-section-end\"><\/span><\/h3>\n<p class=\"p1\">With their stainless steel bodies, these valves offer long-term resistance to corrosion. The pneumatic piston actuator system performs opening and closing operations quickly and efficiently. However, mechanical performance alone is not sufficient. Alternative actuator options, such as the <a href=\"https:\/\/unox.com.tr\/ayirma-disli-kollu-pnomatik-aktuatorlu-kelebek-vana\/\">Unox Pneumatic Butterfly Valve<\/a> with Split Gear Arm, can also be considered. <a href=\"https:\/\/unox.com.tr\/\">Unox<\/a> offers a wide range of products in this field.  <\/p>\n<h3><span class=\"ez-toc-section\" id=\"Automation-Compatible_Position_Feedback\"><\/span><b>Automation-Compatible Position Feedback<\/b><span class=\"ez-toc-section-end\"><\/span><\/h3>\n<p class=\"p1\">The valve status is transmitted in real-time to automation systems via the position switch. This feature is particularly critical for process safety. However, the system must be properly configured. In this regard, the <a href=\"https:\/\/unox.com.tr\/cok-turlu-oransal-elektrik-aktuatorlu-vana\/\">Unox Multi-Turn Proportional Electric Actuated Valve<\/a> provides advanced control solutions. The <a href=\"https:\/\/unox.com.tr\/en\/?attachment_id=40804\">Unox Electric Actuated Flanged Ball Valve<\/a> is an ideal option for high-pressure systems.  <\/p>\n<h3><span class=\"ez-toc-section\" id=\"Various_Mounting_Options_and_Pressure_Ranges\"><\/span><b>Various Mounting Options and Pressure Ranges<\/b><span class=\"ez-toc-section-end\"><\/span><\/h3>\n<p class=\"p1\">The valve can be easily integrated into the system with threaded, flanged, or welded connection options. However, pressure and temperature limits must be considered during installation. The <a href=\"https:\/\/unox.com.tr\/en\/?attachment_id=25338\">Unox Electric Actuated 3-Way Ball Valve<\/a> and <a href=\"https:\/\/unox.com.tr\/elektrik-aktuatorlu-2-parcali-disli-kuresel-vana\/\">Unox Electric Actuated 2-Piece Threaded Ball Valve<\/a> provide important alternatives in this field. <a href=\"https:\/\/unox.com.tr\/\">Unox<\/a> supports all its products with detailed technical information. <\/p>\n<h3><span class=\"ez-toc-section\" id=\"Performance_Advantage_According_to_Application_Areas\"><\/span><b>Performance Advantage According to Application Areas<\/b><span class=\"ez-toc-section-end\"><\/span><\/h3>\n<p class=\"p1\">This type of valve operates safely within a temperature range of -10\u00b0C to +180\u00b0C. The seal and body materials should be selected according to system conditions. The <a href=\"https:\/\/unox.com.tr\/en\/?attachment_id=40788\">Unox Electric Actuated U-PVC Ball Valve<\/a> offers high resistance, especially in chemical environments. Product details and spare parts information are available through the <a href=\"https:\/\/www.unoxonline.com.tr\/\" rel=\"nofollow noopener\" target=\"_blank\">Unox Online<\/a> platform. Additionally, products like the <a href=\"https:\/\/unox.com.tr\/en\/?attachment_id=40796\">Unox Electric Actuated Threaded Ball Valve<\/a> provide advantages in confined spaces.  <\/p>\n<div id=\"attachment_63609\" style=\"width: 310px\" class=\"wp-caption alignnone\"><img decoding=\"async\" aria-describedby=\"caption-attachment-63609\" class=\"size-medium wp-image-63607\" src=\"https:\/\/unox.com.tr\/wp-content\/themes\/woodmart\/images\/lazy.svg\" data-src=\"https:\/\/unox.com.tr\/wp-content\/uploads\/2025\/04\/pozisyon-switchli-y-tipi-pnomatik-pistonlu-vana-7-300x300.jpg\" alt=\"A pneumatic valve is generally used to control or stop the flow by utilizing a pneumatic power source. In pneumatic systems,\" width=\"300\" height=\"300\" title=\"\" srcset=\"\" data-srcset=\"https:\/\/unox.com.tr\/wp-content\/uploads\/2025\/04\/pozisyon-switchli-y-tipi-pnomatik-pistonlu-vana-7-300x300.jpg 300w, https:\/\/unox.com.tr\/wp-content\/uploads\/2025\/04\/pozisyon-switchli-y-tipi-pnomatik-pistonlu-vana-7-150x150.jpg 150w, https:\/\/unox.com.tr\/wp-content\/uploads\/2025\/04\/pozisyon-switchli-y-tipi-pnomatik-pistonlu-vana-7-600x600.jpg 600w, https:\/\/unox.com.tr\/wp-content\/uploads\/2025\/04\/pozisyon-switchli-y-tipi-pnomatik-pistonlu-vana-7-1024x1024.jpg 1024w, https:\/\/unox.com.tr\/wp-content\/uploads\/2025\/04\/pozisyon-switchli-y-tipi-pnomatik-pistonlu-vana-7-768x768.jpg 768w, https:\/\/unox.com.tr\/wp-content\/uploads\/2025\/04\/pozisyon-switchli-y-tipi-pnomatik-pistonlu-vana-7-1536x1536.jpg 1536w, https:\/\/unox.com.tr\/wp-content\/uploads\/2025\/04\/pozisyon-switchli-y-tipi-pnomatik-pistonlu-vana-7.jpg 2000w\" sizes=\"(max-width: 300px) 100vw, 300px\" \/><p id=\"caption-attachment-63609\" class=\"wp-caption-text\">A pneumatic valve is generally used to control or stop the flow by utilizing a pneumatic power source. In pneumatic systems,<\/p><\/div>\n","protected":false},"excerpt":{"rendered":"<p><button style=\"background-color: #11224b; color: #ffffff; padding: 10px 15px; font-family: montserrat; font-weight: bold; font-size: 19px; border-radius: 10px;\"><img decoding=\"async\" style=\"width: 25px; height: 25px;\" src=\"https:\/\/unox.com.tr\/wp-content\/uploads\/2023\/02\/pdf-1.png\">PRODUCT CATALOGUE<\/button><\/p>\n<p><button style=\"background-color: #11224b; margin-top: 5px; color: white; padding: 0px 15px; width: 150px; height: 55px; border-radius: 10px; border: none; cursor: pointer;\"><br \/>\n<img decoding=\"async\" style=\"width: 120px; height: 30px;\" src=\"https:\/\/unox.com.tr\/wp-content\/uploads\/2023\/02\/4-1.svg\"><\/button><\/p>\n","protected":false},"featured_media":63567,"comment_status":"open","ping_status":"closed","template":"","meta":[],"product_brand":[],"product_cat":[1135,1116,1114],"product_tag":[],"class_list":{"0":"post-68182","1":"product","2":"type-product","3":"status-publish","4":"has-post-thumbnail","6":"product_cat-pneumatic-piston-valves","7":"product_cat-actuator-valves","8":"product_cat-pneumatic-valves","10":"first","11":"instock","12":"shipping-taxable","13":"product-type-simple"},"_links":{"self":[{"href":"https:\/\/unox.com.tr\/en\/wp-json\/wp\/v2\/product\/68182","targetHints":{"allow":["GET"]}}],"collection":[{"href":"https:\/\/unox.com.tr\/en\/wp-json\/wp\/v2\/product"}],"about":[{"href":"https:\/\/unox.com.tr\/en\/wp-json\/wp\/v2\/types\/product"}],"replies":[{"embeddable":true,"href":"https:\/\/unox.com.tr\/en\/wp-json\/wp\/v2\/comments?post=68182"}],"version-history":[{"count":0,"href":"https:\/\/unox.com.tr\/en\/wp-json\/wp\/v2\/product\/68182\/revisions"}],"wp:featuredmedia":[{"embeddable":true,"href":"https:\/\/unox.com.tr\/en\/wp-json\/wp\/v2\/media\/63567"}],"wp:attachment":[{"href":"https:\/\/unox.com.tr\/en\/wp-json\/wp\/v2\/media?parent=68182"}],"wp:term":[{"taxonomy":"product_brand","embeddable":true,"href":"https:\/\/unox.com.tr\/en\/wp-json\/wp\/v2\/product_brand?post=68182"},{"taxonomy":"product_cat","embeddable":true,"href":"https:\/\/unox.com.tr\/en\/wp-json\/wp\/v2\/product_cat?post=68182"},{"taxonomy":"product_tag","embeddable":true,"href":"https:\/\/unox.com.tr\/en\/wp-json\/wp\/v2\/product_tag?post=68182"}],"curies":[{"name":"wp","href":"https:\/\/api.w.org\/{rel}","templated":true}]}}