{"id":68242,"date":"2024-05-31T10:57:18","date_gmt":"2024-05-31T07:57:18","guid":{"rendered":"https:\/\/unox.com.tr\/3-yollu-flansli-kuresel-vana-l-tip\/"},"modified":"2026-01-12T14:49:26","modified_gmt":"2026-01-12T11:49:26","slug":"3-yollu-flansli-kuresel-vana-l-tip","status":"publish","type":"product","link":"https:\/\/unox.com.tr\/en\/3-yollu-flansli-kuresel-vana-l-tip\/","title":{"rendered":"Three-Way Flanged Ball Valve \u2013 L-Port"},"content":{"rendered":"<p class=\"p1\">The three-way flanged L-port ball valve is a specialized type of valve used to direct liquid flow within a pipeline. In this valve model, the internal ball features an L-shaped port. This design allows flow to be diverted between two different outlets. Typically, the third connection point is kept closed, enabling controlled switching between two lines.   <\/p>\n<p class=\"p1\">Thanks to the L-port valve design, flow is allowed between only two lines at any given time. This characteristic makes it suitable for systems where flow diversion is required rather than mixing. In addition, this type of valve enables the safe transfer of fluids from one line to another in process control systems.  <\/p>\n<div id=\"ez-toc-container\" class=\"ez-toc-v2_0_82_2 counter-hierarchy ez-toc-counter ez-toc-grey ez-toc-container-direction\">\n<div class=\"ez-toc-title-container\">\n<p class=\"ez-toc-title\" style=\"cursor:inherit\">Sayfa \u0130\u00e7eri\u011fi<\/p>\n<span class=\"ez-toc-title-toggle\"><a href=\"#\" class=\"ez-toc-pull-right ez-toc-btn ez-toc-btn-xs ez-toc-btn-default ez-toc-toggle\" aria-label=\"Toggle Table of Content\"><span class=\"ez-toc-js-icon-con\"><span class=\"\"><span class=\"eztoc-hide\" style=\"display:none;\">Toggle<\/span><span class=\"ez-toc-icon-toggle-span\"><svg style=\"fill: #999;color:#999\" xmlns=\"http:\/\/www.w3.org\/2000\/svg\" class=\"list-377408\" width=\"20px\" height=\"20px\" viewBox=\"0 0 24 24\" fill=\"none\"><path d=\"M6 6H4v2h2V6zm14 0H8v2h12V6zM4 11h2v2H4v-2zm16 0H8v2h12v-2zM4 16h2v2H4v-2zm16 0H8v2h12v-2z\" fill=\"currentColor\"><\/path><\/svg><svg style=\"fill: #999;color:#999\" class=\"arrow-unsorted-368013\" xmlns=\"http:\/\/www.w3.org\/2000\/svg\" width=\"10px\" height=\"10px\" viewBox=\"0 0 24 24\" version=\"1.2\" baseProfile=\"tiny\"><path d=\"M18.2 9.3l-6.2-6.3-6.2 6.3c-.2.2-.3.4-.3.7s.1.5.3.7c.2.2.4.3.7.3h11c.3 0 .5-.1.7-.3.2-.2.3-.5.3-.7s-.1-.5-.3-.7zM5.8 14.7l6.2 6.3 6.2-6.3c.2-.2.3-.5.3-.7s-.1-.5-.3-.7c-.2-.2-.4-.3-.7-.3h-11c-.3 0-.5.1-.7.3-.2.2-.3.5-.3.7s.1.5.3.7z\"\/><\/svg><\/span><\/span><\/span><\/a><\/span><\/div>\n<nav><ul class='ez-toc-list ez-toc-list-level-1 ' ><li class='ez-toc-page-1 ez-toc-heading-level-3'><a class=\"ez-toc-link ez-toc-heading-1\" href=\"https:\/\/unox.com.tr\/en\/3-yollu-flansli-kuresel-vana-l-tip\/#Where_Is_It_Used\" >Where Is It Used?<\/a><\/li><li class='ez-toc-page-1 ez-toc-heading-level-3'><a class=\"ez-toc-link ez-toc-heading-2\" href=\"https:\/\/unox.com.tr\/en\/3-yollu-flansli-kuresel-vana-l-tip\/#What_Are_the_Technical_Specifications\" >What Are the Technical Specifications?<\/a><\/li><li class='ez-toc-page-1 ez-toc-heading-level-3'><a class=\"ez-toc-link ez-toc-heading-3\" href=\"https:\/\/unox.com.tr\/en\/3-yollu-flansli-kuresel-vana-l-tip\/#Why_Is_It_Preferred\" >Why Is It Preferred?<\/a><\/li><li class='ez-toc-page-1 ez-toc-heading-level-3'><a class=\"ez-toc-link ez-toc-heading-4\" href=\"https:\/\/unox.com.tr\/en\/3-yollu-flansli-kuresel-vana-l-tip\/#For_More_Information\" >For More Information<\/a><\/li><\/ul><\/nav><\/div>\n<h3><span class=\"ez-toc-section\" id=\"Where_Is_It_Used\"><\/span><b>Where Is It Used?<\/b><span class=\"ez-toc-section-end\"><\/span><\/h3>\n<p class=\"p1\">The three-way flanged L-port ball valve is widely used across many different industries. These valves facilitate easy switching between lines, enhancing system safety and efficiency. They are particularly commonly used in the following fields:  <\/p>\n<ul>\n<li>\n<p class=\"p1\">In the chemical industry, the flow direction can be changed between reactors or mixing tanks.<\/p>\n<\/li>\n<li>\n<p class=\"p1\">In the food industry, liquid transfer between production lines is facilitated.<\/p>\n<\/li>\n<li>\n<p class=\"p1\">In water treatment plants, switching between clean water lines and recycled water lines is enabled.<\/p>\n<\/li>\n<li>\n<p class=\"p1\">In power plants, line switching can be performed within cooling or steam circuits.<\/p>\n<\/li>\n<li>\n<p class=\"p1\">In oil and natural gas applications, the flow direction is safely controlled.<\/p>\n<\/li>\n<\/ul>\n<p class=\"p1\">In addition to these application areas, it can also be integrated to operate with automation systems. Thanks to its compatibility with electric or pneumatic actuators, remote control capability is provided. <\/p>\n<h3><span class=\"ez-toc-section\" id=\"What_Are_the_Technical_Specifications\"><\/span><b>What Are the Technical Specifications?<\/b><span class=\"ez-toc-section-end\"><\/span><\/h3>\n<p class=\"p1\">The three-way flanged L-port valve is manufactured using high-quality materials. In this way, long-term performance is ensured even under harsh industrial conditions. Its general technical specifications are listed below:  <\/p>\n<ul>\n<li>\n<p class=\"p1\">Body Material: Stainless steel AISI 304 \/ AISI 316<\/p>\n<\/li>\n<li>\n<p class=\"p1\">Connection Type: Flanged (in accordance with DIN and ANSI standards)<\/p>\n<\/li>\n<li>\n<p class=\"p1\">Working Pressure: PN16 \/ PN25<\/p>\n<\/li>\n<li>\n<p class=\"p1\">Sealing Element: The risk of leakage is minimized by a PTFE-sealed design.<\/p>\n<\/li>\n<li>\n<p class=\"p1\">Operating Temperature: Suitable for use between -20 \u00b0C and +180 \u00b0C.<\/p>\n<\/li>\n<li>\n<p class=\"p1\">Ball Design: Features an L-port hole configuration.<\/p>\n<\/li>\n<li>\n<p class=\"p1\">Control Type: Compatible with electric and pneumatic actuators in addition to manual operation.<\/p>\n<\/li>\n<\/ul>\n<p class=\"p1\">In addition, each product is subjected to sealing and performance tests after manufacturing. This ensures high safety and quality for the end user. <\/p>\n<h3><span class=\"ez-toc-section\" id=\"Why_Is_It_Preferred\"><\/span><b>Why Is It Preferred?<\/b><span class=\"ez-toc-section-end\"><\/span><\/h3>\n<p class=\"p1\">The three-way flanged ball valve is ideal for applications where only flow diversion is required within a system. It offers cost advantages in the systems where it is used, simplifies installation, and reduces maintenance time. Additionally, its sealing capability and high pressure resistance provide a long-lasting solution for the user.  <\/p>\n<p class=\"p1\">This product can be successfully used in both manual systems and automation infrastructures. As a result, flexibility is provided and operational efficiency is enhanced. <\/p>\n<h3><span class=\"ez-toc-section\" id=\"For_More_Information\"><\/span><b>For More Information<\/b><span class=\"ez-toc-section-end\"><\/span><\/h3>\n<p class=\"p1\">For detailed information about the product, the <a href=\"https:\/\/unox.com.tr\/en\/valve-group\/\">Unox Valve Products Page<\/a> can be visited.<\/p>\n<p class=\"p1\">In addition, our <a href=\"https:\/\/unox.com.tr\/2-parcali-flansli-kuresel-vana-tepe-flansli\/\">2-Piece Flanged Ball Valve with Top Flange<\/a> product can also be reviewed.<\/p>\n<p class=\"p1\">All valve types can be ordered through the <a href=\"https:\/\/www.unoxonline.com.tr\/urun-kategori\/vana\/\" rel=\"nofollow noopener\" target=\"_blank\">Unox Online Store<\/a>.<\/p>\n<div id=\"attachment_61277\" style=\"width: 310px\" class=\"wp-caption alignnone\"><img decoding=\"async\" aria-describedby=\"caption-attachment-61277\" class=\"size-medium wp-image-61275\" src=\"https:\/\/unox.com.tr\/wp-content\/themes\/woodmart\/images\/lazy.svg\" data-src=\"https:\/\/unox.com.tr\/wp-content\/uploads\/2024\/05\/3-yollu-flansli-kuresel-vana-paslanmaz-300x300.jpg\" alt=\"Three-Way Flanged Ball Valve\" width=\"300\" height=\"300\" title=\"\" srcset=\"\" data-srcset=\"https:\/\/unox.com.tr\/wp-content\/uploads\/2024\/05\/3-yollu-flansli-kuresel-vana-paslanmaz-300x300.jpg 300w, https:\/\/unox.com.tr\/wp-content\/uploads\/2024\/05\/3-yollu-flansli-kuresel-vana-paslanmaz-150x150.jpg 150w, https:\/\/unox.com.tr\/wp-content\/uploads\/2024\/05\/3-yollu-flansli-kuresel-vana-paslanmaz-600x600.jpg 600w, https:\/\/unox.com.tr\/wp-content\/uploads\/2024\/05\/3-yollu-flansli-kuresel-vana-paslanmaz-768x768.jpg 768w, https:\/\/unox.com.tr\/wp-content\/uploads\/2024\/05\/3-yollu-flansli-kuresel-vana-paslanmaz.jpg 1000w\" sizes=\"(max-width: 300px) 100vw, 300px\" \/><p id=\"caption-attachment-61277\" class=\"wp-caption-text\">Three-Way Flanged Ball Valve \u2013 L-Port<\/p><\/div>\n<p>&nbsp;<\/p>\n","protected":false},"excerpt":{"rendered":"<p><a href=\"https:\/\/unox.com.tr\/wp-content\/uploads\/2024\/05\/3-Yollu-L-Tip-Flansli-Kuresel-Vana.pdf\" target=\"_blank\" rel=\"noopener\"><button style=\"background-color: #11224b; color: #ffffff; padding: 10px 15px; font-family: montserrat; font-weight: bold; font-size: 19px; border-radius: 10px;\"><img decoding=\"async\" style=\"width: 25px; height: 25px;\" src=\"https:\/\/unox.com.tr\/wp-content\/uploads\/2023\/02\/pdf-1.png\">PRODUCT CATALOGUE<\/button><\/a><\/p>\n<p><button style=\"background-color: #11224b; margin-top: 5px; color: white; padding: 0px 15px; width: 150px; height: 55px; border-radius: 10px; border: none; cursor: pointer;\"><br \/>\n<img decoding=\"async\" style=\"width: 120px; height: 30px;\" src=\"https:\/\/unox.com.tr\/wp-content\/uploads\/2023\/02\/4-1.svg\"><\/button><\/p>\n","protected":false},"featured_media":61277,"comment_status":"open","ping_status":"closed","template":"","meta":{"_joinchat":[]},"product_brand":[],"product_cat":[1148,1129],"product_tag":[],"class_list":{"0":"post-68242","1":"product","2":"type-product","3":"status-publish","4":"has-post-thumbnail","6":"product_cat-ball-valves","7":"product_cat-valve-group","9":"first","10":"instock","11":"shipping-taxable","12":"product-type-simple"},"_links":{"self":[{"href":"https:\/\/unox.com.tr\/en\/wp-json\/wp\/v2\/product\/68242","targetHints":{"allow":["GET"]}}],"collection":[{"href":"https:\/\/unox.com.tr\/en\/wp-json\/wp\/v2\/product"}],"about":[{"href":"https:\/\/unox.com.tr\/en\/wp-json\/wp\/v2\/types\/product"}],"replies":[{"embeddable":true,"href":"https:\/\/unox.com.tr\/en\/wp-json\/wp\/v2\/comments?post=68242"}],"version-history":[{"count":1,"href":"https:\/\/unox.com.tr\/en\/wp-json\/wp\/v2\/product\/68242\/revisions"}],"predecessor-version":[{"id":68507,"href":"https:\/\/unox.com.tr\/en\/wp-json\/wp\/v2\/product\/68242\/revisions\/68507"}],"wp:featuredmedia":[{"embeddable":true,"href":"https:\/\/unox.com.tr\/en\/wp-json\/wp\/v2\/media\/61277"}],"wp:attachment":[{"href":"https:\/\/unox.com.tr\/en\/wp-json\/wp\/v2\/media?parent=68242"}],"wp:term":[{"taxonomy":"product_brand","embeddable":true,"href":"https:\/\/unox.com.tr\/en\/wp-json\/wp\/v2\/product_brand?post=68242"},{"taxonomy":"product_cat","embeddable":true,"href":"https:\/\/unox.com.tr\/en\/wp-json\/wp\/v2\/product_cat?post=68242"},{"taxonomy":"product_tag","embeddable":true,"href":"https:\/\/unox.com.tr\/en\/wp-json\/wp\/v2\/product_tag?post=68242"}],"curies":[{"name":"wp","href":"https:\/\/api.w.org\/{rel}","templated":true}]}}