{"id":35477,"date":"2020-09-10T09:04:36","date_gmt":"2020-09-10T06:04:36","guid":{"rendered":"https:\/\/www.unox.com.tr\/politica-de-calidad\/"},"modified":"2022-10-30T18:53:16","modified_gmt":"2022-10-30T18:53:16","slug":"politica-de-calidad","status":"publish","type":"page","link":"https:\/\/unox.com.tr\/es\/politica-de-calidad\/","title":{"rendered":"Pol\u00edtica de Calidad"},"content":{"rendered":"\t\t<div data-elementor-type=\"wp-page\" data-elementor-id=\"35477\" class=\"elementor elementor-35477 elementor-33371\">\n\t\t\t\t\t\t<section class=\"wd-negative-gap elementor-section elementor-top-section elementor-element elementor-element-c0caaa9 elementor-section-boxed elementor-section-height-default elementor-section-height-default\" data-id=\"c0caaa9\" data-element_type=\"section\" data-e-type=\"section\">\n\t\t\t\t\t\t<div class=\"elementor-container elementor-column-gap-default\">\n\t\t\t\t\t<div class=\"elementor-column elementor-col-100 elementor-top-column elementor-element elementor-element-562370b3\" data-id=\"562370b3\" data-element_type=\"column\" data-e-type=\"column\">\n\t\t\t<div class=\"elementor-widget-wrap elementor-element-populated\">\n\t\t\t\t\t\t<div class=\"elementor-element elementor-element-69f8cf00 elementor-widget elementor-widget-heading\" data-id=\"69f8cf00\" data-element_type=\"widget\" data-e-type=\"widget\" data-widget_type=\"heading.default\">\n\t\t\t\t<div class=\"elementor-widget-container\">\n\t\t\t\t\t<h1 class=\"elementor-heading-title elementor-size-default\">Pol\u00edtica de Calidad<\/h1>\t\t\t\t<\/div>\n\t\t\t\t<\/div>\n\t\t\t\t<div class=\"elementor-element elementor-element-15a8bbf elementor-widget-divider--view-line elementor-widget elementor-widget-divider\" data-id=\"15a8bbf\" data-element_type=\"widget\" data-e-type=\"widget\" data-widget_type=\"divider.default\">\n\t\t\t\t<div class=\"elementor-widget-container\">\n\t\t\t\t\t\t\t<div class=\"elementor-divider\">\n\t\t\t<span class=\"elementor-divider-separator\">\n\t\t\t\t\t\t<\/span>\n\t\t<\/div>\n\t\t\t\t\t\t<\/div>\n\t\t\t\t<\/div>\n\t\t\t\t<div class=\"elementor-element elementor-element-8ecee3b elementor-widget elementor-widget-heading\" data-id=\"8ecee3b\" data-element_type=\"widget\" data-e-type=\"widget\" data-widget_type=\"heading.default\">\n\t\t\t\t<div class=\"elementor-widget-container\">\n\t\t\t\t\t<p class=\"elementor-heading-title elementor-size-default\">Nos dedicamos a mejorar constantemente nuestra marca y nuestros productos. Contamos con una organizaci\u00f3n innovadora que tiene como objetivo ampliar nuestra posici\u00f3n competitiva con nuestros competidores, con una estrategia orientada al cliente. <br> <br> Planeamos aumentar el valor que agregamos a nuestros grupos de inter\u00e9s mediante el dise\u00f1o de productos de calidad, innovadores y diferentes, y seguir teniendo voz en el sector. Imaginamos y trabajamos para una organizaci\u00f3n donde todos los involucrados en esta organizaci\u00f3n tengan confianza mutua dentro del marco de reglas \u00e9ticas, y trabajamos para esto, con nuestros proveedores, a los que vemos como socios comerciales a largo plazo, nuestros clientes usuarios finales, nuestros amigos en producci\u00f3n. Como marca UNOX, damos gran importancia a las actividades de marketing y asignamos presupuestos elevados, llegando as\u00ed a nuestros clientes de forma r\u00e1pida y eficaz en todos los campos. Podemos obtener reacciones instant\u00e1neas ante los problemas, brindamos todo tipo de soporte antes y despu\u00e9s de la venta de nuestro producto. <br> <br> Como marca UNOX, adoptamos ser una marca orientada al cliente, nuestra principal estrategia es ganarnos el aprecio de nuestros clientes y seguir caminando nuestro camino con paso firme sin comprometer nuestra calidad de ninguna manera.<\/p>\t\t\t\t<\/div>\n\t\t\t\t<\/div>\n\t\t\t\t\t<\/div>\n\t\t<\/div>\n\t\t\t\t\t<\/div>\n\t\t<\/section>\n\t\t\t\t<\/div>\n\t\t","protected":false},"excerpt":{"rendered":"<p>Pol\u00edtica de Calidad Nos dedicamos a mejorar constantemente nuestra marca y nuestros productos. Contamos con una organizaci\u00f3n innovadora que tiene<\/p>\n","protected":false},"author":4,"featured_media":0,"parent":0,"menu_order":0,"comment_status":"closed","ping_status":"closed","template":"","meta":{"footnotes":""},"class_list":["post-35477","page","type-page","status-publish","hentry"],"_links":{"self":[{"href":"https:\/\/unox.com.tr\/es\/wp-json\/wp\/v2\/pages\/35477","targetHints":{"allow":["GET"]}}],"collection":[{"href":"https:\/\/unox.com.tr\/es\/wp-json\/wp\/v2\/pages"}],"about":[{"href":"https:\/\/unox.com.tr\/es\/wp-json\/wp\/v2\/types\/page"}],"author":[{"embeddable":true,"href":"https:\/\/unox.com.tr\/es\/wp-json\/wp\/v2\/users\/4"}],"replies":[{"embeddable":true,"href":"https:\/\/unox.com.tr\/es\/wp-json\/wp\/v2\/comments?post=35477"}],"version-history":[{"count":0,"href":"https:\/\/unox.com.tr\/es\/wp-json\/wp\/v2\/pages\/35477\/revisions"}],"wp:attachment":[{"href":"https:\/\/unox.com.tr\/es\/wp-json\/wp\/v2\/media?parent=35477"}],"curies":[{"name":"wp","href":"https:\/\/api.w.org\/{rel}","templated":true}]}}