{"id":35480,"date":"2022-07-04T13:53:25","date_gmt":"2022-07-04T13:53:25","guid":{"rendered":"https:\/\/www.unox.com.tr\/corporativa\/"},"modified":"2023-02-24T16:27:03","modified_gmt":"2023-02-24T13:27:03","slug":"corporativa","status":"publish","type":"page","link":"https:\/\/unox.com.tr\/es\/corporativa\/","title":{"rendered":"Corporativa"},"content":{"rendered":"\n<p>Estamos comprometidos a mejorar nuestra marca y nuestros productos sin detenernos ni un momento. Tenemos una organizaci\u00f3n innovadora que siempre apunta hacia adelante con nuestra estrategia orientada al cliente que tiene como objetivo expandir nuestra posici\u00f3n competitiva con nuestros competidores. Planeamos aumentar continuamente el valor que agregamos a nuestros grupos de inter\u00e9s mediante el dise\u00f1o de productos de alta calidad, innovadores y diferentes y seguir teniendo voz en el sector. Con nuestros proveedores, a quienes vemos como socios comerciales a largo plazo, nuestros clientes usuarios finales, incluso nuestros amigos en la producci\u00f3n, so\u00f1amos con una organizaci\u00f3n donde todos los involucrados en esta organizaci\u00f3n tengan confianza mutua dentro del marco de reglas \u00e9ticas, y todos est\u00e1 satisfecho, y trabajamos para ello. Como marca UNOX, damos importancia a los estudios de marketing y asignamos altos presupuestos, por lo que llegamos al cliente de forma r\u00e1pida y eficaz en todos los campos. Podemos obtener una reacci\u00f3n instant\u00e1nea a los problemas y brindar todo tipo de soporte antes y despu\u00e9s de la venta de nuestro producto. Como marca UNOX, hemos adoptado ser una marca orientada al cliente, por lo que nuestra principal estrategia es ganarnos el aprecio de nuestros clientes y seguir caminando con pasos seguros sin comprometer nuestra calidad de ninguna manera.<\/p>\n","protected":false},"excerpt":{"rendered":"<p>Estamos comprometidos a mejorar nuestra marca y nuestros productos sin detenernos ni un momento. Tenemos una organizaci\u00f3n innovadora que siempre<\/p>\n","protected":false},"author":1,"featured_media":0,"parent":0,"menu_order":0,"comment_status":"closed","ping_status":"closed","template":"","meta":{"footnotes":""},"class_list":["post-35480","page","type-page","status-publish","hentry"],"_links":{"self":[{"href":"https:\/\/unox.com.tr\/es\/wp-json\/wp\/v2\/pages\/35480","targetHints":{"allow":["GET"]}}],"collection":[{"href":"https:\/\/unox.com.tr\/es\/wp-json\/wp\/v2\/pages"}],"about":[{"href":"https:\/\/unox.com.tr\/es\/wp-json\/wp\/v2\/types\/page"}],"author":[{"embeddable":true,"href":"https:\/\/unox.com.tr\/es\/wp-json\/wp\/v2\/users\/1"}],"replies":[{"embeddable":true,"href":"https:\/\/unox.com.tr\/es\/wp-json\/wp\/v2\/comments?post=35480"}],"version-history":[{"count":0,"href":"https:\/\/unox.com.tr\/es\/wp-json\/wp\/v2\/pages\/35480\/revisions"}],"wp:attachment":[{"href":"https:\/\/unox.com.tr\/es\/wp-json\/wp\/v2\/media?parent=35480"}],"curies":[{"name":"wp","href":"https:\/\/api.w.org\/{rel}","templated":true}]}}