{"id":52647,"date":"2022-02-10T12:37:42","date_gmt":"2022-02-10T09:37:42","guid":{"rendered":"https:\/\/unox.com.tr\/2021-isk-sodex-feria\/"},"modified":"2023-02-24T15:49:44","modified_gmt":"2023-02-24T12:49:44","slug":"2021-isk-sodex-feria","status":"publish","type":"page","link":"https:\/\/unox.com.tr\/es\/ferias\/2021-isk-sodex-feria\/","title":{"rendered":"2021 ISK-SODEX Feria"},"content":{"rendered":"\t\t<div data-elementor-type=\"wp-page\" data-elementor-id=\"52647\" class=\"elementor elementor-52647 elementor-9195\">\n\t\t\t\t\t\t<section class=\"wd-negative-gap elementor-section elementor-top-section elementor-element elementor-element-12846a3 elementor-section-boxed elementor-section-height-default elementor-section-height-default\" data-id=\"12846a3\" data-element_type=\"section\" data-e-type=\"section\">\n\t\t\t\t\t\t<div class=\"elementor-container elementor-column-gap-default\">\n\t\t\t\t\t<div class=\"elementor-column elementor-col-100 elementor-top-column elementor-element elementor-element-74bfa99\" data-id=\"74bfa99\" data-element_type=\"column\" data-e-type=\"column\">\n\t\t\t<div class=\"elementor-widget-wrap elementor-element-populated\">\n\t\t\t\t\t\t<div class=\"elementor-element elementor-element-e4af770 elementor-widget elementor-widget-heading\" data-id=\"e4af770\" data-element_type=\"widget\" data-e-type=\"widget\" data-widget_type=\"heading.default\">\n\t\t\t\t<div class=\"elementor-widget-container\">\n\t\t\t\t\t<h2 class=\"elementor-heading-title elementor-size-default\">V\u00e1lvula Unox 2021 en ISK-Sodex Feria!<\/h2>\t\t\t\t<\/div>\n\t\t\t\t<\/div>\n\t\t\t\t\t<\/div>\n\t\t<\/div>\n\t\t\t\t\t<\/div>\n\t\t<\/section>\n\t\t\t\t<section class=\"wd-negative-gap elementor-section elementor-top-section elementor-element elementor-element-8dc88eb elementor-section-boxed elementor-section-height-default elementor-section-height-default\" data-id=\"8dc88eb\" data-element_type=\"section\" data-e-type=\"section\">\n\t\t\t\t\t\t<div class=\"elementor-container elementor-column-gap-default\">\n\t\t\t\t\t<div class=\"elementor-column elementor-col-100 elementor-top-column elementor-element elementor-element-4f081be\" data-id=\"4f081be\" data-element_type=\"column\" data-e-type=\"column\">\n\t\t\t<div class=\"elementor-widget-wrap elementor-element-populated\">\n\t\t\t\t\t\t<div class=\"elementor-element elementor-element-cfa0a61 color-scheme-inherit text-left elementor-widget elementor-widget-text-editor\" data-id=\"cfa0a61\" data-element_type=\"widget\" data-e-type=\"widget\" data-widget_type=\"text-editor.default\">\n\t\t\t\t<div class=\"elementor-widget-container\">\n\t\t\t\t\t\t\t\t\t<p><strong>Este a\u00f1o llegamos a la Feria ISK-Sodex. Junto a las soluciones que produjimos en el \u00e1mbito industrial, ocupamos nuestro lugar en nuestro stand.<\/strong><\/p>\n<p>ISK-Sodex Feria es un evento organizado en HVAC &amp; R, aislamiento, bomba, v\u00e1lvula, instalaci\u00f3n, tratamiento de agua, incendios, piscinas y sistemas de energ\u00eda solar. La Feria ISK-Sodex, una de las ferias l\u00edderes en el sector, se celebr\u00f3 en 2021 con la participaci\u00f3n de muchas compa\u00f1\u00edas en el Centro de Exposiciones y Congreso de T\u00fcyap.<\/p>\n<p>UNOX Valve tambi\u00e9n tom\u00f3 su lugar en sus gradas con sus soluciones e ingenieros equipados. Los valiosos ingenieros y el equipo de ventas del soporte de la v\u00e1lvula UNOX, que consta de muchos grupos de productos, dio la bienvenida a los clientes que visitaron el stand con gran inter\u00e9s.<\/p>\n\t\t\t\t\t\t\t\t<\/div>\n\t\t\t\t<\/div>\n\t\t\t\t\t<\/div>\n\t\t<\/div>\n\t\t\t\t\t<\/div>\n\t\t<\/section>\n\t\t\t\t<section class=\"wd-negative-gap elementor-section elementor-top-section elementor-element elementor-element-6ce44f6 elementor-section-boxed elementor-section-height-default elementor-section-height-default\" data-id=\"6ce44f6\" data-element_type=\"section\" data-e-type=\"section\">\n\t\t\t\t\t\t<div class=\"elementor-container elementor-column-gap-default\">\n\t\t\t\t\t<div class=\"elementor-column elementor-col-100 elementor-top-column elementor-element elementor-element-3b73000\" data-id=\"3b73000\" data-element_type=\"column\" data-e-type=\"column\">\n\t\t\t<div class=\"elementor-widget-wrap elementor-element-populated\">\n\t\t\t\t\t\t<div class=\"elementor-element elementor-element-45f37c2 elementor-widget elementor-widget-image\" data-id=\"45f37c2\" data-element_type=\"widget\" data-e-type=\"widget\" data-widget_type=\"image.default\">\n\t\t\t\t<div class=\"elementor-widget-container\">\n\t\t\t\t\t\t\t\t\t\t\t\t\t\t\t<img decoding=\"async\" width=\"1024\" height=\"678\" src=\"https:\/\/unox.com.tr\/wp-content\/themes\/woodmart\/images\/lazy.svg\" data-src=\"https:\/\/unox.com.tr\/wp-content\/uploads\/2022\/02\/DSC_0606-1024x678.jpg\" class=\"attachment-large size-large wp-image-29929\" alt=\"\" srcset=\"\" data-srcset=\"https:\/\/unox.com.tr\/wp-content\/uploads\/2022\/02\/DSC_0606-1024x678.jpg 1024w, https:\/\/unox.com.tr\/wp-content\/uploads\/2022\/02\/DSC_0606-scaled-150x99.jpg 150w, https:\/\/unox.com.tr\/wp-content\/uploads\/2022\/02\/DSC_0606-600x397.jpg 600w, https:\/\/unox.com.tr\/wp-content\/uploads\/2022\/02\/DSC_0606-300x199.jpg 300w, https:\/\/unox.com.tr\/wp-content\/uploads\/2022\/02\/DSC_0606-768x509.jpg 768w, https:\/\/unox.com.tr\/wp-content\/uploads\/2022\/02\/DSC_0606-1536x1017.jpg 1536w, https:\/\/unox.com.tr\/wp-content\/uploads\/2022\/02\/DSC_0606-2048x1356.jpg 2048w, https:\/\/unox.com.tr\/wp-content\/uploads\/2022\/02\/DSC_0606-640x424.jpg 640w, https:\/\/unox.com.tr\/wp-content\/uploads\/2022\/02\/DSC_0606-400x265.jpg 400w, https:\/\/unox.com.tr\/wp-content\/uploads\/2022\/02\/DSC_0606-367x243.jpg 367w\" sizes=\"(max-width: 1024px) 100vw, 1024px\" title=\"\">\t\t\t\t\t\t\t\t\t\t\t\t\t\t\t<\/div>\n\t\t\t\t<\/div>\n\t\t\t\t\t<\/div>\n\t\t<\/div>\n\t\t\t\t\t<\/div>\n\t\t<\/section>\n\t\t\t\t<section class=\"wd-negative-gap elementor-section elementor-top-section elementor-element elementor-element-630d52b elementor-section-boxed elementor-section-height-default elementor-section-height-default\" data-id=\"630d52b\" data-element_type=\"section\" data-e-type=\"section\">\n\t\t\t\t\t\t<div class=\"elementor-container elementor-column-gap-default\">\n\t\t\t\t\t<div class=\"elementor-column elementor-col-100 elementor-top-column elementor-element elementor-element-ec40ef0\" data-id=\"ec40ef0\" data-element_type=\"column\" data-e-type=\"column\">\n\t\t\t<div class=\"elementor-widget-wrap elementor-element-populated\">\n\t\t\t\t\t\t<div class=\"elementor-element elementor-element-cb3f4e8 color-scheme-inherit text-left elementor-widget elementor-widget-text-editor\" data-id=\"cb3f4e8\" data-element_type=\"widget\" data-e-type=\"widget\" data-widget_type=\"text-editor.default\">\n\t\t\t\t<div class=\"elementor-widget-container\">\n\t\t\t\t\t\t\t\t\t<p style=\"letter-spacing: normal;\">El stand, visitado por muchos clientes de Turqu\u00eda y del extranjero, atrajo un gran inter\u00e9s en producir soluciones a las necesidades y problemas de los clientes. Las v\u00e1lvulas de control, el condensado, los actuadores y los BAPH de los solenoides en los principales grupos de productos desempe\u00f1aron un papel importante en convertirse en un socio de soluci\u00f3n para los problemas de los clientes.<\/p>\n<p style=\"letter-spacing: normal;\">Si bien la pel\u00edcula promocional de la v\u00e1lvula UNOX se mostr\u00f3 en el stand durante la feria, los invitados que visitan el stand son para ver mejor su trabajo. <span style=\"color: var( --e-global-color-text ); font-family: var( --e-global-typography-text-font-family ), Open Sans; font-weight: var( --e-global-typography-text-font-weight ); letter-spacing: 0px;\">Dio un cat\u00e1logo de productos y un folleto promocional. El puesto de v\u00e1lvula UNOX organiz\u00f3 a sus visitantes de la mejor manera con su sincero inter\u00e9s y golosinas. <\/span><\/p>\n<p style=\"letter-spacing: normal;\">\n<p style=\"letter-spacing: normal;\"><span style=\"font-weight: bold;\">Unox Valve &#8211; Un sincero agradecimiento<\/span><\/p>\n<p style=\"letter-spacing: normal;\">Est\u00e1bamos orgullosos y felices de estar con usted en la Feria ISK-SODEX, una de las organizaciones m\u00e1s grandes del sector industrial.<\/p>\n<p style=\"letter-spacing: normal;\">Nos gustar\u00eda agradecer a nuestros valiosos visitantes que nos visitan en nuestro stand durante la feria y que est\u00e1n interesados \u200b\u200ben nuestros productos, escuchan nuestras actividades sectoriales y comparten nuestra emoci\u00f3n con nosotros.<\/p>\n<p style=\"letter-spacing: normal;\">Deseando volver a unirse en la pr\u00f3xima Feria ISK-SODEX &#8230;<\/p>\n\t\t\t\t\t\t\t\t<\/div>\n\t\t\t\t<\/div>\n\t\t\t\t\t<\/div>\n\t\t<\/div>\n\t\t\t\t\t<\/div>\n\t\t<\/section>\n\t\t\t\t<\/div>\n\t\t","protected":false},"excerpt":{"rendered":"<p>V\u00e1lvula Unox 2021 en ISK-Sodex Feria! Este a\u00f1o llegamos a la Feria ISK-Sodex. Junto a las soluciones que produjimos en<\/p>\n","protected":false},"author":1,"featured_media":0,"parent":52664,"menu_order":0,"comment_status":"closed","ping_status":"closed","template":"","meta":{"footnotes":""},"class_list":["post-52647","page","type-page","status-publish","hentry"],"_links":{"self":[{"href":"https:\/\/unox.com.tr\/es\/wp-json\/wp\/v2\/pages\/52647","targetHints":{"allow":["GET"]}}],"collection":[{"href":"https:\/\/unox.com.tr\/es\/wp-json\/wp\/v2\/pages"}],"about":[{"href":"https:\/\/unox.com.tr\/es\/wp-json\/wp\/v2\/types\/page"}],"author":[{"embeddable":true,"href":"https:\/\/unox.com.tr\/es\/wp-json\/wp\/v2\/users\/1"}],"replies":[{"embeddable":true,"href":"https:\/\/unox.com.tr\/es\/wp-json\/wp\/v2\/comments?post=52647"}],"version-history":[{"count":0,"href":"https:\/\/unox.com.tr\/es\/wp-json\/wp\/v2\/pages\/52647\/revisions"}],"up":[{"embeddable":true,"href":"https:\/\/unox.com.tr\/es\/wp-json\/wp\/v2\/pages\/52664"}],"wp:attachment":[{"href":"https:\/\/unox.com.tr\/es\/wp-json\/wp\/v2\/media?parent=52647"}],"curies":[{"name":"wp","href":"https:\/\/api.w.org\/{rel}","templated":true}]}}