{"id":52666,"date":"2022-12-05T13:57:13","date_gmt":"2022-12-05T10:57:13","guid":{"rendered":"https:\/\/unox.com.tr\/ferias\/valve-world-expo\/"},"modified":"2023-02-24T16:10:36","modified_gmt":"2023-02-24T13:10:36","slug":"valve-world-expo","status":"publish","type":"page","link":"https:\/\/unox.com.tr\/es\/ferias\/valve-world-expo\/","title":{"rendered":"VALVE WORLD EXPO"},"content":{"rendered":"\t\t<div data-elementor-type=\"wp-page\" data-elementor-id=\"52666\" class=\"elementor elementor-52666 elementor-37476\">\n\t\t\t\t\t\t<section class=\"wd-negative-gap elementor-section elementor-top-section elementor-element elementor-element-b0430f0 elementor-section-boxed elementor-section-height-default elementor-section-height-default\" data-id=\"b0430f0\" data-element_type=\"section\" data-e-type=\"section\">\n\t\t\t\t\t\t<div class=\"elementor-container elementor-column-gap-default\">\n\t\t\t\t\t<div class=\"elementor-column elementor-col-100 elementor-top-column elementor-element elementor-element-a74f6d0\" data-id=\"a74f6d0\" data-element_type=\"column\" data-e-type=\"column\">\n\t\t\t<div class=\"elementor-widget-wrap elementor-element-populated\">\n\t\t\t\t\t\t<div class=\"elementor-element elementor-element-1dfd1bd elementor-widget elementor-widget-heading\" data-id=\"1dfd1bd\" data-element_type=\"widget\" data-e-type=\"widget\" data-widget_type=\"heading.default\">\n\t\t\t\t<div class=\"elementor-widget-container\">\n\t\t\t\t\t<h2 class=\"elementor-heading-title elementor-size-default\">\u00a1UNOX VALF EST\u00c1 EN LA VALVE WORLD EXPO 2022!<\/h2>\t\t\t\t<\/div>\n\t\t\t\t<\/div>\n\t\t\t\t\t<\/div>\n\t\t<\/div>\n\t\t\t\t\t<\/div>\n\t\t<\/section>\n\t\t\t\t<section class=\"wd-negative-gap elementor-section elementor-top-section elementor-element elementor-element-41d3761 elementor-section-boxed elementor-section-height-default elementor-section-height-default\" data-id=\"41d3761\" data-element_type=\"section\" data-e-type=\"section\">\n\t\t\t\t\t\t<div class=\"elementor-container elementor-column-gap-default\">\n\t\t\t\t\t<div class=\"elementor-column elementor-col-100 elementor-top-column elementor-element elementor-element-ba3699c\" data-id=\"ba3699c\" data-element_type=\"column\" data-e-type=\"column\">\n\t\t\t<div class=\"elementor-widget-wrap elementor-element-populated\">\n\t\t\t\t\t\t<div class=\"elementor-element elementor-element-e5a9d73 color-scheme-inherit text-left elementor-widget elementor-widget-text-editor\" data-id=\"e5a9d73\" data-element_type=\"widget\" data-e-type=\"widget\" data-widget_type=\"text-editor.default\">\n\t\t\t\t<div class=\"elementor-widget-container\">\n\t\t\t\t\t\t\t\t\t<p><span style=\"font-family: georgia, palatino, serif;\">Tambi\u00e9n asistimos a la feria VALVE WORLD DUSSELDORF este a\u00f1o. Junto a las soluciones que produjimos en el \u00e1mbito industrial, ocupamos nuestro lugar en nuestro stand.<\/span><\/p>\n<p><span style=\"font-family: georgia, palatino, serif;\"><span style=\"color: #696969; font-weight: 400;\">Valve World Expo es una exposici\u00f3n y convenci\u00f3n internacional de v\u00e1lvulas industriales y accesorios de v\u00e1lvulas. Es un evento sobre la industria del petr\u00f3leo y el gas, la industria qu\u00edmica, la ingenier\u00eda energ\u00e9tica, la ingenier\u00eda mec\u00e1nica, la construcci\u00f3n naval, la fabricaci\u00f3n de motores y veh\u00edculos y la industria alimentaria. <\/span><span style=\"color: var( --e-global-color-text ); letter-spacing: var(--porto-body-ls,0);\">La Feria VALVE WORLD EXPO, una de las ferias l\u00edderes en su sector, se celebr\u00f3 en 2022 en el Recinto Ferial de D\u00fcsseldorf con la participaci\u00f3n de numerosas empresas.<\/span><\/span><\/p>\n<\/p>\n<p><span style=\"font-family: georgia, palatino, serif;\">UNOX Valve tambi\u00e9n tom\u00f3 su lugar en sus gradas con sus soluciones e ingenieros equipados. Los valiosos ingenieros y el equipo de ventas del soporte de la v\u00e1lvula UNOX, que consta de muchos grupos de productos, dio la bienvenida a los clientes que visitaron el stand con gran inter\u00e9s.<\/span><\/p>\n\t\t\t\t\t\t\t\t<\/div>\n\t\t\t\t<\/div>\n\t\t\t\t\t<\/div>\n\t\t<\/div>\n\t\t\t\t\t<\/div>\n\t\t<\/section>\n\t\t\t\t<section class=\"wd-negative-gap elementor-section elementor-top-section elementor-element elementor-element-194bb89 elementor-section-boxed elementor-section-height-default elementor-section-height-default\" data-id=\"194bb89\" data-element_type=\"section\" data-e-type=\"section\">\n\t\t\t\t\t\t<div class=\"elementor-container elementor-column-gap-default\">\n\t\t\t\t\t<div class=\"elementor-column elementor-col-50 elementor-top-column elementor-element elementor-element-f0a6113\" data-id=\"f0a6113\" data-element_type=\"column\" data-e-type=\"column\">\n\t\t\t<div class=\"elementor-widget-wrap elementor-element-populated\">\n\t\t\t\t\t\t<div class=\"elementor-element elementor-element-4c881c0 elementor-widget elementor-widget-image\" data-id=\"4c881c0\" data-element_type=\"widget\" data-e-type=\"widget\" data-widget_type=\"image.default\">\n\t\t\t\t<div class=\"elementor-widget-container\">\n\t\t\t\t\t\t\t\t\t\t\t\t\t\t\t<img decoding=\"async\" width=\"1024\" height=\"768\" src=\"https:\/\/unox.com.tr\/wp-content\/themes\/woodmart\/images\/lazy.svg\" data-src=\"https:\/\/unox.com.tr\/wp-content\/uploads\/2022\/12\/WhatsApp-Image-2022-12-05-at-16.21.37-5.jpeg\" class=\"attachment-large size-large wp-image-37485\" alt=\"\" srcset=\"\" data-srcset=\"https:\/\/unox.com.tr\/wp-content\/uploads\/2022\/12\/WhatsApp-Image-2022-12-05-at-16.21.37-5.jpeg 1024w, https:\/\/unox.com.tr\/wp-content\/uploads\/2022\/12\/WhatsApp-Image-2022-12-05-at-16.21.37-5-150x113.jpeg 150w, https:\/\/unox.com.tr\/wp-content\/uploads\/2022\/12\/WhatsApp-Image-2022-12-05-at-16.21.37-5-600x450.jpeg 600w, https:\/\/unox.com.tr\/wp-content\/uploads\/2022\/12\/WhatsApp-Image-2022-12-05-at-16.21.37-5-300x225.jpeg 300w, https:\/\/unox.com.tr\/wp-content\/uploads\/2022\/12\/WhatsApp-Image-2022-12-05-at-16.21.37-5-768x576.jpeg 768w, https:\/\/unox.com.tr\/wp-content\/uploads\/2022\/12\/WhatsApp-Image-2022-12-05-at-16.21.37-5-463x348.jpeg 463w, https:\/\/unox.com.tr\/wp-content\/uploads\/2022\/12\/WhatsApp-Image-2022-12-05-at-16.21.37-5-640x480.jpeg 640w, https:\/\/unox.com.tr\/wp-content\/uploads\/2022\/12\/WhatsApp-Image-2022-12-05-at-16.21.37-5-400x300.jpeg 400w, https:\/\/unox.com.tr\/wp-content\/uploads\/2022\/12\/WhatsApp-Image-2022-12-05-at-16.21.37-5-367x275.jpeg 367w, https:\/\/unox.com.tr\/wp-content\/uploads\/2022\/12\/WhatsApp-Image-2022-12-05-at-16.21.37-5-200x150.jpeg 200w\" sizes=\"(max-width: 1024px) 100vw, 1024px\" title=\"\">\t\t\t\t\t\t\t\t\t\t\t\t\t\t\t<\/div>\n\t\t\t\t<\/div>\n\t\t\t\t\t<\/div>\n\t\t<\/div>\n\t\t\t\t<div class=\"elementor-column elementor-col-50 elementor-top-column elementor-element elementor-element-f4c146a\" data-id=\"f4c146a\" data-element_type=\"column\" data-e-type=\"column\">\n\t\t\t<div class=\"elementor-widget-wrap elementor-element-populated\">\n\t\t\t\t\t\t<div class=\"elementor-element elementor-element-759138a elementor-widget elementor-widget-image\" data-id=\"759138a\" data-element_type=\"widget\" data-e-type=\"widget\" data-widget_type=\"image.default\">\n\t\t\t\t<div class=\"elementor-widget-container\">\n\t\t\t\t\t\t\t\t\t\t\t\t\t\t\t<img decoding=\"async\" width=\"1024\" height=\"768\" src=\"https:\/\/unox.com.tr\/wp-content\/themes\/woodmart\/images\/lazy.svg\" data-src=\"https:\/\/unox.com.tr\/wp-content\/uploads\/2022\/12\/WhatsApp-Image-2022-12-05-at-16.21.37-3.jpeg\" class=\"attachment-large size-large wp-image-37499\" alt=\"\" srcset=\"\" data-srcset=\"https:\/\/unox.com.tr\/wp-content\/uploads\/2022\/12\/WhatsApp-Image-2022-12-05-at-16.21.37-3.jpeg 1024w, https:\/\/unox.com.tr\/wp-content\/uploads\/2022\/12\/WhatsApp-Image-2022-12-05-at-16.21.37-3-150x113.jpeg 150w, https:\/\/unox.com.tr\/wp-content\/uploads\/2022\/12\/WhatsApp-Image-2022-12-05-at-16.21.37-3-600x450.jpeg 600w, https:\/\/unox.com.tr\/wp-content\/uploads\/2022\/12\/WhatsApp-Image-2022-12-05-at-16.21.37-3-300x225.jpeg 300w, https:\/\/unox.com.tr\/wp-content\/uploads\/2022\/12\/WhatsApp-Image-2022-12-05-at-16.21.37-3-768x576.jpeg 768w, https:\/\/unox.com.tr\/wp-content\/uploads\/2022\/12\/WhatsApp-Image-2022-12-05-at-16.21.37-3-463x348.jpeg 463w, https:\/\/unox.com.tr\/wp-content\/uploads\/2022\/12\/WhatsApp-Image-2022-12-05-at-16.21.37-3-640x480.jpeg 640w, https:\/\/unox.com.tr\/wp-content\/uploads\/2022\/12\/WhatsApp-Image-2022-12-05-at-16.21.37-3-400x300.jpeg 400w, https:\/\/unox.com.tr\/wp-content\/uploads\/2022\/12\/WhatsApp-Image-2022-12-05-at-16.21.37-3-367x275.jpeg 367w, https:\/\/unox.com.tr\/wp-content\/uploads\/2022\/12\/WhatsApp-Image-2022-12-05-at-16.21.37-3-200x150.jpeg 200w\" sizes=\"(max-width: 1024px) 100vw, 1024px\" title=\"\">\t\t\t\t\t\t\t\t\t\t\t\t\t\t\t<\/div>\n\t\t\t\t<\/div>\n\t\t\t\t\t<\/div>\n\t\t<\/div>\n\t\t\t\t\t<\/div>\n\t\t<\/section>\n\t\t\t\t<section class=\"wd-negative-gap elementor-section elementor-top-section elementor-element elementor-element-d2e9977 elementor-section-boxed elementor-section-height-default elementor-section-height-default\" data-id=\"d2e9977\" data-element_type=\"section\" data-e-type=\"section\">\n\t\t\t\t\t\t<div class=\"elementor-container elementor-column-gap-default\">\n\t\t\t\t\t<div class=\"elementor-column elementor-col-50 elementor-top-column elementor-element elementor-element-de1084d\" data-id=\"de1084d\" data-element_type=\"column\" data-e-type=\"column\">\n\t\t\t<div class=\"elementor-widget-wrap elementor-element-populated\">\n\t\t\t\t\t\t<div class=\"elementor-element elementor-element-9e84a89 elementor-widget elementor-widget-image\" data-id=\"9e84a89\" data-element_type=\"widget\" data-e-type=\"widget\" data-widget_type=\"image.default\">\n\t\t\t\t<div class=\"elementor-widget-container\">\n\t\t\t\t\t\t\t\t\t\t\t\t\t\t\t<img decoding=\"async\" width=\"768\" height=\"1024\" src=\"https:\/\/unox.com.tr\/wp-content\/themes\/woodmart\/images\/lazy.svg\" data-src=\"https:\/\/unox.com.tr\/wp-content\/uploads\/2022\/12\/WhatsApp-Image-2022-12-05-at-16.21.37-7.jpeg\" class=\"attachment-large size-large wp-image-37492\" alt=\"\" srcset=\"\" data-srcset=\"https:\/\/unox.com.tr\/wp-content\/uploads\/2022\/12\/WhatsApp-Image-2022-12-05-at-16.21.37-7.jpeg 768w, https:\/\/unox.com.tr\/wp-content\/uploads\/2022\/12\/WhatsApp-Image-2022-12-05-at-16.21.37-7-150x200.jpeg 150w, https:\/\/unox.com.tr\/wp-content\/uploads\/2022\/12\/WhatsApp-Image-2022-12-05-at-16.21.37-7-600x800.jpeg 600w, https:\/\/unox.com.tr\/wp-content\/uploads\/2022\/12\/WhatsApp-Image-2022-12-05-at-16.21.37-7-225x300.jpeg 225w, https:\/\/unox.com.tr\/wp-content\/uploads\/2022\/12\/WhatsApp-Image-2022-12-05-at-16.21.37-7-640x853.jpeg 640w, https:\/\/unox.com.tr\/wp-content\/uploads\/2022\/12\/WhatsApp-Image-2022-12-05-at-16.21.37-7-400x533.jpeg 400w, https:\/\/unox.com.tr\/wp-content\/uploads\/2022\/12\/WhatsApp-Image-2022-12-05-at-16.21.37-7-367x489.jpeg 367w\" sizes=\"(max-width: 768px) 100vw, 768px\" title=\"\">\t\t\t\t\t\t\t\t\t\t\t\t\t\t\t<\/div>\n\t\t\t\t<\/div>\n\t\t\t\t\t<\/div>\n\t\t<\/div>\n\t\t\t\t<div class=\"elementor-column elementor-col-50 elementor-top-column elementor-element elementor-element-39863ec\" data-id=\"39863ec\" data-element_type=\"column\" data-e-type=\"column\">\n\t\t\t<div class=\"elementor-widget-wrap elementor-element-populated\">\n\t\t\t\t\t\t<div class=\"elementor-element elementor-element-7cb21f6 elementor-widget elementor-widget-image\" data-id=\"7cb21f6\" data-element_type=\"widget\" data-e-type=\"widget\" data-widget_type=\"image.default\">\n\t\t\t\t<div class=\"elementor-widget-container\">\n\t\t\t\t\t\t\t\t\t\t\t\t\t\t\t<img decoding=\"async\" width=\"768\" height=\"1024\" src=\"https:\/\/unox.com.tr\/wp-content\/themes\/woodmart\/images\/lazy.svg\" data-src=\"https:\/\/unox.com.tr\/wp-content\/uploads\/2022\/12\/WhatsApp-Image-2022-12-05-at-16.21.37-6.jpeg\" class=\"attachment-large size-large wp-image-37506\" alt=\"\" srcset=\"\" data-srcset=\"https:\/\/unox.com.tr\/wp-content\/uploads\/2022\/12\/WhatsApp-Image-2022-12-05-at-16.21.37-6.jpeg 768w, https:\/\/unox.com.tr\/wp-content\/uploads\/2022\/12\/WhatsApp-Image-2022-12-05-at-16.21.37-6-150x200.jpeg 150w, https:\/\/unox.com.tr\/wp-content\/uploads\/2022\/12\/WhatsApp-Image-2022-12-05-at-16.21.37-6-600x800.jpeg 600w, https:\/\/unox.com.tr\/wp-content\/uploads\/2022\/12\/WhatsApp-Image-2022-12-05-at-16.21.37-6-225x300.jpeg 225w, https:\/\/unox.com.tr\/wp-content\/uploads\/2022\/12\/WhatsApp-Image-2022-12-05-at-16.21.37-6-640x853.jpeg 640w, https:\/\/unox.com.tr\/wp-content\/uploads\/2022\/12\/WhatsApp-Image-2022-12-05-at-16.21.37-6-400x533.jpeg 400w, https:\/\/unox.com.tr\/wp-content\/uploads\/2022\/12\/WhatsApp-Image-2022-12-05-at-16.21.37-6-367x489.jpeg 367w\" sizes=\"(max-width: 768px) 100vw, 768px\" title=\"\">\t\t\t\t\t\t\t\t\t\t\t\t\t\t\t<\/div>\n\t\t\t\t<\/div>\n\t\t\t\t\t<\/div>\n\t\t<\/div>\n\t\t\t\t\t<\/div>\n\t\t<\/section>\n\t\t\t\t<section class=\"wd-negative-gap elementor-section elementor-top-section elementor-element elementor-element-758035c elementor-section-boxed elementor-section-height-default elementor-section-height-default\" data-id=\"758035c\" data-element_type=\"section\" data-e-type=\"section\">\n\t\t\t\t\t\t<div class=\"elementor-container elementor-column-gap-default\">\n\t\t\t\t\t<div class=\"elementor-column elementor-col-100 elementor-top-column elementor-element elementor-element-6ad229a\" data-id=\"6ad229a\" data-element_type=\"column\" data-e-type=\"column\">\n\t\t\t<div class=\"elementor-widget-wrap elementor-element-populated\">\n\t\t\t\t\t\t<div class=\"elementor-element elementor-element-67965b6 color-scheme-inherit text-left elementor-widget elementor-widget-text-editor\" data-id=\"67965b6\" data-element_type=\"widget\" data-e-type=\"widget\" data-widget_type=\"text-editor.default\">\n\t\t\t\t<div class=\"elementor-widget-container\">\n\t\t\t\t\t\t\t\t\t<p style=\"font-family: Roboto, 'Open Sans'; font-weight: var( --e-global-typography-primary-font-weight );\">Visitado por numerosos clientes de todo el mundo, el stand suscit\u00f3 un gran inter\u00e9s por encontrar soluciones a las necesidades y problemas de los clientes. Las v\u00e1lvulas de control, el condensado, los actuadores y los BAPH de los solenoides en los principales grupos de productos desempe\u00f1aron un papel importante en convertirse en un socio de soluci\u00f3n para los problemas de los clientes.<\/p>\n<p style=\"font-family: Roboto, 'Open Sans'; font-weight: var( --e-global-typography-primary-font-weight );\">Si bien la pel\u00edcula promocional de la v\u00e1lvula UNOX se mostr\u00f3 en el stand durante la feria, los invitados que visitan el stand son para ver mejor su trabajo. <span style=\"color: var( --e-global-color-text ); font-family: var( --e-global-typography-text-font-family ), Open Sans; font-weight: var( --e-global-typography-text-font-weight ); letter-spacing: 0px;\">Dio un cat\u00e1logo de productos y un folleto promocional. El puesto de v\u00e1lvula UNOX organiz\u00f3 a sus visitantes de la mejor manera con su sincero inter\u00e9s y golosinas. <\/span><\/p>\n<p style=\"font-family: Roboto, 'Open Sans'; font-weight: var( --e-global-typography-primary-font-weight );\"><span style=\"color: var( --e-global-color-text ); font-family: var( --e-global-typography-text-font-family ), Open Sans; font-weight: var( --e-global-typography-text-font-weight ); letter-spacing: 0px;\"> <\/span><\/p>\n<p style=\"font-family: Roboto, 'Open Sans'; font-weight: var( --e-global-typography-primary-font-weight );\">Unox Valve &#8211; Un sincero agradecimiento<\/p>\n<p style=\"font-family: Roboto, 'Open Sans'; font-weight: var( --e-global-typography-primary-font-weight );\">Estuvimos muy orgullosos y felices de estar junto a ustedes en la feria VALVE WORLD EXPO, una de las mayores organizaciones del sector industrial.<\/p>\n<p style=\"font-family: Roboto, 'Open Sans'; font-weight: var( --e-global-typography-primary-font-weight );\">Nos gustar\u00eda agradecer a nuestros valiosos visitantes que nos visitan en nuestro stand durante la feria y que est\u00e1n interesados \u200b\u200ben nuestros productos, escuchan nuestras actividades sectoriales y comparten nuestra emoci\u00f3n con nosotros.<\/p>\n<p style=\"font-family: Roboto, 'Open Sans'; font-weight: var( --e-global-typography-primary-font-weight );\">Esperamos encontrarnos nuevamente en la pr\u00f3xima Feria VALVE WORLD EXPO&#8230;<\/p>\n\t\t\t\t\t\t\t\t<\/div>\n\t\t\t\t<\/div>\n\t\t\t\t\t<\/div>\n\t\t<\/div>\n\t\t\t\t\t<\/div>\n\t\t<\/section>\n\t\t\t\t<section class=\"wd-negative-gap elementor-section elementor-top-section elementor-element elementor-element-45e18e4 elementor-section-boxed elementor-section-height-default elementor-section-height-default\" data-id=\"45e18e4\" data-element_type=\"section\" data-e-type=\"section\">\n\t\t\t\t\t\t<div class=\"elementor-container elementor-column-gap-default\">\n\t\t\t\t\t<div class=\"elementor-column elementor-col-33 elementor-top-column elementor-element elementor-element-9b5a92c\" data-id=\"9b5a92c\" data-element_type=\"column\" data-e-type=\"column\">\n\t\t\t<div class=\"elementor-widget-wrap\">\n\t\t\t\t\t\t\t<\/div>\n\t\t<\/div>\n\t\t\t\t<div class=\"elementor-column elementor-col-33 elementor-top-column elementor-element elementor-element-ee9e10b\" data-id=\"ee9e10b\" data-element_type=\"column\" data-e-type=\"column\">\n\t\t\t<div class=\"elementor-widget-wrap elementor-element-populated\">\n\t\t\t\t\t\t<div class=\"elementor-element elementor-element-1bdaf56 elementor-widget elementor-widget-video\" data-id=\"1bdaf56\" data-element_type=\"widget\" data-e-type=\"widget\" data-settings=\"{&quot;video_type&quot;:&quot;hosted&quot;,&quot;controls&quot;:&quot;yes&quot;}\" data-widget_type=\"video.default\">\n\t\t\t\t<div class=\"elementor-widget-container\">\n\t\t\t\t\t\t\t<div class=\"e-hosted-video elementor-wrapper elementor-open-inline\">\n\t\t\t\t\t<video class=\"elementor-video\" src=\"https:\/\/www.unox.com.tr\/wp-content\/uploads\/2022\/12\/WhatsApp-Video-2022-12-05-at-16.56.07.mp4\" controls=\"\" preload=\"metadata\" controlsList=\"nodownload\"><\/video>\n\t\t\t\t<\/div>\n\t\t\t\t\t\t<\/div>\n\t\t\t\t<\/div>\n\t\t\t\t\t<\/div>\n\t\t<\/div>\n\t\t\t\t<div class=\"elementor-column elementor-col-33 elementor-top-column elementor-element elementor-element-84b5b19\" data-id=\"84b5b19\" data-element_type=\"column\" data-e-type=\"column\">\n\t\t\t<div class=\"elementor-widget-wrap\">\n\t\t\t\t\t\t\t<\/div>\n\t\t<\/div>\n\t\t\t\t\t<\/div>\n\t\t<\/section>\n\t\t\t\t<\/div>\n\t\t","protected":false},"excerpt":{"rendered":"<p>\u00a1UNOX VALF EST\u00c1 EN LA VALVE WORLD EXPO 2022! Tambi\u00e9n asistimos a la feria VALVE WORLD DUSSELDORF este a\u00f1o. Junto<\/p>\n","protected":false},"author":1,"featured_media":0,"parent":52664,"menu_order":1,"comment_status":"closed","ping_status":"closed","template":"","meta":{"footnotes":""},"class_list":["post-52666","page","type-page","status-publish","hentry"],"_links":{"self":[{"href":"https:\/\/unox.com.tr\/es\/wp-json\/wp\/v2\/pages\/52666","targetHints":{"allow":["GET"]}}],"collection":[{"href":"https:\/\/unox.com.tr\/es\/wp-json\/wp\/v2\/pages"}],"about":[{"href":"https:\/\/unox.com.tr\/es\/wp-json\/wp\/v2\/types\/page"}],"author":[{"embeddable":true,"href":"https:\/\/unox.com.tr\/es\/wp-json\/wp\/v2\/users\/1"}],"replies":[{"embeddable":true,"href":"https:\/\/unox.com.tr\/es\/wp-json\/wp\/v2\/comments?post=52666"}],"version-history":[{"count":0,"href":"https:\/\/unox.com.tr\/es\/wp-json\/wp\/v2\/pages\/52666\/revisions"}],"up":[{"embeddable":true,"href":"https:\/\/unox.com.tr\/es\/wp-json\/wp\/v2\/pages\/52664"}],"wp:attachment":[{"href":"https:\/\/unox.com.tr\/es\/wp-json\/wp\/v2\/media?parent=52666"}],"curies":[{"name":"wp","href":"https:\/\/api.w.org\/{rel}","templated":true}]}}