{"id":54004,"date":"2022-12-07T07:35:12","date_gmt":"2022-12-07T04:35:12","guid":{"rendered":"https:\/\/unox.com.tr\/feria-ktm-2022\/"},"modified":"2023-06-16T14:55:17","modified_gmt":"2023-06-16T11:55:17","slug":"feria-ktm-2022","status":"publish","type":"page","link":"https:\/\/unox.com.tr\/es\/ferias\/feria-ktm-2022\/","title":{"rendered":"FERIA KTM 2022"},"content":{"rendered":"\t\t<div data-elementor-type=\"wp-page\" data-elementor-id=\"54004\" class=\"elementor elementor-54004 elementor-37897\">\n\t\t\t\t\t\t<section class=\"wd-negative-gap elementor-section elementor-top-section elementor-element elementor-element-3464d2c elementor-section-boxed elementor-section-height-default elementor-section-height-default\" data-id=\"3464d2c\" data-element_type=\"section\" data-e-type=\"section\">\n\t\t\t\t\t\t<div class=\"elementor-container elementor-column-gap-default\">\n\t\t\t\t\t<div class=\"elementor-column elementor-col-100 elementor-top-column elementor-element elementor-element-9def6d3\" data-id=\"9def6d3\" data-element_type=\"column\" data-e-type=\"column\">\n\t\t\t<div class=\"elementor-widget-wrap elementor-element-populated\">\n\t\t\t\t\t\t<div class=\"elementor-element elementor-element-7da6660 elementor-widget elementor-widget-heading\" data-id=\"7da6660\" data-element_type=\"widget\" data-e-type=\"widget\" data-widget_type=\"heading.default\">\n\t\t\t\t<div class=\"elementor-widget-container\">\n\t\t\t\t\t<h2 class=\"elementor-heading-title elementor-size-default\">V\u00c1LVULA UNOX EN LA FERIA KTM 2022<\/h2>\t\t\t\t<\/div>\n\t\t\t\t<\/div>\n\t\t\t\t<div class=\"elementor-element elementor-element-c8ecbb8 color-scheme-inherit text-left elementor-widget elementor-widget-text-editor\" data-id=\"c8ecbb8\" data-element_type=\"widget\" data-e-type=\"widget\" data-widget_type=\"text-editor.default\">\n\t\t\t\t<div class=\"elementor-widget-container\">\n\t\t\t\t\t\t\t\t\t<p><strong>Este a\u00f1o tambi\u00e9n estuvimos en la Feria KTM 2022. Junto a las soluciones que produjimos en el \u00e1mbito industrial, ocupamos nuestro lugar en nuestro stand.<\/strong><\/p>\n<p>En cooperaci\u00f3n con la C\u00e1mara de Comercio e Industria de Kahramanmara\u015f KMTSO y la Municipalidad Metropolitana de Kahramanmara\u015f; Con el patrocinio principal de \u0130TH\u0130B y el apoyo de KOSGEB, la novena edici\u00f3n de la Feria Internacional de Maquinaria Textil Kahramanmara\u015f KTM 2022 se llevar\u00e1 a cabo del 3 al 5 de noviembre en el Centro de Exposiciones KAFUM con la participaci\u00f3n de visitantes y participantes locales e internacionales.<\/p>\n<p>La feria, que se lleva a cabo desde 2014, muestra las materias primas, as\u00ed como la cadena de producci\u00f3n textil y pr\u00eat-\u00e0-porter. Organizado por novena vez por ECR Fair Organisation, que se ha hecho un nombre en el sector con las organizaciones que organiza, KTM 2022 se prepara para recibir una vez m\u00e1s a muchos expositores y visitantes nacionales e internacionales en Kahramanmara\u015f.<\/p>\n<p>UNOX Valve tambi\u00e9n tom\u00f3 su lugar en sus gradas con sus soluciones e ingenieros equipados. Los valiosos ingenieros y el equipo de ventas del soporte de la v\u00e1lvula UNOX, que consta de muchos grupos de productos, dio la bienvenida a los clientes que visitaron el stand con gran inter\u00e9s.<\/p>\n\t\t\t\t\t\t\t\t<\/div>\n\t\t\t\t<\/div>\n\t\t\t\t\t<\/div>\n\t\t<\/div>\n\t\t\t\t\t<\/div>\n\t\t<\/section>\n\t\t\t\t<section class=\"wd-negative-gap elementor-section elementor-top-section elementor-element elementor-element-88cd6e7 elementor-section-boxed elementor-section-height-default elementor-section-height-default\" data-id=\"88cd6e7\" data-element_type=\"section\" data-e-type=\"section\">\n\t\t\t\t\t\t<div class=\"elementor-container elementor-column-gap-default\">\n\t\t\t\t\t<div class=\"elementor-column elementor-col-50 elementor-top-column elementor-element elementor-element-5daecfa\" data-id=\"5daecfa\" data-element_type=\"column\" data-e-type=\"column\">\n\t\t\t<div class=\"elementor-widget-wrap elementor-element-populated\">\n\t\t\t\t\t\t<div class=\"elementor-element elementor-element-a8147ca elementor-widget elementor-widget-image\" data-id=\"a8147ca\" data-element_type=\"widget\" data-e-type=\"widget\" data-widget_type=\"image.default\">\n\t\t\t\t<div class=\"elementor-widget-container\">\n\t\t\t\t\t\t\t\t\t\t\t\t\t\t\t<img decoding=\"async\" width=\"1000\" height=\"653\" src=\"https:\/\/unox.com.tr\/wp-content\/themes\/woodmart\/images\/lazy.svg\" data-src=\"https:\/\/unox.com.tr\/wp-content\/uploads\/2022\/12\/IMG_5296.png\" class=\"attachment-large size-large wp-image-37905\" alt=\"\" srcset=\"\" data-srcset=\"https:\/\/unox.com.tr\/wp-content\/uploads\/2022\/12\/IMG_5296.png 1000w, https:\/\/unox.com.tr\/wp-content\/uploads\/2022\/12\/IMG_5296-150x98.png 150w, https:\/\/unox.com.tr\/wp-content\/uploads\/2022\/12\/IMG_5296-600x392.png 600w, https:\/\/unox.com.tr\/wp-content\/uploads\/2022\/12\/IMG_5296-300x196.png 300w, https:\/\/unox.com.tr\/wp-content\/uploads\/2022\/12\/IMG_5296-768x502.png 768w, https:\/\/unox.com.tr\/wp-content\/uploads\/2022\/12\/IMG_5296-640x418.png 640w, https:\/\/unox.com.tr\/wp-content\/uploads\/2022\/12\/IMG_5296-400x261.png 400w, https:\/\/unox.com.tr\/wp-content\/uploads\/2022\/12\/IMG_5296-367x240.png 367w, https:\/\/unox.com.tr\/wp-content\/uploads\/2022\/12\/IMG_5296-560x367.png 560w\" sizes=\"(max-width: 1000px) 100vw, 1000px\" title=\"\">\t\t\t\t\t\t\t\t\t\t\t\t\t\t\t<\/div>\n\t\t\t\t<\/div>\n\t\t\t\t\t<\/div>\n\t\t<\/div>\n\t\t\t\t<div class=\"elementor-column elementor-col-50 elementor-top-column elementor-element elementor-element-3e84c29\" data-id=\"3e84c29\" data-element_type=\"column\" data-e-type=\"column\">\n\t\t\t<div class=\"elementor-widget-wrap elementor-element-populated\">\n\t\t\t\t\t\t<div class=\"elementor-element elementor-element-9aa559d elementor-widget elementor-widget-image\" data-id=\"9aa559d\" data-element_type=\"widget\" data-e-type=\"widget\" data-widget_type=\"image.default\">\n\t\t\t\t<div class=\"elementor-widget-container\">\n\t\t\t\t\t\t\t\t\t\t\t\t\t\t\t<img decoding=\"async\" width=\"1000\" height=\"661\" src=\"https:\/\/unox.com.tr\/wp-content\/themes\/woodmart\/images\/lazy.svg\" data-src=\"https:\/\/unox.com.tr\/wp-content\/uploads\/2022\/12\/IMG_5297.png\" class=\"attachment-large size-large wp-image-37912\" alt=\"\" srcset=\"\" data-srcset=\"https:\/\/unox.com.tr\/wp-content\/uploads\/2022\/12\/IMG_5297.png 1000w, https:\/\/unox.com.tr\/wp-content\/uploads\/2022\/12\/IMG_5297-150x99.png 150w, https:\/\/unox.com.tr\/wp-content\/uploads\/2022\/12\/IMG_5297-600x397.png 600w, https:\/\/unox.com.tr\/wp-content\/uploads\/2022\/12\/IMG_5297-300x198.png 300w, https:\/\/unox.com.tr\/wp-content\/uploads\/2022\/12\/IMG_5297-768x508.png 768w, https:\/\/unox.com.tr\/wp-content\/uploads\/2022\/12\/IMG_5297-640x423.png 640w, https:\/\/unox.com.tr\/wp-content\/uploads\/2022\/12\/IMG_5297-400x264.png 400w, https:\/\/unox.com.tr\/wp-content\/uploads\/2022\/12\/IMG_5297-367x243.png 367w\" sizes=\"(max-width: 1000px) 100vw, 1000px\" title=\"\">\t\t\t\t\t\t\t\t\t\t\t\t\t\t\t<\/div>\n\t\t\t\t<\/div>\n\t\t\t\t\t<\/div>\n\t\t<\/div>\n\t\t\t\t\t<\/div>\n\t\t<\/section>\n\t\t\t\t<section class=\"wd-negative-gap elementor-section elementor-top-section elementor-element elementor-element-696aad1 elementor-section-boxed elementor-section-height-default elementor-section-height-default\" data-id=\"696aad1\" data-element_type=\"section\" data-e-type=\"section\">\n\t\t\t\t\t\t<div class=\"elementor-container elementor-column-gap-default\">\n\t\t\t\t\t<div class=\"elementor-column elementor-col-50 elementor-top-column elementor-element elementor-element-be7d31f\" data-id=\"be7d31f\" data-element_type=\"column\" data-e-type=\"column\">\n\t\t\t<div class=\"elementor-widget-wrap elementor-element-populated\">\n\t\t\t\t\t\t<div class=\"elementor-element elementor-element-c817f4a elementor-widget elementor-widget-image\" data-id=\"c817f4a\" data-element_type=\"widget\" data-e-type=\"widget\" data-widget_type=\"image.default\">\n\t\t\t\t<div class=\"elementor-widget-container\">\n\t\t\t\t\t\t\t\t\t\t\t\t\t\t\t<img decoding=\"async\" width=\"1000\" height=\"653\" src=\"https:\/\/unox.com.tr\/wp-content\/themes\/woodmart\/images\/lazy.svg\" data-src=\"https:\/\/unox.com.tr\/wp-content\/uploads\/2022\/12\/WhatsApp-Image-2022-11-04-at-14.03.32-2.png\" class=\"attachment-large size-large wp-image-37949\" alt=\"\" srcset=\"\" data-srcset=\"https:\/\/unox.com.tr\/wp-content\/uploads\/2022\/12\/WhatsApp-Image-2022-11-04-at-14.03.32-2.png 1000w, https:\/\/unox.com.tr\/wp-content\/uploads\/2022\/12\/WhatsApp-Image-2022-11-04-at-14.03.32-2-150x98.png 150w, https:\/\/unox.com.tr\/wp-content\/uploads\/2022\/12\/WhatsApp-Image-2022-11-04-at-14.03.32-2-600x392.png 600w, https:\/\/unox.com.tr\/wp-content\/uploads\/2022\/12\/WhatsApp-Image-2022-11-04-at-14.03.32-2-300x196.png 300w, https:\/\/unox.com.tr\/wp-content\/uploads\/2022\/12\/WhatsApp-Image-2022-11-04-at-14.03.32-2-768x502.png 768w, https:\/\/unox.com.tr\/wp-content\/uploads\/2022\/12\/WhatsApp-Image-2022-11-04-at-14.03.32-2-640x418.png 640w, https:\/\/unox.com.tr\/wp-content\/uploads\/2022\/12\/WhatsApp-Image-2022-11-04-at-14.03.32-2-400x261.png 400w, https:\/\/unox.com.tr\/wp-content\/uploads\/2022\/12\/WhatsApp-Image-2022-11-04-at-14.03.32-2-367x240.png 367w, https:\/\/unox.com.tr\/wp-content\/uploads\/2022\/12\/WhatsApp-Image-2022-11-04-at-14.03.32-2-560x367.png 560w\" sizes=\"(max-width: 1000px) 100vw, 1000px\" title=\"\">\t\t\t\t\t\t\t\t\t\t\t\t\t\t\t<\/div>\n\t\t\t\t<\/div>\n\t\t\t\t\t<\/div>\n\t\t<\/div>\n\t\t\t\t<div class=\"elementor-column elementor-col-50 elementor-top-column elementor-element elementor-element-88aacad\" data-id=\"88aacad\" data-element_type=\"column\" data-e-type=\"column\">\n\t\t\t<div class=\"elementor-widget-wrap elementor-element-populated\">\n\t\t\t\t\t\t<div class=\"elementor-element elementor-element-97312b4 elementor-widget elementor-widget-image\" data-id=\"97312b4\" data-element_type=\"widget\" data-e-type=\"widget\" data-widget_type=\"image.default\">\n\t\t\t\t<div class=\"elementor-widget-container\">\n\t\t\t\t\t\t\t\t\t\t\t\t\t\t\t<img decoding=\"async\" width=\"1000\" height=\"655\" src=\"https:\/\/unox.com.tr\/wp-content\/themes\/woodmart\/images\/lazy.svg\" data-src=\"https:\/\/unox.com.tr\/wp-content\/uploads\/2022\/12\/IMG_5305.png\" class=\"attachment-large size-large wp-image-37926\" alt=\"\" srcset=\"\" data-srcset=\"https:\/\/unox.com.tr\/wp-content\/uploads\/2022\/12\/IMG_5305.png 1000w, https:\/\/unox.com.tr\/wp-content\/uploads\/2022\/12\/IMG_5305-150x98.png 150w, https:\/\/unox.com.tr\/wp-content\/uploads\/2022\/12\/IMG_5305-600x393.png 600w, https:\/\/unox.com.tr\/wp-content\/uploads\/2022\/12\/IMG_5305-300x197.png 300w, https:\/\/unox.com.tr\/wp-content\/uploads\/2022\/12\/IMG_5305-768x503.png 768w, https:\/\/unox.com.tr\/wp-content\/uploads\/2022\/12\/IMG_5305-640x419.png 640w, https:\/\/unox.com.tr\/wp-content\/uploads\/2022\/12\/IMG_5305-400x262.png 400w, https:\/\/unox.com.tr\/wp-content\/uploads\/2022\/12\/IMG_5305-367x240.png 367w, https:\/\/unox.com.tr\/wp-content\/uploads\/2022\/12\/IMG_5305-560x367.png 560w\" sizes=\"(max-width: 1000px) 100vw, 1000px\" title=\"\">\t\t\t\t\t\t\t\t\t\t\t\t\t\t\t<\/div>\n\t\t\t\t<\/div>\n\t\t\t\t\t<\/div>\n\t\t<\/div>\n\t\t\t\t\t<\/div>\n\t\t<\/section>\n\t\t\t\t<section class=\"wd-negative-gap elementor-section elementor-top-section elementor-element elementor-element-f8a9367 elementor-section-boxed elementor-section-height-default elementor-section-height-default\" data-id=\"f8a9367\" data-element_type=\"section\" data-e-type=\"section\">\n\t\t\t\t\t\t<div class=\"elementor-container elementor-column-gap-default\">\n\t\t\t\t\t<div class=\"elementor-column elementor-col-100 elementor-top-column elementor-element elementor-element-9645691\" data-id=\"9645691\" data-element_type=\"column\" data-e-type=\"column\">\n\t\t\t<div class=\"elementor-widget-wrap elementor-element-populated\">\n\t\t\t\t\t\t<div class=\"elementor-element elementor-element-4e086ad color-scheme-inherit text-left elementor-widget elementor-widget-text-editor\" data-id=\"4e086ad\" data-element_type=\"widget\" data-e-type=\"widget\" data-widget_type=\"text-editor.default\">\n\t\t\t\t<div class=\"elementor-widget-container\">\n\t\t\t\t\t\t\t\t\t<p style=\"letter-spacing: normal;\">El stand, visitado por muchos clientes de Turqu\u00eda y del extranjero, atrajo un gran inter\u00e9s en producir soluciones a las necesidades y problemas de los clientes. Las v\u00e1lvulas de control, el condensado, los actuadores y los BAPH de los solenoides en los principales grupos de productos desempe\u00f1aron un papel importante en convertirse en un socio de soluci\u00f3n para los problemas de los clientes.<\/p>\n<p style=\"letter-spacing: normal;\">Si bien la pel\u00edcula promocional de la v\u00e1lvula UNOX se mostr\u00f3 en el stand durante la feria, los invitados que visitan el stand son para ver mejor su trabajo. <span style=\"color: var( --e-global-color-text ); font-family: var( --e-global-typography-text-font-family ), Open Sans; font-weight: var( --e-global-typography-text-font-weight ); letter-spacing: 0px;\">Dio un cat\u00e1logo de productos y un folleto promocional. El puesto de v\u00e1lvula UNOX organiz\u00f3 a sus visitantes de la mejor manera con su sincero inter\u00e9s y golosinas. <\/span><\/p>\n<p style=\"letter-spacing: normal;\"><span style=\"font-weight: bold;\">Unox Valve &#8211; Un sincero agradecimiento<\/span><\/p>\n<p style=\"letter-spacing: normal;\">Nos sentimos muy orgullosos y felices de estar junto a ustedes en la Feria KTM, una de las organizaciones m\u00e1s grandes del sector industrial.<\/p>\n<p style=\"letter-spacing: normal;\">Nos gustar\u00eda agradecer a nuestros valiosos visitantes que nos visitan en nuestro stand durante la feria y que est\u00e1n interesados \u200b\u200ben nuestros productos, escuchan nuestras actividades sectoriales y comparten nuestra emoci\u00f3n con nosotros.<\/p>\n<p style=\"letter-spacing: normal;\">Espero volver a encontrarnos en la pr\u00f3xima Feria KTM&#8230;<\/p><\/p>\n\t\t\t\t\t\t\t\t<\/div>\n\t\t\t\t<\/div>\n\t\t\t\t\t<\/div>\n\t\t<\/div>\n\t\t\t\t\t<\/div>\n\t\t<\/section>\n\t\t\t\t<\/div>\n\t\t","protected":false},"excerpt":{"rendered":"<p>V\u00c1LVULA UNOX EN LA FERIA KTM 2022 Este a\u00f1o tambi\u00e9n estuvimos en la Feria KTM 2022. Junto a las soluciones<\/p>\n","protected":false},"author":1,"featured_media":0,"parent":52664,"menu_order":0,"comment_status":"closed","ping_status":"closed","template":"","meta":{"footnotes":""},"class_list":["post-54004","page","type-page","status-publish","hentry"],"_links":{"self":[{"href":"https:\/\/unox.com.tr\/es\/wp-json\/wp\/v2\/pages\/54004","targetHints":{"allow":["GET"]}}],"collection":[{"href":"https:\/\/unox.com.tr\/es\/wp-json\/wp\/v2\/pages"}],"about":[{"href":"https:\/\/unox.com.tr\/es\/wp-json\/wp\/v2\/types\/page"}],"author":[{"embeddable":true,"href":"https:\/\/unox.com.tr\/es\/wp-json\/wp\/v2\/users\/1"}],"replies":[{"embeddable":true,"href":"https:\/\/unox.com.tr\/es\/wp-json\/wp\/v2\/comments?post=54004"}],"version-history":[{"count":0,"href":"https:\/\/unox.com.tr\/es\/wp-json\/wp\/v2\/pages\/54004\/revisions"}],"up":[{"embeddable":true,"href":"https:\/\/unox.com.tr\/es\/wp-json\/wp\/v2\/pages\/52664"}],"wp:attachment":[{"href":"https:\/\/unox.com.tr\/es\/wp-json\/wp\/v2\/media?parent=54004"}],"curies":[{"name":"wp","href":"https:\/\/api.w.org\/{rel}","templated":true}]}}