{"id":54010,"date":"2020-09-18T09:00:17","date_gmt":"2020-09-18T06:00:17","guid":{"rendered":"https:\/\/unox.com.tr\/ley-de-proteccion-de-datos-personales\/"},"modified":"2023-03-23T16:39:04","modified_gmt":"2023-03-23T13:39:04","slug":"ley-de-proteccion-de-datos-personales","status":"publish","type":"page","link":"https:\/\/unox.com.tr\/es\/ley-de-proteccion-de-datos-personales\/","title":{"rendered":"Ley de Protecci\u00f3n de Datos Personales"},"content":{"rendered":"\t\t<div data-elementor-type=\"wp-page\" data-elementor-id=\"54010\" class=\"elementor elementor-54010 elementor-4072\">\n\t\t\t\t\t\t<section class=\"wd-negative-gap elementor-section elementor-top-section elementor-element elementor-element-3671f80 elementor-section-boxed elementor-section-height-default elementor-section-height-default\" data-id=\"3671f80\" data-element_type=\"section\" data-e-type=\"section\">\n\t\t\t\t\t\t<div class=\"elementor-container elementor-column-gap-default\">\n\t\t\t\t\t<div class=\"elementor-column elementor-col-100 elementor-top-column elementor-element elementor-element-71bf32c\" data-id=\"71bf32c\" data-element_type=\"column\" data-e-type=\"column\">\n\t\t\t<div class=\"elementor-widget-wrap elementor-element-populated\">\n\t\t\t\t\t\t<div class=\"elementor-element elementor-element-b4884de elementor-widget elementor-widget-heading\" data-id=\"b4884de\" data-element_type=\"widget\" data-e-type=\"widget\" data-widget_type=\"heading.default\">\n\t\t\t\t<div class=\"elementor-widget-container\">\n\t\t\t\t\t<h2 class=\"elementor-heading-title elementor-size-default\">Ley de Protecci\u00f3n de Datos Personales<\/h2>\t\t\t\t<\/div>\n\t\t\t\t<\/div>\n\t\t\t\t<div class=\"elementor-element elementor-element-10db65a elementor-widget-divider--view-line elementor-widget elementor-widget-divider\" data-id=\"10db65a\" data-element_type=\"widget\" data-e-type=\"widget\" data-widget_type=\"divider.default\">\n\t\t\t\t<div class=\"elementor-widget-container\">\n\t\t\t\t\t\t\t<div class=\"elementor-divider\">\n\t\t\t<span class=\"elementor-divider-separator\">\n\t\t\t\t\t\t<\/span>\n\t\t<\/div>\n\t\t\t\t\t\t<\/div>\n\t\t\t\t<\/div>\n\t\t\t\t<div class=\"elementor-element elementor-element-8d106b9 color-scheme-inherit text-left elementor-widget elementor-widget-text-editor\" data-id=\"8d106b9\" data-element_type=\"widget\" data-e-type=\"widget\" data-widget_type=\"text-editor.default\">\n\t\t\t\t<div class=\"elementor-widget-container\">\n\t\t\t\t\t\t\t\t\t<p>Unox Valve Company respeta su privacidad y la seguridad de sus datos se toma muy en serio. En este contexto, este texto ha sido preparado para informarle y esclarecerlo en el \u00e1mbito de la Ley de Protecci\u00f3n de Datos Personales N\u00b0 6698 (\u00abLey\u00bb) y dem\u00e1s legislaci\u00f3n pertinente.<\/p>\n<p><strong> Definiciones: <\/strong><\/p>\n<p>A los efectos de este texto aclaratorio;<\/p>\n<p> <strong>Datos Personales:<\/strong> Toda clase de informaci\u00f3n relativa a una persona f\u00edsica identificada o identificable,<\/p>\n<p> <strong>Ley de Protecci\u00f3n de Datos Personales (\u00abKVKK\u00bb)<\/strong>: Ley de Protecci\u00f3n de Datos Personales N\u00b0 6698, que entr\u00f3 en vigor luego de ser publicada en el Diario Oficial el 7 de abril de 2016,<\/p>\n<p> <strong>Procesador de datos:<\/strong> una persona f\u00edsica o jur\u00eddica que procesa datos personales en nombre del controlador de datos,<\/p>\n<p> <strong>Controlador de Datos:<\/strong> Se refiere a la persona f\u00edsica o jur\u00eddica que determina los fines y medios del procesamiento de Datos Personales y es responsable del establecimiento y administraci\u00f3n del sistema de registro de datos.<\/p>\n<p><strong> Controlador de datos: <\/strong><\/p>\n<p>Unox Valve Company<\/p>\n<p>Gebze Sanayi Sitesi No: 67, Cumhuriyet Cd., 41400 Gebze \/ Kocaeli<\/p>\n<p>Nosotros, como Unox Valve Company; clientes, clientes potenciales, nuestros empleados, candidatos, empleados, accionistas de la empresa, nuestros clientes de la empresa, visitantes, proveedores, socios comerciales, empleados de las instituciones con las que cooperamos, accionistas y funcionarios con 3 de sus datos personales en nuestras entidades vinculadas constituidas de la Rep\u00fablica de Turqu\u00eda, nuestro pa\u00eds donde se celebran contratos internacionales y en el marco de la legislaci\u00f3n pertinente, especialmente la Ley de Protecci\u00f3n de Datos Personales No. 6698 (\u00abKVKK\u00bb); Abordamos el tema de la protecci\u00f3n, el procesamiento y la eliminaci\u00f3n con delicadeza.<\/p>\n<p>En este contexto, nos gustar\u00eda ilustrarlo como supervisor de datos dentro del alcance de KVKK. Sus datos personales que comparte con nuestra empresa en calidad de clientes, clientes potenciales, candidatos a empleados, empleados, accionistas de la empresa, funcionarios de la empresa, visitantes, proveedores, socios comerciales, empleados corporativos, accionistas, funcionarios en cooperaci\u00f3n, de conformidad con la KVKK , puede procesarse en conexi\u00f3n y medirse, transferirse a terceros en Turqu\u00eda y en el extranjero, almacenarse, utilizarse para la elaboraci\u00f3n de perfiles y clasificarse.<\/p>\n<p><strong> Prop\u00f3sito del procesamiento de sus datos personales: <\/strong><\/p>\n<p>Sus datos personales de acuerdo con los Art\u00edculos 4, 5 y 6 de KVKK;<\/p>\n<ol>\n<li>Seg\u00fan lo prescrito por la ley y la regla de la honestidad,<\/li>\n<li>En relaci\u00f3n con los fines del procesamiento, limitados y medidos,<\/li>\n<li>correctamente y actualmente<\/li>\n<li>Para determinados fines expl\u00edcitos y leg\u00edtimos,<\/li>\n<li>Ser\u00e1n tratados durante el plazo previsto en la legislaci\u00f3n aplicable o necesario para la finalidad para la que son tratados.<\/li>\n<\/ol>\n<p>Sus datos personales, nuestras unidades de negocio realizando el trabajo necesario para beneficiarlo de los productos y servicios ofrecidos por nuestra Compa\u00f1\u00eda; Para ofrecerle los productos y servicios que ofrece nuestra empresa; Planificaci\u00f3n y\/o ejecuci\u00f3n de actividades de investigaci\u00f3n de mercado para la venta y comercializaci\u00f3n de productos y servicios; Planificaci\u00f3n y\/o ejecuci\u00f3n de actividades de soporte post venta; Dar seguimiento a los procesos de contrataci\u00f3n y\/o solicitudes legales, asegurando la seguridad laboral legal, t\u00e9cnica y comercial de las personas relevantes en una relaci\u00f3n comercial; Para garantizar la ejecuci\u00f3n de las pol\u00edticas de recursos humanos de nuestra empresa, para hacer una evaluaci\u00f3n cuando solicita un trabajo, para cumplir con nuestras obligaciones legales y legales si es nuestro empleado; garantizar el seguimiento de la calidad; seguimiento de los productos suministrados; Con fines de seguridad e identificaci\u00f3n cuando visite nuestro negocio; Contactarlo si solicita informaci\u00f3n de nuestra empresa; Ejecuci\u00f3n de este contrato si compra productos; Planificaci\u00f3n, control y ejecuci\u00f3n de procesos de seguridad de la informaci\u00f3n; Establecer y administrar la infraestructura de tecnolog\u00eda de la informaci\u00f3n; Seguimiento de asuntos financieros y\/o contables; Seguimiento de asuntos legales; Planificaci\u00f3n y ejecuci\u00f3n de actividades comerciales; Planificaci\u00f3n y ejecuci\u00f3n de actividades de comunicaci\u00f3n corporativa; Planificaci\u00f3n y ejecuci\u00f3n de actividades log\u00edsticas; Para efectos de determinar e implementar las estrategias comerciales y de negocios de nuestra empresa, los mismos ser\u00e1n tratados en las condiciones y finalidades del tratamiento de datos personales previstos en los art\u00edculos 5 y 6 de la Ley N\u00b0 6698. Los datos de nuestros empleados, adem\u00e1s de las obligaciones previstas por la Ley del Trabajo y la legislaci\u00f3n Laboral y de Seguridad Social y dem\u00e1s legislaci\u00f3n vigente, as\u00ed como dentro de nuestra pol\u00edtica de recursos humanos o por razones operativas como aumentar el nivel de desempe\u00f1o y satisfacci\u00f3n de los empleados y Garantizar la seguridad en el empleo y la tranquilidad en el trabajo, puede ser tramitado por personas f\u00edsicas o jur\u00eddicas.<\/p>\n<p><strong> Transferencia de sus datos personales: <\/strong><\/p>\n<p>sus datos personales; Llevar a cabo el trabajo necesario por parte de nuestras unidades de negocio para beneficiarlo de los productos y servicios ofrecidos por nuestra empresa; Ofrecido por nuestra empresa<\/p>\n\t\t\t\t\t\t\t\t<\/div>\n\t\t\t\t<\/div>\n\t\t\t\t<div class=\"elementor-element elementor-element-0bef856 elementor-widget elementor-widget-button\" data-id=\"0bef856\" data-element_type=\"widget\" data-e-type=\"widget\" data-widget_type=\"button.default\">\n\t\t\t\t<div class=\"elementor-widget-container\">\n\t\t\t\t\t\t\t\t\t<div class=\"elementor-button-wrapper\">\n\t\t\t\t\t<a class=\"elementor-button elementor-button-link elementor-size-xs\" href=\"http:\/\/www.unox.com.tr\/wp-content\/uploads\/2020\/09\/kvkk-talep.docx\" target=\"_blank\" rel=\"nofollow\">\n\t\t\t\t\t\t<span class=\"elementor-button-content-wrapper\">\n\t\t\t\t\t\t<span class=\"elementor-button-icon\">\n\t\t\t\t<i aria-hidden=\"true\" class=\"far fa-file-word\"><\/i>\t\t\t<\/span>\n\t\t\t\t\t\t\t\t\t<span class=\"elementor-button-text\">Obtenci\u00f3n de informaci\u00f3n de datos personales - Formulario de solicitud de transacci\u00f3n<\/span>\n\t\t\t\t\t<\/span>\n\t\t\t\t\t<\/a>\n\t\t\t\t<\/div>\n\t\t\t\t\t\t\t\t<\/div>\n\t\t\t\t<\/div>\n\t\t\t\t\t<\/div>\n\t\t<\/div>\n\t\t\t\t\t<\/div>\n\t\t<\/section>\n\t\t\t\t<\/div>\n\t\t","protected":false},"excerpt":{"rendered":"<p>Ley de Protecci\u00f3n de Datos Personales Unox Valve Company respeta su privacidad y la seguridad de sus datos se toma<\/p>\n","protected":false},"author":4,"featured_media":0,"parent":0,"menu_order":0,"comment_status":"closed","ping_status":"closed","template":"","meta":{"footnotes":""},"class_list":["post-54010","page","type-page","status-publish","hentry"],"_links":{"self":[{"href":"https:\/\/unox.com.tr\/es\/wp-json\/wp\/v2\/pages\/54010","targetHints":{"allow":["GET"]}}],"collection":[{"href":"https:\/\/unox.com.tr\/es\/wp-json\/wp\/v2\/pages"}],"about":[{"href":"https:\/\/unox.com.tr\/es\/wp-json\/wp\/v2\/types\/page"}],"author":[{"embeddable":true,"href":"https:\/\/unox.com.tr\/es\/wp-json\/wp\/v2\/users\/4"}],"replies":[{"embeddable":true,"href":"https:\/\/unox.com.tr\/es\/wp-json\/wp\/v2\/comments?post=54010"}],"version-history":[{"count":0,"href":"https:\/\/unox.com.tr\/es\/wp-json\/wp\/v2\/pages\/54010\/revisions"}],"wp:attachment":[{"href":"https:\/\/unox.com.tr\/es\/wp-json\/wp\/v2\/media?parent=54010"}],"curies":[{"name":"wp","href":"https:\/\/api.w.org\/{rel}","templated":true}]}}