{"id":55500,"date":"2022-12-05T14:47:52","date_gmt":"2022-12-05T11:47:52","guid":{"rendered":"https:\/\/unox.com.tr\/feria-win-eurasia\/"},"modified":"2023-06-16T14:55:28","modified_gmt":"2023-06-16T11:55:28","slug":"feria-win-eurasia","status":"publish","type":"page","link":"https:\/\/unox.com.tr\/es\/ferias\/feria-win-eurasia\/","title":{"rendered":"FERIA WIN EURASIA"},"content":{"rendered":"\t\t<div data-elementor-type=\"wp-page\" data-elementor-id=\"55500\" class=\"elementor elementor-55500 elementor-37529\">\n\t\t\t\t\t\t<section class=\"wd-negative-gap elementor-section elementor-top-section elementor-element elementor-element-1824b90 elementor-section-boxed elementor-section-height-default elementor-section-height-default\" data-id=\"1824b90\" data-element_type=\"section\" data-e-type=\"section\">\n\t\t\t\t\t\t<div class=\"elementor-container elementor-column-gap-default\">\n\t\t\t\t\t<div class=\"elementor-column elementor-col-100 elementor-top-column elementor-element elementor-element-46069f5\" data-id=\"46069f5\" data-element_type=\"column\" data-e-type=\"column\">\n\t\t\t<div class=\"elementor-widget-wrap elementor-element-populated\">\n\t\t\t\t\t\t<div class=\"elementor-element elementor-element-72d238e elementor-widget elementor-widget-heading\" data-id=\"72d238e\" data-element_type=\"widget\" data-e-type=\"widget\" data-widget_type=\"heading.default\">\n\t\t\t\t<div class=\"elementor-widget-container\">\n\t\t\t\t\t<h2 class=\"elementor-heading-title elementor-size-default\">\u00a1UNOX VALVE EST\u00c1 EN LA FERIA WIN EURASIA!<\/h2>\t\t\t\t<\/div>\n\t\t\t\t<\/div>\n\t\t\t\t<div class=\"elementor-element elementor-element-c091e2a color-scheme-inherit text-left elementor-widget elementor-widget-text-editor\" data-id=\"c091e2a\" data-element_type=\"widget\" data-e-type=\"widget\" data-widget_type=\"text-editor.default\">\n\t\t\t\t<div class=\"elementor-widget-container\">\n\t\t\t\t\t\t\t\t\t<p>Tambi\u00e9n asistimos a la FERIA WIN EURASIA este a\u00f1o. Junto a las soluciones que produjimos en el \u00e1mbito industrial, ocupamos nuestro lugar en nuestro stand.<\/p>\n<p><span style=\"color: #333335; font-family: georgia, palatino, serif; font-size: 16px; font-weight: 400; text-align: justify;\">WIN EURASIA \u2013 World of Industry Fair, la feria industrial internacional m\u00e1s grande de la regi\u00f3n y su sector, abri\u00f3 sus puertas en el Istanbul Expo Center entre el 8 y el 11 de junio de 2022. Uniendo bajo un mismo techo los sectores de Automatizaci\u00f3n, Log\u00edstica, Soldadura, Electricidad, Electr\u00f3nica, Energ\u00eda, Metalmec\u00e1nica, Hidr\u00e1ulica y Neum\u00e1tica, 28. Si bien la Feria Internacional WIN EURASIA ofreci\u00f3 una oportunidad \u00fanica para experimentar la industria manufacturera en 360 grados, fue el punto de encuentro donde se exhibieron todas las innovaciones del sector.<\/span><\/p>\n<p><span style=\"color: #333335; font-family: opensans, Arial, sans-serif; font-size: 16px; font-weight: 400; text-align: justify;\"> <\/span><span style=\"color: var( --e-global-color-text ); font-family: var( --e-global-typography-text-font-family ), Open Sans; font-weight: var( --e-global-typography-text-font-weight ); letter-spacing: var(--porto-body-ls,0);\">UNOX Valve tambi\u00e9n tom\u00f3 su lugar en sus gradas con sus soluciones e ingenieros equipados. Los valiosos ingenieros y el equipo de ventas del soporte de la v\u00e1lvula UNOX, que consta de muchos grupos de productos, dio la bienvenida a los clientes que visitaron el stand con gran inter\u00e9s.<\/span><\/p>\n\t\t\t\t\t\t\t\t<\/div>\n\t\t\t\t<\/div>\n\t\t\t\t\t<\/div>\n\t\t<\/div>\n\t\t\t\t\t<\/div>\n\t\t<\/section>\n\t\t\t\t<section class=\"wd-negative-gap elementor-section elementor-top-section elementor-element elementor-element-0102cc7 elementor-section-boxed elementor-section-height-default elementor-section-height-default\" data-id=\"0102cc7\" data-element_type=\"section\" data-e-type=\"section\">\n\t\t\t\t\t\t<div class=\"elementor-container elementor-column-gap-default\">\n\t\t\t\t\t<div class=\"elementor-column elementor-col-100 elementor-top-column elementor-element elementor-element-bb11945\" data-id=\"bb11945\" data-element_type=\"column\" data-e-type=\"column\">\n\t\t\t<div class=\"elementor-widget-wrap elementor-element-populated\">\n\t\t\t\t\t\t<div class=\"elementor-element elementor-element-613e265 elementor-widget elementor-widget-image\" data-id=\"613e265\" data-element_type=\"widget\" data-e-type=\"widget\" data-widget_type=\"image.default\">\n\t\t\t\t<div class=\"elementor-widget-container\">\n\t\t\t\t\t\t\t\t\t\t\t\t\t\t\t<img decoding=\"async\" width=\"1024\" height=\"1018\" src=\"https:\/\/unox.com.tr\/wp-content\/themes\/woodmart\/images\/lazy.svg\" data-src=\"https:\/\/unox.com.tr\/wp-content\/uploads\/2022\/12\/WhatsApp-Image-2022-12-05-at-17.47.55-1024x1018.jpeg\" class=\"attachment-large size-large wp-image-37537\" alt=\"\" srcset=\"\" data-srcset=\"https:\/\/unox.com.tr\/wp-content\/uploads\/2022\/12\/WhatsApp-Image-2022-12-05-at-17.47.55-1024x1018.jpeg 1024w, https:\/\/unox.com.tr\/wp-content\/uploads\/2022\/12\/WhatsApp-Image-2022-12-05-at-17.47.55-150x150.jpeg 150w, https:\/\/unox.com.tr\/wp-content\/uploads\/2022\/12\/WhatsApp-Image-2022-12-05-at-17.47.55-600x597.jpeg 600w, https:\/\/unox.com.tr\/wp-content\/uploads\/2022\/12\/WhatsApp-Image-2022-12-05-at-17.47.55-300x298.jpeg 300w, https:\/\/unox.com.tr\/wp-content\/uploads\/2022\/12\/WhatsApp-Image-2022-12-05-at-17.47.55-768x764.jpeg 768w, https:\/\/unox.com.tr\/wp-content\/uploads\/2022\/12\/WhatsApp-Image-2022-12-05-at-17.47.55-640x636.jpeg 640w, https:\/\/unox.com.tr\/wp-content\/uploads\/2022\/12\/WhatsApp-Image-2022-12-05-at-17.47.55-400x398.jpeg 400w, https:\/\/unox.com.tr\/wp-content\/uploads\/2022\/12\/WhatsApp-Image-2022-12-05-at-17.47.55-367x365.jpeg 367w, https:\/\/unox.com.tr\/wp-content\/uploads\/2022\/12\/WhatsApp-Image-2022-12-05-at-17.47.55-85x85.jpeg 85w, https:\/\/unox.com.tr\/wp-content\/uploads\/2022\/12\/WhatsApp-Image-2022-12-05-at-17.47.55-32x32.jpeg 32w, https:\/\/unox.com.tr\/wp-content\/uploads\/2022\/12\/WhatsApp-Image-2022-12-05-at-17.47.55.jpeg 1080w\" sizes=\"(max-width: 1024px) 100vw, 1024px\" title=\"\">\t\t\t\t\t\t\t\t\t\t\t\t\t\t\t<\/div>\n\t\t\t\t<\/div>\n\t\t\t\t\t<\/div>\n\t\t<\/div>\n\t\t\t\t\t<\/div>\n\t\t<\/section>\n\t\t\t\t<section class=\"wd-negative-gap elementor-section elementor-top-section elementor-element elementor-element-8d9a84b elementor-section-boxed elementor-section-height-default elementor-section-height-default\" data-id=\"8d9a84b\" data-element_type=\"section\" data-e-type=\"section\">\n\t\t\t\t\t\t<div class=\"elementor-container elementor-column-gap-default\">\n\t\t\t\t\t<div class=\"elementor-column elementor-col-100 elementor-top-column elementor-element elementor-element-ef7089b\" data-id=\"ef7089b\" data-element_type=\"column\" data-e-type=\"column\">\n\t\t\t<div class=\"elementor-widget-wrap elementor-element-populated\">\n\t\t\t\t\t\t<div class=\"elementor-element elementor-element-dc6cc45 color-scheme-inherit text-left elementor-widget elementor-widget-text-editor\" data-id=\"dc6cc45\" data-element_type=\"widget\" data-e-type=\"widget\" data-widget_type=\"text-editor.default\">\n\t\t\t\t<div class=\"elementor-widget-container\">\n\t\t\t\t\t\t\t\t\t<p style=\"font-family: Roboto, \"Open Sans\"; font-weight: 400;\">Visitado por muchos clientes de Turqu\u00eda y del extranjero, el stand atrajo un gran inter\u00e9s por encontrar soluciones a las necesidades y problemas de los clientes. Las v\u00e1lvulas de control, el condensado, los actuadores y los BAPH de los solenoides en los principales grupos de productos desempe\u00f1aron un papel importante en convertirse en un socio de soluci\u00f3n para los problemas de los clientes.<\/p>\n<p style=\"font-family: Roboto, \"Open Sans\"; font-weight: 400;\">Durante la feria, se proyect\u00f3 en su stand la pel\u00edcula promocional de UNOX VALF, con el fin de que los invitados que visitaran el stand pudieran conocer mejor su trabajo.&nbsp;<span style=\"color: var( --e-global-color-text ); font-family: var( --e-global-typography-text-font-family ), Open Sans; font-weight: var( --e-global-typography-text-font-weight ); letter-spacing: 0px;\">Dio un cat\u00e1logo de productos y un folleto promocional. El puesto de v\u00e1lvula UNOX organiz\u00f3 a sus visitantes de la mejor manera con su sincero inter\u00e9s y golosinas. <\/span><\/p><p style=\"font-family: Roboto, \"Open Sans\"; font-weight: 400;\"><span style=\"color: var( --e-global-color-text ); font-family: var( --e-global-typography-text-font-family ), Open Sans; font-weight: var( --e-global-typography-text-font-weight ); letter-spacing: 0px;\"><br><\/span><\/p><p style=\"font-family: Roboto, \"Open Sans\"; font-weight: 400;\"><span style=\"font-weight: bold;\">V\u00c1LVULA UNOX: UN AMISTOSO GRACIAS<\/span><\/p><p style=\"font-family: Roboto, \"Open Sans\"; font-weight: 400;\">Estuvimos muy orgullosos y felices de estar junto a ustedes en la feria WIN EURASIA, una de las mayores organizaciones del sector industrial.<\/p><p style=\"font-family: Roboto, \"Open Sans\"; font-weight: 400;\">Nos gustar\u00eda agradecer a nuestros valiosos visitantes que nos visitan en nuestro stand durante la feria y que est\u00e1n interesados \u200b\u200ben nuestros productos, escuchan nuestras actividades sectoriales y comparten nuestra emoci\u00f3n con nosotros.<\/p><p style=\"font-family: Roboto, \"Open Sans\"; font-weight: 400;\">Esperamos encontrarnos nuevamente en la pr\u00f3xima Feria WIN EURASIA\u2026<\/p>\t\t\t\t\t\t\t\t<\/div>\n\t\t\t\t<\/div>\n\t\t\t\t\t<\/div>\n\t\t<\/div>\n\t\t\t\t\t<\/div>\n\t\t<\/section>\n\t\t\t\t<\/div>\n\t\t","protected":false},"excerpt":{"rendered":"<p>\u00a1UNOX VALVE EST\u00c1 EN LA FERIA WIN EURASIA! Tambi\u00e9n asistimos a la FERIA WIN EURASIA este a\u00f1o. Junto a las<\/p>\n","protected":false},"author":1,"featured_media":0,"parent":52664,"menu_order":0,"comment_status":"closed","ping_status":"closed","template":"","meta":{"footnotes":""},"class_list":["post-55500","page","type-page","status-publish","hentry"],"_links":{"self":[{"href":"https:\/\/unox.com.tr\/es\/wp-json\/wp\/v2\/pages\/55500","targetHints":{"allow":["GET"]}}],"collection":[{"href":"https:\/\/unox.com.tr\/es\/wp-json\/wp\/v2\/pages"}],"about":[{"href":"https:\/\/unox.com.tr\/es\/wp-json\/wp\/v2\/types\/page"}],"author":[{"embeddable":true,"href":"https:\/\/unox.com.tr\/es\/wp-json\/wp\/v2\/users\/1"}],"replies":[{"embeddable":true,"href":"https:\/\/unox.com.tr\/es\/wp-json\/wp\/v2\/comments?post=55500"}],"version-history":[{"count":0,"href":"https:\/\/unox.com.tr\/es\/wp-json\/wp\/v2\/pages\/55500\/revisions"}],"up":[{"embeddable":true,"href":"https:\/\/unox.com.tr\/es\/wp-json\/wp\/v2\/pages\/52664"}],"wp:attachment":[{"href":"https:\/\/unox.com.tr\/es\/wp-json\/wp\/v2\/media?parent=55500"}],"curies":[{"name":"wp","href":"https:\/\/api.w.org\/{rel}","templated":true}]}}