{"id":61735,"date":"2024-07-30T16:21:58","date_gmt":"2024-07-30T13:21:58","guid":{"rendered":"https:\/\/unox.com.tr\/kv-calculadora\/"},"modified":"2024-08-06T10:56:53","modified_gmt":"2024-08-06T07:56:53","slug":"kv-calculadora","status":"publish","type":"page","link":"https:\/\/unox.com.tr\/es\/kv-calculadora\/","title":{"rendered":"Kv Calculadora"},"content":{"rendered":"\t\t<div data-elementor-type=\"wp-page\" data-elementor-id=\"61735\" class=\"elementor elementor-61735 elementor-61646\">\n\t\t\t\t\t\t<section class=\"wd-negative-gap elementor-section elementor-top-section elementor-element elementor-element-20060fd elementor-section-boxed elementor-section-height-default elementor-section-height-default\" data-id=\"20060fd\" data-element_type=\"section\" data-e-type=\"section\">\n\t\t\t\t\t\t<div class=\"elementor-container elementor-column-gap-default\">\n\t\t\t\t\t<div class=\"elementor-column elementor-col-50 elementor-top-column elementor-element elementor-element-52621a5\" data-id=\"52621a5\" data-element_type=\"column\" data-e-type=\"column\">\n\t\t\t<div class=\"elementor-widget-wrap elementor-element-populated\">\n\t\t\t\t\t\t<div class=\"elementor-element elementor-element-010dd87 elementor-widget elementor-widget-heading\" data-id=\"010dd87\" data-element_type=\"widget\" data-e-type=\"widget\" data-widget_type=\"heading.default\">\n\t\t\t\t<div class=\"elementor-widget-container\">\n\t\t\t\t\t<h2 class=\"elementor-heading-title elementor-size-default\">Kv Calculadora para L\u00edquidos<\/h2>\t\t\t\t<\/div>\n\t\t\t\t<\/div>\n\t\t\t\t<div class=\"elementor-element elementor-element-355032b elementor-widget elementor-widget-shortcode\" data-id=\"355032b\" data-element_type=\"widget\" data-e-type=\"widget\" data-widget_type=\"shortcode.default\">\n\t\t\t\t<div class=\"elementor-widget-container\">\n\t\t\t\t\t\t\t<div class=\"elementor-shortcode\"><style>\n    .calculator-container {\n        border: 2px solid #11224B;\n        padding: 20px;\n        border-radius: 10px;\n        width: 300px;\n        color: #11224B;\n        margin: 0 auto; \/* Formu ortalar *\/\n        display: block;\n    }\n    .calculator-container label {\n        display: block;\n        margin-top: 10px;\n    }\n    .calculator-container input, .calculator-container select {\n        width: 100%;\n        padding: 5px;\n        margin-top: 5px;\n        border: 2px solid #11224B;\n        border-radius: 5px;\n        box-sizing: border-box;\n    }\n    .calculator-container input:focus, .calculator-container select:focus {\n        outline: none;\n        border-color: #11224B;\n    }\n    .calculator-container button {\n        margin-top: 15px;\n        padding: 10px;\n        width: 100%;\n        background-color: #0073e6;\n        color: white;\n        border: none;\n        border-radius: 5px;\n        cursor: pointer;\n    }\n    .calculator-container button:hover {\n        background-color: #005bb5;\n    }\n    .calculator-container .result {\n        margin-top: 15px;\n        padding: 10px;\n        border-top: 2px solid #11224B;\n    }\n    .calculator-container .result p {\n        font-size: 18px; \/* Yaz\u0131 boyutunu b\u00fcy\u00fctme *\/\n        font-weight: bold;\n        margin: 10px 0; \/* Sat\u0131rlar\u0131n aras\u0131n\u0131 a\u00e7ma *\/\n        padding: 5px;\n        background-color: #f0f0f0;\n        border: 1px solid #11224B;\n        border-radius: 5px;\n    }\n    .error {\n        color: red;\n        margin-top: 10px;\n    }\n    .warning {\n        color: #666; \/* Gri tonlar\u0131nda *\/\n        font-size: 12px;\n        margin-top: 20px;\n        text-align: left;\n    }\n<\/style>\n\n<div class=\"calculator-container\">\n    <label for=\"liquid\">L\u00edquido<\/label>\n    <select id=\"liquid\" name=\"liquid\" onchange=\"updateDensity()\">\n        <option value=\"1.0\">Agua<\/option><option value=\"1.26\">Glicerina<\/option><option value=\"0.75\">Gasolina<\/option><option value=\"0.79\">Alcohol Et\u00edlico<\/option><option value=\"a medida\">Definido por el Usuario<\/option>\n    <\/select>\n\n    <label for=\"density\">Densidad (g\/cm\u00b3)<\/label>\n    <input type=\"number\" id=\"density\" name=\"density\" value=\"1.0\" readonly>\n\n    <label for=\"inletPressure\">Presi\u00f3n de Entrada (Bar)<\/label>\n    <input type=\"number\" id=\"inletPressure\" name=\"inletPressure\" value=\"0\" required=\"\">\n\n    <label for=\"outletPressure\">Presi\u00f3n de Salida (Bar)<\/label>\n    <input type=\"number\" id=\"outletPressure\" name=\"outletPressure\" value=\"0\" required=\"\">\n\n    <label for=\"flowRate\">Caudal (m\u00b3\/h)<\/label>\n    <input type=\"number\" id=\"flowRate\" name=\"flowRate\" value=\"0\" required=\"\">\n\n    <button type=\"button\" onclick=\"calculateKv()\">Calcula<\/button>\n\n    <div class=\"result\">\n        <p>Valor Kv de la V\u00e1lvula: <span id=\"kvResult\">0.0000<\/span><\/p>\n        <p>Valor Cv de la V\u00e1lvula: <span id=\"cvResult\">0.0000<\/span><\/p>\n    <\/div>\n\n    <div class=\"error\" id=\"errorMessage\"><\/div>\n    <div class=\"warning\"> *Te recordamos que los resultados proporcionados por esta herramienta de c\u00e1lculo no son definitivos y s\u00f3lo tienen car\u00e1cter orientativo. Para obtener resultados reales y fiables, te recomendamos encarecidamente que consultes a un experto o a un ingeniero autorizado.  <\/div>\n<\/div>\n\n<script>\n    function updateDensity() {\n        var liquid = document.getElementById('liquid').value;\n        var densityInput = document.getElementById('density');\n\n        if (liquid === 'custom') {\n            densityInput.value = '0.00';\n            densityInput.readOnly = false;\n        } else {\n            densityInput.value = liquid;\n            densityInput.readOnly = true;\n        }\n    }\n\n    function calculateKv() {\n        var density = parseFloat(document.getElementById('density').value);\n        var inletPressure = parseFloat(document.getElementById('inletPressure').value);\n        var outletPressure = parseFloat(document.getElementById('outletPressure').value);\n        var flowRate = parseFloat(document.getElementById('flowRate').value);\n        var errorMessage = document.getElementById('errorMessage');\n\n        if (!density || isNaN(inletPressure) || isNaN(outletPressure) || isNaN(flowRate) || inletPressure === 0 || outletPressure === 0 || flowRate === 0) {\n            errorMessage.innerText = 'L\u00fctfen t\u00fcm de\u011ferleri doldurunuz.';\n            return;\n        }\n\n        if (inletPressure <= outletPressure) { errorMessage.innerText = 'Giri\u015f bas\u0131nc\u0131 \u00e7\u0131k\u0131\u015f bas\u0131nc\u0131ndan b\u00fcy\u00fck olmal\u0131d\u0131r.'; return; } else { errorMessage.innerText = ''; } var kv = flowRate * Math.sqrt(density \/ (inletPressure - outletPressure)); var cv = kv * 1.156; document.getElementById('kvResult').innerText = kv.toFixed(4); document.getElementById('cvResult').innerText = cv.toFixed(4); } <\/script>\n<\/div>\n\t\t\t\t\t\t<\/div>\n\t\t\t\t<\/div>\n\t\t\t\t\t<\/div>\n\t\t<\/div>\n\t\t\t\t<div class=\"elementor-column elementor-col-50 elementor-top-column elementor-element elementor-element-b9e3de4\" data-id=\"b9e3de4\" data-element_type=\"column\" data-e-type=\"column\">\n\t\t\t<div class=\"elementor-widget-wrap elementor-element-populated\">\n\t\t\t\t\t\t<div class=\"elementor-element elementor-element-68a1233 elementor-widget elementor-widget-heading\" data-id=\"68a1233\" data-element_type=\"widget\" data-e-type=\"widget\" data-widget_type=\"heading.default\">\n\t\t\t\t<div class=\"elementor-widget-container\">\n\t\t\t\t\t<h2 class=\"elementor-heading-title elementor-size-default\">Kv Calculadora para Gases<\/h2>\t\t\t\t<\/div>\n\t\t\t\t<\/div>\n\t\t\t\t<div class=\"elementor-element elementor-element-4756614 elementor-widget elementor-widget-shortcode\" data-id=\"4756614\" data-element_type=\"widget\" data-e-type=\"widget\" data-widget_type=\"shortcode.default\">\n\t\t\t\t<div class=\"elementor-widget-container\">\n\t\t\t\t\t\t\t<div class=\"elementor-shortcode\"><div>\n\n\n    <meta charset=\"UTF-8\">\n    <meta name=\"viewport\" content=\"width=anchura-dispositivo, initial-scale=1.0\">\n    <title>Formulario de c\u00e1lculo de gas<\/title>\n    <style>\n        .calculator-container {\n            border: 2px solid #11224B;\n            padding: 20px;\n            border-radius: 10px;\n            width: 300px;\n            color: #11224B;\n            margin: 0 auto; \/* Formu ortalar *\/\n            display: block;\n        }\n        .calculator-container label {\n            display: block;\n            margin-top: 10px;\n        }\n        .calculator-container input, .calculator-container select {\n            width: 100%;\n            padding: 5px;\n            margin-top: 5px;\n            border: 2px solid #11224B;\n            border-radius: 5px;\n            box-sizing: border-box;\n        }\n        .calculator-container input:focus, .calculator-container select:focus {\n            outline: none;\n            border-color: #11224B;\n        }\n        .calculator-container button {\n            margin-top: 15px;\n            padding: 10px;\n            width: 100%;\n            background-color: #0073e6;\n            color: white;\n            border: none;\n            border-radius: 5px;\n            cursor: pointer;\n        }\n        .calculator-container button:hover {\n            background-color: #005bb5;\n        }\n        .calculator-container .result {\n            margin-top: 15px;\n            padding: 10px;\n            border-top: 2px solid #11224B;\n        }\n        .calculator-container .result p {\n            font-size: 18px; \/* Yaz\u0131 boyutunu b\u00fcy\u00fctme *\/\n            font-weight: bold;\n            margin: 10px 0; \/* Sat\u0131rlar\u0131n aras\u0131n\u0131 a\u00e7ma *\/\n            padding: 5px;\n            background-color: #f0f0f0;\n            border: 1px solid #11224B;\n            border-radius: 5px;\n        }\n        .error {\n            color: red;\n            margin-top: 10px;\n        }\n        .warning {\n            color: #666; \/* Gri tonlar\u0131nda *\/\n            font-size: 12px;\n            margin-top: 20px;\n            text-align: left;\n        }\n    <\/style>\n\n\n\n<div class=\"calculator-container\">\n    <label for=\"gas2\">Gas<\/label>\n    <select id=\"gas2\" name=\"gas2\" onchange=\"updateGasDensity2()\">\n        <option value=\"1.225\">Aire<\/option>\n        <option value=\"2.48\">Butano<\/option>\n        <option value=\"1.977\">Di\u00f3xido de Carbono<\/option>\n        <option value=\"0.657\">Metano<\/option>\n        <option value=\"1.25\">Nitr\u00f3geno<\/option>\n        <option value=\"1.429\">Ox\u00edgeno<\/option>\n        <option value=\"1.88\">Propano<\/option>\n        <option value=\"a medida\">Definido por el Usuario<\/option>\n    <\/select>\n\n    <label for=\"gasDensity2\">Densidad (kg\/m\u00b3)<\/label>\n    <input type=\"number\" id=\"gasDensity2\" name=\"gasDensity2\" value=\"1.225\" readonly>\n\n    <label for=\"gasTemperature2\">Valor de la Temperatura del Gas (\u00b0C)<\/label>\n    <input type=\"number\" id=\"gasTemperature2\" name=\"gasTemperature2\" value=\"0\" required=\"\">\n\n    <label for=\"gasInletPressure2\">Presi\u00f3n de Entrada (Bar)<\/label>\n    <input type=\"number\" id=\"gasInletPressure2\" name=\"gasInletPressure2\" value=\"0\" required=\"\">\n\n    <label for=\"gasOutletPressure2\">Presi\u00f3n de Salida (Bar)<\/label>\n    <input type=\"number\" id=\"gasOutletPressure2\" name=\"gasOutletPressure2\" value=\"0\" required=\"\">\n\n    <label for=\"gasFlowRate2\">Caudal (Nm\u00b3\/h)<\/label>\n    <input type=\"number\" id=\"gasFlowRate2\" name=\"gasFlowRate2\" value=\"0\" required=\"\">\n\n    <button type=\"button\" onclick=\"calculateGasKv2()\">Calcula<\/button>\n\n    <div class=\"result\">\n        <p>Valor Kv de la V\u00e1lvula: <span id=\"gasKvResult2\">0.0000<\/span><\/p>\n        <p>Valor Cv de la V\u00e1lvula: <span id=\"gasCvResult2\">0.0000<\/span><\/p>\n    <\/div>\n\n    <div class=\"error\" id=\"gasErrorMessage2\"><\/div>\n    <div class=\"warning\"> *Te recordamos que los resultados proporcionados por esta herramienta de c\u00e1lculo no son definitivos y s\u00f3lo tienen car\u00e1cter orientativo. Para obtener resultados reales y fiables, te recomendamos encarecidamente que consultes a un experto o a un ingeniero autorizado.  <\/div>\n<\/div>\n\n<script>\n    function updateGasDensity2() {\n        var gas = document.getElementById('gas2').value;\n        var densityInput = document.getElementById('gasDensity2');\n\n        if (gas === 'custom') {\n            densityInput.value = '0.00';\n            densityInput.readOnly = false;\n        } else {\n            densityInput.value = gas;\n            densityInput.readOnly = true;\n        }\n    }\n\n    function calculateGasKv2() {\n        var density = parseFloat(document.getElementById('gasDensity2').value);\n        var temperature = parseFloat(document.getElementById('gasTemperature2').value);\n        var inletPressure = parseFloat(document.getElementById('gasInletPressure2').value);\n        var outletPressure = parseFloat(document.getElementById('gasOutletPressure2').value);\n        var flowRate = parseFloat(document.getElementById('gasFlowRate2').value);\n        var errorMessage = document.getElementById('gasErrorMessage2');\n\n        if (!density || isNaN(temperature) || isNaN(inletPressure) || isNaN(outletPressure) || isNaN(flowRate) || inletPressure === 0 || outletPressure === 0 || flowRate === 0) {\n            errorMessage.innerText = 'L\u00fctfen t\u00fcm de\u011ferleri doldurunuz.';\n            return;\n        }\n\n        if (inletPressure <= outletPressure) { errorMessage.innerText = 'Giri\u015f bas\u0131nc\u0131 \u00e7\u0131k\u0131\u015f bas\u0131nc\u0131ndan b\u00fcy\u00fck olmal\u0131d\u0131r.'; return; } else { errorMessage.innerText = ''; } var kv = flowRate \/ (514 * Math.sqrt(((inletPressure - outletPressure) * outletPressure) \/ (density * (temperature + 273.15)))); var cv = kv * 1.156; document.getElementById('gasKvResult2').innerText = kv.toFixed(4); document.getElementById('gasCvResult2').innerText = cv.toFixed(4); } <\/script>\n\n\n\n<\/div><\/div>\n\t\t\t\t\t\t<\/div>\n\t\t\t\t<\/div>\n\t\t\t\t\t<\/div>\n\t\t<\/div>\n\t\t\t\t\t<\/div>\n\t\t<\/section>\n\t\t\t\t<\/div>\n\t\t","protected":false},"excerpt":{"rendered":"<p>Kv Calculadora para L\u00edquidos L\u00edquido AguaGlicerinaGasolinaAlcohol Et\u00edlicoDefinido por el Usuario Densidad (g\/cm\u00b3) Presi\u00f3n de Entrada (Bar) Presi\u00f3n de Salida (Bar)<\/p>\n","protected":false},"author":1,"featured_media":0,"parent":0,"menu_order":0,"comment_status":"closed","ping_status":"closed","template":"","meta":{"footnotes":""},"class_list":["post-61735","page","type-page","status-publish","hentry"],"_links":{"self":[{"href":"https:\/\/unox.com.tr\/es\/wp-json\/wp\/v2\/pages\/61735","targetHints":{"allow":["GET"]}}],"collection":[{"href":"https:\/\/unox.com.tr\/es\/wp-json\/wp\/v2\/pages"}],"about":[{"href":"https:\/\/unox.com.tr\/es\/wp-json\/wp\/v2\/types\/page"}],"author":[{"embeddable":true,"href":"https:\/\/unox.com.tr\/es\/wp-json\/wp\/v2\/users\/1"}],"replies":[{"embeddable":true,"href":"https:\/\/unox.com.tr\/es\/wp-json\/wp\/v2\/comments?post=61735"}],"version-history":[{"count":0,"href":"https:\/\/unox.com.tr\/es\/wp-json\/wp\/v2\/pages\/61735\/revisions"}],"wp:attachment":[{"href":"https:\/\/unox.com.tr\/es\/wp-json\/wp\/v2\/media?parent=61735"}],"curies":[{"name":"wp","href":"https:\/\/api.w.org\/{rel}","templated":true}]}}