{"id":12484,"date":"2020-09-11T08:50:04","date_gmt":"2020-09-11T05:50:04","guid":{"rendered":"http:\/\/www.unox.com.tr\/?post_type=product&#038;p=3576"},"modified":"2023-03-02T17:46:38","modified_gmt":"2023-03-02T14:46:38","slug":"valvula-de-bola-de-u-pvc-accionada-neumaticamente-2","status":"publish","type":"product","link":"https:\/\/unox.com.tr\/es\/valvula-de-bola-de-u-pvc-accionada-neumaticamente-2\/","title":{"rendered":"V\u00e1lvula de Bola de U-PVC Accionada Neum\u00e1ticamente &#8211; Acci\u00f3n Simple"},"content":{"rendered":"<div id=\"ez-toc-container\" class=\"ez-toc-v2_0_82_2 counter-hierarchy ez-toc-counter ez-toc-grey ez-toc-container-direction\">\n<div class=\"ez-toc-title-container\">\n<p class=\"ez-toc-title\" style=\"cursor:inherit\">Sayfa \u0130\u00e7eri\u011fi<\/p>\n<span class=\"ez-toc-title-toggle\"><a href=\"#\" class=\"ez-toc-pull-right ez-toc-btn ez-toc-btn-xs ez-toc-btn-default ez-toc-toggle\" aria-label=\"Alternar tabla de contenidos\"><span class=\"ez-toc-js-icon-con\"><span class=\"\"><span class=\"eztoc-hide\" style=\"display:none;\">Toggle<\/span><span class=\"ez-toc-icon-toggle-span\"><svg style=\"fill: #999;color:#999\" xmlns=\"http:\/\/www.w3.org\/2000\/svg\" class=\"list-377408\" width=\"20px\" height=\"20px\" viewBox=\"0 0 24 24\" fill=\"none\"><path d=\"M6 6H4v2h2V6zm14 0H8v2h12V6zM4 11h2v2H4v-2zm16 0H8v2h12v-2zM4 16h2v2H4v-2zm16 0H8v2h12v-2z\" fill=\"currentColor\"><\/path><\/svg><svg style=\"fill: #999;color:#999\" class=\"arrow-unsorted-368013\" xmlns=\"http:\/\/www.w3.org\/2000\/svg\" width=\"10px\" height=\"10px\" viewBox=\"0 0 24 24\" version=\"1.2\" baseProfile=\"tiny\"><path d=\"M18.2 9.3l-6.2-6.3-6.2 6.3c-.2.2-.3.4-.3.7s.1.5.3.7c.2.2.4.3.7.3h11c.3 0 .5-.1.7-.3.2-.2.3-.5.3-.7s-.1-.5-.3-.7zM5.8 14.7l6.2 6.3 6.2-6.3c.2-.2.3-.5.3-.7s-.1-.5-.3-.7c-.2-.2-.4-.3-.7-.3h-11c-.3 0-.5.1-.7.3-.2.2-.3.5-.3.7s.1.5.3.7z\"\/><\/svg><\/span><\/span><\/span><\/a><\/span><\/div>\n<nav><ul class='ez-toc-list ez-toc-list-level-1 ' ><li class='ez-toc-page-1 ez-toc-heading-level-2'><a class=\"ez-toc-link ez-toc-heading-1\" href=\"https:\/\/unox.com.tr\/es\/valvula-de-bola-de-u-pvc-accionada-neumaticamente-2\/#%C2%BFQue_es_la_valvula_de_bola_de_U-PVC_accionada_neumaticamente\" >\u00bfQu\u00e9 es la v\u00e1lvula de bola de U-PVC accionada neum\u00e1ticamente?<\/a><\/li><li class='ez-toc-page-1 ez-toc-heading-level-2'><a class=\"ez-toc-link ez-toc-heading-2\" href=\"https:\/\/unox.com.tr\/es\/valvula-de-bola-de-u-pvc-accionada-neumaticamente-2\/#%C2%BFDonde_se_utiliza_la_valvula_de_bola_de_U-PVC_accionada_neumaticamente\" >\u00bfD\u00f3nde se utiliza la v\u00e1lvula de bola de U-PVC accionada neum\u00e1ticamente?<\/a><ul class='ez-toc-list-level-3' ><li class='ez-toc-heading-level-3'><a class=\"ez-toc-link ez-toc-heading-3\" href=\"https:\/\/unox.com.tr\/es\/valvula-de-bola-de-u-pvc-accionada-neumaticamente-2\/#Se_comprueba_de_dos_formas\" >Se comprueba de dos formas:<\/a><\/li><li class='ez-toc-page-1 ez-toc-heading-level-3'><a class=\"ez-toc-link ez-toc-heading-4\" href=\"https:\/\/unox.com.tr\/es\/valvula-de-bola-de-u-pvc-accionada-neumaticamente-2\/#Construccion\" >Construcci\u00f3n<\/a><\/li><\/ul><\/li><\/ul><\/nav><\/div>\n<h2><span class=\"ez-toc-section\" id=\"%C2%BFQue_es_la_valvula_de_bola_de_U-PVC_accionada_neumaticamente\"><\/span>\u00bfQu\u00e9 es la v\u00e1lvula de bola de U-PVC accionada neum\u00e1ticamente?<span class=\"ez-toc-section-end\"><\/span><\/h2>\n<p>La v\u00e1lvula de bola de U-PVC (cloruro de polivinilo no plastificado) es un tipo de v\u00e1lvula que se utiliza para controlar el flujo de l\u00edquidos, gases u otros materiales a trav\u00e9s de una tuber\u00eda u otro sistema de flujo. Consiste en un componente en forma de bola unido a un cuerpo y rodeado por una carcasa. La bola tiene un orificio que la atraviesa y, cuando la v\u00e1lvula est\u00e1 abierta, el orificio se alinea con el flujo de material a trav\u00e9s del tubo. Cuando la v\u00e1lvula est\u00e1 cerrada, la bola gira para que el orificio quede perpendicular al flujo, lo que detiene el paso del material.<\/p>\n<h2><span class=\"ez-toc-section\" id=\"%C2%BFDonde_se_utiliza_la_valvula_de_bola_de_U-PVC_accionada_neumaticamente\"><\/span>\u00bfD\u00f3nde se utiliza la v\u00e1lvula de bola de U-PVC accionada neum\u00e1ticamente?<span class=\"ez-toc-section-end\"><\/span><\/h2>\n<p>Las v\u00e1lvulas de bola de U-PVC se utilizan a menudo en sistemas de plomer\u00eda y tratamiento de agua, as\u00ed como en otras aplicaciones industriales y comerciales. Son conocidos por su durabilidad, resistencia a la corrosi\u00f3n y facilidad de mantenimiento. Tambi\u00e9n son relativamente f\u00e1ciles de operar ya que solo requieren un cuarto de vuelta para abrirse o cerrarse.<\/p>\n<p>En general, las v\u00e1lvulas de bola de U-PVC son una opci\u00f3n confiable y rentable para controlar el flujo de material en una variedad de aplicaciones.<\/p>\n<p><strong>Las caracter\u00edsticas generales del polietileno son las siguientes:<\/strong><\/p>\n<ul>\n<li>Es Solido<\/li>\n<li>Resistente a \u00e1cidos, bases y disolventes.<\/li>\n<li>Las propiedades diel\u00e9ctricas son superiores.<\/li>\n<li>Es resistente a las condiciones ambientales.<\/li>\n<\/ul>\n<p>Como elementos auxiliares opcionales se utilizan actuadores que var\u00edan entre 9 nm y 400 nm de fuerza seg\u00fan los di\u00e1metros de conexi\u00f3n, y cajas de interruptores y v\u00e1lvulas direccionales.<\/p>\n<p><strong>Nuestros actuadores neum\u00e1ticos, informaci\u00f3n de fuerza y \u200b\u200baplicaciones de v\u00e1lvulas seg\u00fan sus c\u00f3digos son los siguientes:<\/strong><\/p>\n<ul>\n<li><strong>UDA 040 =<\/strong> 9 nm<\/li>\n<li><strong>UDA 052<\/strong> =25 nm<\/li>\n<li><strong>UDA 063<\/strong> =50 nm<\/li>\n<li><strong>UDA 083<\/strong> =94 nm<\/li>\n<li><strong>UDA 092 =<\/strong> 135 nm<\/li>\n<li><strong>UDA 105 =<\/strong> 270 nm<\/li>\n<li><strong>UDA 125 =<\/strong> 400 nm<\/li>\n<\/ul>\n<h3><span class=\"ez-toc-section\" id=\"Se_comprueba_de_dos_formas\"><\/span><span style=\"font-size: 20px;\">Se comprueba de dos formas:<\/span><span class=\"ez-toc-section-end\"><\/span><\/h3>\n<ol>\n<li>Control de encendido y apagado<\/li>\n<li>Control proporcional.<\/li>\n<\/ol>\n<h3><span class=\"ez-toc-section\" id=\"Construccion\"><\/span><span style=\"font-size: 20px;\">Construcci\u00f3n<\/span><span class=\"ez-toc-section-end\"><\/span><\/h3>\n<ul>\n<li>Extrusi\u00f3n de aluminio, resistente a la corrosi\u00f3n interna y externa, larga vida \u00fatil y superficie cil\u00edndrica obtenida con una t\u00e9cnica de proceso muy sensible para un bajo coeficiente de fricci\u00f3n.<\/li>\n<li> Posici\u00f3n de montaje sim\u00e9trica y f\u00e1cil; pistones compactos fabricados en una aleaci\u00f3n especial de aluminio, lo que proporciona un funcionamiento r\u00e1pido y al mismo tiempo permite que los pistones trabajen en sentido contrario simplemente reemplaz\u00e1ndolos.<\/li>\n<li> Un pi\u00f1\u00f3n de acero de alta calidad resistente a la corrosi\u00f3n y sim\u00e9trico que permite el montaje en \u00e1ngulos de 45\u00b0 a 90\u00b0, si se desea, y tambi\u00e9n funciona en armon\u00eda con la carrera del pist\u00f3n en cada \u00e1ngulo de montaje.<\/li>\n<li>Elementos de rodamiento fabricados en pl\u00e1stico duro industrial, que permiten abrir y cerrar en el menor tiempo, bajo coeficiente de fricci\u00f3n, minimizando el desgaste de las superficies de fricci\u00f3n.<\/li>\n<li> Engranajes de m\u00f3dulo abiertos en maquinaria de precisi\u00f3n con una t\u00e9cnica de proceso especial que har\u00e1 trabajar silenciosa, arm\u00f3nicamente, con la m\u00e1xima eficiencia al pist\u00f3n y al pi\u00f1\u00f3n.<\/li>\n<li> Sujetadores de acero inoxidable resistentes a la corrosi\u00f3n a largo plazo.<\/li>\n<\/ul>\n","protected":false},"excerpt":{"rendered":"<p><a href=\"https:\/\/unox.com.tr\/wp-content\/uploads\/2022\/12\/PNOMATIK-AKTUATORLU-U-PVC-KURESEL-VANA-TEK-ETKILI.pdf\" target=\"_blank\" rel=\"noopener\"><button style=\"background-color: #11224b; color: #ffffff; padding: 10px 15px; font-family: montserrat; font-weight: bold; font-size: 19px; border-radius: 10px;\"><img decoding=\"async\" style=\"width: 25px; height: 25px;\" src=\"https:\/\/unox.com.tr\/wp-content\/uploads\/2023\/02\/pdf-1.png\">CAT\u00c1LOGO DE PRODUCTO<\/button><\/a><\/p>\n<p><button style=\"background-color: #11224b; margin-top: 5px; color: white; padding: 0px 15px; width: 150px; height: 55px; border-radius: 10px; border: none; cursor: pointer;\"><br \/>\n<img decoding=\"async\" style=\"width: 120px; height: 30px;\" src=\"https:\/\/unox.com.tr\/wp-content\/uploads\/2023\/02\/4-1.svg\"><\/button><\/p>\n","protected":false},"featured_media":33756,"comment_status":"open","ping_status":"closed","template":"","meta":[],"product_brand":[],"product_cat":[467,1122,468],"product_tag":[],"class_list":{"0":"post-12484","1":"product","2":"type-product","3":"status-publish","4":"has-post-thumbnail","6":"product_cat-valvulas-accionadas-neumaticamente","7":"product_cat-valvulas-actuadas","8":"product_cat-valvulas-neumaticas","10":"first","11":"instock","12":"shipping-taxable","13":"product-type-simple"},"_links":{"self":[{"href":"https:\/\/unox.com.tr\/es\/wp-json\/wp\/v2\/product\/12484","targetHints":{"allow":["GET"]}}],"collection":[{"href":"https:\/\/unox.com.tr\/es\/wp-json\/wp\/v2\/product"}],"about":[{"href":"https:\/\/unox.com.tr\/es\/wp-json\/wp\/v2\/types\/product"}],"replies":[{"embeddable":true,"href":"https:\/\/unox.com.tr\/es\/wp-json\/wp\/v2\/comments?post=12484"}],"version-history":[{"count":0,"href":"https:\/\/unox.com.tr\/es\/wp-json\/wp\/v2\/product\/12484\/revisions"}],"wp:featuredmedia":[{"embeddable":true,"href":"https:\/\/unox.com.tr\/es\/wp-json\/wp\/v2\/media\/33756"}],"wp:attachment":[{"href":"https:\/\/unox.com.tr\/es\/wp-json\/wp\/v2\/media?parent=12484"}],"wp:term":[{"taxonomy":"product_brand","embeddable":true,"href":"https:\/\/unox.com.tr\/es\/wp-json\/wp\/v2\/product_brand?post=12484"},{"taxonomy":"product_cat","embeddable":true,"href":"https:\/\/unox.com.tr\/es\/wp-json\/wp\/v2\/product_cat?post=12484"},{"taxonomy":"product_tag","embeddable":true,"href":"https:\/\/unox.com.tr\/es\/wp-json\/wp\/v2\/product_tag?post=12484"}],"curies":[{"name":"wp","href":"https:\/\/api.w.org\/{rel}","templated":true}]}}