{"id":12485,"date":"2020-09-17T05:38:11","date_gmt":"2020-09-17T05:38:11","guid":{"rendered":"http:\/\/www.unox.com.tr\/?post_type=product&#038;p=3616"},"modified":"2023-03-02T17:45:32","modified_gmt":"2023-03-02T14:45:32","slug":"valvula-de-bola-de-3-vias-accionada-electricamente-2","status":"publish","type":"product","link":"https:\/\/unox.com.tr\/es\/valvula-de-bola-de-3-vias-accionada-electricamente-2\/","title":{"rendered":"V\u00e1lvula de Bola de Acero Inoxidable Roscada Accionada El\u00e9ctricamente de 3 V\u00edas"},"content":{"rendered":"<div id=\"ez-toc-container\" class=\"ez-toc-v2_0_82_2 counter-hierarchy ez-toc-counter ez-toc-grey ez-toc-container-direction\">\n<div class=\"ez-toc-title-container\">\n<p class=\"ez-toc-title\" style=\"cursor:inherit\">Sayfa \u0130\u00e7eri\u011fi<\/p>\n<span class=\"ez-toc-title-toggle\"><a href=\"#\" class=\"ez-toc-pull-right ez-toc-btn ez-toc-btn-xs ez-toc-btn-default ez-toc-toggle\" aria-label=\"Alternar tabla de contenidos\"><span class=\"ez-toc-js-icon-con\"><span class=\"\"><span class=\"eztoc-hide\" style=\"display:none;\">Toggle<\/span><span class=\"ez-toc-icon-toggle-span\"><svg style=\"fill: #999;color:#999\" xmlns=\"http:\/\/www.w3.org\/2000\/svg\" class=\"list-377408\" width=\"20px\" height=\"20px\" viewBox=\"0 0 24 24\" fill=\"none\"><path d=\"M6 6H4v2h2V6zm14 0H8v2h12V6zM4 11h2v2H4v-2zm16 0H8v2h12v-2zM4 16h2v2H4v-2zm16 0H8v2h12v-2z\" fill=\"currentColor\"><\/path><\/svg><svg style=\"fill: #999;color:#999\" class=\"arrow-unsorted-368013\" xmlns=\"http:\/\/www.w3.org\/2000\/svg\" width=\"10px\" height=\"10px\" viewBox=\"0 0 24 24\" version=\"1.2\" baseProfile=\"tiny\"><path d=\"M18.2 9.3l-6.2-6.3-6.2 6.3c-.2.2-.3.4-.3.7s.1.5.3.7c.2.2.4.3.7.3h11c.3 0 .5-.1.7-.3.2-.2.3-.5.3-.7s-.1-.5-.3-.7zM5.8 14.7l6.2 6.3 6.2-6.3c.2-.2.3-.5.3-.7s-.1-.5-.3-.7c-.2-.2-.4-.3-.7-.3h-11c-.3 0-.5.1-.7.3-.2.2-.3.5-.3.7s.1.5.3.7z\"\/><\/svg><\/span><\/span><\/span><\/a><\/span><\/div>\n<nav><ul class='ez-toc-list ez-toc-list-level-1 ' ><li class='ez-toc-page-1 ez-toc-heading-level-2'><a class=\"ez-toc-link ez-toc-heading-1\" href=\"https:\/\/unox.com.tr\/es\/valvula-de-bola-de-3-vias-accionada-electricamente-2\/#Valvula_de_bola_de_acero_inoxidable_roscada_accionada_electricamente_de_3_vias\" >V\u00e1lvula de bola de acero inoxidable roscada accionada el\u00e9ctricamente de 3 v\u00edas<\/a><\/li><li class='ez-toc-page-1 ez-toc-heading-level-2'><a class=\"ez-toc-link ez-toc-heading-2\" href=\"https:\/\/unox.com.tr\/es\/valvula-de-bola-de-3-vias-accionada-electricamente-2\/#Caracteristicas_del_Producto\" >Caracter\u00edsticas del Producto<\/a><\/li><li class='ez-toc-page-1 ez-toc-heading-level-2'><a class=\"ez-toc-link ez-toc-heading-3\" href=\"https:\/\/unox.com.tr\/es\/valvula-de-bola-de-3-vias-accionada-electricamente-2\/#Usos_previstos\" >Usos previstos<\/a><\/li><\/ul><\/nav><\/div>\n<h2><span class=\"ez-toc-section\" id=\"Valvula_de_bola_de_acero_inoxidable_roscada_accionada_electricamente_de_3_vias\"><\/span><span style=\"font-size: 22px;\">V\u00e1lvula de bola de acero inoxidable roscada accionada el\u00e9ctricamente de 3 v\u00edas<\/span><span class=\"ez-toc-section-end\"><\/span><\/h2>\n<p>La v\u00e1lvula de bola de acero inoxidable roscada accionada el\u00e9ctricamente de 3 v\u00edas es un tipo de v\u00e1lvula que se utiliza para controlar el flujo de fluido en un sistema de tuber\u00edas. Consiste en una bola con un orificio a trav\u00e9s del cual gira un actuador el\u00e9ctrico para abrir o cerrar el flujo de fluido. La v\u00e1lvula est\u00e1 hecha de acero inoxidable, un material resistente a la corrosi\u00f3n adecuado para su uso en una variedad de entornos, incluidos aquellos expuestos a altas temperaturas o productos qu\u00edmicos agresivos. La v\u00e1lvula tiene tres puertos que permiten desviar el flujo de fluido entre dos caminos diferentes. Normalmente se utiliza en aplicaciones industriales o comerciales, como plantas de procesamiento qu\u00edmico, plantas de energ\u00eda o plantas de tratamiento de agua.<\/p>\n<h2><span class=\"ez-toc-section\" id=\"Caracteristicas_del_Producto\"><\/span><span style=\"font-size: 22px;\">Caracter\u00edsticas del Producto<\/span><span class=\"ez-toc-section-end\"><\/span><\/h2>\n<ul>\n<li><strong>Clase de Protecci\u00f3n:<\/strong> IP 67- IP 68<\/li>\n<li><strong>Tiempo de Movimiento:<\/strong> 30\/60 seg.<\/li>\n<li><strong>Temperatura Ambiente:<\/strong> -30 +60 \u00b0C<\/li>\n<li><strong>Conexi\u00f3n El\u00e9ctrica:<\/strong> \u00bd\u201d A Prueba de Agua<\/li>\n<\/ul>\n<h2><span class=\"ez-toc-section\" id=\"Usos_previstos\"><\/span><span style=\"font-size: 22px;\">Usos previstos<\/span><span class=\"ez-toc-section-end\"><\/span><\/h2>\n<p>Seg\u00fan los fines de uso; Son v\u00e1lvulas de bola de tres v\u00edas con actuador el\u00e9ctrico, accionadas por suministro el\u00e9ctrico, que producimos en acero inoxidable y lat\u00f3n, en diferentes di\u00e1metros de conexi\u00f3n, utilizadas en instalaciones de agua, vapor o algunos fluidos corrosivos.<\/p>\n<p>Con actuadores que var\u00edan entre 50 nm y 1000 nm de fuerza seg\u00fan los di\u00e1metros de conexi\u00f3n, se utilizan opcionalmente 24 VCC y 220 VCA y opcionalmente control proporcional de 4-20 mA.<\/p>\n<p><strong>Los actuadores el\u00e9ctricos, la informaci\u00f3n de fuerza y \u200b\u200blas aplicaciones de v\u00e1lvulas seg\u00fan sus c\u00f3digos son los siguientes.<\/strong><\/p>\n<ul>\n<li>UKST-05 50NM<\/li>\n<li>UKST-10 100NM<\/li>\n<li>UKST-20 200NM<\/li>\n<li>UKST-40 400NM<\/li>\n<li>UKST-60 600NM<\/li>\n<li>UKST-100 1000NM<\/li>\n<\/ul>\n","protected":false},"excerpt":{"rendered":"<p><a href=\"https:\/\/unox.com.tr\/wp-content\/uploads\/2022\/12\/3-YOLLU-ELEKTRIK-AKTUATORLU-DISLI-PASLANMAZ-KURESEL-VANA.pdf\" target=\"_blank\" rel=\"noopener\"><button style=\"background-color: #11224b; color: #ffffff; padding: 10px 15px; font-family: montserrat; font-weight: bold; font-size: 19px; border-radius: 10px;\"><img decoding=\"async\" style=\"width: 25px; height: 25px;\" src=\"https:\/\/unox.com.tr\/wp-content\/uploads\/2023\/02\/pdf-1.png\">CAT\u00c1LOGO DE PRODUCTO<\/button><\/a><\/p>\n<p><button style=\"background-color: #11224b; margin-top: 5px; color: white; padding: 0px 15px; width: 150px; height: 55px; border-radius: 10px; border: none; cursor: pointer;\"><br \/>\n<img decoding=\"async\" style=\"width: 120px; height: 30px;\" src=\"https:\/\/unox.com.tr\/wp-content\/uploads\/2023\/02\/4-1.svg\"><\/button><\/p>\n","protected":false},"featured_media":69840,"comment_status":"closed","ping_status":"closed","template":"","meta":{"_joinchat":[]},"product_brand":[],"product_cat":[470,1122,1007],"product_tag":[],"class_list":{"0":"post-12485","1":"product","2":"type-product","3":"status-publish","4":"has-post-thumbnail","6":"product_cat-valvulas-accionadas-electricamente","7":"product_cat-valvulas-actuadas","8":"product_cat-valvulas-electricas","10":"first","11":"instock","12":"shipping-taxable","13":"product-type-simple"},"_links":{"self":[{"href":"https:\/\/unox.com.tr\/es\/wp-json\/wp\/v2\/product\/12485","targetHints":{"allow":["GET"]}}],"collection":[{"href":"https:\/\/unox.com.tr\/es\/wp-json\/wp\/v2\/product"}],"about":[{"href":"https:\/\/unox.com.tr\/es\/wp-json\/wp\/v2\/types\/product"}],"replies":[{"embeddable":true,"href":"https:\/\/unox.com.tr\/es\/wp-json\/wp\/v2\/comments?post=12485"}],"version-history":[{"count":0,"href":"https:\/\/unox.com.tr\/es\/wp-json\/wp\/v2\/product\/12485\/revisions"}],"wp:featuredmedia":[{"embeddable":true,"href":"https:\/\/unox.com.tr\/es\/wp-json\/wp\/v2\/media\/69840"}],"wp:attachment":[{"href":"https:\/\/unox.com.tr\/es\/wp-json\/wp\/v2\/media?parent=12485"}],"wp:term":[{"taxonomy":"product_brand","embeddable":true,"href":"https:\/\/unox.com.tr\/es\/wp-json\/wp\/v2\/product_brand?post=12485"},{"taxonomy":"product_cat","embeddable":true,"href":"https:\/\/unox.com.tr\/es\/wp-json\/wp\/v2\/product_cat?post=12485"},{"taxonomy":"product_tag","embeddable":true,"href":"https:\/\/unox.com.tr\/es\/wp-json\/wp\/v2\/product_tag?post=12485"}],"curies":[{"name":"wp","href":"https:\/\/api.w.org\/{rel}","templated":true}]}}