{"id":12508,"date":"2020-09-17T07:54:28","date_gmt":"2020-09-17T07:54:28","guid":{"rendered":"http:\/\/www.unox.com.tr\/?post_type=product&#038;p=3736"},"modified":"2023-03-02T08:31:20","modified_gmt":"2023-03-02T05:31:20","slug":"separador-de-vapor-separador-de-condensado","status":"publish","type":"product","link":"https:\/\/unox.com.tr\/es\/separador-de-vapor-separador-de-condensado\/","title":{"rendered":"Separador de Vapor"},"content":{"rendered":"<div id=\"ez-toc-container\" class=\"ez-toc-v2_0_83 counter-hierarchy ez-toc-counter ez-toc-grey ez-toc-container-direction\">\n<div class=\"ez-toc-title-container\">\n<p class=\"ez-toc-title\" style=\"cursor:inherit\">Sayfa \u0130\u00e7eri\u011fi<\/p>\n<span class=\"ez-toc-title-toggle\"><a href=\"#\" class=\"ez-toc-pull-right ez-toc-btn ez-toc-btn-xs ez-toc-btn-default ez-toc-toggle\" aria-label=\"Alternar tabla de contenidos\"><span class=\"ez-toc-js-icon-con\"><span class=\"\"><span class=\"eztoc-hide\" style=\"display:none;\">Toggle<\/span><span class=\"ez-toc-icon-toggle-span\"><svg style=\"fill: #999;color:#999\" xmlns=\"http:\/\/www.w3.org\/2000\/svg\" class=\"list-377408\" width=\"20px\" height=\"20px\" viewBox=\"0 0 24 24\" fill=\"none\"><path d=\"M6 6H4v2h2V6zm14 0H8v2h12V6zM4 11h2v2H4v-2zm16 0H8v2h12v-2zM4 16h2v2H4v-2zm16 0H8v2h12v-2z\" fill=\"currentColor\"><\/path><\/svg><svg style=\"fill: #999;color:#999\" class=\"arrow-unsorted-368013\" xmlns=\"http:\/\/www.w3.org\/2000\/svg\" width=\"10px\" height=\"10px\" viewBox=\"0 0 24 24\" version=\"1.2\" baseProfile=\"tiny\"><path d=\"M18.2 9.3l-6.2-6.3-6.2 6.3c-.2.2-.3.4-.3.7s.1.5.3.7c.2.2.4.3.7.3h11c.3 0 .5-.1.7-.3.2-.2.3-.5.3-.7s-.1-.5-.3-.7zM5.8 14.7l6.2 6.3 6.2-6.3c.2-.2.3-.5.3-.7s-.1-.5-.3-.7c-.2-.2-.4-.3-.7-.3h-11c-.3 0-.5.1-.7.3-.2.2-.3.5-.3.7s.1.5.3.7z\"\/><\/svg><\/span><\/span><\/span><\/a><\/span><\/div>\n<nav><ul class='ez-toc-list ez-toc-list-level-1 ' ><li class='ez-toc-page-1 ez-toc-heading-level-2'><a class=\"ez-toc-link ez-toc-heading-1\" href=\"https:\/\/unox.com.tr\/es\/separador-de-vapor-separador-de-condensado\/#%C2%BFQue_es_un_separador_de_vapor\" >\u00bfQu\u00e9 es un separador de vapor?<\/a><\/li><li class='ez-toc-page-1 ez-toc-heading-level-2'><a class=\"ez-toc-link ez-toc-heading-2\" href=\"https:\/\/unox.com.tr\/es\/separador-de-vapor-separador-de-condensado\/#%C2%BFComo_funciona_el_separador_de_vapor\" >\u00bfC\u00f3mo funciona el separador de vapor?<\/a><\/li><li class='ez-toc-page-1 ez-toc-heading-level-2'><a class=\"ez-toc-link ez-toc-heading-3\" href=\"https:\/\/unox.com.tr\/es\/separador-de-vapor-separador-de-condensado\/#Caracteristicas_del_Producto\" >Caracter\u00edsticas del Producto<\/a><\/li><li class='ez-toc-page-1 ez-toc-heading-level-2'><a class=\"ez-toc-link ez-toc-heading-4\" href=\"https:\/\/unox.com.tr\/es\/separador-de-vapor-separador-de-condensado\/#Ambito_de_Aplicacion\" >\u00c1mbito de Aplicaci\u00f3n<\/a><\/li><\/ul><\/nav><\/div>\n<h2><span class=\"ez-toc-section\" id=\"%C2%BFQue_es_un_separador_de_vapor\"><\/span><span style=\"font-size: 22px;\">\u00bfQu\u00e9 es un separador de vapor?<\/span><span class=\"ez-toc-section-end\"><\/span><\/h2>\n<p>El Separador de vapor es un equipo que tiene como funci\u00f3n principal separar el agua y el vapor y se encuentra generalmente en la caldera de vapor. La superficie del agua en la caldera de vapor es turbulenta, por lo que es f\u00e1cil que el vapor y el agua se mezclen entre s\u00ed.<\/p>\n<p>El principio del separador de vapor es cambiar el flujo de vapor en cualquier direcci\u00f3n. Dado que la densidad del vapor es m\u00e1s ligera que el agua, permite que el vapor se disperse m\u00e1s f\u00e1cilmente que el agua. La gota de agua con mayor densidad se separar\u00e1 del vapor y caer\u00e1 al fondo del separador. Si se dispensa agua o vapor h\u00famedo en la l\u00ednea de vapor, la humedad que causa da\u00f1os y erosi\u00f3n se eliminar\u00e1 con un <em><strong>separador de vapor.<\/strong><\/em><\/p>\n<h2><span class=\"ez-toc-section\" id=\"%C2%BFComo_funciona_el_separador_de_vapor\"><\/span><span style=\"font-size: 22px;\">\u00bfC\u00f3mo funciona el separador de vapor?<\/span><span class=\"ez-toc-section-end\"><\/span><\/h2>\n<p>A medida que el vapor ingresa al separador de vapor, una serie de c\u00e1maras cambia la direcci\u00f3n del flujo varias veces. Durante este proceso, las c\u00e1maras del recinto recogen las gotas de agua distorsionadas transportadas en el sistema. La gravedad permite que las gotas de agua acumuladas y otras part\u00edculas extra\u00f1as caigan en el desag\u00fce y salgan del sistema a trav\u00e9s de una trampa de vapor. El vapor que queda en el sistema est\u00e1 limpio y seco, lo que proporciona un rendimiento mejorado y sostenido.<\/p>\n<h2><span class=\"ez-toc-section\" id=\"Caracteristicas_del_Producto\"><\/span><span style=\"font-size: 22px;\">Caracter\u00edsticas del Producto<\/span><span class=\"ez-toc-section-end\"><\/span><\/h2>\n<ul>\n<li><strong>Cuerpo<\/strong>: Acero al Carbono<\/li>\n<li><strong>Presi\u00f3n de Trabajo:<\/strong> 16 \/ 40 Bar<\/li>\n<li><strong>M\u00e1x. Temperatura de Funcionamiento: <\/strong> +250\u00b0C<\/li>\n<\/ul>\n<h2><span class=\"ez-toc-section\" id=\"Ambito_de_Aplicacion\"><\/span><span style=\"font-size: 22px;\">\u00c1mbito de Aplicaci\u00f3n<\/span><span class=\"ez-toc-section-end\"><\/span><\/h2>\n<ul>\n<li>Sistemas de vapor, aire comprimido y gas<\/li>\n<li>Red de vapor<\/li>\n<li>Antes de las turbinas de vapor<\/li>\n<li>Intercambiador de calor<\/li>\n<li>Calderas<\/li>\n<li>Hornos<\/li>\n<li>Radiadores<\/li>\n<li>Esterilizadores<\/li>\n<li>Estaciones de goteo antes de las v\u00e1lvulas de control de temperatura o reductoras de presi\u00f3n<\/li>\n<li>Entradas de vapor para equipos de proceso que requieren vapor saturado seco<\/li>\n<li>Antes de los filtros y en el suministro de aire comprimido a dispositivos sensibles<\/li>\n<li>Procesos de Lavander\u00eda<\/li>\n<\/ul>\n","protected":false},"excerpt":{"rendered":"<p><a href=\"https:\/\/unox.com.tr\/wp-content\/uploads\/2023\/01\/Buhar-Seperatoru.pdf\" target=\"_blank\" rel=\"noopener\"><button style=\"background-color: #11224b; color: #ffffff; padding: 10px 15px; font-family: montserrat; font-weight: bold; font-size: 19px; border-radius: 10px;\"><img decoding=\"async\" style=\"width: 25px; height: 25px;\" src=\"https:\/\/unox.com.tr\/wp-content\/uploads\/2023\/02\/pdf-1.png\">CAT\u00c1LOGO DE PRODUCTO<\/button><\/a><\/p>\n<p><button style=\"background-color: #11224b; margin-top: 5px; color: white; padding: 0px 15px; width: 150px; height: 55px; border-radius: 10px; border: none; cursor: pointer;\"><br \/>\n<img decoding=\"async\" style=\"width: 120px; height: 30px;\" src=\"https:\/\/unox.com.tr\/wp-content\/uploads\/2023\/02\/4-1.svg\"><\/button><\/p>\n","protected":false},"featured_media":68963,"comment_status":"closed","ping_status":"closed","template":"","meta":[],"product_brand":[],"product_cat":[479,1097],"product_tag":[],"class_list":{"0":"post-12508","1":"product","2":"type-product","3":"status-publish","4":"has-post-thumbnail","6":"product_cat-separador-de-vapor","7":"product_cat-trampas-de-vapor","9":"first","10":"instock","11":"shipping-taxable","12":"product-type-simple"},"_links":{"self":[{"href":"https:\/\/unox.com.tr\/es\/wp-json\/wp\/v2\/product\/12508","targetHints":{"allow":["GET"]}}],"collection":[{"href":"https:\/\/unox.com.tr\/es\/wp-json\/wp\/v2\/product"}],"about":[{"href":"https:\/\/unox.com.tr\/es\/wp-json\/wp\/v2\/types\/product"}],"replies":[{"embeddable":true,"href":"https:\/\/unox.com.tr\/es\/wp-json\/wp\/v2\/comments?post=12508"}],"version-history":[{"count":0,"href":"https:\/\/unox.com.tr\/es\/wp-json\/wp\/v2\/product\/12508\/revisions"}],"wp:featuredmedia":[{"embeddable":true,"href":"https:\/\/unox.com.tr\/es\/wp-json\/wp\/v2\/media\/68963"}],"wp:attachment":[{"href":"https:\/\/unox.com.tr\/es\/wp-json\/wp\/v2\/media?parent=12508"}],"wp:term":[{"taxonomy":"product_brand","embeddable":true,"href":"https:\/\/unox.com.tr\/es\/wp-json\/wp\/v2\/product_brand?post=12508"},{"taxonomy":"product_cat","embeddable":true,"href":"https:\/\/unox.com.tr\/es\/wp-json\/wp\/v2\/product_cat?post=12508"},{"taxonomy":"product_tag","embeddable":true,"href":"https:\/\/unox.com.tr\/es\/wp-json\/wp\/v2\/product_tag?post=12508"}],"curies":[{"name":"wp","href":"https:\/\/api.w.org\/{rel}","templated":true}]}}