{"id":12515,"date":"2020-09-17T08:42:50","date_gmt":"2020-09-17T05:42:50","guid":{"rendered":"http:\/\/www.unox.com.tr\/?post_type=product&#038;p=3788"},"modified":"2023-07-18T15:44:53","modified_gmt":"2023-07-18T12:44:53","slug":"rompedores-de-vacio-de-laton","status":"publish","type":"product","link":"https:\/\/unox.com.tr\/es\/rompedores-de-vacio-de-laton\/","title":{"rendered":"Rompedores de Vac\u00edo de Lat\u00f3n"},"content":{"rendered":"<div id=\"ez-toc-container\" class=\"ez-toc-v2_0_82_2 counter-hierarchy ez-toc-counter ez-toc-grey ez-toc-container-direction\">\n<div class=\"ez-toc-title-container\">\n<p class=\"ez-toc-title\" style=\"cursor:inherit\">Sayfa \u0130\u00e7eri\u011fi<\/p>\n<span class=\"ez-toc-title-toggle\"><a href=\"#\" class=\"ez-toc-pull-right ez-toc-btn ez-toc-btn-xs ez-toc-btn-default ez-toc-toggle\" aria-label=\"Alternar tabla de contenidos\"><span class=\"ez-toc-js-icon-con\"><span class=\"\"><span class=\"eztoc-hide\" style=\"display:none;\">Toggle<\/span><span class=\"ez-toc-icon-toggle-span\"><svg style=\"fill: #999;color:#999\" xmlns=\"http:\/\/www.w3.org\/2000\/svg\" class=\"list-377408\" width=\"20px\" height=\"20px\" viewBox=\"0 0 24 24\" fill=\"none\"><path d=\"M6 6H4v2h2V6zm14 0H8v2h12V6zM4 11h2v2H4v-2zm16 0H8v2h12v-2zM4 16h2v2H4v-2zm16 0H8v2h12v-2z\" fill=\"currentColor\"><\/path><\/svg><svg style=\"fill: #999;color:#999\" class=\"arrow-unsorted-368013\" xmlns=\"http:\/\/www.w3.org\/2000\/svg\" width=\"10px\" height=\"10px\" viewBox=\"0 0 24 24\" version=\"1.2\" baseProfile=\"tiny\"><path d=\"M18.2 9.3l-6.2-6.3-6.2 6.3c-.2.2-.3.4-.3.7s.1.5.3.7c.2.2.4.3.7.3h11c.3 0 .5-.1.7-.3.2-.2.3-.5.3-.7s-.1-.5-.3-.7zM5.8 14.7l6.2 6.3 6.2-6.3c.2-.2.3-.5.3-.7s-.1-.5-.3-.7c-.2-.2-.4-.3-.7-.3h-11c-.3 0-.5.1-.7.3-.2.2-.3.5-.3.7s.1.5.3.7z\"\/><\/svg><\/span><\/span><\/span><\/a><\/span><\/div>\n<nav><ul class='ez-toc-list ez-toc-list-level-1 ' ><li class='ez-toc-page-1 ez-toc-heading-level-2'><a class=\"ez-toc-link ez-toc-heading-1\" href=\"https:\/\/unox.com.tr\/es\/rompedores-de-vacio-de-laton\/#%C2%BFQue_es_el_rompedores_de_vacio_de_laton\" >\u00bfQu\u00e9 es el rompedores de vac\u00edo de lat\u00f3n?<\/a><\/li><li class='ez-toc-page-1 ez-toc-heading-level-2'><a class=\"ez-toc-link ez-toc-heading-2\" href=\"https:\/\/unox.com.tr\/es\/rompedores-de-vacio-de-laton\/#Principio_de_Funcionamiento\" >Principio de Funcionamiento<\/a><\/li><li class='ez-toc-page-1 ez-toc-heading-level-2'><a class=\"ez-toc-link ez-toc-heading-3\" href=\"https:\/\/unox.com.tr\/es\/rompedores-de-vacio-de-laton\/#Caracteristicas_del_Producto\" >Caracter\u00edsticas del Producto<\/a><\/li><li class='ez-toc-page-1 ez-toc-heading-level-2'><a class=\"ez-toc-link ez-toc-heading-4\" href=\"https:\/\/unox.com.tr\/es\/rompedores-de-vacio-de-laton\/#Ambito_de_Aplicacion\" >\u00c1mbito de Aplicaci\u00f3n<\/a><\/li><\/ul><\/nav><\/div>\n<h2><span class=\"ez-toc-section\" id=\"%C2%BFQue_es_el_rompedores_de_vacio_de_laton\"><\/span><span style=\"font-size: 22px;\">\u00bfQu\u00e9 es el rompedores de vac\u00edo de lat\u00f3n?<\/span><span class=\"ez-toc-section-end\"><\/span><\/h2>\n<p>Un rompedores de vac\u00edo de lat\u00f3n\u00a0es un dispositivo dise\u00f1ado para evitar la formaci\u00f3n de vac\u00edo en el sistema de plomer\u00eda. Lo hace permitiendo que entre aire en el sistema cuando hay un vac\u00edo, rompiendo el vac\u00edo y evitando que el sistema se apague por completo. Se usa com\u00fanmente en sistemas de plomer\u00eda para evitar el reflujo, que es la inversi\u00f3n del flujo de agua normal en el sistema.<\/p>\n<p>Hay dos tipos principales de rompedores de vac\u00edo de lat\u00f3n: rompedores de vac\u00edo atmosf\u00e9ricos y de presi\u00f3n. Los interruptores de vac\u00edo atmosf\u00e9rico generalmente se conectan al extremo de un grifo de manguera u otro grifo exterior y est\u00e1n dise\u00f1ados para evitar el reflujo al romper el vac\u00edo al permitir que entre aire en el sistema cuando el flujo de agua est\u00e1 cerrado. Los interruptores de vac\u00edo de presi\u00f3n, por otro lado, est\u00e1n dise\u00f1ados para evitar el reflujo al romper el vac\u00edo nuevamente al ingresar aire al sistema cuando la presi\u00f3n del agua cae por debajo de un cierto nivel.<\/p>\n<h2><span class=\"ez-toc-section\" id=\"Principio_de_Funcionamiento\"><\/span><span style=\"font-size: 22px;\">Principio de Funcionamiento<\/span><span class=\"ez-toc-section-end\"><\/span><\/h2>\n<p>La condensaci\u00f3n es indeseable en las instalaciones de vapor. Condensaci\u00f3n; El vapor en el ambiente se produce con el enfriamiento de la instalaci\u00f3n cuando se corta la l\u00ednea a altas presiones. El vapor, que se convierte en agua con la condensaci\u00f3n, provoca una reducci\u00f3n de volumen en el ambiente y la presi\u00f3n en el ambiente disminuye gradualmente y se forma un vac\u00edo en el sistema.<\/p>\n<p>Se coloca en lugares adecuados de la instalaci\u00f3n para equilibrar la presi\u00f3n en el ambiente. En principio, act\u00faa como v\u00e1lvula de retenci\u00f3n en l\u00edneas de vapor. Si la presi\u00f3n en el ambiente cae, equilibra la presi\u00f3n tomando aire, o cuando la alta presi\u00f3n en el ambiente comienza a formarse, se cierra y mantiene la presi\u00f3n en equilibrio. Son productos de prop\u00f3sito general producidos en tama\u00f1os peque\u00f1os, dise\u00f1ados para ser utilizados en l\u00edneas de paso de vapor y formaci\u00f3n de condensado. Debe montarse verticalmente con la conexi\u00f3n del sistema en la parte inferior.<\/p>\n<h2><span class=\"ez-toc-section\" id=\"Caracteristicas_del_Producto\"><\/span><span style=\"font-size: 22px;\">Caracter\u00edsticas del Producto<\/span><span class=\"ez-toc-section-end\"><\/span><\/h2>\n<ul>\n<li><strong>Modelo:<\/strong> UKV-70D<\/li>\n<li><strong>Tama\u00f1o:<\/strong> 1\/2&#8243;<\/li>\n<li><strong>Cuerpo:<\/strong> Lat\u00f3n<\/li>\n<li><strong>Interior<\/strong>: Acero Inoxidable<\/li>\n<li><strong>M\u00e1x. Presi\u00f3n Operacional<\/strong>: 16 Bar<\/li>\n<li><strong>M\u00e1x. Temperatura de Funcionamiento<\/strong>: 260\u00b0C<\/li>\n<li><strong>Min. \u0394P Presi\u00f3n de Apertura: <\/strong>0.17 Bar<\/li>\n<li><strong>Conexiones:<\/strong> Roscadas<\/li>\n<li><strong>Peso del Material:<\/strong> 420gr.<\/li>\n<\/ul>\n<h2><span class=\"ez-toc-section\" id=\"Ambito_de_Aplicacion\"><\/span><span style=\"font-size: 22px;\">\u00c1mbito de Aplicaci\u00f3n<\/span><span class=\"ez-toc-section-end\"><\/span><\/h2>\n<ul>\n<li>Sistemas Serpentinos<\/li>\n<li>Intercambiadores de Calor<\/li>\n<li>Saltos de l\u00ednea en sistemas de vapor<\/li>\n<li>Colectores de vapor<\/li>\n<\/ul>\n","protected":false},"excerpt":{"rendered":"<p><a href=\"https:\/\/unox.com.tr\/wp-content\/uploads\/2023\/01\/Pirinc-Vakum-Kirici-.pdf\" target=\"_blank\" rel=\"noopener\"><button style=\"background-color: #11224b; color: #ffffff; padding: 10px 15px; font-family: montserrat; font-weight: bold; font-size: 19px; border-radius: 10px;\"><img decoding=\"async\" style=\"width: 25px; height: 25px;\" src=\"https:\/\/unox.com.tr\/wp-content\/uploads\/2023\/02\/pdf-1.png\" \/>CAT\u00c1LOGO DE PRODUCTO<\/button><\/a><\/p>\n<p><button style=\"background-color: #11224b; margin-top: 5px; color: white; padding: 0px 15px; width: 150px; height: 55px; border-radius: 10px; border: none; cursor: pointer;\"><br \/>\n<img decoding=\"async\" style=\"width: 120px; height: 30px;\" src=\"https:\/\/unox.com.tr\/wp-content\/uploads\/2023\/02\/4-1.svg\" \/><\/button><\/p>\n","protected":false},"featured_media":33875,"comment_status":"open","ping_status":"closed","template":"","meta":{"_joinchat":[]},"product_brand":[],"product_cat":[1098,1097],"product_tag":[],"class_list":{"0":"post-12515","1":"product","2":"type-product","3":"status-publish","4":"has-post-thumbnail","6":"product_cat-rompedores-de-vacio","7":"product_cat-trampas-de-vapor","9":"first","10":"instock","11":"shipping-taxable","12":"product-type-simple"},"_links":{"self":[{"href":"https:\/\/unox.com.tr\/es\/wp-json\/wp\/v2\/product\/12515","targetHints":{"allow":["GET"]}}],"collection":[{"href":"https:\/\/unox.com.tr\/es\/wp-json\/wp\/v2\/product"}],"about":[{"href":"https:\/\/unox.com.tr\/es\/wp-json\/wp\/v2\/types\/product"}],"replies":[{"embeddable":true,"href":"https:\/\/unox.com.tr\/es\/wp-json\/wp\/v2\/comments?post=12515"}],"version-history":[{"count":0,"href":"https:\/\/unox.com.tr\/es\/wp-json\/wp\/v2\/product\/12515\/revisions"}],"wp:featuredmedia":[{"embeddable":true,"href":"https:\/\/unox.com.tr\/es\/wp-json\/wp\/v2\/media\/33875"}],"wp:attachment":[{"href":"https:\/\/unox.com.tr\/es\/wp-json\/wp\/v2\/media?parent=12515"}],"wp:term":[{"taxonomy":"product_brand","embeddable":true,"href":"https:\/\/unox.com.tr\/es\/wp-json\/wp\/v2\/product_brand?post=12515"},{"taxonomy":"product_cat","embeddable":true,"href":"https:\/\/unox.com.tr\/es\/wp-json\/wp\/v2\/product_cat?post=12515"},{"taxonomy":"product_tag","embeddable":true,"href":"https:\/\/unox.com.tr\/es\/wp-json\/wp\/v2\/product_tag?post=12515"}],"curies":[{"name":"wp","href":"https:\/\/api.w.org\/{rel}","templated":true}]}}