{"id":12516,"date":"2020-09-17T08:48:31","date_gmt":"2020-09-17T05:48:31","guid":{"rendered":"http:\/\/www.unox.com.tr\/?post_type=product&#038;p=3791"},"modified":"2023-03-01T15:39:39","modified_gmt":"2023-03-01T12:39:39","slug":"valvula-de-control-de-encendido-y-apagado-motorizada-de-3-vias","status":"publish","type":"product","link":"https:\/\/unox.com.tr\/es\/valvula-de-control-de-encendido-y-apagado-motorizada-de-3-vias\/","title":{"rendered":"V\u00e1lvula de Control de Encendido y Apagado Motorizada de 3 V\u00edas (Control Flotante) &#8211; 33608"},"content":{"rendered":"<div id=\"ez-toc-container\" class=\"ez-toc-v2_0_82_2 counter-hierarchy ez-toc-counter ez-toc-grey ez-toc-container-direction\">\n<div class=\"ez-toc-title-container\">\n<p class=\"ez-toc-title\" style=\"cursor:inherit\">Sayfa \u0130\u00e7eri\u011fi<\/p>\n<span class=\"ez-toc-title-toggle\"><a href=\"#\" class=\"ez-toc-pull-right ez-toc-btn ez-toc-btn-xs ez-toc-btn-default ez-toc-toggle\" aria-label=\"Alternar tabla de contenidos\"><span class=\"ez-toc-js-icon-con\"><span class=\"\"><span class=\"eztoc-hide\" style=\"display:none;\">Toggle<\/span><span class=\"ez-toc-icon-toggle-span\"><svg style=\"fill: #999;color:#999\" xmlns=\"http:\/\/www.w3.org\/2000\/svg\" class=\"list-377408\" width=\"20px\" height=\"20px\" viewBox=\"0 0 24 24\" fill=\"none\"><path d=\"M6 6H4v2h2V6zm14 0H8v2h12V6zM4 11h2v2H4v-2zm16 0H8v2h12v-2zM4 16h2v2H4v-2zm16 0H8v2h12v-2z\" fill=\"currentColor\"><\/path><\/svg><svg style=\"fill: #999;color:#999\" class=\"arrow-unsorted-368013\" xmlns=\"http:\/\/www.w3.org\/2000\/svg\" width=\"10px\" height=\"10px\" viewBox=\"0 0 24 24\" version=\"1.2\" baseProfile=\"tiny\"><path d=\"M18.2 9.3l-6.2-6.3-6.2 6.3c-.2.2-.3.4-.3.7s.1.5.3.7c.2.2.4.3.7.3h11c.3 0 .5-.1.7-.3.2-.2.3-.5.3-.7s-.1-.5-.3-.7zM5.8 14.7l6.2 6.3 6.2-6.3c.2-.2.3-.5.3-.7s-.1-.5-.3-.7c-.2-.2-.4-.3-.7-.3h-11c-.3 0-.5.1-.7.3-.2.2-.3.5-.3.7s.1.5.3.7z\"\/><\/svg><\/span><\/span><\/span><\/a><\/span><\/div>\n<nav><ul class='ez-toc-list ez-toc-list-level-1 ' ><li class='ez-toc-page-1 ez-toc-heading-level-2'><a class=\"ez-toc-link ez-toc-heading-1\" href=\"https:\/\/unox.com.tr\/es\/valvula-de-control-de-encendido-y-apagado-motorizada-de-3-vias\/#%C2%BFQue_es_la_valvula_de_control_de_encendido_y_apagado_motorizada\" >\u00bfQu\u00e9 es la v\u00e1lvula de control de encendido y apagado motorizada?<\/a><\/li><li class='ez-toc-page-1 ez-toc-heading-level-2'><a class=\"ez-toc-link ez-toc-heading-2\" href=\"https:\/\/unox.com.tr\/es\/valvula-de-control-de-encendido-y-apagado-motorizada-de-3-vias\/#%C2%BFQue_es_el_principio_de_funcionamiento_de_encendido_y_apagado\" >\u00bfQu\u00e9 es el principio de funcionamiento de encendido y apagado?<\/a><\/li><li class='ez-toc-page-1 ez-toc-heading-level-2'><a class=\"ez-toc-link ez-toc-heading-3\" href=\"https:\/\/unox.com.tr\/es\/valvula-de-control-de-encendido-y-apagado-motorizada-de-3-vias\/#Caracteristicas_Generales\" >Caracter\u00edsticas Generales<\/a><\/li><li class='ez-toc-page-1 ez-toc-heading-level-2'><a class=\"ez-toc-link ez-toc-heading-4\" href=\"https:\/\/unox.com.tr\/es\/valvula-de-control-de-encendido-y-apagado-motorizada-de-3-vias\/#Caracteristicas_del_Motor_Electrico\" >Caracter\u00edsticas del Motor El\u00e9ctrico<\/a><\/li><li class='ez-toc-page-1 ez-toc-heading-level-2'><a class=\"ez-toc-link ez-toc-heading-5\" href=\"https:\/\/unox.com.tr\/es\/valvula-de-control-de-encendido-y-apagado-motorizada-de-3-vias\/#Propiedades_Materiales\" >Propiedades Materiales<\/a><ul class='ez-toc-list-level-3' ><li class='ez-toc-heading-level-3'><a class=\"ez-toc-link ez-toc-heading-6\" href=\"https:\/\/unox.com.tr\/es\/valvula-de-control-de-encendido-y-apagado-motorizada-de-3-vias\/#Accesorios\" >Accesorios<\/a><\/li><\/ul><\/li><\/ul><\/nav><\/div>\n<h2><span class=\"ez-toc-section\" id=\"%C2%BFQue_es_la_valvula_de_control_de_encendido_y_apagado_motorizada\"><\/span><span style=\"font-size: 22px;\">\u00bfQu\u00e9 es la v\u00e1lvula de control de encendido y apagado motorizada?<\/span><span class=\"ez-toc-section-end\"><\/span><\/h2>\n<p>V\u00e1lvula de control; Una v\u00e1lvula utilizada para controlar el fluido cambiando el tama\u00f1o del paso de flujo seg\u00fan lo indique una se\u00f1al de un controlador. Las v\u00e1lvulas de control proporcionan control de presi\u00f3n, temperatura, caudal y nivel en todos los procesos en los que hay l\u00edquido. Las v\u00e1lvulas de control se utilizan para agua fr\u00eda, agua caliente, vapor, agua sobrecalentada, vapor y gas, etc. producidos por el consumo de energ\u00eda en las empresas. Asegura que los fluidos puedan ser transportados y controlados sin p\u00e9rdida alguna.<\/p>\n<h2><span class=\"ez-toc-section\" id=\"%C2%BFQue_es_el_principio_de_funcionamiento_de_encendido_y_apagado\"><\/span><span style=\"font-size: 22px;\">\u00bfQu\u00e9 es el principio de funcionamiento de encendido y apagado?<\/span><span class=\"ez-toc-section-end\"><\/span><\/h2>\n<p>El principio de operaci\u00f3n On-Off se refiere a un sistema de control en el que un dispositivo o sistema est\u00e1 completamente abierto o completamente cerrado sin condiciones intermedias. Este tipo de control se usa a menudo en sistemas simples donde es necesario encender o apagar un dispositivo o sistema en funci\u00f3n de una condici\u00f3n o entrada en particular.<\/p>\n<p>Un ejemplo del principio de funcionamiento de encendido y apagado es un termostato que controla el sistema de calefacci\u00f3n o refrigeraci\u00f3n. Cuando el termostato se ajusta a una determinada temperatura, enciende o apaga el sistema seg\u00fan sea necesario para mantener esa temperatura. Si la temperatura en la habitaci\u00f3n cae por debajo del punto de ajuste, el sistema de calefacci\u00f3n se enciende, si la temperatura sube por encima del punto de ajuste, el sistema de calefacci\u00f3n se apaga.<\/p>\n<p>El principio de funcionamiento On-Off se usa a menudo en sistemas de control simples, ya que es relativamente f\u00e1cil de implementar y comprender. Sin embargo, puede ser menos sensible que otros m\u00e9todos de control, ya que no permite ajustes finos ni estados intermedios.<\/p>\n<h2><span class=\"ez-toc-section\" id=\"Caracteristicas_Generales\"><\/span><span style=\"font-size: 22px;\">Caracter\u00edsticas Generales<\/span><span class=\"ez-toc-section-end\"><\/span><\/h2>\n<ul>\n<li><strong>Producto:<\/strong> V\u00e1lvula de control de encendido y apagado motorizada de 3 v\u00edas (con adici\u00f3n de fuelle met\u00e1lico)<\/li>\n<li><strong>Dimensiones:<\/strong> DN15 \/ DN20 \/ DN25 \/ DN32 \/ DN40 \/ DN50 \/ DN65 \/ DN80 \/ DN100 \/ DN125 \/ DN150<\/li>\n<li><strong>\u00c1rea de Uso:<\/strong> L\u00edneas de vapor presurizado y aceite caliente<\/li>\n<li><strong>Funci\u00f3n:<\/strong> Dispensador Mezclador<\/li>\n<li><strong>Clase de sellado:<\/strong> CLASE VI (sellado suave de PTFE)<\/li>\n<li><strong>Norma de Conexi\u00f3n:<\/strong> conexi\u00f3n de brida (DIN1092-2)<\/li>\n<li><strong>Clase de presi\u00f3n:<\/strong> PN16- PN25 (Opcional PN40)<\/li>\n<li><strong>M\u00e1x. Temperatura de Funcionamiento: <\/strong> 220 \u00b0C<\/li>\n<li><strong>Sellado de cuello:<\/strong> V &#8211; Paquete<\/li>\n<li><strong>Caracter\u00edstica:<\/strong> On &#8211; Off \/ Proporcional<\/li>\n<\/ul>\n<p>Mantiene su posici\u00f3n cuando se corta la energ\u00eda.<\/p>\n<h2><span class=\"ez-toc-section\" id=\"Caracteristicas_del_Motor_Electrico\"><\/span><span style=\"font-size: 22px;\">Caracter\u00edsticas del Motor El\u00e9ctrico<\/span><span class=\"ez-toc-section-end\"><\/span><\/h2>\n<ul>\n<li><strong>Suministro:<\/strong> 24 VAC &#8211; 24 VDC &#8211; 220 VAC (control flotante de 3 puntos)<\/li>\n<li><strong>Fuerza de accionamiento:<\/strong> (N) 1000N &#8211; 2200N &#8211; 2500N &#8211; 3000N<\/li>\n<li><strong>Carrera:<\/strong> 20 mm para DN 15 \u2013 50; 30 mm para DN 50-100<\/li>\n<li><strong>Tiempo de finalizaci\u00f3n de carrera:<\/strong> 20 segundos para DN 15 &#8211; 50; 30 segundos para DN 50-100<\/li>\n<\/ul>\n<h2><span class=\"ez-toc-section\" id=\"Propiedades_Materiales\"><\/span><span style=\"font-size: 22px;\">Propiedades Materiales<\/span><span class=\"ez-toc-section-end\"><\/span><\/h2>\n<ul>\n<li><strong>Cuerpo:<\/strong> GGG &#8211; Hierro d\u00factil 40.3<\/li>\n<li><strong>Cubierta:<\/strong> GGG &#8211; Hierro d\u00factil 40.3<\/li>\n<li><strong>Conector de Cuello:<\/strong> ST44- 3 (S275J0)<\/li>\n<li><strong>Cuerpo del actuador:<\/strong> AL6063 ENJ. &#8211; Pl\u00e1stico ABS<\/li>\n<li><strong>Asiento:<\/strong> Acero Inoxidable 1.4571 (AISI316)<\/li>\n<\/ul>\n<h3><span class=\"ez-toc-section\" id=\"Accesorios\"><\/span><span style=\"font-size: 20px;\">Accesorios<\/span><span class=\"ez-toc-section-end\"><\/span><\/h3>\n<p><em>Solicite la adici\u00f3n de la Caja de Interruptores de L\u00edmite.<\/em><\/p>\n<p><em>Pregunte por la adici\u00f3n de potenci\u00f3metro de 0-1 Kohm&#8230;<\/em><\/p>\n<p><em>Pregunte por control proporcional 4-20 mA \/ 0-10V DC y se\u00f1al de retroalimentaci\u00f3n.<\/em><\/p>\n<p><em>Pregunte por Delta P altos..<\/em><\/p>\n<p><em>Consultar por alimentaci\u00f3n 220V AC &#8211; 24V DC..<\/em><\/p>\n<p><em>Pregunte por las altas temperaturas y las aplicaciones especiales.<\/em><\/p>\n<p><em>DN100, DN125, DN150 El material del cuerpo es hierro fundido PN16.<\/em><\/p>\n<p><em>Consulte los diferentes materiales de la carrocer\u00eda.<\/em><\/p>\n","protected":false},"excerpt":{"rendered":"<p><a href=\"https:\/\/unox.com.tr\/wp-content\/uploads\/2023\/02\/3-Yollu-Motorlu-On-Off-Kontrol-Vanasi-%E2%80%93-33608.pdf\" target=\"_blank\" rel=\"noopener\"><button style=\"background-color: #11224b; color: #ffffff; padding: 10px 15px; font-family: montserrat; font-weight: bold; font-size: 19px; border-radius: 10px;\"><img decoding=\"async\" style=\"width: 25px; height: 25px;\" src=\"https:\/\/unox.com.tr\/wp-content\/uploads\/2023\/02\/pdf-1.png\">CAT\u00c1LOGO DE PRODUCTO<\/button><\/a><\/p>\n<p><button style=\"background-color: #11224b; margin-top: 5px; color: white; padding: 0px 15px; width: 150px; height: 55px; border-radius: 10px; border: none; cursor: pointer;\"><br \/>\n<img decoding=\"async\" style=\"width: 120px; height: 30px;\" src=\"https:\/\/unox.com.tr\/wp-content\/uploads\/2023\/02\/4-1.svg\"><\/button><\/p>\n","protected":false},"featured_media":34001,"comment_status":"open","ping_status":"closed","template":"","meta":{"_joinchat":[]},"product_brand":[],"product_cat":[472,471],"product_tag":[],"class_list":{"0":"post-12516","1":"product","2":"type-product","3":"status-publish","4":"has-post-thumbnail","6":"product_cat-valvulas-de-control","7":"product_cat-valvulas-de-control-de-motores-electricos","9":"first","10":"instock","11":"shipping-taxable","12":"product-type-simple"},"_links":{"self":[{"href":"https:\/\/unox.com.tr\/es\/wp-json\/wp\/v2\/product\/12516","targetHints":{"allow":["GET"]}}],"collection":[{"href":"https:\/\/unox.com.tr\/es\/wp-json\/wp\/v2\/product"}],"about":[{"href":"https:\/\/unox.com.tr\/es\/wp-json\/wp\/v2\/types\/product"}],"replies":[{"embeddable":true,"href":"https:\/\/unox.com.tr\/es\/wp-json\/wp\/v2\/comments?post=12516"}],"version-history":[{"count":0,"href":"https:\/\/unox.com.tr\/es\/wp-json\/wp\/v2\/product\/12516\/revisions"}],"wp:featuredmedia":[{"embeddable":true,"href":"https:\/\/unox.com.tr\/es\/wp-json\/wp\/v2\/media\/34001"}],"wp:attachment":[{"href":"https:\/\/unox.com.tr\/es\/wp-json\/wp\/v2\/media?parent=12516"}],"wp:term":[{"taxonomy":"product_brand","embeddable":true,"href":"https:\/\/unox.com.tr\/es\/wp-json\/wp\/v2\/product_brand?post=12516"},{"taxonomy":"product_cat","embeddable":true,"href":"https:\/\/unox.com.tr\/es\/wp-json\/wp\/v2\/product_cat?post=12516"},{"taxonomy":"product_tag","embeddable":true,"href":"https:\/\/unox.com.tr\/es\/wp-json\/wp\/v2\/product_tag?post=12516"}],"curies":[{"name":"wp","href":"https:\/\/api.w.org\/{rel}","templated":true}]}}