{"id":12523,"date":"2020-09-17T10:18:30","date_gmt":"2020-09-17T10:18:30","guid":{"rendered":"http:\/\/www.unox.com.tr\/?post_type=product&#038;p=3819"},"modified":"2023-03-01T15:23:24","modified_gmt":"2023-03-01T12:23:24","slug":"valvula-blof-inferior-manual-neumatica","status":"publish","type":"product","link":"https:\/\/unox.com.tr\/es\/valvula-blof-inferior-manual-neumatica\/","title":{"rendered":"V\u00e1lvula de Purga Inferior Neum\u00e1tica y Manual &#8211; 33602"},"content":{"rendered":"<div id=\"ez-toc-container\" class=\"ez-toc-v2_0_82_2 counter-hierarchy ez-toc-counter ez-toc-grey ez-toc-container-direction\">\n<div class=\"ez-toc-title-container\">\n<p class=\"ez-toc-title\" style=\"cursor:inherit\">Sayfa \u0130\u00e7eri\u011fi<\/p>\n<span class=\"ez-toc-title-toggle\"><a href=\"#\" class=\"ez-toc-pull-right ez-toc-btn ez-toc-btn-xs ez-toc-btn-default ez-toc-toggle\" aria-label=\"Alternar tabla de contenidos\"><span class=\"ez-toc-js-icon-con\"><span class=\"\"><span class=\"eztoc-hide\" style=\"display:none;\">Toggle<\/span><span class=\"ez-toc-icon-toggle-span\"><svg style=\"fill: #999;color:#999\" xmlns=\"http:\/\/www.w3.org\/2000\/svg\" class=\"list-377408\" width=\"20px\" height=\"20px\" viewBox=\"0 0 24 24\" fill=\"none\"><path d=\"M6 6H4v2h2V6zm14 0H8v2h12V6zM4 11h2v2H4v-2zm16 0H8v2h12v-2zM4 16h2v2H4v-2zm16 0H8v2h12v-2z\" fill=\"currentColor\"><\/path><\/svg><svg style=\"fill: #999;color:#999\" class=\"arrow-unsorted-368013\" xmlns=\"http:\/\/www.w3.org\/2000\/svg\" width=\"10px\" height=\"10px\" viewBox=\"0 0 24 24\" version=\"1.2\" baseProfile=\"tiny\"><path d=\"M18.2 9.3l-6.2-6.3-6.2 6.3c-.2.2-.3.4-.3.7s.1.5.3.7c.2.2.4.3.7.3h11c.3 0 .5-.1.7-.3.2-.2.3-.5.3-.7s-.1-.5-.3-.7zM5.8 14.7l6.2 6.3 6.2-6.3c.2-.2.3-.5.3-.7s-.1-.5-.3-.7c-.2-.2-.4-.3-.7-.3h-11c-.3 0-.5.1-.7.3-.2.2-.3.5-.3.7s.1.5.3.7z\"\/><\/svg><\/span><\/span><\/span><\/a><\/span><\/div>\n<nav><ul class='ez-toc-list ez-toc-list-level-1 ' ><li class='ez-toc-page-1 ez-toc-heading-level-2'><a class=\"ez-toc-link ez-toc-heading-1\" href=\"https:\/\/unox.com.tr\/es\/valvula-blof-inferior-manual-neumatica\/#%C2%BFQue_es_la_valvula_de_purga_inferior_neumatica_y_manual\" >\u00bfQu\u00e9 es la v\u00e1lvula de purga inferior neum\u00e1tica y manual?<\/a><\/li><li class='ez-toc-page-1 ez-toc-heading-level-2'><a class=\"ez-toc-link ez-toc-heading-2\" href=\"https:\/\/unox.com.tr\/es\/valvula-blof-inferior-manual-neumatica\/#Caracteristicas_Generales\" >Caracter\u00edsticas Generales<\/a><\/li><li class='ez-toc-page-1 ez-toc-heading-level-2'><a class=\"ez-toc-link ez-toc-heading-3\" href=\"https:\/\/unox.com.tr\/es\/valvula-blof-inferior-manual-neumatica\/#Principio_de_funcionamiento_de_la_posicion_normalmente_cerrada\" >Principio de funcionamiento de la posici\u00f3n normalmente cerrada<\/a><\/li><\/ul><\/nav><\/div>\n<h2><span class=\"ez-toc-section\" id=\"%C2%BFQue_es_la_valvula_de_purga_inferior_neumatica_y_manual\"><\/span><span style=\"font-size: 22px;\">\u00bfQu\u00e9 es la v\u00e1lvula de purga inferior neum\u00e1tica y manual?<\/span><span class=\"ez-toc-section-end\"><\/span><\/h2>\n<p>La v\u00e1lvula neum\u00e1tica de purga de fondo es una v\u00e1lvula que se utiliza para drenar los lodos y lodos acumulados en el fondo de una caldera de vapor. Generalmente se usa junto con un actuador neum\u00e1tico (impulsado por aire) que se usa para abrir y cerrar la v\u00e1lvula. La v\u00e1lvula puede abrirse y cerrarse manualmente mediante una manivela o palanca, o automatizarse mediante un sistema de control neum\u00e1tico.<\/p>\n<p>El prop\u00f3sito de la v\u00e1lvula de purga inferior es eliminar peri\u00f3dicamente lodos y lodos del fondo de la caldera para aumentar la eficiencia y la seguridad de la caldera. Si se permite que se acumulen incrustaciones y lodos, pueden reducir la eficiencia de transferencia de calor de la caldera y aumentar el riesgo de corrosi\u00f3n y da\u00f1os a la caldera. Al abrir la v\u00e1lvula de purga inferior con regularidad, se pueden eliminar los lodos y lodos, lo que ayuda a mantener la eficiencia y la seguridad de la caldera.<\/p>\n<p>Cabe se\u00f1alar que la v\u00e1lvula de purga inferior solo debe abrirse cuando la caldera no est\u00e1 en uso y el nivel de agua en la caldera es bajo. Abrir la v\u00e1lvula mientras la caldera est\u00e1 funcionando puede causar da\u00f1os a la caldera y representar un peligro para la seguridad.<\/p>\n<h2><span class=\"ez-toc-section\" id=\"Caracteristicas_Generales\"><\/span><span style=\"font-size: 22px;\">Caracter\u00edsticas Generales<\/span><span class=\"ez-toc-section-end\"><\/span><\/h2>\n<ul>\n<li><strong>Cuerpo:<\/strong> Hierro d\u00factil GGG-40<\/li>\n<li><strong>Clase de Presi\u00f3n:<\/strong> PN16 &#8211; PN25<\/li>\n<li><strong>Funci\u00f3n<\/strong>: Normalmente Cerrado<\/li>\n<li><strong>Sellado<\/strong>: CLASE VI (Sellado blando de PTFE)<\/li>\n<li><strong>Caracter\u00edstica:<\/strong> Encendido-Apagado<\/li>\n<li><strong>Sellado de cuello:<\/strong> PTFE &#8211; Sellado de Grafito<\/li>\n<li><strong>M\u00e1x. Temperatura de Funcionamiento: <\/strong> 220 \u00baC (350 \u00baC)<\/li>\n<li><strong>Conexi\u00f3n de Novia:<\/strong> DIN 1092-2 (PN16 &#8211; PN25)<\/li>\n<\/ul>\n<h2><span class=\"ez-toc-section\" id=\"Principio_de_funcionamiento_de_la_posicion_normalmente_cerrada\"><\/span><span style=\"font-size: 22px;\">Principio de funcionamiento de la posici\u00f3n normalmente cerrada<\/span><span class=\"ez-toc-section-end\"><\/span><\/h2>\n<p>Es la posici\u00f3n donde la v\u00e1lvula est\u00e1 inicialmente cerrada. No se permite el paso de fluidos. Con la fuerza del resorte aplicada continuamente sobre el pist\u00f3n en movimiento, cierra el orificio del orificio con un tap\u00f3n y evita el flujo de fluido. Se suministra aire comprimido desde la entrada de suministro de aire para abrir la v\u00e1lvula. Cuando el aire alcanza cierta presi\u00f3n dentro del actuador, el diafragma vence la fuerza del resorte y mueve el pist\u00f3n hacia adelante y abre el orificio del orificio, permitiendo as\u00ed el paso del fluido.<\/p>\n","protected":false},"excerpt":{"rendered":"<p><a href=\"https:\/\/unox.com.tr\/wp-content\/uploads\/2023\/01\/Pnomatik-ve-El-Kumandali-Dip-Blof-Vanasi-%E2%80%93-33602.pdf\" target=\"_blank\" rel=\"noopener\"><button style=\"background-color: #11224b; color: #ffffff; padding: 10px 15px; font-family: montserrat; font-weight: bold; font-size: 19px; border-radius: 10px;\"><img decoding=\"async\" style=\"width: 25px; height: 25px;\" src=\"https:\/\/unox.com.tr\/wp-content\/uploads\/2023\/02\/pdf-1.png\">CAT\u00c1LOGO DE PRODUCTO<\/button><\/a><\/p>\n<p><button style=\"background-color: #11224b; margin-top: 5px; color: white; padding: 0px 15px; width: 150px; height: 55px; border-radius: 10px; border: none; cursor: pointer;\"><br \/>\n<img decoding=\"async\" style=\"width: 120px; height: 30px;\" src=\"https:\/\/unox.com.tr\/wp-content\/uploads\/2023\/02\/4-1.svg\"><\/button><\/p>\n","protected":false},"featured_media":69061,"comment_status":"closed","ping_status":"closed","template":"","meta":{"_joinchat":[]},"product_brand":[],"product_cat":[472,1100],"product_tag":[],"class_list":{"0":"post-12523","1":"product","2":"type-product","3":"status-publish","4":"has-post-thumbnail","6":"product_cat-valvulas-de-control","7":"product_cat-valvula-de-control-neumatica-de-encendido-y-apagado","9":"first","10":"instock","11":"shipping-taxable","12":"product-type-simple"},"_links":{"self":[{"href":"https:\/\/unox.com.tr\/es\/wp-json\/wp\/v2\/product\/12523","targetHints":{"allow":["GET"]}}],"collection":[{"href":"https:\/\/unox.com.tr\/es\/wp-json\/wp\/v2\/product"}],"about":[{"href":"https:\/\/unox.com.tr\/es\/wp-json\/wp\/v2\/types\/product"}],"replies":[{"embeddable":true,"href":"https:\/\/unox.com.tr\/es\/wp-json\/wp\/v2\/comments?post=12523"}],"version-history":[{"count":0,"href":"https:\/\/unox.com.tr\/es\/wp-json\/wp\/v2\/product\/12523\/revisions"}],"wp:featuredmedia":[{"embeddable":true,"href":"https:\/\/unox.com.tr\/es\/wp-json\/wp\/v2\/media\/69061"}],"wp:attachment":[{"href":"https:\/\/unox.com.tr\/es\/wp-json\/wp\/v2\/media?parent=12523"}],"wp:term":[{"taxonomy":"product_brand","embeddable":true,"href":"https:\/\/unox.com.tr\/es\/wp-json\/wp\/v2\/product_brand?post=12523"},{"taxonomy":"product_cat","embeddable":true,"href":"https:\/\/unox.com.tr\/es\/wp-json\/wp\/v2\/product_cat?post=12523"},{"taxonomy":"product_tag","embeddable":true,"href":"https:\/\/unox.com.tr\/es\/wp-json\/wp\/v2\/product_tag?post=12523"}],"curies":[{"name":"wp","href":"https:\/\/api.w.org\/{rel}","templated":true}]}}