{"id":12526,"date":"2020-09-17T11:06:19","date_gmt":"2020-09-17T08:06:19","guid":{"rendered":"http:\/\/www.unox.com.tr\/?post_type=product&#038;p=3830"},"modified":"2023-03-01T14:58:31","modified_gmt":"2023-03-01T11:58:31","slug":"posicionador-electro-neumatico-lineal","status":"publish","type":"product","link":"https:\/\/unox.com.tr\/es\/posicionador-electro-neumatico-lineal\/","title":{"rendered":"Posicionador Electroneum\u00e1tico Lineal"},"content":{"rendered":"<div id=\"ez-toc-container\" class=\"ez-toc-v2_0_82_2 counter-hierarchy ez-toc-counter ez-toc-grey ez-toc-container-direction\">\n<div class=\"ez-toc-title-container\">\n<p class=\"ez-toc-title\" style=\"cursor:inherit\">Sayfa \u0130\u00e7eri\u011fi<\/p>\n<span class=\"ez-toc-title-toggle\"><a href=\"#\" class=\"ez-toc-pull-right ez-toc-btn ez-toc-btn-xs ez-toc-btn-default ez-toc-toggle\" aria-label=\"Alternar tabla de contenidos\"><span class=\"ez-toc-js-icon-con\"><span class=\"\"><span class=\"eztoc-hide\" style=\"display:none;\">Toggle<\/span><span class=\"ez-toc-icon-toggle-span\"><svg style=\"fill: #999;color:#999\" xmlns=\"http:\/\/www.w3.org\/2000\/svg\" class=\"list-377408\" width=\"20px\" height=\"20px\" viewBox=\"0 0 24 24\" fill=\"none\"><path d=\"M6 6H4v2h2V6zm14 0H8v2h12V6zM4 11h2v2H4v-2zm16 0H8v2h12v-2zM4 16h2v2H4v-2zm16 0H8v2h12v-2z\" fill=\"currentColor\"><\/path><\/svg><svg style=\"fill: #999;color:#999\" class=\"arrow-unsorted-368013\" xmlns=\"http:\/\/www.w3.org\/2000\/svg\" width=\"10px\" height=\"10px\" viewBox=\"0 0 24 24\" version=\"1.2\" baseProfile=\"tiny\"><path d=\"M18.2 9.3l-6.2-6.3-6.2 6.3c-.2.2-.3.4-.3.7s.1.5.3.7c.2.2.4.3.7.3h11c.3 0 .5-.1.7-.3.2-.2.3-.5.3-.7s-.1-.5-.3-.7zM5.8 14.7l6.2 6.3 6.2-6.3c.2-.2.3-.5.3-.7s-.1-.5-.3-.7c-.2-.2-.4-.3-.7-.3h-11c-.3 0-.5.1-.7.3-.2.2-.3.5-.3.7s.1.5.3.7z\"\/><\/svg><\/span><\/span><\/span><\/a><\/span><\/div>\n<nav><ul class='ez-toc-list ez-toc-list-level-1 ' ><li class='ez-toc-page-1 ez-toc-heading-level-2'><a class=\"ez-toc-link ez-toc-heading-1\" href=\"https:\/\/unox.com.tr\/es\/posicionador-electro-neumatico-lineal\/#%C2%BFQue_es_el_posicionador_electroneumatico_lineal\" >\u00bfQu\u00e9 es el posicionador electroneum\u00e1tico lineal?<\/a><\/li><li class='ez-toc-page-1 ez-toc-heading-level-2'><a class=\"ez-toc-link ez-toc-heading-2\" href=\"https:\/\/unox.com.tr\/es\/posicionador-electro-neumatico-lineal\/#Caracteristicas_Generales\" >Caracter\u00edsticas Generales<\/a><\/li><\/ul><\/nav><\/div>\n<h2><span class=\"ez-toc-section\" id=\"%C2%BFQue_es_el_posicionador_electroneumatico_lineal\"><\/span><span style=\"font-size: 22px;\">\u00bfQu\u00e9 es el posicionador electroneum\u00e1tico lineal?<\/span><span class=\"ez-toc-section-end\"><\/span><\/h2>\n<p>El posicionador electroneum\u00e1tico lineal es un dispositivo que funciona bajo aire o gas. Este dispositivo controla el movimiento de un objeto usando aire o presi\u00f3n de gas. Generalmente se utiliza para medir y controlar la posici\u00f3n del objeto a mover. Por ejemplo, al colocar una pieza en una l\u00ednea de producci\u00f3n automatizada, se puede utilizar un posicionador electroneum\u00e1tico lineal. Este posicionador puede mover la pieza a la posici\u00f3n deseada usando presi\u00f3n de aire y controlar su posici\u00f3n midi\u00e9ndola. Los posicionadores electroneum\u00e1ticos lineales pueden proporcionar un control de posici\u00f3n muy preciso ya que funcionan con presi\u00f3n de aire o gas, y tambi\u00e9n tienen la capacidad de moverse muy r\u00e1pidamente.<\/p>\n<p>Montado en un actuador neum\u00e1tico de diafragma, el posicionador EP-1000L mueve el actuador al recibir se\u00f1ales de CC de 4 ~ 20 mA de un controlador. Adem\u00e1s, la funci\u00f3n de detecci\u00f3n y retorno del desplazamiento del actuador garantiza un posicionamiento preciso en respuesta a se\u00f1ales de CC de 4 ~ 20 mA.<\/p>\n<p>El EP-1000L se puede utilizar tanto con v\u00e1lvulas de control cargadas por resorte como con actuadores de doble efecto.<\/p>\n<h2><span class=\"ez-toc-section\" id=\"Caracteristicas_Generales\"><\/span><span style=\"font-size: 22px;\">Caracter\u00edsticas Generales<\/span><span class=\"ez-toc-section-end\"><\/span><\/h2>\n<ul>\n<li>Cumple con las normas CE<\/li>\n<li>A prueba de explosiones (Exia CT6, Exd BT6, Exd CT6)<\/li>\n<li>Certificado IP66<\/li>\n<li>Alta antivibraci\u00f3n (no efectivo a 5-200Hz)<\/li>\n<li>La conexi\u00f3n del conducto de aire tiene forma perforada adecuada para la conexi\u00f3n en todas las direcciones.<\/li>\n<li>Adecuado para transformar acciones positivas y contramedidas.<\/li>\n<li>1\/2 rango dividido con ajustes simples sin cambiar piezas<\/li>\n<li>Facil mantenimiento<\/li>\n<li>Estructura simple para enlace de retroalimentaci\u00f3n<\/li>\n<li>Ahorro econ\u00f3mico de energ\u00eda<\/li>\n<\/ul>\n<p><img decoding=\"async\" src=\"https:\/\/images.hepsiburada.net\/assets\/ProductDescription\/202007\/e9584f2e-2be0-4d48-ba96-334327373893.png\" alt=\"\" title=\"\"><\/p>\n<p><img decoding=\"async\" src=\"https:\/\/images.hepsiburada.net\/assets\/ProductDescription\/202007\/1a338e39-cd25-43fe-9574-37aef4bb70ba.png\" alt=\"\" title=\"\"><\/p>\n","protected":false},"excerpt":{"rendered":"<p><a href=\"https:\/\/unox.com.tr\/wp-content\/uploads\/2023\/01\/LINEER-ELEKTRO-PNOMATIK-POZISYONER.pdf\" target=\"_blank\" rel=\"noopener\"><button style=\"background-color: #11224b; color: #ffffff; padding: 10px 15px; font-family: montserrat; font-weight: bold; font-size: 19px; border-radius: 10px;\"><img decoding=\"async\" style=\"width: 25px; height: 25px;\" src=\"https:\/\/unox.com.tr\/wp-content\/uploads\/2023\/02\/pdf-1.png\">CAT\u00c1LOGO DE PRODUCTO<\/button><\/a><\/p>\n<p><button style=\"background-color: #11224b; margin-top: 5px; color: white; padding: 0px 15px; width: 150px; height: 55px; border-radius: 10px; border: none; cursor: pointer;\"><br \/>\n<img decoding=\"async\" style=\"width: 120px; height: 30px;\" src=\"https:\/\/unox.com.tr\/wp-content\/uploads\/2023\/02\/4-1.svg\"><\/button><\/p>\n","protected":false},"featured_media":35957,"comment_status":"open","ping_status":"closed","template":"","meta":[],"product_brand":[],"product_cat":[483],"product_tag":[],"class_list":{"0":"post-12526","1":"product","2":"type-product","3":"status-publish","4":"has-post-thumbnail","6":"product_cat-accesorios-actuadores-neumaticos","8":"first","9":"instock","10":"shipping-taxable","11":"product-type-simple"},"_links":{"self":[{"href":"https:\/\/unox.com.tr\/es\/wp-json\/wp\/v2\/product\/12526","targetHints":{"allow":["GET"]}}],"collection":[{"href":"https:\/\/unox.com.tr\/es\/wp-json\/wp\/v2\/product"}],"about":[{"href":"https:\/\/unox.com.tr\/es\/wp-json\/wp\/v2\/types\/product"}],"replies":[{"embeddable":true,"href":"https:\/\/unox.com.tr\/es\/wp-json\/wp\/v2\/comments?post=12526"}],"version-history":[{"count":0,"href":"https:\/\/unox.com.tr\/es\/wp-json\/wp\/v2\/product\/12526\/revisions"}],"wp:featuredmedia":[{"embeddable":true,"href":"https:\/\/unox.com.tr\/es\/wp-json\/wp\/v2\/media\/35957"}],"wp:attachment":[{"href":"https:\/\/unox.com.tr\/es\/wp-json\/wp\/v2\/media?parent=12526"}],"wp:term":[{"taxonomy":"product_brand","embeddable":true,"href":"https:\/\/unox.com.tr\/es\/wp-json\/wp\/v2\/product_brand?post=12526"},{"taxonomy":"product_cat","embeddable":true,"href":"https:\/\/unox.com.tr\/es\/wp-json\/wp\/v2\/product_cat?post=12526"},{"taxonomy":"product_tag","embeddable":true,"href":"https:\/\/unox.com.tr\/es\/wp-json\/wp\/v2\/product_tag?post=12526"}],"curies":[{"name":"wp","href":"https:\/\/api.w.org\/{rel}","templated":true}]}}