{"id":12532,"date":"2020-09-17T11:19:12","date_gmt":"2020-09-17T08:19:12","guid":{"rendered":"http:\/\/www.unox.com.tr\/?post_type=product&#038;p=3850"},"modified":"2023-03-01T14:58:30","modified_gmt":"2023-03-01T11:58:30","slug":"actuador-neumatico-ambiente-frio-50","status":"publish","type":"product","link":"https:\/\/unox.com.tr\/es\/actuador-neumatico-ambiente-frio-50\/","title":{"rendered":"Actuador Neum\u00e1tico Para Entornos Fr\u00edos (-50 \u00b0C)"},"content":{"rendered":"<div id=\"ez-toc-container\" class=\"ez-toc-v2_0_82_2 counter-hierarchy ez-toc-counter ez-toc-grey ez-toc-container-direction\">\n<div class=\"ez-toc-title-container\">\n<p class=\"ez-toc-title\" style=\"cursor:inherit\">Sayfa \u0130\u00e7eri\u011fi<\/p>\n<span class=\"ez-toc-title-toggle\"><a href=\"#\" class=\"ez-toc-pull-right ez-toc-btn ez-toc-btn-xs ez-toc-btn-default ez-toc-toggle\" aria-label=\"Alternar tabla de contenidos\"><span class=\"ez-toc-js-icon-con\"><span class=\"\"><span class=\"eztoc-hide\" style=\"display:none;\">Toggle<\/span><span class=\"ez-toc-icon-toggle-span\"><svg style=\"fill: #999;color:#999\" xmlns=\"http:\/\/www.w3.org\/2000\/svg\" class=\"list-377408\" width=\"20px\" height=\"20px\" viewBox=\"0 0 24 24\" fill=\"none\"><path d=\"M6 6H4v2h2V6zm14 0H8v2h12V6zM4 11h2v2H4v-2zm16 0H8v2h12v-2zM4 16h2v2H4v-2zm16 0H8v2h12v-2z\" fill=\"currentColor\"><\/path><\/svg><svg style=\"fill: #999;color:#999\" class=\"arrow-unsorted-368013\" xmlns=\"http:\/\/www.w3.org\/2000\/svg\" width=\"10px\" height=\"10px\" viewBox=\"0 0 24 24\" version=\"1.2\" baseProfile=\"tiny\"><path d=\"M18.2 9.3l-6.2-6.3-6.2 6.3c-.2.2-.3.4-.3.7s.1.5.3.7c.2.2.4.3.7.3h11c.3 0 .5-.1.7-.3.2-.2.3-.5.3-.7s-.1-.5-.3-.7zM5.8 14.7l6.2 6.3 6.2-6.3c.2-.2.3-.5.3-.7s-.1-.5-.3-.7c-.2-.2-.4-.3-.7-.3h-11c-.3 0-.5.1-.7.3-.2.2-.3.5-.3.7s.1.5.3.7z\"\/><\/svg><\/span><\/span><\/span><\/a><\/span><\/div>\n<nav><ul class='ez-toc-list ez-toc-list-level-1 ' ><li class='ez-toc-page-1 ez-toc-heading-level-2'><a class=\"ez-toc-link ez-toc-heading-1\" href=\"https:\/\/unox.com.tr\/es\/actuador-neumatico-ambiente-frio-50\/#%C2%BFQue_es_el_actuador_neumatico\" >\u00bfQu\u00e9 es el actuador neum\u00e1tico?<\/a><\/li><li class='ez-toc-page-1 ez-toc-heading-level-2'><a class=\"ez-toc-link ez-toc-heading-2\" href=\"https:\/\/unox.com.tr\/es\/actuador-neumatico-ambiente-frio-50\/#Caracteristicas_Generales\" >Caracter\u00edsticas Generales<\/a><\/li><li class='ez-toc-page-1 ez-toc-heading-level-2'><a class=\"ez-toc-link ez-toc-heading-3\" href=\"https:\/\/unox.com.tr\/es\/actuador-neumatico-ambiente-frio-50\/#Control_de_actuador_neumatico_para_ambientes_frios\" >Control de actuador neum\u00e1tico para ambientes fr\u00edos:<\/a><ul class='ez-toc-list-level-3' ><li class='ez-toc-heading-level-3'><a class=\"ez-toc-link ez-toc-heading-4\" href=\"https:\/\/unox.com.tr\/es\/actuador-neumatico-ambiente-frio-50\/#Construccion\" >Construcci\u00f3n<\/a><\/li><\/ul><\/li><\/ul><\/nav><\/div>\n<h2><span class=\"ez-toc-section\" id=\"%C2%BFQue_es_el_actuador_neumatico\"><\/span><span style=\"font-size: 22px;\">\u00bfQu\u00e9 es el actuador neum\u00e1tico?<\/span><span class=\"ez-toc-section-end\"><\/span><\/h2>\n<p>Un actuador neum\u00e1tico es un dispositivo mec\u00e1nico que se mueve usando presi\u00f3n de aire. Este dispositivo produce una fuerza o movimiento al ser movido por un pist\u00f3n o placa dentro de un cilindro neum\u00e1tico. Los actuadores neum\u00e1ticos se utilizan a menudo en sistemas de control autom\u00e1tico y proporcionan presi\u00f3n de aire mediante una fuente de aire. Se utilizan ampliamente para controlar el movimiento en sistemas mec\u00e1nicos y, a menudo, se prefieren debido a su alta durabilidad, confiabilidad y caracter\u00edsticas de movimiento r\u00e1pido. Tambi\u00e9n se pueden utilizar a altas temperaturas o en ambientes muy corrosivos.<\/p>\n<p>Los actuadores neum\u00e1ticos UNOX son productos completamente nacionales desarrollados en la I+D de nuestra empresa. Los actuadores neum\u00e1ticos para ambientes fr\u00edos se utilizan para el control de v\u00e1lvulas, amortiguadores que se cierran o abren con una rotaci\u00f3n de 90\u00b0 y 120\u00b0.<\/p>\n<h2><span class=\"ez-toc-section\" id=\"Caracteristicas_Generales\"><\/span><span style=\"font-size: 22px;\">Caracter\u00edsticas Generales<\/span><span class=\"ez-toc-section-end\"><\/span><\/h2>\n<ul>\n<li><strong>Cuerpo:<\/strong> extrusi\u00f3n de aluminio<\/li>\n<li><strong>Pistones:<\/strong> aluminio fundido<\/li>\n<li><strong>Eje:<\/strong> acero recubierto de cadmio<\/li>\n<li><strong>Sellado:<\/strong> caucho de nitrilo<\/li>\n<\/ul>\n<h2><span class=\"ez-toc-section\" id=\"Control_de_actuador_neumatico_para_ambientes_frios\"><\/span><span style=\"font-size: 22px;\">Control de actuador neum\u00e1tico para ambientes fr\u00edos:<\/span><span class=\"ez-toc-section-end\"><\/span><\/h2>\n<p>La comprobaci\u00f3n se realiza de dos formas:<\/p>\n<ol>\n<li>Control de encendido y apagado<\/li>\n<li>Control proporcional<\/li>\n<\/ol>\n<h3><span class=\"ez-toc-section\" id=\"Construccion\"><\/span><span style=\"font-size: 20px;\">Construcci\u00f3n<\/span><span class=\"ez-toc-section-end\"><\/span><\/h3>\n<ul>\n<li>Extrusi\u00f3n de aluminio, resistente a la corrosi\u00f3n interna y externa, larga vida \u00fatil y bajo coeficiente de fricci\u00f3n obtenido con una superficie de cilindro t\u00e9cnica de proceso muy sensible.<\/li>\n<li>Posici\u00f3n de montaje sim\u00e9trica y f\u00e1cil; pistones compactos fabricados en una aleaci\u00f3n especial de aluminio, lo que proporciona un funcionamiento r\u00e1pido y al mismo tiempo permite que los pistones trabajen en sentido contrario simplemente reemplaz\u00e1ndolos.<\/li>\n<li>Un pi\u00f1\u00f3n de acero de alta calidad resistente a la corrosi\u00f3n y sim\u00e9trico que permite el montaje en \u00e1ngulos de 45\u00b0 a 90\u00b0, si se desea, y tambi\u00e9n funciona en armon\u00eda con la carrera del pist\u00f3n en cada \u00e1ngulo de montaje.<\/li>\n<li>Elementos de rodamiento fabricados en pl\u00e1stico duro industrial, que permiten abrir y cerrar en el menor tiempo, bajo coeficiente de fricci\u00f3n, minimizando el desgaste de las superficies de fricci\u00f3n.<\/li>\n<li>Engranajes de m\u00f3dulo abiertos en maquinaria de precisi\u00f3n con una t\u00e9cnica de proceso especial que har\u00e1 trabajar silenciosa, arm\u00f3nicamente, con la m\u00e1xima eficiencia al pist\u00f3n y al pi\u00f1\u00f3n.<\/li>\n<li>Sujetadores de acero inoxidable resistentes a la corrosi\u00f3n a largo plazo.<\/li>\n<li>Pleno cumplimiento de las \u00faltimas especificaciones. Los solenoides, interruptores de l\u00edmite y otros accesorios se pueden montar f\u00e1cilmente y los productos se pueden intercambiar entre s\u00ed; Cumple con los est\u00e1ndares y normas ISI 5211, DIN 3337 y VDI\/VDE 3845NAMUR<\/li>\n<\/ul>\n<p>&nbsp;<\/p>\n<p>[table id=\u00bb2&#8243; \/]<\/p>\n","protected":false},"excerpt":{"rendered":"<p><a href=\"https:\/\/unox.com.tr\/wp-content\/uploads\/2022\/12\/SOGUK-ORTAM-PNOMATIK-AKTUATOR.pdf\" target=\"_blank\" rel=\"noopener\"><button style=\"background-color: #11224b; color: #ffffff; padding: 10px 15px; font-family: montserrat; font-weight: bold; font-size: 19px; border-radius: 10px;\"><img decoding=\"async\" style=\"width: 25px; height: 25px;\" src=\"https:\/\/unox.com.tr\/wp-content\/uploads\/2023\/02\/pdf-1.png\">CAT\u00c1LOGO DE PRODUCTO<\/button><\/a><\/p>\n<p><a href=\"https:\/\/unox.com.tr\/wp-content\/uploads\/2022\/12\/aktuator-kullanma-kilavuzu-1.pdf\" target=\"_blank\" rel=\"noopener\"><button style=\"background-color: #11224b; margin-top: 5px; color: #ffffff; padding: 10px 15px; font-family: montserrat; font-weight: bold; font-size: 16px; border-radius: 10px;\"><img decoding=\"async\" style=\"width: 25px; height: 25px;\" src=\"https:\/\/unox.com.tr\/wp-content\/uploads\/2023\/02\/pdf-1.png\">INSTRUCCIONES DE OPERACI\u00d3N<\/button><\/a><\/p>\n<p><button style=\"background-color: #11224b; margin-top: 5px; color: white; padding: 0px 15px; width: 150px; height: 55px; border-radius: 10px; border: none; cursor: pointer;\"><br \/>\n<img decoding=\"async\" style=\"width: 120px; height: 30px;\" src=\"https:\/\/unox.com.tr\/wp-content\/uploads\/2023\/02\/4-1.svg\"><\/button><\/p>\n","protected":false},"featured_media":29517,"comment_status":"open","ping_status":"closed","template":"","meta":{"_joinchat":[]},"product_brand":[],"product_cat":[1551,484],"product_tag":[],"class_list":{"0":"post-12532","1":"product","2":"type-product","3":"status-publish","4":"has-post-thumbnail","6":"product_cat-actuadores","7":"product_cat-actuadores-neumaticos","9":"first","10":"instock","11":"shipping-taxable","12":"product-type-simple"},"_links":{"self":[{"href":"https:\/\/unox.com.tr\/es\/wp-json\/wp\/v2\/product\/12532","targetHints":{"allow":["GET"]}}],"collection":[{"href":"https:\/\/unox.com.tr\/es\/wp-json\/wp\/v2\/product"}],"about":[{"href":"https:\/\/unox.com.tr\/es\/wp-json\/wp\/v2\/types\/product"}],"replies":[{"embeddable":true,"href":"https:\/\/unox.com.tr\/es\/wp-json\/wp\/v2\/comments?post=12532"}],"version-history":[{"count":0,"href":"https:\/\/unox.com.tr\/es\/wp-json\/wp\/v2\/product\/12532\/revisions"}],"wp:featuredmedia":[{"embeddable":true,"href":"https:\/\/unox.com.tr\/es\/wp-json\/wp\/v2\/media\/29517"}],"wp:attachment":[{"href":"https:\/\/unox.com.tr\/es\/wp-json\/wp\/v2\/media?parent=12532"}],"wp:term":[{"taxonomy":"product_brand","embeddable":true,"href":"https:\/\/unox.com.tr\/es\/wp-json\/wp\/v2\/product_brand?post=12532"},{"taxonomy":"product_cat","embeddable":true,"href":"https:\/\/unox.com.tr\/es\/wp-json\/wp\/v2\/product_cat?post=12532"},{"taxonomy":"product_tag","embeddable":true,"href":"https:\/\/unox.com.tr\/es\/wp-json\/wp\/v2\/product_tag?post=12532"}],"curies":[{"name":"wp","href":"https:\/\/api.w.org\/{rel}","templated":true}]}}