{"id":12537,"date":"2020-09-17T05:53:55","date_gmt":"2020-09-17T05:53:55","guid":{"rendered":"http:\/\/www.unox.com.tr\/?post_type=product&#038;p=3866"},"modified":"2023-03-02T17:41:46","modified_gmt":"2023-03-02T14:41:46","slug":"valvula-de-mariposa-tipo-orejeta-accionada-electricamente","status":"publish","type":"product","link":"https:\/\/unox.com.tr\/es\/valvula-de-mariposa-tipo-orejeta-accionada-electricamente\/","title":{"rendered":"V\u00e1lvula de Mariposa Tipo Orejeta Accionada El\u00e9ctricamente"},"content":{"rendered":"<div id=\"ez-toc-container\" class=\"ez-toc-v2_0_82_2 counter-hierarchy ez-toc-counter ez-toc-grey ez-toc-container-direction\">\n<div class=\"ez-toc-title-container\">\n<p class=\"ez-toc-title\" style=\"cursor:inherit\">Sayfa \u0130\u00e7eri\u011fi<\/p>\n<span class=\"ez-toc-title-toggle\"><a href=\"#\" class=\"ez-toc-pull-right ez-toc-btn ez-toc-btn-xs ez-toc-btn-default ez-toc-toggle\" aria-label=\"Alternar tabla de contenidos\"><span class=\"ez-toc-js-icon-con\"><span class=\"\"><span class=\"eztoc-hide\" style=\"display:none;\">Toggle<\/span><span class=\"ez-toc-icon-toggle-span\"><svg style=\"fill: #999;color:#999\" xmlns=\"http:\/\/www.w3.org\/2000\/svg\" class=\"list-377408\" width=\"20px\" height=\"20px\" viewBox=\"0 0 24 24\" fill=\"none\"><path d=\"M6 6H4v2h2V6zm14 0H8v2h12V6zM4 11h2v2H4v-2zm16 0H8v2h12v-2zM4 16h2v2H4v-2zm16 0H8v2h12v-2z\" fill=\"currentColor\"><\/path><\/svg><svg style=\"fill: #999;color:#999\" class=\"arrow-unsorted-368013\" xmlns=\"http:\/\/www.w3.org\/2000\/svg\" width=\"10px\" height=\"10px\" viewBox=\"0 0 24 24\" version=\"1.2\" baseProfile=\"tiny\"><path d=\"M18.2 9.3l-6.2-6.3-6.2 6.3c-.2.2-.3.4-.3.7s.1.5.3.7c.2.2.4.3.7.3h11c.3 0 .5-.1.7-.3.2-.2.3-.5.3-.7s-.1-.5-.3-.7zM5.8 14.7l6.2 6.3 6.2-6.3c.2-.2.3-.5.3-.7s-.1-.5-.3-.7c-.2-.2-.4-.3-.7-.3h-11c-.3 0-.5.1-.7.3-.2.2-.3.5-.3.7s.1.5.3.7z\"\/><\/svg><\/span><\/span><\/span><\/a><\/span><\/div>\n<nav><ul class='ez-toc-list ez-toc-list-level-1 ' ><li class='ez-toc-page-1 ez-toc-heading-level-2'><a class=\"ez-toc-link ez-toc-heading-1\" href=\"https:\/\/unox.com.tr\/es\/valvula-de-mariposa-tipo-orejeta-accionada-electricamente\/#%C2%BFQue_es_la_valvula_de_mariposa_tipo_orejeta_accionada_electricamente\" >\u00bfQu\u00e9 es la v\u00e1lvula de mariposa tipo orejeta accionada el\u00e9ctricamente?<\/a><\/li><li class='ez-toc-page-1 ez-toc-heading-level-2'><a class=\"ez-toc-link ez-toc-heading-2\" href=\"https:\/\/unox.com.tr\/es\/valvula-de-mariposa-tipo-orejeta-accionada-electricamente\/#%C2%BFDonde_se_utiliza_la_valvula_de_mariposa_tipo_orejeta_accionada_electricamente\" >\u00bfD\u00f3nde se utiliza la v\u00e1lvula de mariposa tipo orejeta accionada el\u00e9ctricamente?<\/a><\/li><li class='ez-toc-page-1 ez-toc-heading-level-2'><a class=\"ez-toc-link ez-toc-heading-3\" href=\"https:\/\/unox.com.tr\/es\/valvula-de-mariposa-tipo-orejeta-accionada-electricamente\/#Ambito_de_Aplicacion\" >\u00c1mbito de Aplicaci\u00f3n<\/a><\/li><li class='ez-toc-page-1 ez-toc-heading-level-2'><a class=\"ez-toc-link ez-toc-heading-4\" href=\"https:\/\/unox.com.tr\/es\/valvula-de-mariposa-tipo-orejeta-accionada-electricamente\/#Caracteristicas_del_Producto\" >Caracter\u00edsticas del Producto<\/a><\/li><\/ul><\/nav><\/div>\n<h2><span class=\"ez-toc-section\" id=\"%C2%BFQue_es_la_valvula_de_mariposa_tipo_orejeta_accionada_electricamente\"><\/span><span style=\"font-size: 22px;\">\u00bfQu\u00e9 es la v\u00e1lvula de mariposa tipo orejeta accionada el\u00e9ctricamente?<\/span><span class=\"ez-toc-section-end\"><\/span><\/h2>\n<p>La v\u00e1lvula de mariposa tipo orejeta accionada el\u00e9ctricamente se utiliza para regular el flujo de l\u00edquidos o gases en el sistema de tuber\u00edas. Consiste en un disco circular que gira sobre un eje para abrir y cerrar el flujo de fluido. El disco se une al eje mediante orejetas, que son brazos sobresalientes que se usan para soportar el peso del disco y proporcionan un medio para unir la v\u00e1lvula al sistema de tuber\u00edas. La v\u00e1lvula es impulsada o controlada por un motor el\u00e9ctrico que gira el eje para abrir o cerrar el disco. Estos tipos de v\u00e1lvulas se utilizan con frecuencia en sistemas de tuber\u00edas industriales y comerciales donde se requiere un control preciso del flujo de fluidos.<\/p>\n<h2><span class=\"ez-toc-section\" id=\"%C2%BFDonde_se_utiliza_la_valvula_de_mariposa_tipo_orejeta_accionada_electricamente\"><\/span><span style=\"font-size: 22px;\">\u00bfD\u00f3nde se utiliza la v\u00e1lvula de mariposa tipo orejeta accionada el\u00e9ctricamente?<\/span><span class=\"ez-toc-section-end\"><\/span><\/h2>\n<p>Las v\u00e1lvulas de mariposa Lug accionadas el\u00e9ctricamente se utilizan en una amplia variedad de aplicaciones industriales y comerciales donde se requiere un control preciso del flujo de l\u00edquidos o gases. Algunos usos comunes para este tipo de v\u00e1lvula son:<\/p>\n<ul>\n<li>Plantas de tratamiento de agua: estas v\u00e1lvulas a menudo se usan para controlar el flujo de agua en plantas de tratamiento donde se usan para regular el flujo de agua a trav\u00e9s de filtros, bombas y otros equipos.<\/li>\n<li>Procesamiento qu\u00edmico: estas v\u00e1lvulas se usan com\u00fanmente en plantas de procesamiento qu\u00edmico para controlar el flujo de productos qu\u00edmicos corrosivos o peligrosos.<\/li>\n<li>Se utiliza en centrales el\u00e9ctricas para controlar el flujo de vapor u otros l\u00edquidos a trav\u00e9s del sistema de tuber\u00edas.<\/li>\n<li>Se utiliza en la industria del petr\u00f3leo y el gas para controlar el flujo de petr\u00f3leo o gas a trav\u00e9s de las tuber\u00edas.<\/li>\n<li>Se utiliza en la industria de alimentos y bebidas para controlar el flujo de l\u00edquidos y gases en el procesamiento y envasado de productos.<\/li>\n<li>HVAC: estas v\u00e1lvulas se utilizan en sistemas de calefacci\u00f3n, ventilaci\u00f3n y aire acondicionado (HVAC) para controlar el flujo de aire u otros fluidos en el sistema.<\/li>\n<\/ul>\n<h2><span class=\"ez-toc-section\" id=\"Ambito_de_Aplicacion\"><\/span><span style=\"font-size: 22px;\">\u00c1mbito de Aplicaci\u00f3n<\/span><span class=\"ez-toc-section-end\"><\/span><\/h2>\n<ul>\n<li>Sistemas de calefacci\u00f3n, ventilaci\u00f3n y aire acondicionado<\/li>\n<li>Sistemas de tratamiento y distribuci\u00f3n de agua<\/li>\n<li>Industria minera<\/li>\n<li>Instalaciones de perforaci\u00f3n y construcci\u00f3n naval<\/li>\n<li>Empresas alimentarias y qu\u00edmicas<\/li>\n<li>Sistemas de extinci\u00f3n de incendios<\/li>\n<li>Agua, agua de mar, polvo, gas, aguas residuales y aire<\/li>\n<\/ul>\n<h2><span class=\"ez-toc-section\" id=\"Caracteristicas_del_Producto\"><\/span><span style=\"font-size: 22px;\">Caracter\u00edsticas del Producto<\/span><span class=\"ez-toc-section-end\"><\/span><\/h2>\n<ul>\n<li><strong>Cuerpo<\/strong>: Hierro fundido GGG40.3<\/li>\n<li><strong>Disco<\/strong>: AISI316, AISI304, AL BR<\/li>\n<li><strong>Eje<\/strong>: Acero Inoxidable 416<\/li>\n<li><strong>Temperatura<\/strong>: -10\u00baC \/ 110\u00baC<\/li>\n<li><strong>Junta<\/strong> : EPDM<\/li>\n<li><strong>Di\u00e1metro<\/strong>: DN25 (1\u201d) \u2013 DN300 (12\u201d)<\/li>\n<\/ul>\n","protected":false},"excerpt":{"rendered":"<p><a href=\"https:\/\/unox.com.tr\/wp-content\/uploads\/2022\/12\/ELEKTRIK-AKTUATORLU-LUG-TIP-KELEBEK-VANA.pdf\" target=\"_blank\" rel=\"noopener\"><button style=\"background-color: #11224b; color: #ffffff; padding: 10px 15px; font-family: montserrat; font-weight: bold; font-size: 19px; border-radius: 10px;\"><img decoding=\"async\" style=\"width: 25px; height: 25px;\" src=\"https:\/\/unox.com.tr\/wp-content\/uploads\/2023\/02\/pdf-1.png\">CAT\u00c1LOGO DE PRODUCTO<\/button><\/a><\/p>\n<p><button style=\"background-color: #11224b; margin-top: 5px; color: white; padding: 0px 15px; width: 150px; height: 55px; border-radius: 10px; border: none; cursor: pointer;\"><br \/>\n<img decoding=\"async\" style=\"width: 120px; height: 30px;\" src=\"https:\/\/unox.com.tr\/wp-content\/uploads\/2023\/02\/4-1.svg\"><\/button><\/p>\n","protected":false},"featured_media":69847,"comment_status":"closed","ping_status":"closed","template":"","meta":[],"product_brand":[],"product_cat":[470,1122,1007],"product_tag":[],"class_list":{"0":"post-12537","1":"product","2":"type-product","3":"status-publish","4":"has-post-thumbnail","6":"product_cat-valvulas-accionadas-electricamente","7":"product_cat-valvulas-actuadas","8":"product_cat-valvulas-electricas","10":"first","11":"instock","12":"shipping-taxable","13":"product-type-simple"},"_links":{"self":[{"href":"https:\/\/unox.com.tr\/es\/wp-json\/wp\/v2\/product\/12537","targetHints":{"allow":["GET"]}}],"collection":[{"href":"https:\/\/unox.com.tr\/es\/wp-json\/wp\/v2\/product"}],"about":[{"href":"https:\/\/unox.com.tr\/es\/wp-json\/wp\/v2\/types\/product"}],"replies":[{"embeddable":true,"href":"https:\/\/unox.com.tr\/es\/wp-json\/wp\/v2\/comments?post=12537"}],"version-history":[{"count":0,"href":"https:\/\/unox.com.tr\/es\/wp-json\/wp\/v2\/product\/12537\/revisions"}],"wp:featuredmedia":[{"embeddable":true,"href":"https:\/\/unox.com.tr\/es\/wp-json\/wp\/v2\/media\/69847"}],"wp:attachment":[{"href":"https:\/\/unox.com.tr\/es\/wp-json\/wp\/v2\/media?parent=12537"}],"wp:term":[{"taxonomy":"product_brand","embeddable":true,"href":"https:\/\/unox.com.tr\/es\/wp-json\/wp\/v2\/product_brand?post=12537"},{"taxonomy":"product_cat","embeddable":true,"href":"https:\/\/unox.com.tr\/es\/wp-json\/wp\/v2\/product_cat?post=12537"},{"taxonomy":"product_tag","embeddable":true,"href":"https:\/\/unox.com.tr\/es\/wp-json\/wp\/v2\/product_tag?post=12537"}],"curies":[{"name":"wp","href":"https:\/\/api.w.org\/{rel}","templated":true}]}}