{"id":12542,"date":"2020-09-17T13:05:58","date_gmt":"2020-09-17T13:05:58","guid":{"rendered":"http:\/\/www.unox.com.tr\/?post_type=product&#038;p=3881"},"modified":"2023-03-01T14:03:32","modified_gmt":"2023-03-01T11:03:32","slug":"rosca-tipo-y-valvula-de-piston-neumatico","status":"publish","type":"product","link":"https:\/\/unox.com.tr\/es\/rosca-tipo-y-valvula-de-piston-neumatico\/","title":{"rendered":"V\u00e1lvula de Pist\u00f3n Neum\u00e1tica (Roscada, Tipo Y)"},"content":{"rendered":"<div id=\"ez-toc-container\" class=\"ez-toc-v2_0_82_2 counter-hierarchy ez-toc-counter ez-toc-grey ez-toc-container-direction\">\n<div class=\"ez-toc-title-container\">\n<p class=\"ez-toc-title\" style=\"cursor:inherit\">Sayfa \u0130\u00e7eri\u011fi<\/p>\n<span class=\"ez-toc-title-toggle\"><a href=\"#\" class=\"ez-toc-pull-right ez-toc-btn ez-toc-btn-xs ez-toc-btn-default ez-toc-toggle\" aria-label=\"Alternar tabla de contenidos\"><span class=\"ez-toc-js-icon-con\"><span class=\"\"><span class=\"eztoc-hide\" style=\"display:none;\">Toggle<\/span><span class=\"ez-toc-icon-toggle-span\"><svg style=\"fill: #999;color:#999\" xmlns=\"http:\/\/www.w3.org\/2000\/svg\" class=\"list-377408\" width=\"20px\" height=\"20px\" viewBox=\"0 0 24 24\" fill=\"none\"><path d=\"M6 6H4v2h2V6zm14 0H8v2h12V6zM4 11h2v2H4v-2zm16 0H8v2h12v-2zM4 16h2v2H4v-2zm16 0H8v2h12v-2z\" fill=\"currentColor\"><\/path><\/svg><svg style=\"fill: #999;color:#999\" class=\"arrow-unsorted-368013\" xmlns=\"http:\/\/www.w3.org\/2000\/svg\" width=\"10px\" height=\"10px\" viewBox=\"0 0 24 24\" version=\"1.2\" baseProfile=\"tiny\"><path d=\"M18.2 9.3l-6.2-6.3-6.2 6.3c-.2.2-.3.4-.3.7s.1.5.3.7c.2.2.4.3.7.3h11c.3 0 .5-.1.7-.3.2-.2.3-.5.3-.7s-.1-.5-.3-.7zM5.8 14.7l6.2 6.3 6.2-6.3c.2-.2.3-.5.3-.7s-.1-.5-.3-.7c-.2-.2-.4-.3-.7-.3h-11c-.3 0-.5.1-.7.3-.2.2-.3.5-.3.7s.1.5.3.7z\"\/><\/svg><\/span><\/span><\/span><\/a><\/span><\/div>\n<nav><ul class='ez-toc-list ez-toc-list-level-1 ' ><li class='ez-toc-page-1 ez-toc-heading-level-2'><a class=\"ez-toc-link ez-toc-heading-1\" href=\"https:\/\/unox.com.tr\/es\/rosca-tipo-y-valvula-de-piston-neumatico\/#%C2%BFQue_es_la_valvula_de_piston_neumatico\" >\u00bfQu\u00e9 es la v\u00e1lvula de pist\u00f3n neum\u00e1tico?<\/a><\/li><li class='ez-toc-page-1 ez-toc-heading-level-2'><a class=\"ez-toc-link ez-toc-heading-2\" href=\"https:\/\/unox.com.tr\/es\/rosca-tipo-y-valvula-de-piston-neumatico\/#Principio_de_Funcionamiento\" >Principio de Funcionamiento<\/a><\/li><li class='ez-toc-page-1 ez-toc-heading-level-2'><a class=\"ez-toc-link ez-toc-heading-3\" href=\"https:\/\/unox.com.tr\/es\/rosca-tipo-y-valvula-de-piston-neumatico\/#Caracteristicas_del_Producto\" >Caracter\u00edsticas del Producto<\/a><\/li><li class='ez-toc-page-1 ez-toc-heading-level-2'><a class=\"ez-toc-link ez-toc-heading-4\" href=\"https:\/\/unox.com.tr\/es\/rosca-tipo-y-valvula-de-piston-neumatico\/#Ambito_de_Aplicacion\" >\u00c1mbito de Aplicaci\u00f3n<\/a><\/li><li class='ez-toc-page-1 ez-toc-heading-level-2'><a class=\"ez-toc-link ez-toc-heading-5\" href=\"https:\/\/unox.com.tr\/es\/rosca-tipo-y-valvula-de-piston-neumatico\/#Ventajas\" >Ventajas<\/a><\/li><\/ul><\/nav><\/div>\n<h2><span class=\"ez-toc-section\" id=\"%C2%BFQue_es_la_valvula_de_piston_neumatico\"><\/span><span style=\"font-size: 22px;\">\u00bfQu\u00e9 es la v\u00e1lvula de pist\u00f3n neum\u00e1tico?<\/span><span class=\"ez-toc-section-end\"><\/span><\/h2>\n<p>Las v\u00e1lvulas de pist\u00f3n neum\u00e1tico son un tipo de v\u00e1lvula que utiliza aire comprimido u otros gases para accionar un pist\u00f3n o diafragma que abre o cierra una v\u00e1lvula. Estas v\u00e1lvulas se usan com\u00fanmente en aplicaciones industriales y de fabricaci\u00f3n para controlar el flujo de l\u00edquidos, gases y otros materiales. Puede ser de 2 v\u00edas o de 3 v\u00edas dependiendo de la cantidad de puertos que tengan. Las v\u00e1lvulas de 2 v\u00edas tienen dos puertos, mientras que las v\u00e1lvulas de 3 v\u00edas tienen tres puertos. Los puertos se utilizan para conectar la v\u00e1lvula a la tuber\u00eda u otro equipo en el sistema. Son conocidos por sus r\u00e1pidos tiempos de respuesta y alta capacidad de flujo, lo que los hace ideales para aplicaciones que requieren un control preciso y una conmutaci\u00f3n r\u00e1pida. Tambi\u00e9n son relativamente simples y f\u00e1ciles de mantener, lo que los convierte en una opci\u00f3n popular en muchos entornos industriales.<\/p>\n<h2><span class=\"ez-toc-section\" id=\"Principio_de_Funcionamiento\"><\/span><span style=\"font-size: 22px;\">Principio de Funcionamiento<\/span><span class=\"ez-toc-section-end\"><\/span><\/h2>\n<p>La v\u00e1lvula permanece cerrada (abierta) por la fuerza del resorte en condiciones normales. Cuando el pist\u00f3n es accionado por aire comprimido, la v\u00e1lvula se abre (se cierra). Para el tipo de doble acci\u00f3n, la v\u00e1lvula est\u00e1 abierta y el aire comprimido est\u00e1 cerrado.<\/p>\n<p>V\u00e1lvulas de pist\u00f3n neum\u00e1tico, cuerpo de acero inoxidable 316, actuador de acero inoxidable 304, v\u00e1lvulas tipo Y para fines de control neum\u00e1tico. Se fabrica como del tipo de efecto simple y normalmente cerrado. La fabricaci\u00f3n est\u00e1ndar de engranajes es engranaje BSP.<\/p>\n<h2><span class=\"ez-toc-section\" id=\"Caracteristicas_del_Producto\"><\/span><span style=\"font-size: 22px;\">Caracter\u00edsticas del Producto<\/span><span class=\"ez-toc-section-end\"><\/span><\/h2>\n<ul>\n<li><strong>Cuerpo<\/strong>: Acero Inoxidable<\/li>\n<li><strong>Temperatura de Funcionamiento<\/strong>: 180 \u00baC<\/li>\n<li><strong>Presi\u00f3n de Trabajo<\/strong>: PN16<\/li>\n<li><strong>Presi\u00f3n de Suministro<\/strong>: 3 &#8211; 8 bar<\/li>\n<li><strong>Conexi\u00f3n:<\/strong> Roscada<\/li>\n<\/ul>\n<h2><span class=\"ez-toc-section\" id=\"Ambito_de_Aplicacion\"><\/span><span style=\"font-size: 22px;\">\u00c1mbito de Aplicaci\u00f3n<\/span><span class=\"ez-toc-section-end\"><\/span><\/h2>\n<ul>\n<li>Embotelladoras de bebidas<\/li>\n<li>industria del gas<\/li>\n<li>Desinfecci\u00f3n a alta temperatura<\/li>\n<li>Tratamiento de aguas \/ aguas residuales<\/li>\n<li>Estampado y te\u00f1ido de textiles<\/li>\n<li>Industria qu\u00edmica<\/li>\n<li>Equipo de espuma<\/li>\n<\/ul>\n<h2><span class=\"ez-toc-section\" id=\"Ventajas\"><\/span><span style=\"font-size: 22px;\">Ventajas<\/span><span class=\"ez-toc-section-end\"><\/span><\/h2>\n<ul>\n<li>Los grandes caudales no se ven afectados por golpes de ariete de baja resistencia.<\/li>\n<li>Proporciona un flujo uniforme del 30 % con su forma de tipo Y y su \u00e1rea de flujo extendida.<\/li>\n<li>Disponibilidad para trabajar durante muchos a\u00f1os.<\/li>\n<li>El cuerpo se ajusta y se lubrica autom\u00e1ticamente. Minimiza su costo de mantenimiento.<\/li>\n<li>El cilindro puede girar 360 grados y est\u00e1 completamente fabricado en acero inoxidable. Esto le da un rendimiento muy alto.<\/li>\n<\/ul>\n","protected":false},"excerpt":{"rendered":"<p><a href=\"https:\/\/unox.com.tr\/wp-content\/uploads\/2023\/01\/PNOMATIK-PISTONLU-DISLI-VANA.pdf\" target=\"_blank\" rel=\"noopener\"><button style=\"background-color: #11224b; color: #ffffff; padding: 10px 15px; font-family: montserrat; font-weight: bold; font-size: 19px; border-radius: 10px;\"><img decoding=\"async\" style=\"width: 25px; height: 25px;\" src=\"https:\/\/unox.com.tr\/wp-content\/uploads\/2023\/02\/pdf-1.png\">CAT\u00c1LOGO DE PRODUCTO<\/button><\/a><\/p>\n<p><button style=\"background-color: #11224b; margin-top: 5px; color: white; padding: 0px 15px; width: 150px; height: 55px; border-radius: 10px; border: none; cursor: pointer;\"><br \/>\n<img decoding=\"async\" style=\"width: 120px; height: 30px;\" src=\"https:\/\/unox.com.tr\/wp-content\/uploads\/2023\/02\/4-1.svg\"><\/button><\/p>\n","protected":false},"featured_media":69384,"comment_status":"closed","ping_status":"closed","template":"","meta":[],"product_brand":[],"product_cat":[1146,468],"product_tag":[],"class_list":{"0":"post-12542","1":"product","2":"type-product","3":"status-publish","4":"has-post-thumbnail","6":"product_cat-valvulas-de-piston-neumaticas","7":"product_cat-valvulas-neumaticas","9":"first","10":"instock","11":"shipping-taxable","12":"product-type-simple"},"_links":{"self":[{"href":"https:\/\/unox.com.tr\/es\/wp-json\/wp\/v2\/product\/12542","targetHints":{"allow":["GET"]}}],"collection":[{"href":"https:\/\/unox.com.tr\/es\/wp-json\/wp\/v2\/product"}],"about":[{"href":"https:\/\/unox.com.tr\/es\/wp-json\/wp\/v2\/types\/product"}],"replies":[{"embeddable":true,"href":"https:\/\/unox.com.tr\/es\/wp-json\/wp\/v2\/comments?post=12542"}],"version-history":[{"count":0,"href":"https:\/\/unox.com.tr\/es\/wp-json\/wp\/v2\/product\/12542\/revisions"}],"wp:featuredmedia":[{"embeddable":true,"href":"https:\/\/unox.com.tr\/es\/wp-json\/wp\/v2\/media\/69384"}],"wp:attachment":[{"href":"https:\/\/unox.com.tr\/es\/wp-json\/wp\/v2\/media?parent=12542"}],"wp:term":[{"taxonomy":"product_brand","embeddable":true,"href":"https:\/\/unox.com.tr\/es\/wp-json\/wp\/v2\/product_brand?post=12542"},{"taxonomy":"product_cat","embeddable":true,"href":"https:\/\/unox.com.tr\/es\/wp-json\/wp\/v2\/product_cat?post=12542"},{"taxonomy":"product_tag","embeddable":true,"href":"https:\/\/unox.com.tr\/es\/wp-json\/wp\/v2\/product_tag?post=12542"}],"curies":[{"name":"wp","href":"https:\/\/api.w.org\/{rel}","templated":true}]}}