{"id":12544,"date":"2020-09-18T06:07:29","date_gmt":"2020-09-18T03:07:29","guid":{"rendered":"http:\/\/www.unox.com.tr\/?post_type=product&#038;p=3890"},"modified":"2023-03-01T14:01:07","modified_gmt":"2023-03-01T11:01:07","slug":"engranaje-caudal-indicador","status":"publish","type":"product","link":"https:\/\/unox.com.tr\/es\/engranaje-caudal-indicador\/","title":{"rendered":"Indicador de Flujo de Engranajes"},"content":{"rendered":"<div id=\"ez-toc-container\" class=\"ez-toc-v2_0_82_2 counter-hierarchy ez-toc-counter ez-toc-grey ez-toc-container-direction\">\n<div class=\"ez-toc-title-container\">\n<p class=\"ez-toc-title\" style=\"cursor:inherit\">Sayfa \u0130\u00e7eri\u011fi<\/p>\n<span class=\"ez-toc-title-toggle\"><a href=\"#\" class=\"ez-toc-pull-right ez-toc-btn ez-toc-btn-xs ez-toc-btn-default ez-toc-toggle\" aria-label=\"Alternar tabla de contenidos\"><span class=\"ez-toc-js-icon-con\"><span class=\"\"><span class=\"eztoc-hide\" style=\"display:none;\">Toggle<\/span><span class=\"ez-toc-icon-toggle-span\"><svg style=\"fill: #999;color:#999\" xmlns=\"http:\/\/www.w3.org\/2000\/svg\" class=\"list-377408\" width=\"20px\" height=\"20px\" viewBox=\"0 0 24 24\" fill=\"none\"><path d=\"M6 6H4v2h2V6zm14 0H8v2h12V6zM4 11h2v2H4v-2zm16 0H8v2h12v-2zM4 16h2v2H4v-2zm16 0H8v2h12v-2z\" fill=\"currentColor\"><\/path><\/svg><svg style=\"fill: #999;color:#999\" class=\"arrow-unsorted-368013\" xmlns=\"http:\/\/www.w3.org\/2000\/svg\" width=\"10px\" height=\"10px\" viewBox=\"0 0 24 24\" version=\"1.2\" baseProfile=\"tiny\"><path d=\"M18.2 9.3l-6.2-6.3-6.2 6.3c-.2.2-.3.4-.3.7s.1.5.3.7c.2.2.4.3.7.3h11c.3 0 .5-.1.7-.3.2-.2.3-.5.3-.7s-.1-.5-.3-.7zM5.8 14.7l6.2 6.3 6.2-6.3c.2-.2.3-.5.3-.7s-.1-.5-.3-.7c-.2-.2-.4-.3-.7-.3h-11c-.3 0-.5.1-.7.3-.2.2-.3.5-.3.7s.1.5.3.7z\"\/><\/svg><\/span><\/span><\/span><\/a><\/span><\/div>\n<nav><ul class='ez-toc-list ez-toc-list-level-1 ' ><li class='ez-toc-page-1 ez-toc-heading-level-2'><a class=\"ez-toc-link ez-toc-heading-1\" href=\"https:\/\/unox.com.tr\/es\/engranaje-caudal-indicador\/#%C2%BFQue_es_el_indicador_de_flujo_de_engranajes\" >\u00bfQu\u00e9 es el indicador de flujo de engranajes?<\/a><\/li><li class='ez-toc-page-1 ez-toc-heading-level-2'><a class=\"ez-toc-link ez-toc-heading-2\" href=\"https:\/\/unox.com.tr\/es\/engranaje-caudal-indicador\/#%C2%BFDonde_se_usa_el_indicador_de_flujo_de_engranajes\" >\u00bfD\u00f3nde se usa el indicador de flujo de engranajes?<\/a><\/li><li class='ez-toc-page-1 ez-toc-heading-level-2'><a class=\"ez-toc-link ez-toc-heading-3\" href=\"https:\/\/unox.com.tr\/es\/engranaje-caudal-indicador\/#Caracteristicas_Generales\" >Caracter\u00edsticas Generales<\/a><\/li><\/ul><\/nav><\/div>\n<h2><span class=\"ez-toc-section\" id=\"%C2%BFQue_es_el_indicador_de_flujo_de_engranajes\"><\/span><span style=\"font-size: 22px;\">\u00bfQu\u00e9 es el indicador de flujo de engranajes?<\/span><span class=\"ez-toc-section-end\"><\/span><\/h2>\n<p>Un indicador de flujo de engranajes es un dispositivo que utiliza engranajes como parte de su funcionamiento y se utiliza para medir el caudal de un fluido en un sistema. Estos dispositivos se utilizan ampliamente en la industria del petr\u00f3leo y el gas, as\u00ed como en otras industrias en las que es necesario monitorear y controlar el caudal de un l\u00edquido.<\/p>\n<p>Generalmente consta de una carcasa con un juego de engranajes accionados por el flujo de fluido. A medida que los engranajes giran, generan una se\u00f1al proporcional al caudal del fluido. Esta se\u00f1al se puede usar para controlar el caudal, o se puede usar para proporcionar informaci\u00f3n sobre el caudal a un operador o sistema de control.<\/p>\n<p>Permite el control visual del fluido y el flujo en las tuber\u00edas, el monitoreo del funcionamiento y el rendimiento de la maquinaria, y todas las unidades de la m\u00e1quina muestran el patr\u00f3n de goteo e incluso la tasa de flujo m\u00e1s peque\u00f1a.<\/p>\n<h2><span class=\"ez-toc-section\" id=\"%C2%BFDonde_se_usa_el_indicador_de_flujo_de_engranajes\"><\/span><span style=\"font-size: 22px;\">\u00bfD\u00f3nde se usa el indicador de flujo de engranajes? <\/span><span class=\"ez-toc-section-end\"><\/span><\/h2>\n<p>El indicador de flujo roscado se usa ampliamente en una variedad de aplicaciones industriales y comerciales donde es necesario medir y controlar el caudal de un l\u00edquido. Algunos ejemplos de la industria y la aplicaci\u00f3n donde se pueden usar estos dispositivos incluyen:<\/p>\n<ul>\n<li>Se utiliza para medir el caudal de l\u00edquidos como petr\u00f3leo, gas natural y agua en tuber\u00edas y otros sistemas de proceso en la industria del petr\u00f3leo y el gas.<\/li>\n<li>Se utiliza en plantas de procesamiento de productos qu\u00edmicos para medir el caudal de productos qu\u00edmicos y otros l\u00edquidos utilizados en el proceso de fabricaci\u00f3n.<\/li>\n<li>Se puede utilizar en plantas de generaci\u00f3n de energ\u00eda para medir el caudal de l\u00edquidos como aceite, agua y vapor en varios sistemas de proceso.<\/li>\n<li>Se puede utilizar para medir el caudal de l\u00edquidos como agua, leche y otros l\u00edquidos en operaciones de procesamiento y fabricaci\u00f3n en la industria de alimentos y bebidas.<\/li>\n<li>Se puede utilizar en la industria farmac\u00e9utica para medir el caudal de l\u00edquidos utilizados en la fabricaci\u00f3n de medicamentos y otros productos.<\/li>\n<\/ul>\n<p>En general, los medidores de flujo de engranajes son dispositivos vers\u00e1tiles que se utilizan en muchas industrias y aplicaciones diferentes donde la medici\u00f3n y el control precisos del flujo de fluidos son importantes.<\/p>\n<h2><span class=\"ez-toc-section\" id=\"Caracteristicas_Generales\"><\/span><span style=\"font-size: 22px;\">Caracter\u00edsticas Generales<\/span><span class=\"ez-toc-section-end\"><\/span><\/h2>\n<ul>\n<li><strong>Cuerpo:<\/strong> Hierro fundido GGG25<\/li>\n<li><strong>Cubierta:<\/strong> GGG25 Hierro fundido<\/li>\n<li><strong>M\u00e1x. Presi\u00f3n:<\/strong> 16bar<\/li>\n<li><strong>Disco de la mirilla:<\/strong> Vidrio de cal sodada templado (m\u00e1x. 150 \u00b0C) \/ Vidrio de borosilicato opcional (m\u00e1x. 300 \u00b0C)<\/li>\n<li><strong>Conexi\u00f3n:<\/strong> Roscada<\/li>\n<li><strong>Sellado:<\/strong> PTFE<\/li>\n<\/ul>\n<p>&nbsp;<\/p>\n<p><img decoding=\"async\" class=\"size-medium wp-image-39079\" src=\"https:\/\/unox.com.tr\/wp-content\/themes\/woodmart\/images\/lazy.svg\" data-src=\"https:\/\/unox.com.tr\/wp-content\/uploads\/2020\/09\/akis-300x178.png\" alt=\"Indicador de flujo de engranajes\" width=\"300\" height=\"178\" title=\"\" srcset=\"\" data-srcset=\"https:\/\/unox.com.tr\/wp-content\/uploads\/2020\/09\/akis-300x178.png 300w, https:\/\/unox.com.tr\/wp-content\/uploads\/2020\/09\/akis-150x89.png 150w, https:\/\/unox.com.tr\/wp-content\/uploads\/2020\/09\/akis-367x218.png 367w, https:\/\/unox.com.tr\/wp-content\/uploads\/2020\/09\/akis.png 387w\" sizes=\"(max-width: 300px) 100vw, 300px\" \/><\/p>\n","protected":false},"excerpt":{"rendered":"<p><a href=\"https:\/\/unox.com.tr\/wp-content\/uploads\/2023\/01\/Disli-Akis-Gostergesi.pdf\" target=\"_blank\" rel=\"noopener\"><button style=\"background-color: #11224b; color: #ffffff; padding: 10px 15px; font-family: montserrat; font-weight: bold; font-size: 19px; border-radius: 10px;\"><img decoding=\"async\" style=\"width: 25px; height: 25px;\" src=\"https:\/\/unox.com.tr\/wp-content\/uploads\/2023\/02\/pdf-1.png\">CAT\u00c1LOGO DE PRODUCTO<\/button><\/a><\/p>\n<p><button style=\"background-color: #11224b; margin-top: 5px; color: white; padding: 0px 15px; width: 150px; height: 55px; border-radius: 10px; border: none; cursor: pointer;\"><br \/>\n<img decoding=\"async\" style=\"width: 120px; height: 30px;\" src=\"https:\/\/unox.com.tr\/wp-content\/uploads\/2023\/02\/4-1.svg\"><\/button><\/p>\n","protected":false},"featured_media":41691,"comment_status":"open","ping_status":"closed","template":"","meta":{"_joinchat":[]},"product_brand":[],"product_cat":[487,486],"product_tag":[],"class_list":{"0":"post-12544","1":"product","2":"type-product","3":"status-publish","4":"has-post-thumbnail","6":"product_cat-productos-de-flujo","7":"product_cat-nivel-y-flujo","9":"first","10":"instock","11":"shipping-taxable","12":"product-type-simple"},"_links":{"self":[{"href":"https:\/\/unox.com.tr\/es\/wp-json\/wp\/v2\/product\/12544","targetHints":{"allow":["GET"]}}],"collection":[{"href":"https:\/\/unox.com.tr\/es\/wp-json\/wp\/v2\/product"}],"about":[{"href":"https:\/\/unox.com.tr\/es\/wp-json\/wp\/v2\/types\/product"}],"replies":[{"embeddable":true,"href":"https:\/\/unox.com.tr\/es\/wp-json\/wp\/v2\/comments?post=12544"}],"version-history":[{"count":0,"href":"https:\/\/unox.com.tr\/es\/wp-json\/wp\/v2\/product\/12544\/revisions"}],"wp:featuredmedia":[{"embeddable":true,"href":"https:\/\/unox.com.tr\/es\/wp-json\/wp\/v2\/media\/41691"}],"wp:attachment":[{"href":"https:\/\/unox.com.tr\/es\/wp-json\/wp\/v2\/media?parent=12544"}],"wp:term":[{"taxonomy":"product_brand","embeddable":true,"href":"https:\/\/unox.com.tr\/es\/wp-json\/wp\/v2\/product_brand?post=12544"},{"taxonomy":"product_cat","embeddable":true,"href":"https:\/\/unox.com.tr\/es\/wp-json\/wp\/v2\/product_cat?post=12544"},{"taxonomy":"product_tag","embeddable":true,"href":"https:\/\/unox.com.tr\/es\/wp-json\/wp\/v2\/product_tag?post=12544"}],"curies":[{"name":"wp","href":"https:\/\/api.w.org\/{rel}","templated":true}]}}