{"id":12545,"date":"2020-09-18T06:10:10","date_gmt":"2020-09-18T03:10:10","guid":{"rendered":"http:\/\/www.unox.com.tr\/?post_type=product&#038;p=3893"},"modified":"2023-03-01T14:01:11","modified_gmt":"2023-03-01T11:01:11","slug":"indicador-de-flujo-con-bridas","status":"publish","type":"product","link":"https:\/\/unox.com.tr\/es\/indicador-de-flujo-con-bridas\/","title":{"rendered":"Indicador de Flujo Con Brida"},"content":{"rendered":"<div id=\"ez-toc-container\" class=\"ez-toc-v2_0_83 counter-hierarchy ez-toc-counter ez-toc-grey ez-toc-container-direction\">\n<div class=\"ez-toc-title-container\">\n<p class=\"ez-toc-title\" style=\"cursor:inherit\">Sayfa \u0130\u00e7eri\u011fi<\/p>\n<span class=\"ez-toc-title-toggle\"><a href=\"#\" class=\"ez-toc-pull-right ez-toc-btn ez-toc-btn-xs ez-toc-btn-default ez-toc-toggle\" aria-label=\"Alternar tabla de contenidos\"><span class=\"ez-toc-js-icon-con\"><span class=\"\"><span class=\"eztoc-hide\" style=\"display:none;\">Toggle<\/span><span class=\"ez-toc-icon-toggle-span\"><svg style=\"fill: #999;color:#999\" xmlns=\"http:\/\/www.w3.org\/2000\/svg\" class=\"list-377408\" width=\"20px\" height=\"20px\" viewBox=\"0 0 24 24\" fill=\"none\"><path d=\"M6 6H4v2h2V6zm14 0H8v2h12V6zM4 11h2v2H4v-2zm16 0H8v2h12v-2zM4 16h2v2H4v-2zm16 0H8v2h12v-2z\" fill=\"currentColor\"><\/path><\/svg><svg style=\"fill: #999;color:#999\" class=\"arrow-unsorted-368013\" xmlns=\"http:\/\/www.w3.org\/2000\/svg\" width=\"10px\" height=\"10px\" viewBox=\"0 0 24 24\" version=\"1.2\" baseProfile=\"tiny\"><path d=\"M18.2 9.3l-6.2-6.3-6.2 6.3c-.2.2-.3.4-.3.7s.1.5.3.7c.2.2.4.3.7.3h11c.3 0 .5-.1.7-.3.2-.2.3-.5.3-.7s-.1-.5-.3-.7zM5.8 14.7l6.2 6.3 6.2-6.3c.2-.2.3-.5.3-.7s-.1-.5-.3-.7c-.2-.2-.4-.3-.7-.3h-11c-.3 0-.5.1-.7.3-.2.2-.3.5-.3.7s.1.5.3.7z\"\/><\/svg><\/span><\/span><\/span><\/a><\/span><\/div>\n<nav><ul class='ez-toc-list ez-toc-list-level-1 ' ><li class='ez-toc-page-1 ez-toc-heading-level-2'><a class=\"ez-toc-link ez-toc-heading-1\" href=\"https:\/\/unox.com.tr\/es\/indicador-de-flujo-con-bridas\/#%C2%BFQue_es_el_indicador_de_flujo_con_brida\" >\u00bfQu\u00e9 es el indicador de flujo con brida?<\/a><\/li><li class='ez-toc-page-1 ez-toc-heading-level-2'><a class=\"ez-toc-link ez-toc-heading-2\" href=\"https:\/\/unox.com.tr\/es\/indicador-de-flujo-con-bridas\/#%C2%BFDonde_se_usa_el_indicador_de_flujo_con_brida\" >\u00bfD\u00f3nde se usa el indicador de flujo con brida?<\/a><\/li><li class='ez-toc-page-1 ez-toc-heading-level-2'><a class=\"ez-toc-link ez-toc-heading-3\" href=\"https:\/\/unox.com.tr\/es\/indicador-de-flujo-con-bridas\/#Caracteristicas_Generales\" >Caracter\u00edsticas Generales<\/a><\/li><\/ul><\/nav><\/div>\n<h2><span class=\"ez-toc-section\" id=\"%C2%BFQue_es_el_indicador_de_flujo_con_brida\"><\/span><span style=\"font-size: 22px;\">\u00bfQu\u00e9 es el indicador de flujo con brida?<\/span><span class=\"ez-toc-section-end\"><\/span><\/h2>\n<p>Un medidor de flujo con brida es un dispositivo que se utiliza para controlar visualmente el caudal de l\u00edquidos o gases a trav\u00e9s de una tuber\u00eda o conducto. Consiste en un accesorio con brida montado en una tuber\u00eda y un indicador de flujo montado en brida. El elemento indicador de flujo generalmente consta de una peque\u00f1a placa o paleta plana montada en el punto de pivote. A medida que el fluido o el gas fluye a trav\u00e9s de la tuber\u00eda, hace que la placa o paleta gire, lo que indica el caudal.<\/p>\n<p>Permite el control visual del fluido y el flujo en las tuber\u00edas, el monitoreo del funcionamiento y el rendimiento de la maquinaria, y todas las unidades de la m\u00e1quina muestran el patr\u00f3n de goteo e incluso la tasa de flujo m\u00e1s peque\u00f1a.<\/p>\n<h2><span class=\"ez-toc-section\" id=\"%C2%BFDonde_se_usa_el_indicador_de_flujo_con_brida\"><\/span><span style=\"font-size: 22px;\">\u00bfD\u00f3nde se usa el indicador de flujo con brida?<\/span><span class=\"ez-toc-section-end\"><\/span><\/h2>\n<p>Los medidores de flujo con bridas se utilizan ampliamente en diversas industrias, como petr\u00f3leo y gas, procesamiento qu\u00edmico y tratamiento de agua, industria de alimentos y bebidas, industria farmac\u00e9utica. Son \u00fatiles para controlar el caudal de l\u00edquidos o gases en tuber\u00edas y se pueden utilizar para determinar cu\u00e1ndo el caudal es demasiado alto o demasiado bajo. Tambi\u00e9n se utilizan para detectar anomal\u00edas de flujo, como flujo turbulento o flujo altamente turbulento. Tambi\u00e9n se utiliza en otras industrias, como la generaci\u00f3n de energ\u00eda, la pulpa y el papel, y la miner\u00eda, para controlar el caudal de l\u00edquidos y gases a trav\u00e9s de tuber\u00edas y sistemas de proceso.<\/p>\n<h2><span class=\"ez-toc-section\" id=\"Caracteristicas_Generales\"><\/span><span style=\"font-size: 22px;\">Caracter\u00edsticas Generales<\/span><span class=\"ez-toc-section-end\"><\/span><\/h2>\n<ul>\n<li><strong>Cuerpo:<\/strong> GGG-40<\/li>\n<li><strong>Cubierta:<\/strong> GGG-40<\/li>\n<li><strong>M\u00e1x. Presi\u00f3n Operacional:<\/strong> 16bar<\/li>\n<li><strong>Vidrio:<\/strong> Vidrio Templado 150\u00b0C<\/li>\n<li><strong>Sellado:<\/strong> PTFE<\/li>\n<li><strong>Conexi\u00f3n:<\/strong> Bridada<\/li>\n<\/ul>\n<p>&nbsp;<\/p>\n<p><img decoding=\"async\" class=\"size-medium wp-image-39079\" src=\"https:\/\/unox.com.tr\/wp-content\/themes\/woodmart\/images\/lazy.svg\" data-src=\"https:\/\/unox.com.tr\/wp-content\/uploads\/2020\/09\/akis-300x178.png\" alt=\"Indicador de flujo de engranajes\" width=\"300\" height=\"178\" title=\"\" srcset=\"\" data-srcset=\"https:\/\/unox.com.tr\/wp-content\/uploads\/2020\/09\/akis-300x178.png 300w, https:\/\/unox.com.tr\/wp-content\/uploads\/2020\/09\/akis-150x89.png 150w, https:\/\/unox.com.tr\/wp-content\/uploads\/2020\/09\/akis-367x218.png 367w, https:\/\/unox.com.tr\/wp-content\/uploads\/2020\/09\/akis.png 387w\" sizes=\"(max-width: 300px) 100vw, 300px\" \/><\/p>\n","protected":false},"excerpt":{"rendered":"<p><a href=\"https:\/\/unox.com.tr\/wp-content\/uploads\/2023\/01\/Flansli-Akis-Gostergesi-.pdf\" target=\"_blank\" rel=\"noopener\"><button style=\"background-color: #11224b; color: #ffffff; padding: 10px 15px; font-family: montserrat; font-weight: bold; font-size: 19px; border-radius: 10px;\"><img decoding=\"async\" style=\"width: 25px; height: 25px;\" src=\"https:\/\/unox.com.tr\/wp-content\/uploads\/2023\/02\/pdf-1.png\">CAT\u00c1LOGO DE PRODUCTO<\/button><\/a><\/p>\n<p><button style=\"background-color: #11224b; margin-top: 5px; color: white; padding: 0px 15px; width: 150px; height: 55px; border-radius: 10px; border: none; cursor: pointer;\"><br \/>\n<img decoding=\"async\" style=\"width: 120px; height: 30px;\" src=\"https:\/\/unox.com.tr\/wp-content\/uploads\/2023\/02\/4-1.svg\"><\/button><\/p>\n","protected":false},"featured_media":25969,"comment_status":"open","ping_status":"closed","template":"","meta":[],"product_brand":[],"product_cat":[487,486],"product_tag":[],"class_list":{"0":"post-12545","1":"product","2":"type-product","3":"status-publish","4":"has-post-thumbnail","6":"product_cat-productos-de-flujo","7":"product_cat-nivel-y-flujo","9":"first","10":"instock","11":"shipping-taxable","12":"product-type-simple"},"_links":{"self":[{"href":"https:\/\/unox.com.tr\/es\/wp-json\/wp\/v2\/product\/12545","targetHints":{"allow":["GET"]}}],"collection":[{"href":"https:\/\/unox.com.tr\/es\/wp-json\/wp\/v2\/product"}],"about":[{"href":"https:\/\/unox.com.tr\/es\/wp-json\/wp\/v2\/types\/product"}],"replies":[{"embeddable":true,"href":"https:\/\/unox.com.tr\/es\/wp-json\/wp\/v2\/comments?post=12545"}],"version-history":[{"count":0,"href":"https:\/\/unox.com.tr\/es\/wp-json\/wp\/v2\/product\/12545\/revisions"}],"wp:featuredmedia":[{"embeddable":true,"href":"https:\/\/unox.com.tr\/es\/wp-json\/wp\/v2\/media\/25969"}],"wp:attachment":[{"href":"https:\/\/unox.com.tr\/es\/wp-json\/wp\/v2\/media?parent=12545"}],"wp:term":[{"taxonomy":"product_brand","embeddable":true,"href":"https:\/\/unox.com.tr\/es\/wp-json\/wp\/v2\/product_brand?post=12545"},{"taxonomy":"product_cat","embeddable":true,"href":"https:\/\/unox.com.tr\/es\/wp-json\/wp\/v2\/product_cat?post=12545"},{"taxonomy":"product_tag","embeddable":true,"href":"https:\/\/unox.com.tr\/es\/wp-json\/wp\/v2\/product_tag?post=12545"}],"curies":[{"name":"wp","href":"https:\/\/api.w.org\/{rel}","templated":true}]}}