{"id":12546,"date":"2020-09-18T06:12:43","date_gmt":"2020-09-18T06:12:43","guid":{"rendered":"http:\/\/www.unox.com.tr\/?post_type=product&#038;p=3896"},"modified":"2023-03-01T13:55:33","modified_gmt":"2023-03-01T10:55:33","slug":"interruptor-de-flujo","status":"publish","type":"product","link":"https:\/\/unox.com.tr\/es\/interruptor-de-flujo\/","title":{"rendered":"Interruptor de Flujo"},"content":{"rendered":"<div id=\"ez-toc-container\" class=\"ez-toc-v2_0_82_2 counter-hierarchy ez-toc-counter ez-toc-grey ez-toc-container-direction\">\n<div class=\"ez-toc-title-container\">\n<p class=\"ez-toc-title\" style=\"cursor:inherit\">Sayfa \u0130\u00e7eri\u011fi<\/p>\n<span class=\"ez-toc-title-toggle\"><a href=\"#\" class=\"ez-toc-pull-right ez-toc-btn ez-toc-btn-xs ez-toc-btn-default ez-toc-toggle\" aria-label=\"Alternar tabla de contenidos\"><span class=\"ez-toc-js-icon-con\"><span class=\"\"><span class=\"eztoc-hide\" style=\"display:none;\">Toggle<\/span><span class=\"ez-toc-icon-toggle-span\"><svg style=\"fill: #999;color:#999\" xmlns=\"http:\/\/www.w3.org\/2000\/svg\" class=\"list-377408\" width=\"20px\" height=\"20px\" viewBox=\"0 0 24 24\" fill=\"none\"><path d=\"M6 6H4v2h2V6zm14 0H8v2h12V6zM4 11h2v2H4v-2zm16 0H8v2h12v-2zM4 16h2v2H4v-2zm16 0H8v2h12v-2z\" fill=\"currentColor\"><\/path><\/svg><svg style=\"fill: #999;color:#999\" class=\"arrow-unsorted-368013\" xmlns=\"http:\/\/www.w3.org\/2000\/svg\" width=\"10px\" height=\"10px\" viewBox=\"0 0 24 24\" version=\"1.2\" baseProfile=\"tiny\"><path d=\"M18.2 9.3l-6.2-6.3-6.2 6.3c-.2.2-.3.4-.3.7s.1.5.3.7c.2.2.4.3.7.3h11c.3 0 .5-.1.7-.3.2-.2.3-.5.3-.7s-.1-.5-.3-.7zM5.8 14.7l6.2 6.3 6.2-6.3c.2-.2.3-.5.3-.7s-.1-.5-.3-.7c-.2-.2-.4-.3-.7-.3h-11c-.3 0-.5.1-.7.3-.2.2-.3.5-.3.7s.1.5.3.7z\"\/><\/svg><\/span><\/span><\/span><\/a><\/span><\/div>\n<nav><ul class='ez-toc-list ez-toc-list-level-1 ' ><li class='ez-toc-page-1 ez-toc-heading-level-2'><a class=\"ez-toc-link ez-toc-heading-1\" href=\"https:\/\/unox.com.tr\/es\/interruptor-de-flujo\/#%C2%BFQue_es_un_interruptor_de_flujo\" >\u00bfQu\u00e9 es un interruptor de flujo?<\/a><\/li><li class='ez-toc-page-1 ez-toc-heading-level-2'><a class=\"ez-toc-link ez-toc-heading-2\" href=\"https:\/\/unox.com.tr\/es\/interruptor-de-flujo\/#%C2%BFQue_hace_un_interruptor_de_flujo\" >\u00bfQu\u00e9 hace un interruptor de flujo?<\/a><\/li><li class='ez-toc-page-1 ez-toc-heading-level-2'><a class=\"ez-toc-link ez-toc-heading-3\" href=\"https:\/\/unox.com.tr\/es\/interruptor-de-flujo\/#Caracteristicas_Generales\" >Caracter\u00edsticas Generales<\/a><\/li><li class='ez-toc-page-1 ez-toc-heading-level-2'><a class=\"ez-toc-link ez-toc-heading-4\" href=\"https:\/\/unox.com.tr\/es\/interruptor-de-flujo\/#Aplicar\" >Aplicar<\/a><\/li><li class='ez-toc-page-1 ez-toc-heading-level-2'><a class=\"ez-toc-link ez-toc-heading-5\" href=\"https:\/\/unox.com.tr\/es\/interruptor-de-flujo\/#Asamblea\" >Asamblea<\/a><\/li><li class='ez-toc-page-1 ez-toc-heading-level-2'><a class=\"ez-toc-link ez-toc-heading-6\" href=\"https:\/\/unox.com.tr\/es\/interruptor-de-flujo\/#Ajustes\" >Ajustes<\/a><\/li><\/ul><\/nav><\/div>\n<h2><span class=\"ez-toc-section\" id=\"%C2%BFQue_es_un_interruptor_de_flujo\"><\/span><span style=\"font-size: 22px;\">\u00bfQu\u00e9 es un interruptor de flujo?<\/span><span class=\"ez-toc-section-end\"><\/span><\/h2>\n<p>Un interruptor de flujo es un dispositivo que se utiliza para detectar el flujo de gases o l\u00edquidos a trav\u00e9s de una tuber\u00eda u otro conducto. Se usa com\u00fanmente para monitorear el flujo de fluido de proceso en un sistema y para activar una alarma u otro tipo de mecanismo de control si el flujo cae fuera de un rango predeterminado. Los interruptores de flujo se usan com\u00fanmente en entornos industriales y comerciales para mantener el equipo funcionando de manera segura y eficiente y para evitar que ocurran da\u00f1os o accidentes.<\/p>\n<h2><span class=\"ez-toc-section\" id=\"%C2%BFQue_hace_un_interruptor_de_flujo\"><\/span><span style=\"font-size: 22px;\">\u00bfQu\u00e9 hace un interruptor de flujo?<\/span><span class=\"ez-toc-section-end\"><\/span><\/h2>\n<p>Los interruptores de flujo se pueden usar en una variedad de aplicaciones, incluido el monitoreo del flujo de agua en la tuber\u00eda, la detecci\u00f3n del flujo de gas en el sistema de ventilaci\u00f3n y la detecci\u00f3n del flujo de l\u00edquido en la planta de procesamiento qu\u00edmico. Est\u00e1n disponibles en varios tama\u00f1os y configuraciones y se pueden usar con diferentes tipos de fluidos seg\u00fan los requisitos espec\u00edficos de la aplicaci\u00f3n. Los interruptores de flujo generalmente consisten en un elemento sensor colocado en la corriente de flujo y una unidad de control conectada al elemento sensor y encargada de activar la alarma o el mecanismo de control cuando sea necesario.<\/p>\n<h2><span class=\"ez-toc-section\" id=\"Caracteristicas_Generales\"><\/span><span style=\"font-size: 22px;\">Caracter\u00edsticas Generales<\/span><span class=\"ez-toc-section-end\"><\/span><\/h2>\n<ul>\n<li><strong>Modelo:<\/strong> UAKS 16<\/li>\n<li><strong>Tama\u00f1o:<\/strong> 1&#8243;<\/li>\n<li><strong>Cuerpo:<\/strong> Lat\u00f3n<\/li>\n<li><strong>Placas:<\/strong> Acero Inoxidable AISI 304<\/li>\n<li><strong>Suministro:<\/strong> todos los voltajes<\/li>\n<li><strong>Aplicabilidad Di\u00e1metro de la l\u00ednea:<\/strong> 1&#8243; &#8211; 6&#8243;<\/li>\n<li><strong>Tipo de control:<\/strong> Pedal<\/li>\n<li><strong>Presi\u00f3n est\u00e1tica m\u00e1xima:<\/strong> 10 kg\/cm2 &#8212; 20 kg\/cm2<\/li>\n<li><strong>Rango de temperatura ambiente:<\/strong> 0 \u00b0C &#8211; 60 \u00b0C<\/li>\n<li><strong>Temperatura m\u00e1xima del fluido:<\/strong> 100 \u00b0C<\/li>\n<li><strong>Interruptor el\u00e9ctrico:<\/strong> Clasificaci\u00f3n SPD: 220Vac, 15A<\/li>\n<li><strong>Conexi\u00f3n:<\/strong> Mediante Atornillado<\/li>\n<li><strong>Caja del interruptor de flujo:<\/strong> Parte de conexi\u00f3n de l\u00ednea Cubierta de pl\u00e1stico semiabierta<\/li>\n<\/ul>\n<h2><span class=\"ez-toc-section\" id=\"Aplicar\"><\/span><span style=\"font-size: 22px;\">Aplicar<\/span><span class=\"ez-toc-section-end\"><\/span><\/h2>\n<p>Se utiliza para el control de flujo en instalaciones de agua o cualquier fluido que no da\u00f1e el lat\u00f3n, el f\u00f3sforo, el bronce y no est\u00e9 clasificado como peligroso.<\/p>\n<h2><span class=\"ez-toc-section\" id=\"Asamblea\"><\/span><span style=\"font-size: 22px;\">Asamblea<\/span><span class=\"ez-toc-section-end\"><\/span><\/h2>\n<ul>\n<li>Horizontal o verticalmente, el interruptor de flujo debe conectarse en paralelo a la tuber\u00eda de l\u00ednea.<\/li>\n<li>La distancia (A) de los puntos de conexi\u00f3n a la derecha e izquierda del interruptor de flujo debe ser al menos 5 veces el di\u00e1metro de la tuber\u00eda.<\/li>\n<\/ul>\n<h2><span class=\"ez-toc-section\" id=\"Ajustes\"><\/span><span style=\"font-size: 22px;\">Ajustes<\/span><span class=\"ez-toc-section-end\"><\/span><\/h2>\n<ol>\n<li>Retire la tapa de la llave.<\/li>\n<li>Gire el tornillo de ajuste en el sentido de las agujas del reloj para aumentar el caudal.<\/li>\n<li>Gire el tornillo de ajuste en sentido antihorario para flujo bajo.<\/li>\n<li>Aseg\u00farese de que la cubierta encaje en su lugar al final del trabajo.<\/li>\n<\/ol>\n<p>NOTA: La pieza de sellado no es ajustable.<\/p>\n","protected":false},"excerpt":{"rendered":"<p><a href=\"https:\/\/unox.com.tr\/wp-content\/uploads\/2023\/01\/Akis-Salteri.pdf\" target=\"_blank\" rel=\"noopener\"><button style=\"background-color: #11224b; color: #ffffff; padding: 10px 15px; font-family: montserrat; font-weight: bold; font-size: 19px; border-radius: 10px;\"><img decoding=\"async\" style=\"width: 25px; height: 25px;\" src=\"https:\/\/unox.com.tr\/wp-content\/uploads\/2023\/02\/pdf-1.png\">CAT\u00c1LOGO DE PRODUCTO<\/button><\/a><\/p>\n<p><button style=\"background-color: #11224b; margin-top: 5px; color: white; padding: 0px 15px; width: 150px; height: 55px; border-radius: 10px; border: none; cursor: pointer;\"><br \/>\n<img decoding=\"async\" style=\"width: 120px; height: 30px;\" src=\"https:\/\/unox.com.tr\/wp-content\/uploads\/2023\/02\/4-1.svg\"><\/button><\/p>\n","protected":false},"featured_media":69678,"comment_status":"closed","ping_status":"closed","template":"","meta":{"_joinchat":[]},"product_brand":[],"product_cat":[487,486],"product_tag":[],"class_list":{"0":"post-12546","1":"product","2":"type-product","3":"status-publish","4":"has-post-thumbnail","6":"product_cat-productos-de-flujo","7":"product_cat-nivel-y-flujo","9":"first","10":"instock","11":"shipping-taxable","12":"product-type-simple"},"_links":{"self":[{"href":"https:\/\/unox.com.tr\/es\/wp-json\/wp\/v2\/product\/12546","targetHints":{"allow":["GET"]}}],"collection":[{"href":"https:\/\/unox.com.tr\/es\/wp-json\/wp\/v2\/product"}],"about":[{"href":"https:\/\/unox.com.tr\/es\/wp-json\/wp\/v2\/types\/product"}],"replies":[{"embeddable":true,"href":"https:\/\/unox.com.tr\/es\/wp-json\/wp\/v2\/comments?post=12546"}],"version-history":[{"count":0,"href":"https:\/\/unox.com.tr\/es\/wp-json\/wp\/v2\/product\/12546\/revisions"}],"wp:featuredmedia":[{"embeddable":true,"href":"https:\/\/unox.com.tr\/es\/wp-json\/wp\/v2\/media\/69678"}],"wp:attachment":[{"href":"https:\/\/unox.com.tr\/es\/wp-json\/wp\/v2\/media?parent=12546"}],"wp:term":[{"taxonomy":"product_brand","embeddable":true,"href":"https:\/\/unox.com.tr\/es\/wp-json\/wp\/v2\/product_brand?post=12546"},{"taxonomy":"product_cat","embeddable":true,"href":"https:\/\/unox.com.tr\/es\/wp-json\/wp\/v2\/product_cat?post=12546"},{"taxonomy":"product_tag","embeddable":true,"href":"https:\/\/unox.com.tr\/es\/wp-json\/wp\/v2\/product_tag?post=12546"}],"curies":[{"name":"wp","href":"https:\/\/api.w.org\/{rel}","templated":true}]}}