{"id":12551,"date":"2020-09-18T06:18:56","date_gmt":"2020-09-18T03:18:56","guid":{"rendered":"http:\/\/www.unox.com.tr\/?post_type=product&#038;p=3912"},"modified":"2023-03-01T13:45:36","modified_gmt":"2023-03-01T10:45:36","slug":"indicador-de-nivel-magnetico","status":"publish","type":"product","link":"https:\/\/unox.com.tr\/es\/indicador-de-nivel-magnetico\/","title":{"rendered":"Indicador de Nivel Magn\u00e9tico"},"content":{"rendered":"<div id=\"ez-toc-container\" class=\"ez-toc-v2_0_82_2 counter-hierarchy ez-toc-counter ez-toc-grey ez-toc-container-direction\">\n<div class=\"ez-toc-title-container\">\n<p class=\"ez-toc-title\" style=\"cursor:inherit\">Sayfa \u0130\u00e7eri\u011fi<\/p>\n<span class=\"ez-toc-title-toggle\"><a href=\"#\" class=\"ez-toc-pull-right ez-toc-btn ez-toc-btn-xs ez-toc-btn-default ez-toc-toggle\" aria-label=\"Alternar tabla de contenidos\"><span class=\"ez-toc-js-icon-con\"><span class=\"\"><span class=\"eztoc-hide\" style=\"display:none;\">Toggle<\/span><span class=\"ez-toc-icon-toggle-span\"><svg style=\"fill: #999;color:#999\" xmlns=\"http:\/\/www.w3.org\/2000\/svg\" class=\"list-377408\" width=\"20px\" height=\"20px\" viewBox=\"0 0 24 24\" fill=\"none\"><path d=\"M6 6H4v2h2V6zm14 0H8v2h12V6zM4 11h2v2H4v-2zm16 0H8v2h12v-2zM4 16h2v2H4v-2zm16 0H8v2h12v-2z\" fill=\"currentColor\"><\/path><\/svg><svg style=\"fill: #999;color:#999\" class=\"arrow-unsorted-368013\" xmlns=\"http:\/\/www.w3.org\/2000\/svg\" width=\"10px\" height=\"10px\" viewBox=\"0 0 24 24\" version=\"1.2\" baseProfile=\"tiny\"><path d=\"M18.2 9.3l-6.2-6.3-6.2 6.3c-.2.2-.3.4-.3.7s.1.5.3.7c.2.2.4.3.7.3h11c.3 0 .5-.1.7-.3.2-.2.3-.5.3-.7s-.1-.5-.3-.7zM5.8 14.7l6.2 6.3 6.2-6.3c.2-.2.3-.5.3-.7s-.1-.5-.3-.7c-.2-.2-.4-.3-.7-.3h-11c-.3 0-.5.1-.7.3-.2.2-.3.5-.3.7s.1.5.3.7z\"\/><\/svg><\/span><\/span><\/span><\/a><\/span><\/div>\n<nav><ul class='ez-toc-list ez-toc-list-level-1 ' ><li class='ez-toc-page-1 ez-toc-heading-level-2'><a class=\"ez-toc-link ez-toc-heading-1\" href=\"https:\/\/unox.com.tr\/es\/indicador-de-nivel-magnetico\/#%C2%BFQue_es_el_indicador_de_nivel_magnetico\" >\u00bfQu\u00e9 es el indicador de nivel magn\u00e9tico?<\/a><\/li><li class='ez-toc-page-1 ez-toc-heading-level-2'><a class=\"ez-toc-link ez-toc-heading-2\" href=\"https:\/\/unox.com.tr\/es\/indicador-de-nivel-magnetico\/#%C2%BFComo_funciona_un_indicador_de_nivel_magnetico\" >\u00bfC\u00f3mo funciona un indicador de nivel magn\u00e9tico?<\/a><\/li><li class='ez-toc-page-1 ez-toc-heading-level-2'><a class=\"ez-toc-link ez-toc-heading-3\" href=\"https:\/\/unox.com.tr\/es\/indicador-de-nivel-magnetico\/#Caracteristicas_del_Producto\" >Caracter\u00edsticas del Producto<\/a><\/li><li class='ez-toc-page-1 ez-toc-heading-level-2'><a class=\"ez-toc-link ez-toc-heading-4\" href=\"https:\/\/unox.com.tr\/es\/indicador-de-nivel-magnetico\/#%C2%BFCuales_son_las_ventajas_del_indicador_de_nivel_magnetico\" >\u00bfCu\u00e1les son las ventajas del indicador de nivel magn\u00e9tico?<\/a><\/li><li class='ez-toc-page-1 ez-toc-heading-level-2'><a class=\"ez-toc-link ez-toc-heading-5\" href=\"https:\/\/unox.com.tr\/es\/indicador-de-nivel-magnetico\/#Ambito_de_Aplicacion\" >\u00c1mbito de Aplicaci\u00f3n<\/a><\/li><\/ul><\/nav><\/div>\n<h2><span class=\"ez-toc-section\" id=\"%C2%BFQue_es_el_indicador_de_nivel_magnetico\"><\/span><span style=\"font-size: 22px;\">\u00bfQu\u00e9 es el indicador de nivel magn\u00e9tico?<\/span><span class=\"ez-toc-section-end\"><\/span><\/h2>\n<p>El indicador de nivel magn\u00e9tico es un tipo de <strong>sensor de nivel<\/strong> que utiliza la flotabilidad del agua y las propiedades magn\u00e9ticas repulsivas y atractivas de los imanes para medir los niveles de l\u00edquidos. Gracias a estas caracter\u00edsticas, permite monitorear el nivel de l\u00edquido de forma remota al integrarse con los sistemas de automatizaci\u00f3n. Gracias a su fiabilidad en medidas de nivel econ\u00f3micas y en constante cambio, han comenzado a ser los preferidos en muchos sectores.<\/p>\n<h2><span class=\"ez-toc-section\" id=\"%C2%BFComo_funciona_un_indicador_de_nivel_magnetico\"><\/span><span style=\"font-size: 22px;\">\u00bfC\u00f3mo funciona un indicador de nivel magn\u00e9tico?<\/span><span class=\"ez-toc-section-end\"><\/span><\/h2>\n<p>Los indicadores de nivel magn\u00e9ticos funcionan seg\u00fan el principio de los recipientes compuestos. Por lo tanto, el nivel en la c\u00e1mara de medici\u00f3n (tubo) y el nivel en el tanque son iguales. Dentro del tubo de medici\u00f3n hay un flotador con imanes. A medida que el flotador se mueve en el tubo con un movimiento vertical de arriba hacia abajo, la direcci\u00f3n de las aletas cambia y el color de las aletas, que est\u00e1n pintadas con diferentes colores (generalmente rojo-blanco), cambia. Esto nos permite monitorear el nivel visual. Con la adaptaci\u00f3n del indicador de nivel con el dispositivo de control digital, los valores de nivel se pueden monitorear de forma remota a trav\u00e9s del sistema de automatizaci\u00f3n.<\/p>\n<h2><span class=\"ez-toc-section\" id=\"Caracteristicas_del_Producto\"><\/span><span style=\"font-size: 22px;\">Caracter\u00edsticas del Producto<\/span><span class=\"ez-toc-section-end\"><\/span><\/h2>\n<ul>\n<li><strong>Cuerpo :<\/strong> AISI 304\/316 Inoxidable<\/li>\n<li><strong>Disco Magn\u00e9tico :<\/strong> Aluminio<\/li>\n<li><strong>Cubierta :<\/strong> Pl\u00e1stico\/Aluminio<\/li>\n<li><strong>Flotador:<\/strong> AISI 316L<\/li>\n<li><strong>Tap\u00f3n de drenaje inoxidable:<\/strong> 3\/8\u201d<\/li>\n<li><strong>Tipo de conexi\u00f3n:<\/strong> brida, brida roscada<\/li>\n<li><strong>Tipos:<\/strong> DIN, ANSI, JIS<\/li>\n<li><strong>Brida:<\/strong> Acero al Carbono St 37.2, Inoxidable<\/li>\n<li><strong>Clase de protecci\u00f3n:<\/strong> IP66<\/li>\n<li><strong>M\u00e1x.<\/strong> <strong>Presi\u00f3n Operacional <\/strong> : 16 Bar<\/li>\n<li><strong>M\u00e1x.<\/strong> <strong>Temperatura de Funcionamiento : <\/strong> 200 \u00b0C<\/li>\n<li><strong>Contacto Disponibilidad :<\/strong> Disponible<\/li>\n<\/ul>\n<h2><span class=\"ez-toc-section\" id=\"%C2%BFCuales_son_las_ventajas_del_indicador_de_nivel_magnetico\"><\/span><span style=\"font-size: 22px;\">\u00bfCu\u00e1les son las ventajas del indicador de nivel magn\u00e9tico?<\/span><span class=\"ez-toc-section-end\"><\/span><\/h2>\n<ul>\n<li>Uso de flotador sin presi\u00f3n est\u00e1ndar<\/li>\n<li>Sistema resistente a la corrosi\u00f3n<\/li>\n<li>Presi\u00f3n, temperatura, espuma, medici\u00f3n independiente de la viscosidad<\/li>\n<li>Monitoreo continuo sin necesidad de alimentaci\u00f3n externa<\/li>\n<li>Exposici\u00f3n m\u00ednima a los cambios de densidad<\/li>\n<li>Posibilidad de equiparse con interruptores regulables<\/li>\n<li>Sin necesidad de iluminaci\u00f3n de fondo<\/li>\n<\/ul>\n<h2><span class=\"ez-toc-section\" id=\"Ambito_de_Aplicacion\"><\/span><span style=\"font-size: 22px;\">\u00c1mbito de Aplicaci\u00f3n<\/span><span class=\"ez-toc-section-end\"><\/span><\/h2>\n<ul>\n<li>Refiner\u00edas e industrias qu\u00edmicas<\/li>\n<li>Exploraci\u00f3n y perforaci\u00f3n en alta mar<\/li>\n<li>Tecnolog\u00eda de energ\u00eda y plantas el\u00e9ctricas<\/li>\n<li>Aplicaciones de compresores de tuber\u00edas<\/li>\n<li>Calentadores y calderas de agua de alimentaci\u00f3n<\/li>\n<li>Comida y bebida<\/li>\n<li>Industrias de petr\u00f3leo y gas<\/li>\n<li>Plantas de gas<\/li>\n<li>Pulpo y papel<\/li>\n<li>Farmacia<\/li>\n<\/ul>\n","protected":false},"excerpt":{"rendered":"<p><a href=\"https:\/\/unox.com.tr\/wp-content\/uploads\/2023\/01\/Manyetik-Seviye-Gostergesi.pdf\" target=\"_blank\" rel=\"noopener\"><button style=\"background-color: #11224b; color: #ffffff; padding: 10px 15px; font-family: montserrat; font-weight: bold; font-size: 19px; border-radius: 10px;\"><img decoding=\"async\" style=\"width: 25px; height: 25px;\" src=\"https:\/\/unox.com.tr\/wp-content\/uploads\/2023\/02\/pdf-1.png\">CAT\u00c1LOGO DE PRODUCTO<\/button><\/a><\/p>\n<p><button style=\"background-color: #11224b; margin-top: 5px; color: white; padding: 0px 15px; width: 150px; height: 55px; border-radius: 10px; border: none; cursor: pointer;\"><br \/>\n<img decoding=\"async\" style=\"width: 120px; height: 30px;\" src=\"https:\/\/unox.com.tr\/wp-content\/uploads\/2023\/02\/4-1.svg\"><\/button><\/p>\n","protected":false},"featured_media":30421,"comment_status":"open","ping_status":"closed","template":"","meta":{"_joinchat":[]},"product_brand":[],"product_cat":[489,486],"product_tag":[],"class_list":{"0":"post-12551","1":"product","2":"type-product","3":"status-publish","4":"has-post-thumbnail","6":"product_cat-indicadores-de-nivel","7":"product_cat-nivel-y-flujo","9":"first","10":"instock","11":"shipping-taxable","12":"product-type-simple"},"_links":{"self":[{"href":"https:\/\/unox.com.tr\/es\/wp-json\/wp\/v2\/product\/12551","targetHints":{"allow":["GET"]}}],"collection":[{"href":"https:\/\/unox.com.tr\/es\/wp-json\/wp\/v2\/product"}],"about":[{"href":"https:\/\/unox.com.tr\/es\/wp-json\/wp\/v2\/types\/product"}],"replies":[{"embeddable":true,"href":"https:\/\/unox.com.tr\/es\/wp-json\/wp\/v2\/comments?post=12551"}],"version-history":[{"count":0,"href":"https:\/\/unox.com.tr\/es\/wp-json\/wp\/v2\/product\/12551\/revisions"}],"wp:featuredmedia":[{"embeddable":true,"href":"https:\/\/unox.com.tr\/es\/wp-json\/wp\/v2\/media\/30421"}],"wp:attachment":[{"href":"https:\/\/unox.com.tr\/es\/wp-json\/wp\/v2\/media?parent=12551"}],"wp:term":[{"taxonomy":"product_brand","embeddable":true,"href":"https:\/\/unox.com.tr\/es\/wp-json\/wp\/v2\/product_brand?post=12551"},{"taxonomy":"product_cat","embeddable":true,"href":"https:\/\/unox.com.tr\/es\/wp-json\/wp\/v2\/product_cat?post=12551"},{"taxonomy":"product_tag","embeddable":true,"href":"https:\/\/unox.com.tr\/es\/wp-json\/wp\/v2\/product_tag?post=12551"}],"curies":[{"name":"wp","href":"https:\/\/api.w.org\/{rel}","templated":true}]}}