{"id":12554,"date":"2020-09-18T06:23:36","date_gmt":"2020-09-18T03:23:36","guid":{"rendered":"http:\/\/www.unox.com.tr\/?post_type=product&#038;p=3922"},"modified":"2023-03-01T14:05:39","modified_gmt":"2023-03-01T11:05:39","slug":"interruptor-de-nivel-a70","status":"publish","type":"product","link":"https:\/\/unox.com.tr\/es\/interruptor-de-nivel-a70\/","title":{"rendered":"Interruptor de Nivel A70 (Tanques Abiertos &#8211; Cerrados)"},"content":{"rendered":"<div id=\"ez-toc-container\" class=\"ez-toc-v2_0_82_2 counter-hierarchy ez-toc-counter ez-toc-grey ez-toc-container-direction\">\n<div class=\"ez-toc-title-container\">\n<p class=\"ez-toc-title\" style=\"cursor:inherit\">Sayfa \u0130\u00e7eri\u011fi<\/p>\n<span class=\"ez-toc-title-toggle\"><a href=\"#\" class=\"ez-toc-pull-right ez-toc-btn ez-toc-btn-xs ez-toc-btn-default ez-toc-toggle\" aria-label=\"Alternar tabla de contenidos\"><span class=\"ez-toc-js-icon-con\"><span class=\"\"><span class=\"eztoc-hide\" style=\"display:none;\">Toggle<\/span><span class=\"ez-toc-icon-toggle-span\"><svg style=\"fill: #999;color:#999\" xmlns=\"http:\/\/www.w3.org\/2000\/svg\" class=\"list-377408\" width=\"20px\" height=\"20px\" viewBox=\"0 0 24 24\" fill=\"none\"><path d=\"M6 6H4v2h2V6zm14 0H8v2h12V6zM4 11h2v2H4v-2zm16 0H8v2h12v-2zM4 16h2v2H4v-2zm16 0H8v2h12v-2z\" fill=\"currentColor\"><\/path><\/svg><svg style=\"fill: #999;color:#999\" class=\"arrow-unsorted-368013\" xmlns=\"http:\/\/www.w3.org\/2000\/svg\" width=\"10px\" height=\"10px\" viewBox=\"0 0 24 24\" version=\"1.2\" baseProfile=\"tiny\"><path d=\"M18.2 9.3l-6.2-6.3-6.2 6.3c-.2.2-.3.4-.3.7s.1.5.3.7c.2.2.4.3.7.3h11c.3 0 .5-.1.7-.3.2-.2.3-.5.3-.7s-.1-.5-.3-.7zM5.8 14.7l6.2 6.3 6.2-6.3c.2-.2.3-.5.3-.7s-.1-.5-.3-.7c-.2-.2-.4-.3-.7-.3h-11c-.3 0-.5.1-.7.3-.2.2-.3.5-.3.7s.1.5.3.7z\"\/><\/svg><\/span><\/span><\/span><\/a><\/span><\/div>\n<nav><ul class='ez-toc-list ez-toc-list-level-1 ' ><li class='ez-toc-page-1 ez-toc-heading-level-2'><a class=\"ez-toc-link ez-toc-heading-1\" href=\"https:\/\/unox.com.tr\/es\/interruptor-de-nivel-a70\/#%C2%BFQue_es_el_interruptor_de_nivel\" >\u00bfQu\u00e9 es el interruptor de nivel?<\/a><\/li><li class='ez-toc-page-1 ez-toc-heading-level-2'><a class=\"ez-toc-link ez-toc-heading-2\" href=\"https:\/\/unox.com.tr\/es\/interruptor-de-nivel-a70\/#%C2%BFDonde_se_usa_el_interruptor_de_nivel\" >\u00bfD\u00f3nde se usa el interruptor de nivel?<\/a><\/li><li class='ez-toc-page-1 ez-toc-heading-level-2'><a class=\"ez-toc-link ez-toc-heading-3\" href=\"https:\/\/unox.com.tr\/es\/interruptor-de-nivel-a70\/#Caracteristicas_Generales\" >Caracter\u00edsticas Generales<\/a><\/li><li class='ez-toc-page-1 ez-toc-heading-level-2'><a class=\"ez-toc-link ez-toc-heading-4\" href=\"https:\/\/unox.com.tr\/es\/interruptor-de-nivel-a70\/#Caracteristicas_electricas\" >Caracter\u00edsticas el\u00e9ctricas<\/a><\/li><\/ul><\/nav><\/div>\n<h2><span class=\"ez-toc-section\" id=\"%C2%BFQue_es_el_interruptor_de_nivel\"><\/span><span style=\"font-size: 22px;\">\u00bfQu\u00e9 es el interruptor de nivel?<\/span><span class=\"ez-toc-section-end\"><\/span><\/h2>\n<p>Un interruptor de nivel es un dispositivo que se utiliza para detectar el nivel de un l\u00edquido o s\u00f3lido en un recipiente o tanque. Es un tipo de sensor que se puede usar para determinar el nivel de materia en un rango determinado y puede ser flotante o capacitivo.<\/p>\n<p>Los interruptores de nivel operados por flotador usan un elemento flotante como un flotador que se mueve hacia arriba y hacia abajo con el nivel del l\u00edquido. A medida que el flotador sube o baja, activa un interruptor mec\u00e1nico o un sensor que env\u00eda una se\u00f1al a un sistema de control. Este tipo de interruptor de nivel se usa a menudo en tanques de agua, plantas de tratamiento de aguas residuales y otras aplicaciones donde se requiere un control constante del nivel de l\u00edquido.<\/p>\n<p>Los interruptores de nivel capacitivos, por otro lado, usan un campo el\u00e9ctrico para detectar la presencia de una sustancia. Dichos interruptores de nivel se usan generalmente en aplicaciones donde la sustancia monitoreada no es conductora o la presencia de un flotador y otro elemento mec\u00e1nico no ser\u00eda pr\u00e1ctica.<\/p>\n<h2><span class=\"ez-toc-section\" id=\"%C2%BFDonde_se_usa_el_interruptor_de_nivel\"><\/span><span style=\"font-size: 22px;\">\u00bfD\u00f3nde se usa el interruptor de nivel?<\/span><span class=\"ez-toc-section-end\"><\/span><\/h2>\n<p>Los interruptores de nivel se pueden utilizar en una amplia variedad de industrias, incluido el procesamiento qu\u00edmico, petr\u00f3leo y gas, alimentos y bebidas y tratamiento de agua. Son una parte esencial de muchos sistemas de control de procesos, ya que brindan una forma confiable de monitorear y controlar el nivel de una sustancia en un recipiente o recipiente.<\/p>\n<h2><span class=\"ez-toc-section\" id=\"Caracteristicas_Generales\"><\/span><span class=\"subTitle\" style=\"font-size: 22px;\">Caracter\u00edsticas Generales<\/span><span class=\"ez-toc-section-end\"><\/span><\/h2>\n<div class=\"prod-text-cnt\">\n<div class=\"twoCol\">\n<ul>\n<li>Cubierta de termopl\u00e1stico resistente a impactos<\/li>\n<li>Piezas met\u00e1licas fabricadas en acero zinc iridio.<\/li>\n<li>Flotador Moplen.<\/li>\n<li>El nivel ajustable 50 \u00f7 750 mm se logra mediante cables seriales. Es posible lograr una diferencia de nivel de hasta varios metros con cables de diferentes longitudes.<\/li>\n<li>Contrapesos recubiertos de termopl\u00e1stico resistentes a los \u00e1cidos y resistentes a los impactos<\/li>\n<li>Cuerda de nailon para ajustar las diferencias de nivel<\/li>\n<li>Temperatura de almacenaje y transporte: -25 \u00f7 60\u00b0C.<\/li>\n<li>Peso unitario: 1,1 Kg.<\/li>\n<\/ul>\n<\/div>\n<div>\n<h2><span class=\"ez-toc-section\" id=\"Caracteristicas_electricas\"><\/span><span class=\"subsubTitle\" style=\"font-size: 22px;\">Caracter\u00edsticas el\u00e9ctricas<\/span><span class=\"ez-toc-section-end\"><\/span><\/h2>\n<ul>\n<li>Interruptor tripolar, contactos de aleaci\u00f3n de plata.<\/li>\n<li>Control directo de la bomba.<\/li>\n<li>En el caso de un motor monof\u00e1sico, solo se conectan dos polos.<\/li>\n<\/ul>\n<\/div>\n<\/div>\n","protected":false},"excerpt":{"rendered":"<p><a href=\"https:\/\/unox.com.tr\/wp-content\/uploads\/2022\/07\/a70-en-technical-data-sheet.pdf\" target=\"_blank\" rel=\"noopener\"><button style=\"background-color: #11224b; color: #ffffff; padding: 10px 15px; font-family: montserrat; font-weight: bold; font-size: 19px; border-radius: 10px;\"><img decoding=\"async\" style=\"width: 25px; height: 25px;\" src=\"https:\/\/unox.com.tr\/wp-content\/uploads\/2023\/02\/pdf-1.png\">CAT\u00c1LOGO DE PRODUCTO<\/button><\/a><\/p>\n<p><button style=\"background-color: #11224b; margin-top: 5px; color: white; padding: 0px 15px; width: 150px; height: 55px; border-radius: 10px; border: none; cursor: pointer;\"><br \/>\n<img decoding=\"async\" style=\"width: 120px; height: 30px;\" src=\"https:\/\/unox.com.tr\/wp-content\/uploads\/2023\/02\/4-1.svg\"><\/button><\/p>\n","protected":false},"featured_media":25933,"comment_status":"open","ping_status":"closed","template":"","meta":[],"product_brand":[],"product_cat":[490,1557,486],"product_tag":[],"class_list":{"0":"post-12554","1":"product","2":"type-product","3":"status-publish","4":"has-post-thumbnail","6":"product_cat-interruptores-de-nivel","7":"product_cat-fantini-cosmi-es","8":"product_cat-nivel-y-flujo","10":"first","11":"instock","12":"shipping-taxable","13":"product-type-simple"},"_links":{"self":[{"href":"https:\/\/unox.com.tr\/es\/wp-json\/wp\/v2\/product\/12554","targetHints":{"allow":["GET"]}}],"collection":[{"href":"https:\/\/unox.com.tr\/es\/wp-json\/wp\/v2\/product"}],"about":[{"href":"https:\/\/unox.com.tr\/es\/wp-json\/wp\/v2\/types\/product"}],"replies":[{"embeddable":true,"href":"https:\/\/unox.com.tr\/es\/wp-json\/wp\/v2\/comments?post=12554"}],"version-history":[{"count":0,"href":"https:\/\/unox.com.tr\/es\/wp-json\/wp\/v2\/product\/12554\/revisions"}],"wp:featuredmedia":[{"embeddable":true,"href":"https:\/\/unox.com.tr\/es\/wp-json\/wp\/v2\/media\/25933"}],"wp:attachment":[{"href":"https:\/\/unox.com.tr\/es\/wp-json\/wp\/v2\/media?parent=12554"}],"wp:term":[{"taxonomy":"product_brand","embeddable":true,"href":"https:\/\/unox.com.tr\/es\/wp-json\/wp\/v2\/product_brand?post=12554"},{"taxonomy":"product_cat","embeddable":true,"href":"https:\/\/unox.com.tr\/es\/wp-json\/wp\/v2\/product_cat?post=12554"},{"taxonomy":"product_tag","embeddable":true,"href":"https:\/\/unox.com.tr\/es\/wp-json\/wp\/v2\/product_tag?post=12554"}],"curies":[{"name":"wp","href":"https:\/\/api.w.org\/{rel}","templated":true}]}}