{"id":12559,"date":"2020-09-18T06:49:12","date_gmt":"2020-09-18T06:49:12","guid":{"rendered":"http:\/\/www.unox.com.tr\/?post_type=product&#038;p=3989"},"modified":"2023-03-01T13:13:28","modified_gmt":"2023-03-01T10:13:28","slug":"valvula-de-retencion-de-disco-de-laton","status":"publish","type":"product","link":"https:\/\/unox.com.tr\/es\/valvula-de-retencion-de-disco-de-laton\/","title":{"rendered":"V\u00e1lvula de Retenci\u00f3n Disco de Lat\u00f3n"},"content":{"rendered":"<div id=\"ez-toc-container\" class=\"ez-toc-v2_0_82_2 counter-hierarchy ez-toc-counter ez-toc-grey ez-toc-container-direction\">\n<div class=\"ez-toc-title-container\">\n<p class=\"ez-toc-title\" style=\"cursor:inherit\">Sayfa \u0130\u00e7eri\u011fi<\/p>\n<span class=\"ez-toc-title-toggle\"><a href=\"#\" class=\"ez-toc-pull-right ez-toc-btn ez-toc-btn-xs ez-toc-btn-default ez-toc-toggle\" aria-label=\"Alternar tabla de contenidos\"><span class=\"ez-toc-js-icon-con\"><span class=\"\"><span class=\"eztoc-hide\" style=\"display:none;\">Toggle<\/span><span class=\"ez-toc-icon-toggle-span\"><svg style=\"fill: #999;color:#999\" xmlns=\"http:\/\/www.w3.org\/2000\/svg\" class=\"list-377408\" width=\"20px\" height=\"20px\" viewBox=\"0 0 24 24\" fill=\"none\"><path d=\"M6 6H4v2h2V6zm14 0H8v2h12V6zM4 11h2v2H4v-2zm16 0H8v2h12v-2zM4 16h2v2H4v-2zm16 0H8v2h12v-2z\" fill=\"currentColor\"><\/path><\/svg><svg style=\"fill: #999;color:#999\" class=\"arrow-unsorted-368013\" xmlns=\"http:\/\/www.w3.org\/2000\/svg\" width=\"10px\" height=\"10px\" viewBox=\"0 0 24 24\" version=\"1.2\" baseProfile=\"tiny\"><path d=\"M18.2 9.3l-6.2-6.3-6.2 6.3c-.2.2-.3.4-.3.7s.1.5.3.7c.2.2.4.3.7.3h11c.3 0 .5-.1.7-.3.2-.2.3-.5.3-.7s-.1-.5-.3-.7zM5.8 14.7l6.2 6.3 6.2-6.3c.2-.2.3-.5.3-.7s-.1-.5-.3-.7c-.2-.2-.4-.3-.7-.3h-11c-.3 0-.5.1-.7.3-.2.2-.3.5-.3.7s.1.5.3.7z\"\/><\/svg><\/span><\/span><\/span><\/a><\/span><\/div>\n<nav><ul class='ez-toc-list ez-toc-list-level-1 ' ><li class='ez-toc-page-1 ez-toc-heading-level-2'><a class=\"ez-toc-link ez-toc-heading-1\" href=\"https:\/\/unox.com.tr\/es\/valvula-de-retencion-de-disco-de-laton\/#%C2%BFQue_es_la_valvula_de_retencion_disco_de_laton\" >\u00bfQu\u00e9 es la v\u00e1lvula de retenci\u00f3n disco de lat\u00f3n?<\/a><\/li><li class='ez-toc-page-1 ez-toc-heading-level-2'><a class=\"ez-toc-link ez-toc-heading-2\" href=\"https:\/\/unox.com.tr\/es\/valvula-de-retencion-de-disco-de-laton\/#Informacion_tecnica\" >Informaci\u00f3n t\u00e9cnica<\/a><\/li><li class='ez-toc-page-1 ez-toc-heading-level-2'><a class=\"ez-toc-link ez-toc-heading-3\" href=\"https:\/\/unox.com.tr\/es\/valvula-de-retencion-de-disco-de-laton\/#Areas_de_Uso\" >Areas de Uso<\/a><\/li><li class='ez-toc-page-1 ez-toc-heading-level-2'><a class=\"ez-toc-link ez-toc-heading-4\" href=\"https:\/\/unox.com.tr\/es\/valvula-de-retencion-de-disco-de-laton\/#Aplicaciones\" >Aplicaciones<\/a><\/li><\/ul><\/nav><\/div>\n<h2><span class=\"ez-toc-section\" id=\"%C2%BFQue_es_la_valvula_de_retencion_disco_de_laton\"><\/span><span style=\"font-size: 22px;\">\u00bfQu\u00e9 es la v\u00e1lvula de retenci\u00f3n disco de lat\u00f3n?<\/span><span class=\"ez-toc-section-end\"><\/span><\/h2>\n<p>Una v\u00e1lvula de retenci\u00f3n disco de lat\u00f3n es un tipo de v\u00e1lvula que evita el reflujo al permitir que el fluido fluya en una sola direcci\u00f3n. Consiste en un cuerpo de v\u00e1lvula con una aleta o disco articulado unido a un v\u00e1stago. Cuando el fluido fluye en la direcci\u00f3n adecuada, el disco se aparta y permite que el fluido pase a trav\u00e9s de la v\u00e1lvula. Cuando el flujo de fluido se detiene o cambia de direcci\u00f3n, el disco vuelve a su posici\u00f3n original, evitando que el fluido fluya en la direcci\u00f3n opuesta.<\/p>\n<p>El acero inoxidable es un tipo de acero com\u00fanmente utilizado en la construcci\u00f3n de v\u00e1lvulas de retenci\u00f3n, ya que es resistente a la corrosi\u00f3n. Las v\u00e1lvulas de retenci\u00f3n se utilizan a menudo en una variedad de aplicaciones, incluidas plantas de tratamiento de agua, plantas de procesamiento qu\u00edmico y oleoductos y gasoductos, para evitar el reflujo y proteger los equipos y las tuber\u00edas de da\u00f1os.<\/p>\n<p>Las v\u00e1lvulas de retenci\u00f3n son armaduras de prop\u00f3sito general y tienen \u00e1reas de aplicaci\u00f3n para l\u00edquidos, gases y vapor. Aumentan la seguridad operativa y pueden reemplazar accesorios complicados seg\u00fan la situaci\u00f3n. El uso de una armadura de este tipo hace que la v\u00e1lvula de retenci\u00f3n Disco Unox sea ventajosa debido a sus caracter\u00edsticas, como la distancia y el tiempo de montaje cortos, y el ahorro de espacio.<\/p>\n<h2><span class=\"ez-toc-section\" id=\"Informacion_tecnica\"><\/span><span style=\"font-size: 22px;\">Informaci\u00f3n t\u00e9cnica<\/span><span class=\"ez-toc-section-end\"><\/span><\/h2>\n<ul>\n<li><strong>Cuerpo<\/strong>: MS 58 Lat\u00f3n<\/li>\n<li><strong>Disco<\/strong>: AISI 304 &#8211; CF8M<\/li>\n<li><strong>Muelle<\/strong>: AISI 304 &#8211; CF8M<\/li>\n<li><strong>Plato de Presi\u00f3n de Resorte:<\/strong> AISI 304 &#8211; CF8M<\/li>\n<li><strong>Dimensiones:<\/strong> DN15 &#8211; DN100<\/li>\n<li><strong>Temperatura de funcionamiento:<\/strong> -10 \u00b0C &#8211; 300 \u00b0C<\/li>\n<\/ul>\n<h2><span class=\"ez-toc-section\" id=\"Areas_de_Uso\"><\/span><span style=\"font-size: 22px;\">Areas de Uso<\/span><span class=\"ez-toc-section-end\"><\/span><\/h2>\n<ul>\n<li>Sistemas de calefacci\u00f3n\/agua caliente,<\/li>\n<li>Sistemas de tratamiento de agua y alcantarillado,<\/li>\n<li>Sistemas de producci\u00f3n y alimentaci\u00f3n de vapor,<\/li>\n<li>Conducciones de energ\u00eda (agua, aire, vapor, etc.)<\/li>\n<li>Sistemas de guiado para refiner\u00edas y plantas qu\u00edmicas.<\/li>\n<\/ul>\n<h2><span class=\"ez-toc-section\" id=\"Aplicaciones\"><\/span><span style=\"font-size: 22px;\">Aplicaciones<\/span><span class=\"ez-toc-section-end\"><\/span><\/h2>\n<p>Las v\u00e1lvulas de retenci\u00f3n se pueden instalar entre bridas de tuber\u00edas para l\u00edquidos, gases y vapores, independientemente de la ubicaci\u00f3n.<\/p>\n<p><img decoding=\"async\" class=\"alignnone wp-image-37799\" src=\"https:\/\/unox.com.tr\/wp-content\/themes\/woodmart\/images\/lazy.svg\" data-src=\"https:\/\/unox.com.tr\/wp-content\/uploads\/2020\/09\/disko-cekvalf-300x139.png\" alt=\"\" width=\"556\" height=\"258\" title=\"\" srcset=\"\" data-srcset=\"https:\/\/unox.com.tr\/wp-content\/uploads\/2020\/09\/disko-cekvalf-300x139.png 300w, https:\/\/unox.com.tr\/wp-content\/uploads\/2020\/09\/disko-cekvalf-150x70.png 150w, https:\/\/unox.com.tr\/wp-content\/uploads\/2020\/09\/disko-cekvalf-600x279.png 600w, https:\/\/unox.com.tr\/wp-content\/uploads\/2020\/09\/disko-cekvalf-640x297.png 640w, https:\/\/unox.com.tr\/wp-content\/uploads\/2020\/09\/disko-cekvalf-400x186.png 400w, https:\/\/unox.com.tr\/wp-content\/uploads\/2020\/09\/disko-cekvalf-367x170.png 367w, https:\/\/unox.com.tr\/wp-content\/uploads\/2020\/09\/disko-cekvalf.png 657w\" sizes=\"(max-width: 556px) 100vw, 556px\" \/><\/p>\n<ol>\n<li>Cuerpo<\/li>\n<li>Disco<\/li>\n<li>Flecha<\/li>\n<li>Placa de presi\u00f3n de resorte<\/li>\n<\/ol>\n","protected":false},"excerpt":{"rendered":"<p><a href=\"https:\/\/unox.com.tr\/wp-content\/uploads\/2023\/01\/Pirinc-Disko-Cekvalf.pdf\" target=\"_blank\" rel=\"noopener\"><button style=\"background-color: #11224b; color: #ffffff; padding: 10px 15px; font-family: montserrat; font-weight: bold; font-size: 19px; border-radius: 10px;\"><img decoding=\"async\" style=\"width: 25px; height: 25px;\" src=\"https:\/\/unox.com.tr\/wp-content\/uploads\/2023\/02\/pdf-1.png\">CAT\u00c1LOGO DE PRODUCTO<\/button><\/a><\/p>\n<p><button style=\"background-color: #11224b; margin-top: 5px; color: white; padding: 0px 15px; width: 150px; height: 55px; border-radius: 10px; border: none; cursor: pointer;\"><br \/>\n<img decoding=\"async\" style=\"width: 120px; height: 30px;\" src=\"https:\/\/unox.com.tr\/wp-content\/uploads\/2023\/02\/4-1.svg\"><\/button><\/p>\n","protected":false},"featured_media":68934,"comment_status":"closed","ping_status":"closed","template":"","meta":{"_joinchat":[]},"product_brand":[],"product_cat":[493,494],"product_tag":[],"class_list":{"0":"post-12559","1":"product","2":"type-product","3":"status-publish","4":"has-post-thumbnail","6":"product_cat-revisar-valvulas","7":"product_cat-grupo-de-valvulas","9":"first","10":"instock","11":"shipping-taxable","12":"product-type-simple"},"_links":{"self":[{"href":"https:\/\/unox.com.tr\/es\/wp-json\/wp\/v2\/product\/12559","targetHints":{"allow":["GET"]}}],"collection":[{"href":"https:\/\/unox.com.tr\/es\/wp-json\/wp\/v2\/product"}],"about":[{"href":"https:\/\/unox.com.tr\/es\/wp-json\/wp\/v2\/types\/product"}],"replies":[{"embeddable":true,"href":"https:\/\/unox.com.tr\/es\/wp-json\/wp\/v2\/comments?post=12559"}],"version-history":[{"count":0,"href":"https:\/\/unox.com.tr\/es\/wp-json\/wp\/v2\/product\/12559\/revisions"}],"wp:featuredmedia":[{"embeddable":true,"href":"https:\/\/unox.com.tr\/es\/wp-json\/wp\/v2\/media\/68934"}],"wp:attachment":[{"href":"https:\/\/unox.com.tr\/es\/wp-json\/wp\/v2\/media?parent=12559"}],"wp:term":[{"taxonomy":"product_brand","embeddable":true,"href":"https:\/\/unox.com.tr\/es\/wp-json\/wp\/v2\/product_brand?post=12559"},{"taxonomy":"product_cat","embeddable":true,"href":"https:\/\/unox.com.tr\/es\/wp-json\/wp\/v2\/product_cat?post=12559"},{"taxonomy":"product_tag","embeddable":true,"href":"https:\/\/unox.com.tr\/es\/wp-json\/wp\/v2\/product_tag?post=12559"}],"curies":[{"name":"wp","href":"https:\/\/api.w.org\/{rel}","templated":true}]}}