{"id":12560,"date":"2020-09-18T06:50:09","date_gmt":"2020-09-18T03:50:09","guid":{"rendered":"http:\/\/www.unox.com.tr\/?post_type=product&#038;p=3992"},"modified":"2023-03-01T13:10:34","modified_gmt":"2023-03-01T10:10:34","slug":"oblea-tipo-columpio-valvula-de-retencion","status":"publish","type":"product","link":"https:\/\/unox.com.tr\/es\/oblea-tipo-columpio-valvula-de-retencion\/","title":{"rendered":"V\u00e1lvula de Retenci\u00f3n Oscilante Tipo Oblea"},"content":{"rendered":"<div id=\"ez-toc-container\" class=\"ez-toc-v2_0_83 counter-hierarchy ez-toc-counter ez-toc-grey ez-toc-container-direction\">\n<div class=\"ez-toc-title-container\">\n<p class=\"ez-toc-title\" style=\"cursor:inherit\">Sayfa \u0130\u00e7eri\u011fi<\/p>\n<span class=\"ez-toc-title-toggle\"><a href=\"#\" class=\"ez-toc-pull-right ez-toc-btn ez-toc-btn-xs ez-toc-btn-default ez-toc-toggle\" aria-label=\"Alternar tabla de contenidos\"><span class=\"ez-toc-js-icon-con\"><span class=\"\"><span class=\"eztoc-hide\" style=\"display:none;\">Toggle<\/span><span class=\"ez-toc-icon-toggle-span\"><svg style=\"fill: #999;color:#999\" xmlns=\"http:\/\/www.w3.org\/2000\/svg\" class=\"list-377408\" width=\"20px\" height=\"20px\" viewBox=\"0 0 24 24\" fill=\"none\"><path d=\"M6 6H4v2h2V6zm14 0H8v2h12V6zM4 11h2v2H4v-2zm16 0H8v2h12v-2zM4 16h2v2H4v-2zm16 0H8v2h12v-2z\" fill=\"currentColor\"><\/path><\/svg><svg style=\"fill: #999;color:#999\" class=\"arrow-unsorted-368013\" xmlns=\"http:\/\/www.w3.org\/2000\/svg\" width=\"10px\" height=\"10px\" viewBox=\"0 0 24 24\" version=\"1.2\" baseProfile=\"tiny\"><path d=\"M18.2 9.3l-6.2-6.3-6.2 6.3c-.2.2-.3.4-.3.7s.1.5.3.7c.2.2.4.3.7.3h11c.3 0 .5-.1.7-.3.2-.2.3-.5.3-.7s-.1-.5-.3-.7zM5.8 14.7l6.2 6.3 6.2-6.3c.2-.2.3-.5.3-.7s-.1-.5-.3-.7c-.2-.2-.4-.3-.7-.3h-11c-.3 0-.5.1-.7.3-.2.2-.3.5-.3.7s.1.5.3.7z\"\/><\/svg><\/span><\/span><\/span><\/a><\/span><\/div>\n<nav><ul class='ez-toc-list ez-toc-list-level-1 ' ><li class='ez-toc-page-1 ez-toc-heading-level-2'><a class=\"ez-toc-link ez-toc-heading-1\" href=\"https:\/\/unox.com.tr\/es\/oblea-tipo-columpio-valvula-de-retencion\/#%C2%BFQue_es_la_valvula_de_retencion_oscilante_tipo_oblea\" >\u00bfQu\u00e9 es la v\u00e1lvula de retenci\u00f3n oscilante tipo oblea?<\/a><\/li><li class='ez-toc-page-1 ez-toc-heading-level-2'><a class=\"ez-toc-link ez-toc-heading-2\" href=\"https:\/\/unox.com.tr\/es\/oblea-tipo-columpio-valvula-de-retencion\/#%C2%BFComo_funciona_la_valvula_de_retencion_oscilante_tipo_oblea\" >\u00bfC\u00f3mo funciona la v\u00e1lvula de retenci\u00f3n oscilante tipo oblea?<\/a><\/li><li class='ez-toc-page-1 ez-toc-heading-level-2'><a class=\"ez-toc-link ez-toc-heading-3\" href=\"https:\/\/unox.com.tr\/es\/oblea-tipo-columpio-valvula-de-retencion\/#Caracteristicas_del_Producto\" >Caracter\u00edsticas del Producto<\/a><\/li><li class='ez-toc-page-1 ez-toc-heading-level-2'><a class=\"ez-toc-link ez-toc-heading-4\" href=\"https:\/\/unox.com.tr\/es\/oblea-tipo-columpio-valvula-de-retencion\/#Areas_de_Uso\" >Areas de Uso<\/a><\/li><li class='ez-toc-page-1 ez-toc-heading-level-2'><a class=\"ez-toc-link ez-toc-heading-5\" href=\"https:\/\/unox.com.tr\/es\/oblea-tipo-columpio-valvula-de-retencion\/#Aplicaciones\" >Aplicaciones<\/a><\/li><\/ul><\/nav><\/div>\n<h2><span class=\"ez-toc-section\" id=\"%C2%BFQue_es_la_valvula_de_retencion_oscilante_tipo_oblea\"><\/span><span style=\"font-size: 22px;\">\u00bfQu\u00e9 es la v\u00e1lvula de retenci\u00f3n oscilante tipo oblea?<\/span><span class=\"ez-toc-section-end\"><\/span><\/h2>\n<p>Una v\u00e1lvula de retenci\u00f3n, tambi\u00e9n llamada v\u00e1lvula de retenci\u00f3n o v\u00e1lvula de retenci\u00f3n, es un dispositivo mec\u00e1nico que permite que el l\u00edquido o el gas fluya a trav\u00e9s de \u00e9l en una sola direcci\u00f3n. Est\u00e1 dise\u00f1ado para apagarse autom\u00e1ticamente cuando el flujo de fluido o gas cambia de direcci\u00f3n, evitando el reflujo. Se usa ampliamente en plomer\u00eda, tuber\u00edas y otros sistemas de manejo de l\u00edquidos para mantener el flujo de l\u00edquido o gas en una direcci\u00f3n espec\u00edfica y evitar el reflujo. Tambi\u00e9n se utilizan en una variedad de otras aplicaciones, como oleoductos y gasoductos, sistemas de riego y procesos industriales. Las v\u00e1lvulas de retenci\u00f3n est\u00e1n disponibles en una amplia variedad de tama\u00f1os, materiales y configuraciones para adaptarse a diferentes aplicaciones y condiciones de funcionamiento.<\/p>\n<h2><span class=\"ez-toc-section\" id=\"%C2%BFComo_funciona_la_valvula_de_retencion_oscilante_tipo_oblea\"><\/span><span style=\"font-size: 22px;\">\u00bfC\u00f3mo funciona la v\u00e1lvula de retenci\u00f3n oscilante tipo oblea?<\/span><span class=\"ez-toc-section-end\"><\/span><\/h2>\n<p>Revisar v\u00e1lvulas; son v\u00e1lvulas de cierre que permiten el flujo unidireccional y evitan autom\u00e1ticamente el reflujo. Una v\u00e1lvula de retenci\u00f3n oscilante es un disco oscilante montado en una bisagra o eje. El disco oscila desde la ranura hasta la posici\u00f3n de apertura para permitir el flujo hacia adelante y, cuando el flujo se detiene, el disco vuelve a la ranura para evitar el flujo inverso. El peso del disco y el flujo de retorno afectan las caracter\u00edsticas de cierre de la v\u00e1lvula.<\/p>\n<h2><span class=\"ez-toc-section\" id=\"Caracteristicas_del_Producto\"><\/span><span style=\"font-size: 22px;\">Caracter\u00edsticas del Producto<\/span><span class=\"ez-toc-section-end\"><\/span><\/h2>\n<ul>\n<li><strong>Junta:<\/strong> EPDM<\/li>\n<li><strong>Tama\u00f1o:<\/strong> DN25 &#8211; DN300<\/li>\n<li><strong>M\u00e1x. Temperatura:<\/strong> 130 \u00baC<\/li>\n<\/ul>\n<h2><span class=\"ez-toc-section\" id=\"Areas_de_Uso\"><\/span><span style=\"font-size: 22px;\">Areas de Uso<\/span><span class=\"ez-toc-section-end\"><\/span><\/h2>\n<ul>\n<li>Sistemas de calefacci\u00f3n\/agua caliente,<\/li>\n<li>Sistemas de tratamiento de agua y alcantarillado,<\/li>\n<li>Sistemas de producci\u00f3n y alimentaci\u00f3n de vapor,<\/li>\n<li>Conducciones de energ\u00eda (agua, aire, vapor, etc.)<\/li>\n<li>Sistemas de guiado para refiner\u00edas y plantas qu\u00edmicas.<\/li>\n<\/ul>\n<h2><span class=\"ez-toc-section\" id=\"Aplicaciones\"><\/span><span style=\"font-size: 22px;\">Aplicaciones<\/span><span class=\"ez-toc-section-end\"><\/span><\/h2>\n<p>Se puede instalar entre bridas de tuber\u00edas para l\u00edquidos, gases y vapores independientemente de la ubicaci\u00f3n.<\/p>\n<p>&nbsp;<\/p>\n<p><img decoding=\"async\" class=\" wp-image-41798\" src=\"https:\/\/unox.com.tr\/wp-content\/themes\/woodmart\/images\/lazy.svg\" data-src=\"https:\/\/unox.com.tr\/wp-content\/uploads\/2020\/09\/Ekran-Alintisi-300x105.png\" alt=\"v\u00e1lvula de retenci\u00f3n tipo oblea\" width=\"480\" height=\"168\" title=\"\" srcset=\"\" data-srcset=\"https:\/\/unox.com.tr\/wp-content\/uploads\/2020\/09\/Ekran-Alintisi-300x105.png 300w, https:\/\/unox.com.tr\/wp-content\/uploads\/2020\/09\/Ekran-Alintisi-150x53.png 150w, https:\/\/unox.com.tr\/wp-content\/uploads\/2020\/09\/Ekran-Alintisi-400x141.png 400w, https:\/\/unox.com.tr\/wp-content\/uploads\/2020\/09\/Ekran-Alintisi-367x129.png 367w, https:\/\/unox.com.tr\/wp-content\/uploads\/2020\/09\/Ekran-Alintisi.png 538w\" sizes=\"(max-width: 480px) 100vw, 480px\" \/><\/p>\n","protected":false},"excerpt":{"rendered":"<p><a href=\"https:\/\/unox.com.tr\/wp-content\/uploads\/2023\/01\/Wafer-Tip-Calpara-Cekvalf.pdf\" target=\"_blank\" rel=\"noopener\"><button style=\"background-color: #11224b; color: #ffffff; padding: 10px 15px; font-family: montserrat; font-weight: bold; font-size: 19px; border-radius: 10px;\"><img decoding=\"async\" style=\"width: 25px; height: 25px;\" src=\"https:\/\/unox.com.tr\/wp-content\/uploads\/2023\/02\/pdf-1.png\">CAT\u00c1LOGO DE PRODUCTO<\/button><\/a><\/p>\n<p><button style=\"background-color: #11224b; margin-top: 5px; color: white; padding: 0px 15px; width: 150px; height: 55px; border-radius: 10px; border: none; cursor: pointer;\"><br \/>\n<img decoding=\"async\" style=\"width: 120px; height: 30px;\" src=\"https:\/\/unox.com.tr\/wp-content\/uploads\/2023\/02\/4-1.svg\"><\/button><\/p>\n","protected":false},"featured_media":30439,"comment_status":"open","ping_status":"closed","template":"","meta":[],"product_brand":[],"product_cat":[494,493],"product_tag":[],"class_list":{"0":"post-12560","1":"product","2":"type-product","3":"status-publish","4":"has-post-thumbnail","6":"product_cat-grupo-de-valvulas","7":"product_cat-revisar-valvulas","9":"first","10":"instock","11":"shipping-taxable","12":"product-type-simple"},"_links":{"self":[{"href":"https:\/\/unox.com.tr\/es\/wp-json\/wp\/v2\/product\/12560","targetHints":{"allow":["GET"]}}],"collection":[{"href":"https:\/\/unox.com.tr\/es\/wp-json\/wp\/v2\/product"}],"about":[{"href":"https:\/\/unox.com.tr\/es\/wp-json\/wp\/v2\/types\/product"}],"replies":[{"embeddable":true,"href":"https:\/\/unox.com.tr\/es\/wp-json\/wp\/v2\/comments?post=12560"}],"version-history":[{"count":0,"href":"https:\/\/unox.com.tr\/es\/wp-json\/wp\/v2\/product\/12560\/revisions"}],"wp:featuredmedia":[{"embeddable":true,"href":"https:\/\/unox.com.tr\/es\/wp-json\/wp\/v2\/media\/30439"}],"wp:attachment":[{"href":"https:\/\/unox.com.tr\/es\/wp-json\/wp\/v2\/media?parent=12560"}],"wp:term":[{"taxonomy":"product_brand","embeddable":true,"href":"https:\/\/unox.com.tr\/es\/wp-json\/wp\/v2\/product_brand?post=12560"},{"taxonomy":"product_cat","embeddable":true,"href":"https:\/\/unox.com.tr\/es\/wp-json\/wp\/v2\/product_cat?post=12560"},{"taxonomy":"product_tag","embeddable":true,"href":"https:\/\/unox.com.tr\/es\/wp-json\/wp\/v2\/product_tag?post=12560"}],"curies":[{"name":"wp","href":"https:\/\/api.w.org\/{rel}","templated":true}]}}