{"id":12563,"date":"2020-09-18T06:54:04","date_gmt":"2020-09-18T06:54:04","guid":{"rendered":"http:\/\/www.unox.com.tr\/?post_type=product&#038;p=4003"},"modified":"2023-03-01T12:53:59","modified_gmt":"2023-03-01T09:53:59","slug":"valvula-de-mariposa-tipo-clack-lug-de-acero-inoxidable","status":"publish","type":"product","link":"https:\/\/unox.com.tr\/es\/valvula-de-mariposa-tipo-clack-lug-de-acero-inoxidable\/","title":{"rendered":"V\u00e1lvula de Mariposa Tipo Orejeta (Clapeta de Acero Inoxidable)"},"content":{"rendered":"<div id=\"ez-toc-container\" class=\"ez-toc-v2_0_82_2 counter-hierarchy ez-toc-counter ez-toc-grey ez-toc-container-direction\">\n<div class=\"ez-toc-title-container\">\n<p class=\"ez-toc-title\" style=\"cursor:inherit\">Sayfa \u0130\u00e7eri\u011fi<\/p>\n<span class=\"ez-toc-title-toggle\"><a href=\"#\" class=\"ez-toc-pull-right ez-toc-btn ez-toc-btn-xs ez-toc-btn-default ez-toc-toggle\" aria-label=\"Alternar tabla de contenidos\"><span class=\"ez-toc-js-icon-con\"><span class=\"\"><span class=\"eztoc-hide\" style=\"display:none;\">Toggle<\/span><span class=\"ez-toc-icon-toggle-span\"><svg style=\"fill: #999;color:#999\" xmlns=\"http:\/\/www.w3.org\/2000\/svg\" class=\"list-377408\" width=\"20px\" height=\"20px\" viewBox=\"0 0 24 24\" fill=\"none\"><path d=\"M6 6H4v2h2V6zm14 0H8v2h12V6zM4 11h2v2H4v-2zm16 0H8v2h12v-2zM4 16h2v2H4v-2zm16 0H8v2h12v-2z\" fill=\"currentColor\"><\/path><\/svg><svg style=\"fill: #999;color:#999\" class=\"arrow-unsorted-368013\" xmlns=\"http:\/\/www.w3.org\/2000\/svg\" width=\"10px\" height=\"10px\" viewBox=\"0 0 24 24\" version=\"1.2\" baseProfile=\"tiny\"><path d=\"M18.2 9.3l-6.2-6.3-6.2 6.3c-.2.2-.3.4-.3.7s.1.5.3.7c.2.2.4.3.7.3h11c.3 0 .5-.1.7-.3.2-.2.3-.5.3-.7s-.1-.5-.3-.7zM5.8 14.7l6.2 6.3 6.2-6.3c.2-.2.3-.5.3-.7s-.1-.5-.3-.7c-.2-.2-.4-.3-.7-.3h-11c-.3 0-.5.1-.7.3-.2.2-.3.5-.3.7s.1.5.3.7z\"\/><\/svg><\/span><\/span><\/span><\/a><\/span><\/div>\n<nav><ul class='ez-toc-list ez-toc-list-level-1 ' ><li class='ez-toc-page-1 ez-toc-heading-level-2'><a class=\"ez-toc-link ez-toc-heading-1\" href=\"https:\/\/unox.com.tr\/es\/valvula-de-mariposa-tipo-clack-lug-de-acero-inoxidable\/#%C2%BFQue_es_la_valvula_de_mariposa_tipo_orejeta\" >\u00bfQu\u00e9 es la v\u00e1lvula de mariposa tipo orejeta?<\/a><\/li><li class='ez-toc-page-1 ez-toc-heading-level-2'><a class=\"ez-toc-link ez-toc-heading-2\" href=\"https:\/\/unox.com.tr\/es\/valvula-de-mariposa-tipo-clack-lug-de-acero-inoxidable\/#%C2%BFComo_funciona_la_valvula_de_mariposa_tipo_orejeta\" >\u00bfC\u00f3mo funciona la v\u00e1lvula de mariposa tipo orejeta?<\/a><\/li><li class='ez-toc-page-1 ez-toc-heading-level-2'><a class=\"ez-toc-link ez-toc-heading-3\" href=\"https:\/\/unox.com.tr\/es\/valvula-de-mariposa-tipo-clack-lug-de-acero-inoxidable\/#Caracteristicas_del_Producto\" >Caracter\u00edsticas del Producto<\/a><\/li><li class='ez-toc-page-1 ez-toc-heading-level-2'><a class=\"ez-toc-link ez-toc-heading-4\" href=\"https:\/\/unox.com.tr\/es\/valvula-de-mariposa-tipo-clack-lug-de-acero-inoxidable\/#Ambito_de_Aplicacion\" >\u00c1mbito de Aplicaci\u00f3n<\/a><\/li><\/ul><\/nav><\/div>\n<h2><span class=\"ez-toc-section\" id=\"%C2%BFQue_es_la_valvula_de_mariposa_tipo_orejeta\"><\/span><span style=\"font-size: 22px;\">\u00bfQu\u00e9 es la v\u00e1lvula de mariposa tipo orejeta?<\/span><span class=\"ez-toc-section-end\"><\/span><\/h2>\n<p><strong>V\u00e1lvulas de mariposa tipo orejeta; Realiza la operaci\u00f3n de encendido y apagado mediante discos giratorios de n\u00edquel, inoxidable o diferentes materiales (AISI304, AISI316, AL-BR) fijados alrededor de un eje en el centro.<\/strong> Realiza la funci\u00f3n de iniciar, ralentizar o bloquear completamente el flujo de l\u00edquido o gas comprimiendo el disco alrededor del eje con una junta de goma o pl\u00e1stico. Es el equipo que sirve para detener, regular o iniciar el flujo, el cual cuenta con una aleta que puede dar un cuarto de vuelta sobre su propio eje y una junta de estanqueidad.<\/p>\n<h2><span class=\"ez-toc-section\" id=\"%C2%BFComo_funciona_la_valvula_de_mariposa_tipo_orejeta\"><\/span><span style=\"font-size: 22px;\">\u00bfC\u00f3mo funciona la v\u00e1lvula de mariposa tipo orejeta?<\/span><span class=\"ez-toc-section-end\"><\/span><\/h2>\n<p><strong>Las v\u00e1lvulas de mariposa tipo orejeta son del tipo v\u00e1lvula con orejas sobresalientes que cubren todo el cuerpo, dise\u00f1adas para coincidir con los orificios de los pernos en la brida a la que se conectar\u00e1n.<\/strong> Se monta entre dos bridas mediante la fijaci\u00f3n con pernos, esp\u00e1rragos y tuercas. Esto hace que sea imposible desconectar solo un lado del sistema de tuber\u00edas de la v\u00e1lvula. Adem\u00e1s de proporcionar control manual, tambi\u00e9n es adecuado para montar actuadores neum\u00e1ticos y actuadores el\u00e9ctricos.<\/p>\n<p>Se coloca entre las bridas de la tuber\u00eda y los pernos de la brida rodean el cuerpo de la v\u00e1lvula. Es f\u00e1cil de instalar pero no se puede utilizar como v\u00e1lvula de aislamiento. Adem\u00e1s de proporcionar control manual, tambi\u00e9n es adecuado para montar un <strong>actuador neum\u00e1tico<\/strong> y un <strong>actuador el\u00e9ctrico.<\/strong><\/p>\n<h2><span class=\"ez-toc-section\" id=\"Caracteristicas_del_Producto\"><\/span><span style=\"font-size: 22px;\">Caracter\u00edsticas del Producto<\/span><span class=\"ez-toc-section-end\"><\/span><\/h2>\n<ul>\n<li><strong>Cuerpo:<\/strong> Hierro d\u00factil GGG-40<\/li>\n<li><strong>V\u00e1lvula:<\/strong> Acero Inoxidable AISI 304<\/li>\n<li><strong>Eje:<\/strong> Acero Inoxidable AISI 420<\/li>\n<li><strong>Junta:<\/strong> EPDM<\/li>\n<li><strong>M\u00e1x. Temperatura de Funcionamiento: <\/strong> 120 \u00baC<\/li>\n<li><strong>Presi\u00f3n de trabajo:<\/strong> PN16 (DN25 &#8211; 300)<\/li>\n<li><strong>Pintura:<\/strong> Recubrimiento en polvo electroest\u00e1tico<\/li>\n<li><strong>Conexi\u00f3n:<\/strong> Tipo de orejeta TS EN 1092-2<\/li>\n<\/ul>\n<h2><span class=\"ez-toc-section\" id=\"Ambito_de_Aplicacion\"><\/span><span style=\"font-size: 22px;\">\u00c1mbito de Aplicaci\u00f3n<\/span><span class=\"ez-toc-section-end\"><\/span><\/h2>\n<ul>\n<li>Sistemas de calefacci\u00f3n, ventilaci\u00f3n y aire acondicionado<\/li>\n<li>Sistemas de tratamiento y distribuci\u00f3n de agua<\/li>\n<li>Industria minera<\/li>\n<li>Instalaciones de perforaci\u00f3n y construcci\u00f3n naval<\/li>\n<li>Empresas alimentarias y qu\u00edmicas<\/li>\n<li>Sistemas de extinci\u00f3n de incendios<\/li>\n<li>Agua, agua de mar, polvo, gas, aguas residuales y aire<\/li>\n<\/ul>\n","protected":false},"excerpt":{"rendered":"<p><a href=\"https:\/\/unox.com.tr\/wp-content\/uploads\/2023\/01\/Lug-Tip-Paslanmaz.pdf\" target=\"_blank\" rel=\"noopener\"><button style=\"background-color: #11224b; color: #ffffff; padding: 10px 15px; font-family: montserrat; font-weight: bold; font-size: 19px; border-radius: 10px;\"><img decoding=\"async\" style=\"width: 25px; height: 25px;\" src=\"https:\/\/unox.com.tr\/wp-content\/uploads\/2023\/02\/pdf-1.png\">CAT\u00c1LOGO DE PRODUCTO<\/button><\/a><\/p>\n<p><button style=\"background-color: #11224b; margin-top: 5px; color: white; padding: 0px 15px; width: 150px; height: 55px; border-radius: 10px; border: none; cursor: pointer;\"><br \/>\n<img decoding=\"async\" style=\"width: 120px; height: 30px;\" src=\"https:\/\/unox.com.tr\/wp-content\/uploads\/2023\/02\/4-1.svg\"><\/button><\/p>\n","protected":false},"featured_media":69868,"comment_status":"closed","ping_status":"closed","template":"","meta":{"_joinchat":[]},"product_brand":[],"product_cat":[495,494],"product_tag":[],"class_list":{"0":"post-12563","1":"product","2":"type-product","3":"status-publish","4":"has-post-thumbnail","6":"product_cat-valvulas-de-mariposa","7":"product_cat-grupo-de-valvulas","9":"first","10":"instock","11":"shipping-taxable","12":"product-type-simple"},"_links":{"self":[{"href":"https:\/\/unox.com.tr\/es\/wp-json\/wp\/v2\/product\/12563","targetHints":{"allow":["GET"]}}],"collection":[{"href":"https:\/\/unox.com.tr\/es\/wp-json\/wp\/v2\/product"}],"about":[{"href":"https:\/\/unox.com.tr\/es\/wp-json\/wp\/v2\/types\/product"}],"replies":[{"embeddable":true,"href":"https:\/\/unox.com.tr\/es\/wp-json\/wp\/v2\/comments?post=12563"}],"version-history":[{"count":0,"href":"https:\/\/unox.com.tr\/es\/wp-json\/wp\/v2\/product\/12563\/revisions"}],"wp:featuredmedia":[{"embeddable":true,"href":"https:\/\/unox.com.tr\/es\/wp-json\/wp\/v2\/media\/69868"}],"wp:attachment":[{"href":"https:\/\/unox.com.tr\/es\/wp-json\/wp\/v2\/media?parent=12563"}],"wp:term":[{"taxonomy":"product_brand","embeddable":true,"href":"https:\/\/unox.com.tr\/es\/wp-json\/wp\/v2\/product_brand?post=12563"},{"taxonomy":"product_cat","embeddable":true,"href":"https:\/\/unox.com.tr\/es\/wp-json\/wp\/v2\/product_cat?post=12563"},{"taxonomy":"product_tag","embeddable":true,"href":"https:\/\/unox.com.tr\/es\/wp-json\/wp\/v2\/product_tag?post=12563"}],"curies":[{"name":"wp","href":"https:\/\/api.w.org\/{rel}","templated":true}]}}