{"id":12566,"date":"2020-09-18T06:57:07","date_gmt":"2020-09-18T03:57:07","guid":{"rendered":"http:\/\/www.unox.com.tr\/?post_type=product&#038;p=4012"},"modified":"2023-03-01T12:03:15","modified_gmt":"2023-03-01T09:03:15","slug":"u-pvc-reductor-valvula-mariposa-set","status":"publish","type":"product","link":"https:\/\/unox.com.tr\/es\/u-pvc-reductor-valvula-mariposa-set\/","title":{"rendered":"V\u00e1lvula de Mariposa Con Caja de Cambios U-PVC (Juego)"},"content":{"rendered":"<div id=\"ez-toc-container\" class=\"ez-toc-v2_0_82_2 counter-hierarchy ez-toc-counter ez-toc-grey ez-toc-container-direction\">\n<div class=\"ez-toc-title-container\">\n<p class=\"ez-toc-title\" style=\"cursor:inherit\">Sayfa \u0130\u00e7eri\u011fi<\/p>\n<span class=\"ez-toc-title-toggle\"><a href=\"#\" class=\"ez-toc-pull-right ez-toc-btn ez-toc-btn-xs ez-toc-btn-default ez-toc-toggle\" aria-label=\"Alternar tabla de contenidos\"><span class=\"ez-toc-js-icon-con\"><span class=\"\"><span class=\"eztoc-hide\" style=\"display:none;\">Toggle<\/span><span class=\"ez-toc-icon-toggle-span\"><svg style=\"fill: #999;color:#999\" xmlns=\"http:\/\/www.w3.org\/2000\/svg\" class=\"list-377408\" width=\"20px\" height=\"20px\" viewBox=\"0 0 24 24\" fill=\"none\"><path d=\"M6 6H4v2h2V6zm14 0H8v2h12V6zM4 11h2v2H4v-2zm16 0H8v2h12v-2zM4 16h2v2H4v-2zm16 0H8v2h12v-2z\" fill=\"currentColor\"><\/path><\/svg><svg style=\"fill: #999;color:#999\" class=\"arrow-unsorted-368013\" xmlns=\"http:\/\/www.w3.org\/2000\/svg\" width=\"10px\" height=\"10px\" viewBox=\"0 0 24 24\" version=\"1.2\" baseProfile=\"tiny\"><path d=\"M18.2 9.3l-6.2-6.3-6.2 6.3c-.2.2-.3.4-.3.7s.1.5.3.7c.2.2.4.3.7.3h11c.3 0 .5-.1.7-.3.2-.2.3-.5.3-.7s-.1-.5-.3-.7zM5.8 14.7l6.2 6.3 6.2-6.3c.2-.2.3-.5.3-.7s-.1-.5-.3-.7c-.2-.2-.4-.3-.7-.3h-11c-.3 0-.5.1-.7.3-.2.2-.3.5-.3.7s.1.5.3.7z\"\/><\/svg><\/span><\/span><\/span><\/a><\/span><\/div>\n<nav><ul class='ez-toc-list ez-toc-list-level-1 ' ><li class='ez-toc-page-1 ez-toc-heading-level-2'><a class=\"ez-toc-link ez-toc-heading-1\" href=\"https:\/\/unox.com.tr\/es\/u-pvc-reductor-valvula-mariposa-set\/#%C2%BFQue_es_la_valvula_de_mariposa_con_caja_de_cambios_U-PVC\" >\u00bfQu\u00e9 es la v\u00e1lvula de mariposa con caja de cambios U-PVC?<\/a><\/li><li class='ez-toc-page-1 ez-toc-heading-level-2'><a class=\"ez-toc-link ez-toc-heading-2\" href=\"https:\/\/unox.com.tr\/es\/u-pvc-reductor-valvula-mariposa-set\/#%C2%BFQue_es_la_caja_de_cambios\" >\u00bfQu\u00e9 es la caja de cambios?<\/a><ul class='ez-toc-list-level-4' ><li class='ez-toc-heading-level-4'><ul class='ez-toc-list-level-4' ><li class='ez-toc-heading-level-4'><a class=\"ez-toc-link ez-toc-heading-3\" href=\"https:\/\/unox.com.tr\/es\/u-pvc-reductor-valvula-mariposa-set\/#Las_caracteristicas_generales_del_polietileno_son_las_siguientes\" >Las caracter\u00edsticas generales del polietileno son las siguientes:<\/a><\/li><\/ul><\/li><\/ul><\/li><\/ul><\/nav><\/div>\n<h2><span class=\"ez-toc-section\" id=\"%C2%BFQue_es_la_valvula_de_mariposa_con_caja_de_cambios_U-PVC\"><\/span>\u00bfQu\u00e9 es la v\u00e1lvula de mariposa con caja de cambios U-PVC?<span class=\"ez-toc-section-end\"><\/span><\/h2>\n<p>V\u00e1lvulas de mariposa; Realiza la operaci\u00f3n de encendido y apagado mediante discos giratorios de n\u00edquel, inoxidable o diferentes materiales (AISI304, AISI316, AL-BR) fijados alrededor de un eje en el centro. Realiza la funci\u00f3n de iniciar, ralentizar o bloquear completamente el flujo de l\u00edquido o gas comprimiendo el disco alrededor del eje con una junta de goma o pl\u00e1stico. Es el equipo que sirve para detener, regular o iniciar el flujo, el cual cuenta con una aleta que puede dar un cuarto de vuelta sobre su propio eje y una junta de estanqueidad.<\/p>\n<p>Ha sido dise\u00f1ado como modular. De esta manera, las diferentes opciones deseadas en el cuerpo principal se pueden aplicar f\u00e1cil y r\u00e1pidamente. Las juntas utilizadas en las v\u00e1lvulas son de EPDM y FPM. Si se desea, tambi\u00e9n se pueden aplicar juntas de otros materiales.<\/p>\n<h2><span class=\"ez-toc-section\" id=\"%C2%BFQue_es_la_caja_de_cambios\"><\/span><span style=\"font-size: 22px;\">\u00bfQu\u00e9 es la caja de cambios?<\/span><span class=\"ez-toc-section-end\"><\/span><\/h2>\n<p>Un caja de cambios es un medio para reducir la energ\u00eda de movimiento o la potencia en un sistema mec\u00e1nico. Generalmente se usa para reducir o cambiar la potencia rotada de los motores. Tambi\u00e9n se puede utilizar para aumentar la velocidad y el par de los sistemas mec\u00e1nicos. Las cajas de cambios consisten en una serie de engranajes y ejes y generalmente est\u00e1n hechas de materiales met\u00e1licos. Sus \u00e1reas de uso son muy amplias y se puede utilizar en maquinaria y equipos industriales, veh\u00edculos, electrodom\u00e9sticos e incluso algunos juguetes.<\/p>\n<p>Proporciona un 80% de facilidad de movimiento en sistemas con rotaci\u00f3n de 90\u00b0 en v\u00e1lvulas de bola, mariposa y macho. Se recomienda su uso especialmente en tama\u00f1os DN150 &#8211; DN300. Es obligatorio su uso en di\u00e1metros de DN350 y superiores.<\/p>\n<h4><span class=\"ez-toc-section\" id=\"Las_caracteristicas_generales_del_polietileno_son_las_siguientes\"><\/span>Las caracter\u00edsticas generales del polietileno son las siguientes:<span class=\"ez-toc-section-end\"><\/span><\/h4>\n<ul>\n<li>Es Solido<\/li>\n<li>Resistente a \u00e1cidos, bases y disolventes.<\/li>\n<li>Las propiedades diel\u00e9ctricas son superiores.<\/li>\n<li>Es resistente a las condiciones ambientales.<\/li>\n<\/ul>\n","protected":false},"excerpt":{"rendered":"<p><a href=\"https:\/\/unox.com.tr\/wp-content\/uploads\/2023\/01\/U-PVC-Reduktorlu-Takim-Kelebek-Vana-.pdf\" target=\"_blank\" rel=\"noopener\"><button style=\"background-color: #11224b; color: #ffffff; padding: 10px 15px; font-family: montserrat; font-weight: bold; font-size: 19px; border-radius: 10px;\"><img decoding=\"async\" style=\"width: 25px; height: 25px;\" src=\"https:\/\/unox.com.tr\/wp-content\/uploads\/2023\/02\/pdf-1.png\">CAT\u00c1LOGO DE PRODUCTO<\/button><\/a><\/p>\n<p><button style=\"background-color: #11224b; margin-top: 5px; color: white; padding: 0px 15px; width: 150px; height: 55px; border-radius: 10px; border: none; cursor: pointer;\"><br \/>\n<img decoding=\"async\" style=\"width: 120px; height: 30px;\" src=\"https:\/\/unox.com.tr\/wp-content\/uploads\/2023\/02\/4-1.svg\"><\/button><\/p>\n","protected":false},"featured_media":41745,"comment_status":"open","ping_status":"closed","template":"","meta":{"_joinchat":[]},"product_brand":[],"product_cat":[495,1152,494],"product_tag":[],"class_list":{"0":"post-12566","1":"product","2":"type-product","3":"status-publish","4":"has-post-thumbnail","6":"product_cat-valvulas-de-mariposa","7":"product_cat-cajas-de-cambios","8":"product_cat-grupo-de-valvulas","10":"first","11":"instock","12":"shipping-taxable","13":"product-type-simple"},"_links":{"self":[{"href":"https:\/\/unox.com.tr\/es\/wp-json\/wp\/v2\/product\/12566","targetHints":{"allow":["GET"]}}],"collection":[{"href":"https:\/\/unox.com.tr\/es\/wp-json\/wp\/v2\/product"}],"about":[{"href":"https:\/\/unox.com.tr\/es\/wp-json\/wp\/v2\/types\/product"}],"replies":[{"embeddable":true,"href":"https:\/\/unox.com.tr\/es\/wp-json\/wp\/v2\/comments?post=12566"}],"version-history":[{"count":0,"href":"https:\/\/unox.com.tr\/es\/wp-json\/wp\/v2\/product\/12566\/revisions"}],"wp:featuredmedia":[{"embeddable":true,"href":"https:\/\/unox.com.tr\/es\/wp-json\/wp\/v2\/media\/41745"}],"wp:attachment":[{"href":"https:\/\/unox.com.tr\/es\/wp-json\/wp\/v2\/media?parent=12566"}],"wp:term":[{"taxonomy":"product_brand","embeddable":true,"href":"https:\/\/unox.com.tr\/es\/wp-json\/wp\/v2\/product_brand?post=12566"},{"taxonomy":"product_cat","embeddable":true,"href":"https:\/\/unox.com.tr\/es\/wp-json\/wp\/v2\/product_cat?post=12566"},{"taxonomy":"product_tag","embeddable":true,"href":"https:\/\/unox.com.tr\/es\/wp-json\/wp\/v2\/product_tag?post=12566"}],"curies":[{"name":"wp","href":"https:\/\/api.w.org\/{rel}","templated":true}]}}