{"id":12578,"date":"2020-09-28T15:42:27","date_gmt":"2020-09-28T12:42:27","guid":{"rendered":"https:\/\/www.unox.com.tr\/?post_type=product&#038;p=4455"},"modified":"2023-03-01T11:05:57","modified_gmt":"2023-03-01T08:05:57","slug":"liquido-basura-liquido-circuitos-aire","status":"publish","type":"product","link":"https:\/\/unox.com.tr\/es\/liquido-basura-liquido-circuitos-aire\/","title":{"rendered":"Trampa de Vapor L\u00edquido \u00abDesaireador en Circuitos L\u00edquidos\u00bb"},"content":{"rendered":"<div id=\"ez-toc-container\" class=\"ez-toc-v2_0_83 counter-hierarchy ez-toc-counter ez-toc-grey ez-toc-container-direction\">\n<div class=\"ez-toc-title-container\">\n<p class=\"ez-toc-title\" style=\"cursor:inherit\">Sayfa \u0130\u00e7eri\u011fi<\/p>\n<span class=\"ez-toc-title-toggle\"><a href=\"#\" class=\"ez-toc-pull-right ez-toc-btn ez-toc-btn-xs ez-toc-btn-default ez-toc-toggle\" aria-label=\"Alternar tabla de contenidos\"><span class=\"ez-toc-js-icon-con\"><span class=\"\"><span class=\"eztoc-hide\" style=\"display:none;\">Toggle<\/span><span class=\"ez-toc-icon-toggle-span\"><svg style=\"fill: #999;color:#999\" xmlns=\"http:\/\/www.w3.org\/2000\/svg\" class=\"list-377408\" width=\"20px\" height=\"20px\" viewBox=\"0 0 24 24\" fill=\"none\"><path d=\"M6 6H4v2h2V6zm14 0H8v2h12V6zM4 11h2v2H4v-2zm16 0H8v2h12v-2zM4 16h2v2H4v-2zm16 0H8v2h12v-2z\" fill=\"currentColor\"><\/path><\/svg><svg style=\"fill: #999;color:#999\" class=\"arrow-unsorted-368013\" xmlns=\"http:\/\/www.w3.org\/2000\/svg\" width=\"10px\" height=\"10px\" viewBox=\"0 0 24 24\" version=\"1.2\" baseProfile=\"tiny\"><path d=\"M18.2 9.3l-6.2-6.3-6.2 6.3c-.2.2-.3.4-.3.7s.1.5.3.7c.2.2.4.3.7.3h11c.3 0 .5-.1.7-.3.2-.2.3-.5.3-.7s-.1-.5-.3-.7zM5.8 14.7l6.2 6.3 6.2-6.3c.2-.2.3-.5.3-.7s-.1-.5-.3-.7c-.2-.2-.4-.3-.7-.3h-11c-.3 0-.5.1-.7.3-.2.2-.3.5-.3.7s.1.5.3.7z\"\/><\/svg><\/span><\/span><\/span><\/a><\/span><\/div>\n<nav><ul class='ez-toc-list ez-toc-list-level-1 ' ><li class='ez-toc-page-1 ez-toc-heading-level-2'><a class=\"ez-toc-link ez-toc-heading-1\" href=\"https:\/\/unox.com.tr\/es\/liquido-basura-liquido-circuitos-aire\/#%C2%BFQue_es_una_trampa_de_vapor_liquido\" >\u00bfQu\u00e9 es una trampa de vapor l\u00edquido?<\/a><ul class='ez-toc-list-level-3' ><li class='ez-toc-heading-level-3'><a class=\"ez-toc-link ez-toc-heading-2\" href=\"https:\/\/unox.com.tr\/es\/liquido-basura-liquido-circuitos-aire\/#Hay_varios_tipos_diferentes_de_trampas_de_liquidos_que_incluyen\" >Hay varios tipos diferentes de trampas de l\u00edquidos, que incluyen:<\/a><\/li><\/ul><\/li><li class='ez-toc-page-1 ez-toc-heading-level-2'><a class=\"ez-toc-link ez-toc-heading-3\" href=\"https:\/\/unox.com.tr\/es\/liquido-basura-liquido-circuitos-aire\/#Caracteristicas_del_Producto\" >Caracter\u00edsticas del Producto<\/a><\/li><li class='ez-toc-page-1 ez-toc-heading-level-2'><a class=\"ez-toc-link ez-toc-heading-4\" href=\"https:\/\/unox.com.tr\/es\/liquido-basura-liquido-circuitos-aire\/#Areas_de_uso_de_trampas_de_liquidos\" >\u00c1reas de uso de trampas de l\u00edquidos<\/a><\/li><\/ul><\/nav><\/div>\n<h2><span class=\"ez-toc-section\" id=\"%C2%BFQue_es_una_trampa_de_vapor_liquido\"><\/span><span style=\"font-size: 22px;\">\u00bfQu\u00e9 es una trampa de vapor l\u00edquido?<\/span><span class=\"ez-toc-section-end\"><\/span><\/h2>\n<p>El aire y los gases no condensados \u200b\u200bque no se pueden eliminar de las tuber\u00edas provocan mal funcionamiento y degradaci\u00f3n del rendimiento en los sistemas que utilizan l\u00edquidos. Trampa de l\u00edquido roscada UNOX, que cumple la funci\u00f3n de purificador de aire en los circuitos de l\u00edquido, evita el deterioro de metales y aleaciones, la obstrucci\u00f3n de los sistemas, el desgaste de las bombas y ayuda a que la circulaci\u00f3n y el movimiento de circulaci\u00f3n se realicen en su totalidad.<\/p>\n<p>Se utiliza para eliminar el aire de los sistemas l\u00edquidos UNOX, que genera contaminaci\u00f3n ac\u00fastica y dificulta la circulaci\u00f3n, circulando por el interior del sistema de trampas de vapor del sistema. Se puede mantener en el sitio sin desconectarlo del sistema cuando sea necesario. Se pueden seleccionar y utilizar en diferentes di\u00e1metros seg\u00fan el estado del sistema.<\/p>\n<p>Las trampas de l\u00edquidos generalmente est\u00e1n hechas de materiales resistentes a la corrosi\u00f3n y capaces de soportar las condiciones de temperatura y presi\u00f3n del sistema en el que se utilizan. Se pueden dise\u00f1ar para que se limpien o reemplacen f\u00e1cilmente seg\u00fan la aplicaci\u00f3n.<\/p>\n<h3><span class=\"ez-toc-section\" id=\"Hay_varios_tipos_diferentes_de_trampas_de_liquidos_que_incluyen\"><\/span><span style=\"font-size: 18px;\">Hay varios tipos diferentes de trampas de l\u00edquidos, que incluyen:<\/span><span class=\"ez-toc-section-end\"><\/span><\/h3>\n<ul>\n<li><strong>Trampas de gravedad:<\/strong> utilizan el peso del l\u00edquido para separarlo del gas o vapor que pasa por el sistema.<\/li>\n<li><strong>Trampas cohesivas:<\/strong> utilizan un filtro o malla para separar las gotas de l\u00edquido del gas o el vapor que pasan por el sistema.<\/li>\n<li><strong>Trampas centr\u00edfugas:<\/strong> utilizan la fuerza de rotaci\u00f3n para separar el l\u00edquido del gas o vapor que pasa por el sistema.<\/li>\n<li><strong>Trampas de vac\u00edo<\/strong>: utilizan vac\u00edo para separar el l\u00edquido del gas o vapor que pasa por el sistema.<\/li>\n<\/ul>\n<h2><span class=\"ez-toc-section\" id=\"Caracteristicas_del_Producto\"><\/span><span style=\"font-size: 22px;\">Caracter\u00edsticas del Producto<\/span><span class=\"ez-toc-section-end\"><\/span><\/h2>\n<ul>\n<li><strong>Cuerpo<\/strong>: Hierro d\u00factil GGG 40.3<\/li>\n<li><strong>Cubierta:<\/strong> hierro d\u00factil GGG<\/li>\n<li><strong>M\u00e1x. Presi\u00f3n operacional :<\/strong> 16 Bar<\/li>\n<li><strong>M\u00e1x. Temperatura de funcionamiento<\/strong>: 250\u00b0C<\/li>\n<li><strong>\u25b2p: 4,5 &#8211; 10 &#8211; 14 bar<\/strong><\/li>\n<\/ul>\n<h2><span class=\"ez-toc-section\" id=\"Areas_de_uso_de_trampas_de_liquidos\"><\/span><span style=\"font-size: 22px;\">\u00c1reas de uso de trampas de l\u00edquidos<\/span><span class=\"ez-toc-section-end\"><\/span><\/h2>\n<ul>\n<li>Tanques<\/li>\n<li>Intercambiador de calor<\/li>\n<li>Bater\u00edas de calefacci\u00f3n<\/li>\n<li>Hornos<\/li>\n<li>Llenado y vaciado de contenedores<\/li>\n<li>Calderas de agua caliente<\/li>\n<li>Circuitos de liquidos<\/li>\n<\/ul>\n<p>&nbsp;<\/p>\n<p>Puede ver nuestro video para tener informaci\u00f3n m\u00e1s detallada sobre las trampas de vapor.<\/p>\n<p>&nbsp;<\/p>\n<p><iframe title=\"Kondenstop nedir? \u00c7al\u0131\u015fma Prensibi nedir? What is a steam trap? What is the Working Principle? #10\" width=\"500\" height=\"281\" src=\"https:\/\/www.youtube.com\/embed\/RYm9XG8YP_E?feature=oembed\" frameborder=\"0\" allow=\"accelerometer; autoplay; clipboard-write; encrypted-media; gyroscope; picture-in-picture; web-share\" referrerpolicy=\"strict-origin-when-cross-origin\" allowfullscreen><\/iframe><\/p>\n","protected":false},"excerpt":{"rendered":"<p><a href=\"https:\/\/unox.com.tr\/wp-content\/uploads\/2023\/01\/Sivi-Kondenstopu-Sivi-Devrelerde-Hava-Atici.pdf\" target=\"_blank\" rel=\"noopener\"><button style=\"background-color: #11224b; color: #ffffff; padding: 10px 15px; font-family: montserrat; font-weight: bold; font-size: 19px; border-radius: 10px;\"><img decoding=\"async\" style=\"width: 25px; height: 25px;\" src=\"https:\/\/unox.com.tr\/wp-content\/uploads\/2023\/02\/pdf-1.png\">CAT\u00c1LOGO DE PRODUCTO<\/button><\/a><\/p>\n<p><a href=\"https:\/\/unox.com.tr\/wp-content\/uploads\/2023\/02\/Sivi-Kondenstopu-Sivi-Devrelerde-Hava-Atici-1.pdf\" target=\"_blank\" rel=\"noopener\"><button style=\"background-color: #11224b; margin-top: 5px; color: #ffffff; padding: 10px 15px; font-family: montserrat; font-weight: bold; font-size: 16px; border-radius: 10px;\"><img decoding=\"async\" style=\"width: 25px; height: 25px;\" src=\"https:\/\/unox.com.tr\/wp-content\/uploads\/2023\/02\/pdf-1.png\">INSTRUCCIONES DE OPERACI\u00d3N<\/button><\/a><\/p>\n<p><button style=\"background-color: #11224b; margin-top: 5px; color: white; padding: 0px 15px; width: 150px; height: 55px; border-radius: 10px; border: none; cursor: pointer;\"><br \/>\n<img decoding=\"async\" style=\"width: 120px; height: 30px;\" src=\"https:\/\/unox.com.tr\/wp-content\/uploads\/2023\/02\/4-1.svg\"><\/button><\/p>\n","protected":false},"featured_media":29644,"comment_status":"open","ping_status":"closed","template":"","meta":[],"product_brand":[],"product_cat":[480,1097],"product_tag":[],"class_list":{"0":"post-12578","1":"product","2":"type-product","3":"status-publish","4":"has-post-thumbnail","6":"product_cat-trampa-de-vapor","7":"product_cat-trampas-de-vapor","9":"first","10":"instock","11":"shipping-taxable","12":"product-type-simple"},"_links":{"self":[{"href":"https:\/\/unox.com.tr\/es\/wp-json\/wp\/v2\/product\/12578","targetHints":{"allow":["GET"]}}],"collection":[{"href":"https:\/\/unox.com.tr\/es\/wp-json\/wp\/v2\/product"}],"about":[{"href":"https:\/\/unox.com.tr\/es\/wp-json\/wp\/v2\/types\/product"}],"replies":[{"embeddable":true,"href":"https:\/\/unox.com.tr\/es\/wp-json\/wp\/v2\/comments?post=12578"}],"version-history":[{"count":0,"href":"https:\/\/unox.com.tr\/es\/wp-json\/wp\/v2\/product\/12578\/revisions"}],"wp:featuredmedia":[{"embeddable":true,"href":"https:\/\/unox.com.tr\/es\/wp-json\/wp\/v2\/media\/29644"}],"wp:attachment":[{"href":"https:\/\/unox.com.tr\/es\/wp-json\/wp\/v2\/media?parent=12578"}],"wp:term":[{"taxonomy":"product_brand","embeddable":true,"href":"https:\/\/unox.com.tr\/es\/wp-json\/wp\/v2\/product_brand?post=12578"},{"taxonomy":"product_cat","embeddable":true,"href":"https:\/\/unox.com.tr\/es\/wp-json\/wp\/v2\/product_cat?post=12578"},{"taxonomy":"product_tag","embeddable":true,"href":"https:\/\/unox.com.tr\/es\/wp-json\/wp\/v2\/product_tag?post=12578"}],"curies":[{"name":"wp","href":"https:\/\/api.w.org\/{rel}","templated":true}]}}