{"id":12581,"date":"2020-09-29T07:36:03","date_gmt":"2020-09-29T04:36:03","guid":{"rendered":"https:\/\/www.unox.com.tr\/?post_type=product&#038;p=4523"},"modified":"2023-03-01T10:55:37","modified_gmt":"2023-03-01T07:55:37","slug":"valvula-de-aceite-caliente-de-2-vias-neumatica-de-encendido-y-apagado","status":"publish","type":"product","link":"https:\/\/unox.com.tr\/es\/valvula-de-aceite-caliente-de-2-vias-neumatica-de-encendido-y-apagado\/","title":{"rendered":"V\u00e1lvula Neum\u00e1tica de Encendido y Apagado de Aceite Caliente de 2 V\u00edas &#8211; 33612"},"content":{"rendered":"<div id=\"ez-toc-container\" class=\"ez-toc-v2_0_82_2 counter-hierarchy ez-toc-counter ez-toc-grey ez-toc-container-direction\">\n<div class=\"ez-toc-title-container\">\n<p class=\"ez-toc-title\" style=\"cursor:inherit\">Sayfa \u0130\u00e7eri\u011fi<\/p>\n<span class=\"ez-toc-title-toggle\"><a href=\"#\" class=\"ez-toc-pull-right ez-toc-btn ez-toc-btn-xs ez-toc-btn-default ez-toc-toggle\" aria-label=\"Alternar tabla de contenidos\"><span class=\"ez-toc-js-icon-con\"><span class=\"\"><span class=\"eztoc-hide\" style=\"display:none;\">Toggle<\/span><span class=\"ez-toc-icon-toggle-span\"><svg style=\"fill: #999;color:#999\" xmlns=\"http:\/\/www.w3.org\/2000\/svg\" class=\"list-377408\" width=\"20px\" height=\"20px\" viewBox=\"0 0 24 24\" fill=\"none\"><path d=\"M6 6H4v2h2V6zm14 0H8v2h12V6zM4 11h2v2H4v-2zm16 0H8v2h12v-2zM4 16h2v2H4v-2zm16 0H8v2h12v-2z\" fill=\"currentColor\"><\/path><\/svg><svg style=\"fill: #999;color:#999\" class=\"arrow-unsorted-368013\" xmlns=\"http:\/\/www.w3.org\/2000\/svg\" width=\"10px\" height=\"10px\" viewBox=\"0 0 24 24\" version=\"1.2\" baseProfile=\"tiny\"><path d=\"M18.2 9.3l-6.2-6.3-6.2 6.3c-.2.2-.3.4-.3.7s.1.5.3.7c.2.2.4.3.7.3h11c.3 0 .5-.1.7-.3.2-.2.3-.5.3-.7s-.1-.5-.3-.7zM5.8 14.7l6.2 6.3 6.2-6.3c.2-.2.3-.5.3-.7s-.1-.5-.3-.7c-.2-.2-.4-.3-.7-.3h-11c-.3 0-.5.1-.7.3-.2.2-.3.5-.3.7s.1.5.3.7z\"\/><\/svg><\/span><\/span><\/span><\/a><\/span><\/div>\n<nav><ul class='ez-toc-list ez-toc-list-level-1 ' ><li class='ez-toc-page-1 ez-toc-heading-level-2'><a class=\"ez-toc-link ez-toc-heading-1\" href=\"https:\/\/unox.com.tr\/es\/valvula-de-aceite-caliente-de-2-vias-neumatica-de-encendido-y-apagado\/#%C2%BFQue_es_la_valvula_de_aceite_caliente_de_encendido_y_apagado_neumatica_de_2_vias\" >\u00bfQu\u00e9 es la v\u00e1lvula de aceite caliente de encendido y apagado neum\u00e1tica de 2 v\u00edas?<\/a><\/li><li class='ez-toc-page-1 ez-toc-heading-level-2'><a class=\"ez-toc-link ez-toc-heading-2\" href=\"https:\/\/unox.com.tr\/es\/valvula-de-aceite-caliente-de-2-vias-neumatica-de-encendido-y-apagado\/#%C2%BFQue_es_una_valvula_de_control\" >\u00bfQu\u00e9 es una v\u00e1lvula de control?<\/a><\/li><li class='ez-toc-page-1 ez-toc-heading-level-2'><a class=\"ez-toc-link ez-toc-heading-3\" href=\"https:\/\/unox.com.tr\/es\/valvula-de-aceite-caliente-de-2-vias-neumatica-de-encendido-y-apagado\/#%C2%BFQue_es_el_principio_de_funcionamiento_de_encendido_y_apagado\" >\u00bfQu\u00e9 es el principio de funcionamiento de encendido y apagado?<\/a><\/li><li class='ez-toc-page-1 ez-toc-heading-level-2'><a class=\"ez-toc-link ez-toc-heading-4\" href=\"https:\/\/unox.com.tr\/es\/valvula-de-aceite-caliente-de-2-vias-neumatica-de-encendido-y-apagado\/#Caracteristicas_Generales\" >Caracter\u00edsticas Generales<\/a><\/li><li class='ez-toc-page-1 ez-toc-heading-level-2'><a class=\"ez-toc-link ez-toc-heading-5\" href=\"https:\/\/unox.com.tr\/es\/valvula-de-aceite-caliente-de-2-vias-neumatica-de-encendido-y-apagado\/#Propiedades_materiales\" >Propiedades materiales<\/a><\/li><\/ul><\/nav><\/div>\n<h2><span class=\"ez-toc-section\" id=\"%C2%BFQue_es_la_valvula_de_aceite_caliente_de_encendido_y_apagado_neumatica_de_2_vias\"><\/span><span style=\"font-size: 22px;\">\u00bfQu\u00e9 es la v\u00e1lvula de aceite caliente de encendido y apagado neum\u00e1tica de 2 v\u00edas?<\/span><span class=\"ez-toc-section-end\"><\/span><\/h2>\n<p>La v\u00e1lvula de aceite caliente neum\u00e1tica de dos v\u00edas es un tipo de v\u00e1lvula dise\u00f1ada para controlar el flujo de aceite caliente u otros l\u00edquidos calientes. Estas v\u00e1lvulas generalmente se usan en entornos industriales o comerciales donde se involucran altas temperaturas y presiones, como plantas de proceso o centrales el\u00e9ctricas. La v\u00e1lvula de aceite caliente se puede utilizar en una variedad de aplicaciones que incluyen calefacci\u00f3n, refrigeraci\u00f3n, lubricaci\u00f3n y control de temperatura. En general, est\u00e1n hechos de materiales resistentes a altas temperaturas y pueden soportar los efectos corrosivos de los aceites calientes.<\/p>\n<h2><span class=\"ez-toc-section\" id=\"%C2%BFQue_es_una_valvula_de_control\"><\/span><span style=\"font-size: 22px;\">\u00bfQu\u00e9 es una v\u00e1lvula de control?<\/span><span class=\"ez-toc-section-end\"><\/span><\/h2>\n<p>V\u00e1lvula de control; Una v\u00e1lvula utilizada para controlar el fluido cambiando el tama\u00f1o del paso de flujo seg\u00fan lo indique una se\u00f1al de un controlador. Las v\u00e1lvulas de control proporcionan control de presi\u00f3n, temperatura, caudal y nivel en todos los procesos en los que hay l\u00edquido. Las v\u00e1lvulas de control se utilizan para agua fr\u00eda, agua caliente, vapor, agua sobrecalentada, vapor y gas, etc. producidos por el consumo de energ\u00eda en las empresas. Asegura que los fluidos puedan ser transportados y controlados sin p\u00e9rdida alguna.<\/p>\n<h2><span class=\"ez-toc-section\" id=\"%C2%BFQue_es_el_principio_de_funcionamiento_de_encendido_y_apagado\"><\/span><span style=\"font-size: 22px;\">\u00bfQu\u00e9 es el principio de funcionamiento de encendido y apagado?<\/span><span class=\"ez-toc-section-end\"><\/span><\/h2>\n<p>El principio de operaci\u00f3n On-Off se refiere a un sistema de control en el que un dispositivo o sistema est\u00e1 completamente abierto o completamente cerrado sin condiciones intermedias. Este tipo de control se usa a menudo en sistemas simples donde es necesario encender o apagar un dispositivo o sistema en funci\u00f3n de una condici\u00f3n o entrada en particular.<\/p>\n<p>Un ejemplo del principio de funcionamiento de encendido y apagado es un termostato que controla el sistema de calefacci\u00f3n o refrigeraci\u00f3n. Cuando el termostato se ajusta a una determinada temperatura, enciende o apaga el sistema seg\u00fan sea necesario para mantener esa temperatura. Si la temperatura en la habitaci\u00f3n cae por debajo del punto de ajuste, el sistema de calefacci\u00f3n se enciende, si la temperatura sube por encima del punto de ajuste, el sistema de calefacci\u00f3n se apaga.<\/p>\n<p>El principio de funcionamiento On-Off se usa a menudo en sistemas de control simples, ya que es relativamente f\u00e1cil de implementar y comprender. Sin embargo, puede ser menos sensible que otros m\u00e9todos de control, ya que no permite ajustes finos ni estados intermedios.<\/p>\n<h2><span class=\"ez-toc-section\" id=\"Caracteristicas_Generales\"><\/span><span style=\"font-size: 22px;\">Caracter\u00edsticas Generales<\/span><span class=\"ez-toc-section-end\"><\/span><\/h2>\n<ul>\n<li><strong>Producto:<\/strong> V\u00e1lvula de aceite caliente de encendido y apagado neum\u00e1tica de 2 v\u00edas (con adici\u00f3n de fuelle de metal)<\/li>\n<li><strong>Dimensiones:<\/strong> DN15 \/ DN20 \/ DN25 \/ DN32 \/ DN40 \/ DN50 \/ DN65 \/ DN80 \/ DN100<\/li>\n<li><strong>\u00c1rea de uso:<\/strong> L\u00edneas de vapor presurizado y aceite caliente<\/li>\n<li><strong>Norma de conexi\u00f3n:<\/strong> conexi\u00f3n de brida (DIN1092-2)<\/li>\n<li><strong>Clase de presi\u00f3n:<\/strong> PN25<\/li>\n<li><strong>Posici\u00f3n de Seguridad:<\/strong> Normalmente Cerrada &#8211; Normalmente Abierta<\/li>\n<li><strong>Clase de sellado:<\/strong> CLASE IV Metal a metal<\/li>\n<li><strong>M\u00e1x. Temperatura de Funcionamiento: <\/strong> 350 \u00b0C<\/li>\n<li><strong>Sellado de cuello:<\/strong> con fuelle de metal V-Pack<\/li>\n<li><strong>Caracter\u00edstica:<\/strong> Encendido &#8211; Apagado<\/li>\n<\/ul>\n<h2><span class=\"ez-toc-section\" id=\"Propiedades_materiales\"><\/span><span style=\"font-size: 22px;\">Propiedades materiales<\/span><span class=\"ez-toc-section-end\"><\/span><\/h2>\n<ul>\n<li><strong>Cuerpo:<\/strong> GGG &#8211; Hierro d\u00factil 40.3<\/li>\n<li><strong>Cubierta:<\/strong> GGG &#8211; Hierro d\u00factil 40.3<\/li>\n<li><strong>Conector de cuello:<\/strong> ST44- 3 (S275J0)<\/li>\n<li><strong>Asiento:<\/strong> Acero Inoxidable 1.4571 (AISI316)<\/li>\n<\/ul>\n<p><strong>Accesorios<\/strong><\/p>\n<p><em>Solicite la adici\u00f3n de la Caja de Interruptores de L\u00edmite.<\/em><\/p>\n<p><em>Pregunta por el control manual.<\/em><\/p>\n<p><em>DN100, DN125, DN150 El material del cuerpo es hierro fundido PN16.<\/em><\/p>\n<p><em>Consulte los diferentes materiales de la carrocer\u00eda.<\/em><\/p>\n","protected":false},"excerpt":{"rendered":"<p><a href=\"https:\/\/unox.com.tr\/wp-content\/uploads\/2023\/01\/2-Yollu-Pnomatik-On-Off-Kizgin-Yag-Vanasi-33612.pdf\" target=\"_blank\" rel=\"noopener\"><button style=\"background-color: #11224b; color: #ffffff; padding: 10px 15px; font-family: montserrat; font-weight: bold; font-size: 19px; border-radius: 10px;\"><img decoding=\"async\" style=\"width: 25px; height: 25px;\" src=\"https:\/\/unox.com.tr\/wp-content\/uploads\/2023\/02\/pdf-1.png\">CAT\u00c1LOGO DE PRODUCTO<\/button><\/a><\/p>\n<p><button style=\"background-color: #11224b; margin-top: 5px; color: white; padding: 0px 15px; width: 150px; height: 55px; border-radius: 10px; border: none; cursor: pointer;\"><br \/>\n<img decoding=\"async\" style=\"width: 120px; height: 30px;\" src=\"https:\/\/unox.com.tr\/wp-content\/uploads\/2023\/02\/4-1.svg\"><\/button><\/p>\n","protected":false},"featured_media":33959,"comment_status":"open","ping_status":"closed","template":"","meta":{"_joinchat":[]},"product_brand":[],"product_cat":[1655,1100,472],"product_tag":[],"class_list":{"0":"post-12581","1":"product","2":"type-product","3":"status-publish","4":"has-post-thumbnail","6":"product_cat-valvula-de-aceite-caliente","7":"product_cat-valvula-de-control-neumatica-de-encendido-y-apagado","8":"product_cat-valvulas-de-control","10":"first","11":"instock","12":"shipping-taxable","13":"product-type-simple"},"_links":{"self":[{"href":"https:\/\/unox.com.tr\/es\/wp-json\/wp\/v2\/product\/12581","targetHints":{"allow":["GET"]}}],"collection":[{"href":"https:\/\/unox.com.tr\/es\/wp-json\/wp\/v2\/product"}],"about":[{"href":"https:\/\/unox.com.tr\/es\/wp-json\/wp\/v2\/types\/product"}],"replies":[{"embeddable":true,"href":"https:\/\/unox.com.tr\/es\/wp-json\/wp\/v2\/comments?post=12581"}],"version-history":[{"count":0,"href":"https:\/\/unox.com.tr\/es\/wp-json\/wp\/v2\/product\/12581\/revisions"}],"wp:featuredmedia":[{"embeddable":true,"href":"https:\/\/unox.com.tr\/es\/wp-json\/wp\/v2\/media\/33959"}],"wp:attachment":[{"href":"https:\/\/unox.com.tr\/es\/wp-json\/wp\/v2\/media?parent=12581"}],"wp:term":[{"taxonomy":"product_brand","embeddable":true,"href":"https:\/\/unox.com.tr\/es\/wp-json\/wp\/v2\/product_brand?post=12581"},{"taxonomy":"product_cat","embeddable":true,"href":"https:\/\/unox.com.tr\/es\/wp-json\/wp\/v2\/product_cat?post=12581"},{"taxonomy":"product_tag","embeddable":true,"href":"https:\/\/unox.com.tr\/es\/wp-json\/wp\/v2\/product_tag?post=12581"}],"curies":[{"name":"wp","href":"https:\/\/api.w.org\/{rel}","templated":true}]}}