{"id":12583,"date":"2020-09-29T07:54:40","date_gmt":"2020-09-29T07:54:40","guid":{"rendered":"https:\/\/www.unox.com.tr\/?post_type=product&#038;p=4528"},"modified":"2024-03-02T18:45:56","modified_gmt":"2024-03-02T15:45:56","slug":"valvula-de-aceite-caliente-proporcional-neumatica-de-3-vias","status":"publish","type":"product","link":"https:\/\/unox.com.tr\/es\/valvula-de-aceite-caliente-proporcional-neumatica-de-3-vias\/","title":{"rendered":"V\u00e1lvula de Aceite Caliente Proporcional Neum\u00e1tica de 3 V\u00edas &#8211; 33614"},"content":{"rendered":"<div id=\"ez-toc-container\" class=\"ez-toc-v2_0_82_2 counter-hierarchy ez-toc-counter ez-toc-grey ez-toc-container-direction\">\n<div class=\"ez-toc-title-container\">\n<p class=\"ez-toc-title\" style=\"cursor:inherit\">Sayfa \u0130\u00e7eri\u011fi<\/p>\n<span class=\"ez-toc-title-toggle\"><a href=\"#\" class=\"ez-toc-pull-right ez-toc-btn ez-toc-btn-xs ez-toc-btn-default ez-toc-toggle\" aria-label=\"Alternar tabla de contenidos\"><span class=\"ez-toc-js-icon-con\"><span class=\"\"><span class=\"eztoc-hide\" style=\"display:none;\">Toggle<\/span><span class=\"ez-toc-icon-toggle-span\"><svg style=\"fill: #999;color:#999\" xmlns=\"http:\/\/www.w3.org\/2000\/svg\" class=\"list-377408\" width=\"20px\" height=\"20px\" viewBox=\"0 0 24 24\" fill=\"none\"><path d=\"M6 6H4v2h2V6zm14 0H8v2h12V6zM4 11h2v2H4v-2zm16 0H8v2h12v-2zM4 16h2v2H4v-2zm16 0H8v2h12v-2z\" fill=\"currentColor\"><\/path><\/svg><svg style=\"fill: #999;color:#999\" class=\"arrow-unsorted-368013\" xmlns=\"http:\/\/www.w3.org\/2000\/svg\" width=\"10px\" height=\"10px\" viewBox=\"0 0 24 24\" version=\"1.2\" baseProfile=\"tiny\"><path d=\"M18.2 9.3l-6.2-6.3-6.2 6.3c-.2.2-.3.4-.3.7s.1.5.3.7c.2.2.4.3.7.3h11c.3 0 .5-.1.7-.3.2-.2.3-.5.3-.7s-.1-.5-.3-.7zM5.8 14.7l6.2 6.3 6.2-6.3c.2-.2.3-.5.3-.7s-.1-.5-.3-.7c-.2-.2-.4-.3-.7-.3h-11c-.3 0-.5.1-.7.3-.2.2-.3.5-.3.7s.1.5.3.7z\"\/><\/svg><\/span><\/span><\/span><\/a><\/span><\/div>\n<nav><ul class='ez-toc-list ez-toc-list-level-1 ' ><li class='ez-toc-page-1 ez-toc-heading-level-2'><a class=\"ez-toc-link ez-toc-heading-1\" href=\"https:\/\/unox.com.tr\/es\/valvula-de-aceite-caliente-proporcional-neumatica-de-3-vias\/#%C2%BFQue_es_la_valvula_de_aceite_caliente_proporcional_neumatica_de_3_vias\" >\u00bfQu\u00e9 es la v\u00e1lvula de aceite caliente proporcional neum\u00e1tica de 3 v\u00edas?<\/a><\/li><li class='ez-toc-page-1 ez-toc-heading-level-2'><a class=\"ez-toc-link ez-toc-heading-2\" href=\"https:\/\/unox.com.tr\/es\/valvula-de-aceite-caliente-proporcional-neumatica-de-3-vias\/#%C2%BFQue_es_una_valvula_de_control\" >\u00bfQu\u00e9 es una v\u00e1lvula de control?<\/a><\/li><li class='ez-toc-page-1 ez-toc-heading-level-2'><a class=\"ez-toc-link ez-toc-heading-3\" href=\"https:\/\/unox.com.tr\/es\/valvula-de-aceite-caliente-proporcional-neumatica-de-3-vias\/#%C2%BFQue_es_el_principio_de_funcionamiento_proporcional\" >\u00bfQu\u00e9 es el principio de funcionamiento proporcional?<\/a><\/li><li class='ez-toc-page-1 ez-toc-heading-level-2'><a class=\"ez-toc-link ez-toc-heading-4\" href=\"https:\/\/unox.com.tr\/es\/valvula-de-aceite-caliente-proporcional-neumatica-de-3-vias\/#Caracteristicas_basicas_estandar\" >Caracter\u00edsticas b\u00e1sicas (est\u00e1ndar)<\/a><\/li><li class='ez-toc-page-1 ez-toc-heading-level-2'><a class=\"ez-toc-link ez-toc-heading-5\" href=\"https:\/\/unox.com.tr\/es\/valvula-de-aceite-caliente-proporcional-neumatica-de-3-vias\/#Propiedades_materiales\" >Propiedades materiales<\/a><ul class='ez-toc-list-level-3' ><li class='ez-toc-heading-level-3'><a class=\"ez-toc-link ez-toc-heading-6\" href=\"https:\/\/unox.com.tr\/es\/valvula-de-aceite-caliente-proporcional-neumatica-de-3-vias\/#Accesorios\" >Accesorios<\/a><\/li><\/ul><\/li><\/ul><\/nav><\/div>\n<h2><span class=\"ez-toc-section\" id=\"%C2%BFQue_es_la_valvula_de_aceite_caliente_proporcional_neumatica_de_3_vias\"><\/span><span style=\"font-size: 22px;\">\u00bfQu\u00e9 es la v\u00e1lvula de aceite caliente proporcional neum\u00e1tica de 3 v\u00edas?<\/span><span class=\"ez-toc-section-end\"><\/span><\/h2>\n<p>Una v\u00e1lvula de aceite caliente es un tipo de v\u00e1lvula dise\u00f1ada para controlar el flujo de aceite caliente u otros l\u00edquidos calientes. Estas v\u00e1lvulas generalmente se usan en entornos industriales o comerciales donde se involucran altas temperaturas y presiones, como plantas de proceso o centrales el\u00e9ctricas. La v\u00e1lvula de aceite caliente se puede utilizar en una variedad de aplicaciones que incluyen calefacci\u00f3n, refrigeraci\u00f3n, lubricaci\u00f3n y control de temperatura. En general, est\u00e1n hechos de materiales resistentes a altas temperaturas y pueden soportar los efectos corrosivos de los aceites calientes.<\/p>\n<h2><span class=\"ez-toc-section\" id=\"%C2%BFQue_es_una_valvula_de_control\"><\/span><span style=\"font-size: 22px;\">\u00bfQu\u00e9 es una v\u00e1lvula de control?<\/span><span class=\"ez-toc-section-end\"><\/span><\/h2>\n<p>V\u00e1lvula de control; Una v\u00e1lvula utilizada para controlar el fluido cambiando el tama\u00f1o del paso de flujo seg\u00fan lo indique una se\u00f1al de un controlador. Las v\u00e1lvulas de control proporcionan control de presi\u00f3n, temperatura, caudal y nivel en todos los procesos en los que hay l\u00edquido. Las v\u00e1lvulas de control se utilizan para agua fr\u00eda, agua caliente, vapor, agua sobrecalentada, vapor y gas, etc. producidos por el consumo de energ\u00eda en las empresas. Asegura que los fluidos puedan ser transportados y controlados sin p\u00e9rdida alguna.<\/p>\n<h2><span class=\"ez-toc-section\" id=\"%C2%BFQue_es_el_principio_de_funcionamiento_proporcional\"><\/span><span style=\"font-size: 22px;\">\u00bfQu\u00e9 es el principio de funcionamiento proporcional?<\/span><span class=\"ez-toc-section-end\"><\/span><\/h2>\n<p>El principio de operaci\u00f3n proporcional es un concepto de sistema de control que se refiere al uso de una se\u00f1al de control que es directamente proporcional al error entre el punto de ajuste deseado y el valor real del proceso. En otras palabras, la se\u00f1al de control se ajusta proporcionalmente al tama\u00f1o y direcci\u00f3n del error.<\/p>\n<p>Este tipo de sistema de control se utiliza en varias aplicaciones donde es necesario mantener una variable de proceso en un determinado punto de ajuste o dentro de un cierto rango. Por ejemplo, es ampliamente utilizado en sistemas de control de temperatura, sistemas de control de presi\u00f3n y sistemas de control de flujo.<\/p>\n<p>En el sistema de control proporcional, la se\u00f1al de control es generada por un controlador que compara el punto de referencia con el valor del proceso y calcula el error. El controlador luego aplica una se\u00f1al de control proporcional al error al proceso. La se\u00f1al de control generalmente se aplica a trav\u00e9s de un elemento de control como una v\u00e1lvula que puede ajustar el flujo de un fluido o la posici\u00f3n de un mecanismo para cambiar la variable del proceso.<\/p>\n<h2><span class=\"ez-toc-section\" id=\"Caracteristicas_basicas_estandar\"><\/span><span style=\"font-size: 22px;\">Caracter\u00edsticas b\u00e1sicas (est\u00e1ndar)<\/span><span class=\"ez-toc-section-end\"><\/span><\/h2>\n<ul>\n<li><strong>Producto:<\/strong> V\u00e1lvula de aceite caliente proporcional neum\u00e1tica de 3 v\u00edas (con adici\u00f3n de fuelle met\u00e1lico)<\/li>\n<li><strong>Dimensiones:<\/strong> DN15 \/ DN20 \/ DN25 \/ DN32 \/ DN40 \/ DN50 \/ DN65 \/ DN80 \/ DN100<\/li>\n<li><strong>\u00c1rea de uso:<\/strong> L\u00edneas de vapor presurizado y aceite caliente<\/li>\n<li><strong>Norma de conexi\u00f3n:<\/strong> conexi\u00f3n de brida (DIN1092-2)<\/li>\n<li><strong>Clase de presi\u00f3n:<\/strong> PN25<\/li>\n<li><strong>Posici\u00f3n de seguridad:<\/strong> Funci\u00f3n<\/li>\n<li><strong>Clase de sellado:<\/strong> CLASE IV Metal a metal<\/li>\n<li><strong>M\u00e1x. Temperatura de Funcionamiento: <\/strong> 350 \u00b0C<\/li>\n<li><strong>Sellado de cuello:<\/strong> con fuelle de metal<\/li>\n<li><strong>Caracter\u00edstica:<\/strong> Igual Porcentaje &#8211; Proporcional<\/li>\n<li><strong>Presi\u00f3n de se\u00f1al (bar):<\/strong> (0,2-1), (0,4-2), (0,6-3), (1,4-2,3)<\/li>\n<li><strong>Presi\u00f3n de aire de suministro (bar):<\/strong> (1,8), (2,6), (3,5), (2,8)<\/li>\n<li><strong>Unidad de accionamiento (cm2):<\/strong> (240), (350), (700)<\/li>\n<\/ul>\n<p><strong>Posicionador no incluido.<\/strong><\/p>\n<h2><span class=\"ez-toc-section\" id=\"Propiedades_materiales\"><\/span><span style=\"font-size: 22px;\">Propiedades materiales<\/span><span class=\"ez-toc-section-end\"><\/span><\/h2>\n<ul>\n<li><strong>Cuerpo:<\/strong> GGG &#8211; Hierro d\u00factil 40.3<\/li>\n<li><strong>Cubierta:<\/strong> GGG &#8211; Hierro d\u00factil 40.3<\/li>\n<li><strong>Conector de cuello:<\/strong> ST44- 3 (S275J0)<\/li>\n<li><strong>Asiento:<\/strong> Acero Inoxidable 1.4571 (AISI316)<\/li>\n<\/ul>\n<h3><span class=\"ez-toc-section\" id=\"Accesorios\"><\/span><span style=\"font-size: 20px;\">Accesorios<\/span><span class=\"ez-toc-section-end\"><\/span><\/h3>\n<p><em>Solicite la adici\u00f3n de la Caja de Interruptores de L\u00edmite.<\/em><\/p>\n<p><em>Pregunta por el control manual.<\/em><\/p>\n<p><em>DN100, DN125, DN150 El material del cuerpo es hierro fundido PN16.<\/em><\/p>\n<p><em>Consulte los diferentes materiales de la carrocer\u00eda.<\/em><\/p>\n","protected":false},"excerpt":{"rendered":"<p><a href=\"https:\/\/unox.com.tr\/wp-content\/uploads\/2023\/01\/3-Yollu-Pnomatik-Oransal-Kizgin-Yag-Vanasi-33614.pdf\" target=\"_blank\" rel=\"noopener\"><button style=\"background-color: #11224b; color: #ffffff; padding: 10px 15px; font-family: montserrat; font-weight: bold; font-size: 19px; border-radius: 10px;\"><img decoding=\"async\" style=\"width: 25px; height: 25px;\" src=\"https:\/\/unox.com.tr\/wp-content\/uploads\/2023\/02\/pdf-1.png\">CAT\u00c1LOGO DE PRODUCTO<\/button><\/a><\/p>\n<p><button style=\"background-color: #11224b; margin-top: 5px; color: white; padding: 0px 15px; width: 150px; height: 55px; border-radius: 10px; border: none; cursor: pointer;\"><br \/>\n<img decoding=\"async\" style=\"width: 120px; height: 30px;\" src=\"https:\/\/unox.com.tr\/wp-content\/uploads\/2023\/02\/4-1.svg\"><\/button><\/p>\n","protected":false},"featured_media":34099,"comment_status":"closed","ping_status":"closed","template":"","meta":{"_joinchat":[]},"product_brand":[],"product_cat":[1655,482,472],"product_tag":[],"class_list":{"0":"post-12583","1":"product","2":"type-product","3":"status-publish","4":"has-post-thumbnail","6":"product_cat-valvula-de-aceite-caliente","7":"product_cat-valvula-de-control-proporcional-neumatica","8":"product_cat-valvulas-de-control","10":"first","11":"instock","12":"shipping-taxable","13":"product-type-simple"},"_links":{"self":[{"href":"https:\/\/unox.com.tr\/es\/wp-json\/wp\/v2\/product\/12583","targetHints":{"allow":["GET"]}}],"collection":[{"href":"https:\/\/unox.com.tr\/es\/wp-json\/wp\/v2\/product"}],"about":[{"href":"https:\/\/unox.com.tr\/es\/wp-json\/wp\/v2\/types\/product"}],"replies":[{"embeddable":true,"href":"https:\/\/unox.com.tr\/es\/wp-json\/wp\/v2\/comments?post=12583"}],"version-history":[{"count":0,"href":"https:\/\/unox.com.tr\/es\/wp-json\/wp\/v2\/product\/12583\/revisions"}],"wp:featuredmedia":[{"embeddable":true,"href":"https:\/\/unox.com.tr\/es\/wp-json\/wp\/v2\/media\/34099"}],"wp:attachment":[{"href":"https:\/\/unox.com.tr\/es\/wp-json\/wp\/v2\/media?parent=12583"}],"wp:term":[{"taxonomy":"product_brand","embeddable":true,"href":"https:\/\/unox.com.tr\/es\/wp-json\/wp\/v2\/product_brand?post=12583"},{"taxonomy":"product_cat","embeddable":true,"href":"https:\/\/unox.com.tr\/es\/wp-json\/wp\/v2\/product_cat?post=12583"},{"taxonomy":"product_tag","embeddable":true,"href":"https:\/\/unox.com.tr\/es\/wp-json\/wp\/v2\/product_tag?post=12583"}],"curies":[{"name":"wp","href":"https:\/\/api.w.org\/{rel}","templated":true}]}}