{"id":34384,"date":"2022-10-19T11:52:52","date_gmt":"2022-10-19T08:52:52","guid":{"rendered":"https:\/\/www.unox.com.tr\/urun\/valvula-de-compuerta-de-piston-neumatico\/"},"modified":"2023-03-06T11:29:33","modified_gmt":"2023-03-06T08:29:33","slug":"valvula-de-piston-neumatico","status":"publish","type":"product","link":"https:\/\/unox.com.tr\/es\/valvula-de-piston-neumatico\/","title":{"rendered":"V\u00e1lvula de Compuerta de Pist\u00f3n Neum\u00e1tico"},"content":{"rendered":"<div id=\"ez-toc-container\" class=\"ez-toc-v2_0_82_2 counter-hierarchy ez-toc-counter ez-toc-grey ez-toc-container-direction\">\n<div class=\"ez-toc-title-container\">\n<p class=\"ez-toc-title\" style=\"cursor:inherit\">Sayfa \u0130\u00e7eri\u011fi<\/p>\n<span class=\"ez-toc-title-toggle\"><a href=\"#\" class=\"ez-toc-pull-right ez-toc-btn ez-toc-btn-xs ez-toc-btn-default ez-toc-toggle\" aria-label=\"Alternar tabla de contenidos\"><span class=\"ez-toc-js-icon-con\"><span class=\"\"><span class=\"eztoc-hide\" style=\"display:none;\">Toggle<\/span><span class=\"ez-toc-icon-toggle-span\"><svg style=\"fill: #999;color:#999\" xmlns=\"http:\/\/www.w3.org\/2000\/svg\" class=\"list-377408\" width=\"20px\" height=\"20px\" viewBox=\"0 0 24 24\" fill=\"none\"><path d=\"M6 6H4v2h2V6zm14 0H8v2h12V6zM4 11h2v2H4v-2zm16 0H8v2h12v-2zM4 16h2v2H4v-2zm16 0H8v2h12v-2z\" fill=\"currentColor\"><\/path><\/svg><svg style=\"fill: #999;color:#999\" class=\"arrow-unsorted-368013\" xmlns=\"http:\/\/www.w3.org\/2000\/svg\" width=\"10px\" height=\"10px\" viewBox=\"0 0 24 24\" version=\"1.2\" baseProfile=\"tiny\"><path d=\"M18.2 9.3l-6.2-6.3-6.2 6.3c-.2.2-.3.4-.3.7s.1.5.3.7c.2.2.4.3.7.3h11c.3 0 .5-.1.7-.3.2-.2.3-.5.3-.7s-.1-.5-.3-.7zM5.8 14.7l6.2 6.3 6.2-6.3c.2-.2.3-.5.3-.7s-.1-.5-.3-.7c-.2-.2-.4-.3-.7-.3h-11c-.3 0-.5.1-.7.3-.2.2-.3.5-.3.7s.1.5.3.7z\"\/><\/svg><\/span><\/span><\/span><\/a><\/span><\/div>\n<nav><ul class='ez-toc-list ez-toc-list-level-1 ' ><li class='ez-toc-page-1 ez-toc-heading-level-2'><a class=\"ez-toc-link ez-toc-heading-1\" href=\"https:\/\/unox.com.tr\/es\/valvula-de-piston-neumatico\/#%C2%BFQue_es_la_valvula_de_compuerta_de_cuchillo_de_piston_neumatico\" >\u00bfQu\u00e9 es la v\u00e1lvula de compuerta de cuchillo de pist\u00f3n neum\u00e1tico?<\/a><\/li><li class='ez-toc-page-1 ez-toc-heading-level-2'><a class=\"ez-toc-link ez-toc-heading-2\" href=\"https:\/\/unox.com.tr\/es\/valvula-de-piston-neumatico\/#%C2%BFDonde_se_utiliza_la_valvula_de_compuerta_de_cuchillo_de_piston_neumatico\" >\u00bfD\u00f3nde se utiliza la v\u00e1lvula de compuerta de cuchillo de pist\u00f3n neum\u00e1tico?<\/a><\/li><li class='ez-toc-page-1 ez-toc-heading-level-2'><a class=\"ez-toc-link ez-toc-heading-3\" href=\"https:\/\/unox.com.tr\/es\/valvula-de-piston-neumatico\/#Especificaciones_Tecnicas\" >Especificaciones T\u00e9cnicas<\/a><\/li><li class='ez-toc-page-1 ez-toc-heading-level-2'><a class=\"ez-toc-link ez-toc-heading-4\" href=\"https:\/\/unox.com.tr\/es\/valvula-de-piston-neumatico\/#Caracteristicas_generales\" >Caracter\u00edsticas generales<\/a><\/li><li class='ez-toc-page-1 ez-toc-heading-level-2'><a class=\"ez-toc-link ez-toc-heading-5\" href=\"https:\/\/unox.com.tr\/es\/valvula-de-piston-neumatico\/#Ambito_de_Aplicacion\" >\u00c1mbito de Aplicaci\u00f3n<\/a><\/li><\/ul><\/nav><\/div>\n<h2><span class=\"ez-toc-section\" id=\"%C2%BFQue_es_la_valvula_de_compuerta_de_cuchillo_de_piston_neumatico\"><\/span><span style=\"font-size: 22px;\">\u00bfQu\u00e9 es la v\u00e1lvula de compuerta de cuchillo de pist\u00f3n neum\u00e1tico?<\/span><span class=\"ez-toc-section-end\"><\/span><\/h2>\n<p>Una v\u00e1lvula de compuerta de cuchillo de pist\u00f3n neum\u00e1tico es un tipo de v\u00e1lvula que utiliza una compuerta o un disco en forma de cu\u00f1a para controlar el flujo de fluido a trav\u00e9s de una tuber\u00eda. La puerta es operada por un actuador neum\u00e1tico, un dispositivo que convierte el aire comprimido en movimiento mec\u00e1nico. El actuador est\u00e1 conectado a la compuerta a trav\u00e9s de un pist\u00f3n que mueve la compuerta hacia arriba y hacia abajo para abrir y cerrar la v\u00e1lvula. Los actuadores neum\u00e1ticos generalmente se prefieren a los actuadores manuales porque se pueden controlar de forma remota y proporcionan un control m\u00e1s r\u00e1pido y preciso de la v\u00e1lvula.<\/p>\n<h2><span class=\"ez-toc-section\" id=\"%C2%BFDonde_se_utiliza_la_valvula_de_compuerta_de_cuchillo_de_piston_neumatico\"><\/span><span style=\"font-size: 22px;\">\u00bfD\u00f3nde se utiliza la v\u00e1lvula de compuerta de cuchillo de pist\u00f3n neum\u00e1tico?<\/span><span class=\"ez-toc-section-end\"><\/span><\/h2>\n<p>Al igual que las v\u00e1lvulas de guillotina manuales, las v\u00e1lvulas de guillotina de pist\u00f3n neum\u00e1tico se usan a menudo en aplicaciones donde se requiere un cierre r\u00e1pido o donde se esperan s\u00f3lidos en el l\u00edquido. Son ampliamente utilizados en l\u00edneas de procesos industriales, sistemas de riego y plantas de tratamiento de aguas residuales. Las v\u00e1lvulas de compuerta de hoja neum\u00e1tica tambi\u00e9n se utilizan a menudo en sistemas de control autom\u00e1tico, ya que pueden integrarse f\u00e1cilmente con otros dispositivos de control y activarse mediante una se\u00f1al de control de un controlador l\u00f3gico programable (PLC) u otro sistema de control.<\/p>\n<h2><span class=\"ez-toc-section\" id=\"Especificaciones_Tecnicas\"><\/span><span style=\"font-size: 22px;\">Especificaciones T\u00e9cnicas<\/span><span class=\"ez-toc-section-end\"><\/span><\/h2>\n<ul>\n<li><strong>Pist\u00f3n Neum\u00e1tico:<\/strong> Doble Efecto \/ Magn\u00e9tico<\/li>\n<li><strong>Cuerpo:<\/strong> GGG-40<\/li>\n<li><strong>Hoja:<\/strong> AISI 304, AISI 316<\/li>\n<li><strong>Anillo de asiento:<\/strong> EPDM, NBR, Viton, Tefl\u00f3n<\/li>\n<li><strong>Temperatura de funcionamiento:<\/strong> -10 \u00baC \/ +110 \u00baC<\/li>\n<li><strong>Presi\u00f3n de trabajo:<\/strong> 16 bares<\/li>\n<li><strong>Clase de presi\u00f3n:<\/strong> PN16<\/li>\n<li><strong>Tama\u00f1o:<\/strong> DN50 &#8211; DN400<\/li>\n<\/ul>\n<h2><span class=\"ez-toc-section\" id=\"Caracteristicas_generales\"><\/span><span style=\"font-size: 22px;\">Caracter\u00edsticas generales<\/span><span class=\"ez-toc-section-end\"><\/span><\/h2>\n<ul>\n<li>Existe un sellado unidireccional, se debe prestar atenci\u00f3n a la direcci\u00f3n de la instalaci\u00f3n.<\/li>\n<li>Puede instalarse entre dos bridas en el extremo de una tuber\u00eda o utilizando una brida opuesta. Est\u00e1 disponible la brida PN10.<\/li>\n<li>La junta de estanqueidad Klepe se puede sustituir en l\u00ednea.<\/li>\n<li>Adecuado para el montaje de actuadores gracias a la brida superior.<\/li>\n<li>El asiento de la junta de caucho EPDM se coloca dentro del cuerpo.<\/li>\n<li>Existen modelos de volante manual, pist\u00f3n neum\u00e1tico, actuador el\u00e9ctrico y caja de cambios.<\/li>\n<\/ul>\n<h2><span class=\"ez-toc-section\" id=\"Ambito_de_Aplicacion\"><\/span><span style=\"font-size: 22px;\">\u00c1mbito de Aplicaci\u00f3n<\/span><span class=\"ez-toc-section-end\"><\/span><\/h2>\n<ul>\n<li>L\u00edquidos de lodo<\/li>\n<li>Residuos, agua caliente y fr\u00eda<\/li>\n<li>Instalaci\u00f3n de la planta<\/li>\n<li>Plantas de tratamiento de agua<\/li>\n<li>Estaciones de bombeo<\/li>\n<li>Tanques<\/li>\n<li>Aplicaciones de agua de mar<\/li>\n<li>Centrales el\u00e9ctricas<\/li>\n<li>Aplicaciones industriales<\/li>\n<\/ul>\n","protected":false},"excerpt":{"rendered":"<p><a href=\"https:\/\/unox.com.tr\/wp-content\/uploads\/2023\/01\/Pnomatik-Pistonlu-Bicak-Surgulu-Vana.pdf\" target=\"_blank\" rel=\"noopener\"><button style=\"background-color: #11224b; color: #ffffff; padding: 10px 15px; font-family: montserrat; font-weight: bold; font-size: 19px; border-radius: 10px;\"><img decoding=\"async\" style=\"width: 25px; height: 25px;\" src=\"https:\/\/unox.com.tr\/wp-content\/uploads\/2023\/02\/pdf-1.png\">CAT\u00c1LOGO DE PRODUCTO<\/button><\/a><\/p>\n<p><button style=\"background-color: #11224b; margin-top: 5px; color: white; padding: 0px 15px; width: 150px; height: 55px; border-radius: 10px; border: none; cursor: pointer;\"><br \/>\n<img decoding=\"async\" style=\"width: 120px; height: 30px;\" src=\"https:\/\/unox.com.tr\/wp-content\/uploads\/2023\/02\/4-1.svg\"><\/button><\/p>\n","protected":false},"featured_media":34234,"comment_status":"open","ping_status":"closed","template":"","meta":{"_joinchat":[]},"product_brand":[],"product_cat":[1136,494],"product_tag":[],"class_list":{"0":"post-34384","1":"product","2":"type-product","3":"status-publish","4":"has-post-thumbnail","6":"product_cat-valvulas-de-cuchilla","7":"product_cat-grupo-de-valvulas","9":"first","10":"instock","11":"shipping-taxable","12":"product-type-simple"},"_links":{"self":[{"href":"https:\/\/unox.com.tr\/es\/wp-json\/wp\/v2\/product\/34384","targetHints":{"allow":["GET"]}}],"collection":[{"href":"https:\/\/unox.com.tr\/es\/wp-json\/wp\/v2\/product"}],"about":[{"href":"https:\/\/unox.com.tr\/es\/wp-json\/wp\/v2\/types\/product"}],"replies":[{"embeddable":true,"href":"https:\/\/unox.com.tr\/es\/wp-json\/wp\/v2\/comments?post=34384"}],"version-history":[{"count":0,"href":"https:\/\/unox.com.tr\/es\/wp-json\/wp\/v2\/product\/34384\/revisions"}],"wp:featuredmedia":[{"embeddable":true,"href":"https:\/\/unox.com.tr\/es\/wp-json\/wp\/v2\/media\/34234"}],"wp:attachment":[{"href":"https:\/\/unox.com.tr\/es\/wp-json\/wp\/v2\/media?parent=34384"}],"wp:term":[{"taxonomy":"product_brand","embeddable":true,"href":"https:\/\/unox.com.tr\/es\/wp-json\/wp\/v2\/product_brand?post=34384"},{"taxonomy":"product_cat","embeddable":true,"href":"https:\/\/unox.com.tr\/es\/wp-json\/wp\/v2\/product_cat?post=34384"},{"taxonomy":"product_tag","embeddable":true,"href":"https:\/\/unox.com.tr\/es\/wp-json\/wp\/v2\/product_tag?post=34384"}],"curies":[{"name":"wp","href":"https:\/\/api.w.org\/{rel}","templated":true}]}}