{"id":34403,"date":"2022-09-14T11:04:29","date_gmt":"2022-09-14T08:04:29","guid":{"rendered":"https:\/\/www.unox.com.tr\/urun\/manguera-metalica-flexible\/"},"modified":"2023-02-28T08:44:03","modified_gmt":"2023-02-28T05:44:03","slug":"manguera-metalica-flexible","status":"publish","type":"product","link":"https:\/\/unox.com.tr\/es\/manguera-metalica-flexible\/","title":{"rendered":"Manguera Met\u00e1lica Flexible"},"content":{"rendered":"<div id=\"ez-toc-container\" class=\"ez-toc-v2_0_83 counter-hierarchy ez-toc-counter ez-toc-grey ez-toc-container-direction\">\n<div class=\"ez-toc-title-container\">\n<p class=\"ez-toc-title\" style=\"cursor:inherit\">Sayfa \u0130\u00e7eri\u011fi<\/p>\n<span class=\"ez-toc-title-toggle\"><a href=\"#\" class=\"ez-toc-pull-right ez-toc-btn ez-toc-btn-xs ez-toc-btn-default ez-toc-toggle\" aria-label=\"Alternar tabla de contenidos\"><span class=\"ez-toc-js-icon-con\"><span class=\"\"><span class=\"eztoc-hide\" style=\"display:none;\">Toggle<\/span><span class=\"ez-toc-icon-toggle-span\"><svg style=\"fill: #999;color:#999\" xmlns=\"http:\/\/www.w3.org\/2000\/svg\" class=\"list-377408\" width=\"20px\" height=\"20px\" viewBox=\"0 0 24 24\" fill=\"none\"><path d=\"M6 6H4v2h2V6zm14 0H8v2h12V6zM4 11h2v2H4v-2zm16 0H8v2h12v-2zM4 16h2v2H4v-2zm16 0H8v2h12v-2z\" fill=\"currentColor\"><\/path><\/svg><svg style=\"fill: #999;color:#999\" class=\"arrow-unsorted-368013\" xmlns=\"http:\/\/www.w3.org\/2000\/svg\" width=\"10px\" height=\"10px\" viewBox=\"0 0 24 24\" version=\"1.2\" baseProfile=\"tiny\"><path d=\"M18.2 9.3l-6.2-6.3-6.2 6.3c-.2.2-.3.4-.3.7s.1.5.3.7c.2.2.4.3.7.3h11c.3 0 .5-.1.7-.3.2-.2.3-.5.3-.7s-.1-.5-.3-.7zM5.8 14.7l6.2 6.3 6.2-6.3c.2-.2.3-.5.3-.7s-.1-.5-.3-.7c-.2-.2-.4-.3-.7-.3h-11c-.3 0-.5.1-.7.3-.2.2-.3.5-.3.7s.1.5.3.7z\"\/><\/svg><\/span><\/span><\/span><\/a><\/span><\/div>\n<nav><ul class='ez-toc-list ez-toc-list-level-1 ' ><li class='ez-toc-page-1 ez-toc-heading-level-2'><a class=\"ez-toc-link ez-toc-heading-1\" href=\"https:\/\/unox.com.tr\/es\/manguera-metalica-flexible\/#%C2%BFQue_es_la_manguera_de_metal_flexible\" >\u00bfQu\u00e9 es la manguera de metal flexible?<\/a><\/li><li class='ez-toc-page-1 ez-toc-heading-level-2'><a class=\"ez-toc-link ez-toc-heading-2\" href=\"https:\/\/unox.com.tr\/es\/manguera-metalica-flexible\/#Caracteristicas_del_Producto\" >Caracter\u00edsticas del Producto<\/a><\/li><\/ul><\/nav><\/div>\n<h2><span class=\"ez-toc-section\" id=\"%C2%BFQue_es_la_manguera_de_metal_flexible\"><\/span><span style=\"font-size: 22px;\">\u00bfQu\u00e9 es la manguera de metal flexible?<\/span><span class=\"ez-toc-section-end\"><\/span><\/h2>\n<p>La ventaja m\u00e1s importante respecto a las mangueras con bandas, que son m\u00e1s flexibles y m\u00e1s sencillas de fabricar, pero en las que no es posible una estanqueidad del 100%, es la estanqueidad del 100%.<\/p>\n<p>La chapa de acero inoxidable, con su alta resistencia a la temperatura (-270 \u00b0C +600 \u00b0C) y a la corrosi\u00f3n, combinada con la estructura f\u00e1cilmente plegable y no retr\u00e1ctil de la manguera met\u00e1lica flexible, da como resultado unas mangueras fiables y duraderas para una ampl\u00edsima gama de aplicaciones.<\/p>\n<p>Las mangueras met\u00e1licas son una parte indispensable de todo tipo de instalaciones e industrias gracias al trenzado met\u00e1lico que aumenta la fuerza de compresi\u00f3n y la resistencia a las influencias externas, que se puede fabricar en varios espesores y perfiles, y a los m\u00e9todos de protecci\u00f3n adicionales dise\u00f1ados para entornos en movimiento. El hecho de que elimina las dificultades de hacer conexiones r\u00edgidas, tambi\u00e9n provoca el uso generalizado de mangueras met\u00e1licas flexibles inoxidables.<\/p>\n<p>Las mangueras met\u00e1licas flexibles se fabrican y prueban de acuerdo con la norma TS EN ISO 10380, todas las mangueras se env\u00edan tras una prueba de estanqueidad del 100%, tanto despu\u00e9s de convertirse en mangueras como despu\u00e9s de soldar las piezas de conexi\u00f3n deseadas.<\/p>\n<h2><span class=\"ez-toc-section\" id=\"Caracteristicas_del_Producto\"><\/span><span style=\"font-size: 22px;\">Caracter\u00edsticas del Producto<\/span><span class=\"ez-toc-section-end\"><\/span><\/h2>\n<ul>\n<li><strong>Manguera:<\/strong> Acero inoxidable<\/li>\n<li><strong>Trenza:<\/strong> Acero inoxidable<\/li>\n<li><strong>ACCESORIOS:<\/strong> Acero al Carbono ST37<\/li>\n<\/ul>\n<p>&nbsp;<\/p>\n","protected":false},"excerpt":{"rendered":"<p><button style=\"background-color: #11224b; color: #ffffff; padding: 10px 15px; font-family: montserrat; font-weight: bold; font-size: 19px; border-radius: 10px;\"><img decoding=\"async\" style=\"width: 25px; height: 25px;\" src=\"https:\/\/unox.com.tr\/wp-content\/uploads\/2023\/02\/pdf-1.png\">CAT\u00c1LOGO DE PRODUCTO<\/button><\/p>\n<p><button style=\"background-color: #11224b; margin-top: 5px; color: white; padding: 0px 15px; width: 150px; height: 55px; border-radius: 10px; border: none; cursor: pointer;\"><br \/>\n<img decoding=\"async\" style=\"width: 120px; height: 30px;\" src=\"https:\/\/unox.com.tr\/wp-content\/uploads\/2023\/02\/4-1.svg\"><\/button><\/p>\n<p>&nbsp;<\/p>\n","protected":false},"featured_media":42017,"comment_status":"open","ping_status":"closed","template":"","meta":[],"product_brand":[],"product_cat":[1039],"product_tag":[],"class_list":{"0":"post-34403","1":"product","2":"type-product","3":"status-publish","4":"has-post-thumbnail","6":"product_cat-mangueras-metalicas-flexibles","8":"first","9":"instock","10":"shipping-taxable","11":"product-type-simple"},"_links":{"self":[{"href":"https:\/\/unox.com.tr\/es\/wp-json\/wp\/v2\/product\/34403","targetHints":{"allow":["GET"]}}],"collection":[{"href":"https:\/\/unox.com.tr\/es\/wp-json\/wp\/v2\/product"}],"about":[{"href":"https:\/\/unox.com.tr\/es\/wp-json\/wp\/v2\/types\/product"}],"replies":[{"embeddable":true,"href":"https:\/\/unox.com.tr\/es\/wp-json\/wp\/v2\/comments?post=34403"}],"version-history":[{"count":0,"href":"https:\/\/unox.com.tr\/es\/wp-json\/wp\/v2\/product\/34403\/revisions"}],"wp:featuredmedia":[{"embeddable":true,"href":"https:\/\/unox.com.tr\/es\/wp-json\/wp\/v2\/media\/42017"}],"wp:attachment":[{"href":"https:\/\/unox.com.tr\/es\/wp-json\/wp\/v2\/media?parent=34403"}],"wp:term":[{"taxonomy":"product_brand","embeddable":true,"href":"https:\/\/unox.com.tr\/es\/wp-json\/wp\/v2\/product_brand?post=34403"},{"taxonomy":"product_cat","embeddable":true,"href":"https:\/\/unox.com.tr\/es\/wp-json\/wp\/v2\/product_cat?post=34403"},{"taxonomy":"product_tag","embeddable":true,"href":"https:\/\/unox.com.tr\/es\/wp-json\/wp\/v2\/product_tag?post=34403"}],"curies":[{"name":"wp","href":"https:\/\/api.w.org\/{rel}","templated":true}]}}