{"id":34434,"date":"2022-07-07T10:19:54","date_gmt":"2022-07-07T07:19:54","guid":{"rendered":"https:\/\/www.unox.com.tr\/urun\/valvula-de-bola-monobloque-de-2-vias-de-acero-inoxidable\/"},"modified":"2023-02-28T08:51:14","modified_gmt":"2023-02-28T05:51:14","slug":"valvula-curva-monobloque-inoxidable-de-2-vias","status":"publish","type":"product","link":"https:\/\/unox.com.tr\/es\/valvula-curva-monobloque-inoxidable-de-2-vias\/","title":{"rendered":"V\u00e1lvula de Bola Monobloque de 2 V\u00edas de Acero Inoxidable"},"content":{"rendered":"<div id=\"ez-toc-container\" class=\"ez-toc-v2_0_82_2 counter-hierarchy ez-toc-counter ez-toc-grey ez-toc-container-direction\">\n<div class=\"ez-toc-title-container\">\n<p class=\"ez-toc-title\" style=\"cursor:inherit\">Sayfa \u0130\u00e7eri\u011fi<\/p>\n<span class=\"ez-toc-title-toggle\"><a href=\"#\" class=\"ez-toc-pull-right ez-toc-btn ez-toc-btn-xs ez-toc-btn-default ez-toc-toggle\" aria-label=\"Alternar tabla de contenidos\"><span class=\"ez-toc-js-icon-con\"><span class=\"\"><span class=\"eztoc-hide\" style=\"display:none;\">Toggle<\/span><span class=\"ez-toc-icon-toggle-span\"><svg style=\"fill: #999;color:#999\" xmlns=\"http:\/\/www.w3.org\/2000\/svg\" class=\"list-377408\" width=\"20px\" height=\"20px\" viewBox=\"0 0 24 24\" fill=\"none\"><path d=\"M6 6H4v2h2V6zm14 0H8v2h12V6zM4 11h2v2H4v-2zm16 0H8v2h12v-2zM4 16h2v2H4v-2zm16 0H8v2h12v-2z\" fill=\"currentColor\"><\/path><\/svg><svg style=\"fill: #999;color:#999\" class=\"arrow-unsorted-368013\" xmlns=\"http:\/\/www.w3.org\/2000\/svg\" width=\"10px\" height=\"10px\" viewBox=\"0 0 24 24\" version=\"1.2\" baseProfile=\"tiny\"><path d=\"M18.2 9.3l-6.2-6.3-6.2 6.3c-.2.2-.3.4-.3.7s.1.5.3.7c.2.2.4.3.7.3h11c.3 0 .5-.1.7-.3.2-.2.3-.5.3-.7s-.1-.5-.3-.7zM5.8 14.7l6.2 6.3 6.2-6.3c.2-.2.3-.5.3-.7s-.1-.5-.3-.7c-.2-.2-.4-.3-.7-.3h-11c-.3 0-.5.1-.7.3-.2.2-.3.5-.3.7s.1.5.3.7z\"\/><\/svg><\/span><\/span><\/span><\/a><\/span><\/div>\n<nav><ul class='ez-toc-list ez-toc-list-level-1 ' ><li class='ez-toc-page-1 ez-toc-heading-level-2'><a class=\"ez-toc-link ez-toc-heading-1\" href=\"https:\/\/unox.com.tr\/es\/valvula-curva-monobloque-inoxidable-de-2-vias\/#%C2%BFQue_es_la_valvula_de_bola_monobloque\" >\u00bfQu\u00e9 es la v\u00e1lvula de bola monobloque?<\/a><\/li><li class='ez-toc-page-1 ez-toc-heading-level-2'><a class=\"ez-toc-link ez-toc-heading-2\" href=\"https:\/\/unox.com.tr\/es\/valvula-curva-monobloque-inoxidable-de-2-vias\/#%C2%BFDonde_se_utiliza_la_valvula_de_bola_monobloque\" >\u00bfD\u00f3nde se utiliza la v\u00e1lvula de bola monobloque?<\/a><\/li><li class='ez-toc-page-1 ez-toc-heading-level-2'><a class=\"ez-toc-link ez-toc-heading-3\" href=\"https:\/\/unox.com.tr\/es\/valvula-curva-monobloque-inoxidable-de-2-vias\/#Ambito_de_Aplicacion\" >\u00c1mbito de Aplicaci\u00f3n<\/a><\/li><li class='ez-toc-page-1 ez-toc-heading-level-2'><a class=\"ez-toc-link ez-toc-heading-4\" href=\"https:\/\/unox.com.tr\/es\/valvula-curva-monobloque-inoxidable-de-2-vias\/#%C2%BFCuales_son_las_ventajas_y_desventajas_de_las_valvulas_de_bola_monobloque\" >\u00bfCu\u00e1les son las ventajas y desventajas de las v\u00e1lvulas de bola monobloque?<\/a><ul class='ez-toc-list-level-3' ><li class='ez-toc-heading-level-3'><a class=\"ez-toc-link ez-toc-heading-5\" href=\"https:\/\/unox.com.tr\/es\/valvula-curva-monobloque-inoxidable-de-2-vias\/#Ventajas\" >Ventajas<\/a><\/li><li class='ez-toc-page-1 ez-toc-heading-level-3'><a class=\"ez-toc-link ez-toc-heading-6\" href=\"https:\/\/unox.com.tr\/es\/valvula-curva-monobloque-inoxidable-de-2-vias\/#Desventajas\" >Desventajas<\/a><\/li><\/ul><\/li><\/ul><\/nav><\/div>\n<h2><span class=\"ez-toc-section\" id=\"%C2%BFQue_es_la_valvula_de_bola_monobloque\"><\/span><span style=\"font-size: 22px;\">\u00bfQu\u00e9 es la v\u00e1lvula de bola monobloque?<\/span><span class=\"ez-toc-section-end\"><\/span><\/h2>\n<p>La v\u00e1lvula de bola monobloque es un tipo de v\u00e1lvula que consta de un solo cuerpo con una bola en el interior que puede girar para abrir o cerrar la v\u00e1lvula. La bola generalmente est\u00e1 hecha de metal, como acero inoxidable, y se mantiene en su lugar mediante una varilla que corre a lo largo del cuerpo de la v\u00e1lvula. El mango est\u00e1 unido a un mango o palanca que permite al usuario girar la bola para abrir o cerrar la v\u00e1lvula. Al girar la manija de la v\u00e1lvula, abre\/cierra manualmente el puerto que controla la presi\u00f3n del flujo de fluido. La durabilidad y el excelente cierre son caracter\u00edsticas que hacen que la v\u00e1lvula de bola sea una ventaja sobre otros tipos de v\u00e1lvulas.<\/p>\n<h2><span class=\"ez-toc-section\" id=\"%C2%BFDonde_se_utiliza_la_valvula_de_bola_monobloque\"><\/span><span style=\"font-size: 22px;\">\u00bfD\u00f3nde se utiliza la v\u00e1lvula de bola monobloque?<\/span><span class=\"ez-toc-section-end\"><\/span><\/h2>\n<p>Las v\u00e1lvulas de bola monobloque se utilizan ampliamente en una variedad de aplicaciones, incluidas plantas de tratamiento de agua, plantas de procesamiento qu\u00edmico y oleoductos y gasoductos. Por lo general, se prefieren debido a su simplicidad, facilidad de uso y confiabilidad. Tambi\u00e9n son relativamente f\u00e1ciles de reparar y mantener, lo que los convierte en una opci\u00f3n popular para muchas aplicaciones industriales y comerciales.<\/p>\n<h2><span class=\"ez-toc-section\" id=\"Ambito_de_Aplicacion\"><\/span><span style=\"font-size: 22px;\">\u00c1mbito de Aplicaci\u00f3n<\/span><span class=\"ez-toc-section-end\"><\/span><\/h2>\n<ul>\n<li>Aplicaciones de aire, gas y l\u00edquido<\/li>\n<li>Drenajes y venteos en servicios de l\u00edquidos, gas y otros l\u00edquidos<\/li>\n<li>Servicio de vapor<\/li>\n<li>Instalaciones de alimentos<\/li>\n<li>Industria qu\u00edmica<\/li>\n<li>Mascota de papel vs. \u00e1reas de reciclaje<\/li>\n<\/ul>\n<h2><span class=\"ez-toc-section\" id=\"%C2%BFCuales_son_las_ventajas_y_desventajas_de_las_valvulas_de_bola_monobloque\"><\/span><span style=\"font-size: 22px;\">\u00bfCu\u00e1les son las ventajas y desventajas de las v\u00e1lvulas de bola monobloque?<\/span><span class=\"ez-toc-section-end\"><\/span><\/h2>\n<h3><span class=\"ez-toc-section\" id=\"Ventajas\"><\/span><span style=\"font-size: 20px;\">Ventajas<\/span><span class=\"ez-toc-section-end\"><\/span><\/h3>\n<ul>\n<li>Operaci\u00f3n r\u00e1pida de encendido y apagado<\/li>\n<li>Sellado herm\u00e9tico de par bajo<\/li>\n<li>De tama\u00f1o m\u00e1s peque\u00f1o que la mayor\u00eda de las otras v\u00e1lvulas<\/li>\n<\/ul>\n<h3><span class=\"ez-toc-section\" id=\"Desventajas\"><\/span><span style=\"font-size: 20px;\">Desventajas<\/span><span class=\"ez-toc-section-end\"><\/span><\/h3>\n<ul>\n<li>Las v\u00e1lvulas de bola convencionales tienen malas propiedades de estrangulaci\u00f3n.<\/li>\n<li>En lodo u otras aplicaciones, las part\u00edculas suspendidas pueden asentarse, quedar atrapadas en las cavidades del cuerpo y causar desgaste, fugas o fallas en las v\u00e1lvulas.<\/li>\n<\/ul>\n<p>&nbsp;<\/p>\n<p><img decoding=\"async\" class=\"size-medium wp-image-37763 alignleft\" src=\"https:\/\/unox.com.tr\/wp-content\/themes\/woodmart\/images\/lazy.svg\" data-src=\"https:\/\/unox.com.tr\/wp-content\/uploads\/2022\/07\/monoblok-1-259x300.png\" alt=\"\" width=\"259\" height=\"300\" title=\"\" srcset=\"\" data-srcset=\"https:\/\/unox.com.tr\/wp-content\/uploads\/2022\/07\/monoblok-1-259x300.png 259w, https:\/\/unox.com.tr\/wp-content\/uploads\/2022\/07\/monoblok-1-150x173.png 150w, https:\/\/unox.com.tr\/wp-content\/uploads\/2022\/07\/monoblok-1-367x424.png 367w, https:\/\/unox.com.tr\/wp-content\/uploads\/2022\/07\/monoblok-1.png 377w\" sizes=\"(max-width: 259px) 100vw, 259px\" \/>            <img decoding=\"async\" class=\"size-medium wp-image-37770 alignleft\" src=\"https:\/\/unox.com.tr\/wp-content\/themes\/woodmart\/images\/lazy.svg\" data-src=\"https:\/\/unox.com.tr\/wp-content\/uploads\/2022\/07\/monoblok-2-239x300.png\" alt=\"\" width=\"239\" height=\"300\" title=\"\" srcset=\"\" data-srcset=\"https:\/\/unox.com.tr\/wp-content\/uploads\/2022\/07\/monoblok-2-239x300.png 239w, https:\/\/unox.com.tr\/wp-content\/uploads\/2022\/07\/monoblok-2-150x188.png 150w, https:\/\/unox.com.tr\/wp-content\/uploads\/2022\/07\/monoblok-2.png 324w\" sizes=\"(max-width: 239px) 100vw, 239px\" \/><\/p>\n","protected":false},"excerpt":{"rendered":"<p><a href=\"https:\/\/unox.com.tr\/wp-content\/uploads\/2023\/01\/MONOBLOK-KURESEL-VANA.pdf\" target=\"_blank\" rel=\"noopener\"><button style=\"background-color: #11224b; color: #ffffff; padding: 10px 15px; font-family: montserrat; font-weight: bold; font-size: 19px; border-radius: 10px;\"><img decoding=\"async\" style=\"width: 25px; height: 25px;\" src=\"https:\/\/unox.com.tr\/wp-content\/uploads\/2023\/02\/pdf-1.png\">CAT\u00c1LOGO DE PRODUCTO<\/button><\/a><\/p>\n<p><button style=\"background-color: #11224b; margin-top: 5px; color: white; padding: 0px 15px; width: 150px; height: 55px; border-radius: 10px; border: none; cursor: pointer;\"><br \/>\n<img decoding=\"async\" style=\"width: 120px; height: 30px;\" src=\"https:\/\/unox.com.tr\/wp-content\/uploads\/2023\/02\/4-1.svg\"><\/button><\/p>\n","protected":false},"featured_media":53605,"comment_status":"open","ping_status":"closed","template":"","meta":{"_joinchat":[]},"product_brand":[],"product_cat":[496,494,1628],"product_tag":[],"class_list":{"0":"post-34434","1":"product","2":"type-product","3":"status-publish","4":"has-post-thumbnail","6":"product_cat-valvulas-de-bola","7":"product_cat-grupo-de-valvulas","8":"product_cat-valvula-de-acero-inoxidable","10":"first","11":"instock","12":"shipping-taxable","13":"product-type-simple"},"_links":{"self":[{"href":"https:\/\/unox.com.tr\/es\/wp-json\/wp\/v2\/product\/34434","targetHints":{"allow":["GET"]}}],"collection":[{"href":"https:\/\/unox.com.tr\/es\/wp-json\/wp\/v2\/product"}],"about":[{"href":"https:\/\/unox.com.tr\/es\/wp-json\/wp\/v2\/types\/product"}],"replies":[{"embeddable":true,"href":"https:\/\/unox.com.tr\/es\/wp-json\/wp\/v2\/comments?post=34434"}],"version-history":[{"count":0,"href":"https:\/\/unox.com.tr\/es\/wp-json\/wp\/v2\/product\/34434\/revisions"}],"wp:featuredmedia":[{"embeddable":true,"href":"https:\/\/unox.com.tr\/es\/wp-json\/wp\/v2\/media\/53605"}],"wp:attachment":[{"href":"https:\/\/unox.com.tr\/es\/wp-json\/wp\/v2\/media?parent=34434"}],"wp:term":[{"taxonomy":"product_brand","embeddable":true,"href":"https:\/\/unox.com.tr\/es\/wp-json\/wp\/v2\/product_brand?post=34434"},{"taxonomy":"product_cat","embeddable":true,"href":"https:\/\/unox.com.tr\/es\/wp-json\/wp\/v2\/product_cat?post=34434"},{"taxonomy":"product_tag","embeddable":true,"href":"https:\/\/unox.com.tr\/es\/wp-json\/wp\/v2\/product_tag?post=34434"}],"curies":[{"name":"wp","href":"https:\/\/api.w.org\/{rel}","templated":true}]}}