{"id":34494,"date":"2022-10-24T14:44:32","date_gmt":"2022-10-24T14:44:32","guid":{"rendered":"https:\/\/www.unox.com.tr\/urun\/junta-de-dilatacion-de-fuelle-metalico-con-brida-giratoria-de-60-mm\/"},"modified":"2023-02-27T15:07:55","modified_gmt":"2023-02-27T12:07:55","slug":"60mm-metal-protegido-compensador","status":"publish","type":"product","link":"https:\/\/unox.com.tr\/es\/60mm-metal-protegido-compensador\/","title":{"rendered":"Junta de Expansi\u00f3n de Fuelle Met\u00e1lico (Con Brida Giratoria, de 60 mm)"},"content":{"rendered":"<div id=\"ez-toc-container\" class=\"ez-toc-v2_0_82_2 counter-hierarchy ez-toc-counter ez-toc-grey ez-toc-container-direction\">\n<div class=\"ez-toc-title-container\">\n<p class=\"ez-toc-title\" style=\"cursor:inherit\">Sayfa \u0130\u00e7eri\u011fi<\/p>\n<span class=\"ez-toc-title-toggle\"><a href=\"#\" class=\"ez-toc-pull-right ez-toc-btn ez-toc-btn-xs ez-toc-btn-default ez-toc-toggle\" aria-label=\"Alternar tabla de contenidos\"><span class=\"ez-toc-js-icon-con\"><span class=\"\"><span class=\"eztoc-hide\" style=\"display:none;\">Toggle<\/span><span class=\"ez-toc-icon-toggle-span\"><svg style=\"fill: #999;color:#999\" xmlns=\"http:\/\/www.w3.org\/2000\/svg\" class=\"list-377408\" width=\"20px\" height=\"20px\" viewBox=\"0 0 24 24\" fill=\"none\"><path d=\"M6 6H4v2h2V6zm14 0H8v2h12V6zM4 11h2v2H4v-2zm16 0H8v2h12v-2zM4 16h2v2H4v-2zm16 0H8v2h12v-2z\" fill=\"currentColor\"><\/path><\/svg><svg style=\"fill: #999;color:#999\" class=\"arrow-unsorted-368013\" xmlns=\"http:\/\/www.w3.org\/2000\/svg\" width=\"10px\" height=\"10px\" viewBox=\"0 0 24 24\" version=\"1.2\" baseProfile=\"tiny\"><path d=\"M18.2 9.3l-6.2-6.3-6.2 6.3c-.2.2-.3.4-.3.7s.1.5.3.7c.2.2.4.3.7.3h11c.3 0 .5-.1.7-.3.2-.2.3-.5.3-.7s-.1-.5-.3-.7zM5.8 14.7l6.2 6.3 6.2-6.3c.2-.2.3-.5.3-.7s-.1-.5-.3-.7c-.2-.2-.4-.3-.7-.3h-11c-.3 0-.5.1-.7.3-.2.2-.3.5-.3.7s.1.5.3.7z\"\/><\/svg><\/span><\/span><\/span><\/a><\/span><\/div>\n<nav><ul class='ez-toc-list ez-toc-list-level-1 ' ><li class='ez-toc-page-1 ez-toc-heading-level-2'><a class=\"ez-toc-link ez-toc-heading-1\" href=\"https:\/\/unox.com.tr\/es\/60mm-metal-protegido-compensador\/#%C2%BFQue_es_la_junta_de_expansion_de_fuelle_metalico\" >\u00bfQu\u00e9 es la junta de expansi\u00f3n de fuelle met\u00e1lico?<\/a><\/li><li class='ez-toc-page-1 ez-toc-heading-level-2'><a class=\"ez-toc-link ez-toc-heading-2\" href=\"https:\/\/unox.com.tr\/es\/60mm-metal-protegido-compensador\/#Caracteristicas_del_Producto\" >Caracter\u00edsticas del Producto<\/a><\/li><li class='ez-toc-page-1 ez-toc-heading-level-2'><a class=\"ez-toc-link ez-toc-heading-3\" href=\"https:\/\/unox.com.tr\/es\/60mm-metal-protegido-compensador\/#Caracteristicas_generales\" >Caracter\u00edsticas generales<\/a><\/li><li class='ez-toc-page-1 ez-toc-heading-level-2'><a class=\"ez-toc-link ez-toc-heading-4\" href=\"https:\/\/unox.com.tr\/es\/60mm-metal-protegido-compensador\/#Ambito_de_Aplicacion\" >\u00c1mbito de Aplicaci\u00f3n<\/a><\/li><\/ul><\/nav><\/div>\n<h2><span class=\"ez-toc-section\" id=\"%C2%BFQue_es_la_junta_de_expansion_de_fuelle_metalico\"><\/span><span style=\"font-size: 22px;\">\u00bfQu\u00e9 es la junta de expansi\u00f3n de fuelle met\u00e1lico?<\/span><span class=\"ez-toc-section-end\"><\/span><\/h2>\n<p>Las vibraciones, los ruidos y los desajustes causados por diversos factores, que son los principales problemas de la instalaci\u00f3n, son de gran importancia. Ofrecemos a nuestros clientes nuestros compensadores, que hemos desarrollado como la soluci\u00f3n m\u00e1s habitual a este tipo de problemas. <strong>Juntas de Expansi\u00f3n de Fuelle Met\u00e1lico<\/strong>; Absorbe la vibraci\u00f3n y el ruido al m\u00e1ximo nivel y elimina los desajustes de los ejes. Por su estructura, pueden ser utilizados a presiones de estallido superiores a 40 kg\/cm2 y a presiones internas normales a valores de 10 kg\/cm2 Gracias a su capacidad para soportar un vac\u00edo de 700 mm Hg, es absolutamente utilizado en sistemas de bombas de succi\u00f3n-descarga. . Tambi\u00e9n producen resultados de primera calidad en cuanto a la resistencia al calor. Las l\u00edneas de calefacci\u00f3n y refrigeraci\u00f3n, adem\u00e1s del aislamiento ac\u00fastico en enfriadores delante de la bomba y detr\u00e1s de la bomba, minimizan la vibraci\u00f3n que se produce durante el funcionamiento en la l\u00ednea.<\/p>\n<h2><span class=\"ez-toc-section\" id=\"Caracteristicas_del_Producto\"><\/span><span style=\"font-size: 22px;\">Caracter\u00edsticas del Producto<\/span><span class=\"ez-toc-section-end\"><\/span><\/h2>\n<ul>\n<li><strong>Fuelle:<\/strong> Acero Inoxidable AISI 304<\/li>\n<li><strong>Brida:<\/strong> acero al carbono ST37.2<\/li>\n<li><strong>Revestimiento:<\/strong> Acero inoxidable AISI 304<\/li>\n<li><strong>M\u00e1x. Presi\u00f3n operacional:<\/strong> 16 Bar<\/li>\n<li><strong>M\u00e1x. Temperatura de Funcionamiento: <\/strong> -80 \/ +425 \u00b0C<\/li>\n<li><strong>Clase de Presi\u00f3n de Brida:<\/strong> PN10 \/ PN16<\/li>\n<\/ul>\n<h2><span class=\"ez-toc-section\" id=\"Caracteristicas_generales\"><\/span><span style=\"font-size: 22px;\">Caracter\u00edsticas generales<\/span><span class=\"ez-toc-section-end\"><\/span><\/h2>\n<ul>\n<li>Equilibran el estado de elongaci\u00f3n-acortamiento resultante del cambio de temperatura, equilibrando as\u00ed el movimiento lateral y angular.<\/li>\n<li>Absorben el golpe de ariete y previenen el golpe de ariete.<\/li>\n<li>Tiene una estructura de tipo rotativo con bridas, por lo que son de f\u00e1cil montaje.<\/li>\n<li>No se requiere empaque o empaque.<\/li>\n<li>Hay dos opciones de producto diferentes, con liner y sin liner.<\/li>\n<\/ul>\n<h2><span class=\"ez-toc-section\" id=\"Ambito_de_Aplicacion\"><\/span><span style=\"font-size: 22px;\">\u00c1mbito de Aplicaci\u00f3n<\/span><span class=\"ez-toc-section-end\"><\/span><\/h2>\n<ul>\n<li>Enfriadores<\/li>\n<li>Zapatillas<\/li>\n<li>Compresores de aire<\/li>\n<li>Sistema de ventilaci\u00f3n<\/li>\n<li>Ventiladores<\/li>\n<li>Torres de enfriamiento<\/li>\n<li>Las centrales t\u00e9rmicas<\/li>\n<li>Sistemas de presas<\/li>\n<li>Plantas de energ\u00eda<\/li>\n<li>Campos de hierro y acero<\/li>\n<li>Areas de astillero-barco<\/li>\n<li>Mascota de papel vs. \u00e1reas de reciclaje<\/li>\n<\/ul>\n","protected":false},"excerpt":{"rendered":"<p><a href=\"https:\/\/unox.com.tr\/wp-content\/uploads\/2023\/01\/Metal-Koruklu-Doner-Flansli-Laynerli-Kompansator60mm-.pdf\" target=\"_blank\" rel=\"noopener\"><button style=\"background-color: #11224b; color: #ffffff; padding: 10px 15px; font-family: montserrat; font-weight: bold; font-size: 19px; border-radius: 10px;\"><img decoding=\"async\" style=\"width: 25px; height: 25px;\" src=\"https:\/\/unox.com.tr\/wp-content\/uploads\/2023\/02\/pdf-1.png\">CAT\u00c1LOGO DE PRODUCTO<\/button><\/a><\/p>\n<p><button style=\"background-color: #11224b; margin-top: 5px; color: white; padding: 0px 15px; width: 150px; height: 55px; border-radius: 10px; border: none; cursor: pointer;\"><br \/>\n<img decoding=\"async\" style=\"width: 120px; height: 30px;\" src=\"https:\/\/unox.com.tr\/wp-content\/uploads\/2023\/02\/4-1.svg\"><\/button><\/p>\n","protected":false},"featured_media":69283,"comment_status":"closed","ping_status":"closed","template":"","meta":{"_joinchat":[]},"product_brand":[],"product_cat":[1045,476],"product_tag":[],"class_list":{"0":"post-34494","1":"product","2":"type-product","3":"status-publish","4":"has-post-thumbnail","6":"product_cat-juntas-de-expansion","7":"product_cat-juntas-de-expansion-y-mangueras","9":"first","10":"instock","11":"shipping-taxable","12":"product-type-simple"},"_links":{"self":[{"href":"https:\/\/unox.com.tr\/es\/wp-json\/wp\/v2\/product\/34494","targetHints":{"allow":["GET"]}}],"collection":[{"href":"https:\/\/unox.com.tr\/es\/wp-json\/wp\/v2\/product"}],"about":[{"href":"https:\/\/unox.com.tr\/es\/wp-json\/wp\/v2\/types\/product"}],"replies":[{"embeddable":true,"href":"https:\/\/unox.com.tr\/es\/wp-json\/wp\/v2\/comments?post=34494"}],"version-history":[{"count":0,"href":"https:\/\/unox.com.tr\/es\/wp-json\/wp\/v2\/product\/34494\/revisions"}],"wp:featuredmedia":[{"embeddable":true,"href":"https:\/\/unox.com.tr\/es\/wp-json\/wp\/v2\/media\/69283"}],"wp:attachment":[{"href":"https:\/\/unox.com.tr\/es\/wp-json\/wp\/v2\/media?parent=34494"}],"wp:term":[{"taxonomy":"product_brand","embeddable":true,"href":"https:\/\/unox.com.tr\/es\/wp-json\/wp\/v2\/product_brand?post=34494"},{"taxonomy":"product_cat","embeddable":true,"href":"https:\/\/unox.com.tr\/es\/wp-json\/wp\/v2\/product_cat?post=34494"},{"taxonomy":"product_tag","embeddable":true,"href":"https:\/\/unox.com.tr\/es\/wp-json\/wp\/v2\/product_tag?post=34494"}],"curies":[{"name":"wp","href":"https:\/\/api.w.org\/{rel}","templated":true}]}}