{"id":34526,"date":"2021-12-23T08:33:54","date_gmt":"2021-12-23T05:33:54","guid":{"rendered":"https:\/\/www.unox.com.tr\/urun\/valvulas-de-mariposa-trazables\/"},"modified":"2023-02-28T09:19:02","modified_gmt":"2023-02-28T06:19:02","slug":"velas-mariposa-trazables","status":"publish","type":"product","link":"https:\/\/unox.com.tr\/es\/velas-mariposa-trazables\/","title":{"rendered":"V\u00e1lvulas de Mariposa Trazables"},"content":{"rendered":"<div id=\"ez-toc-container\" class=\"ez-toc-v2_0_82_2 counter-hierarchy ez-toc-counter ez-toc-grey ez-toc-container-direction\">\n<div class=\"ez-toc-title-container\">\n<p class=\"ez-toc-title\" style=\"cursor:inherit\">Sayfa \u0130\u00e7eri\u011fi<\/p>\n<span class=\"ez-toc-title-toggle\"><a href=\"#\" class=\"ez-toc-pull-right ez-toc-btn ez-toc-btn-xs ez-toc-btn-default ez-toc-toggle\" aria-label=\"Alternar tabla de contenidos\"><span class=\"ez-toc-js-icon-con\"><span class=\"\"><span class=\"eztoc-hide\" style=\"display:none;\">Toggle<\/span><span class=\"ez-toc-icon-toggle-span\"><svg style=\"fill: #999;color:#999\" xmlns=\"http:\/\/www.w3.org\/2000\/svg\" class=\"list-377408\" width=\"20px\" height=\"20px\" viewBox=\"0 0 24 24\" fill=\"none\"><path d=\"M6 6H4v2h2V6zm14 0H8v2h12V6zM4 11h2v2H4v-2zm16 0H8v2h12v-2zM4 16h2v2H4v-2zm16 0H8v2h12v-2z\" fill=\"currentColor\"><\/path><\/svg><svg style=\"fill: #999;color:#999\" class=\"arrow-unsorted-368013\" xmlns=\"http:\/\/www.w3.org\/2000\/svg\" width=\"10px\" height=\"10px\" viewBox=\"0 0 24 24\" version=\"1.2\" baseProfile=\"tiny\"><path d=\"M18.2 9.3l-6.2-6.3-6.2 6.3c-.2.2-.3.4-.3.7s.1.5.3.7c.2.2.4.3.7.3h11c.3 0 .5-.1.7-.3.2-.2.3-.5.3-.7s-.1-.5-.3-.7zM5.8 14.7l6.2 6.3 6.2-6.3c.2-.2.3-.5.3-.7s-.1-.5-.3-.7c-.2-.2-.4-.3-.7-.3h-11c-.3 0-.5.1-.7.3-.2.2-.3.5-.3.7s.1.5.3.7z\"\/><\/svg><\/span><\/span><\/span><\/a><\/span><\/div>\n<nav><ul class='ez-toc-list ez-toc-list-level-1 ' ><li class='ez-toc-page-1 ez-toc-heading-level-2'><a class=\"ez-toc-link ez-toc-heading-1\" href=\"https:\/\/unox.com.tr\/es\/velas-mariposa-trazables\/#%C2%BFQue_son_las_valvulas_de_mariposa_trazables\" >\u00bfQu\u00e9 son las v\u00e1lvulas de mariposa trazables?<\/a><\/li><li class='ez-toc-page-1 ez-toc-heading-level-2'><a class=\"ez-toc-link ez-toc-heading-2\" href=\"https:\/\/unox.com.tr\/es\/velas-mariposa-trazables\/#%C2%BFQue_es_una_valvula_de_control\" >\u00bfQu\u00e9 es una v\u00e1lvula de control?<\/a><\/li><\/ul><\/nav><\/div>\n<h2><span class=\"ez-toc-section\" id=\"%C2%BFQue_son_las_valvulas_de_mariposa_trazables\"><\/span><span style=\"vertical-align: inherit; font-size: 22px;\"><span style=\"vertical-align: inherit;\">\u00bfQu\u00e9 son las v\u00e1lvulas de mariposa trazables?<\/span><\/span><span class=\"ez-toc-section-end\"><\/span><\/h2>\n<p>v\u00e1lvulas de mariposa trazables; Son v\u00e1lvulas de mariposa dise\u00f1adas para ser utilizadas como v\u00e1lvula de control regional y sirven para separar una secci\u00f3n de la otra. Dado que la posici\u00f3n de las v\u00e1lvulas utilizadas en los sistemas contra incendios debe ser visible y rastreable; Transmite el movimiento dado por la v\u00e1lvula con el reductor acoplado al eje. De esta forma, es nuestro producto dise\u00f1ado para que puedas ver f\u00e1cilmente en el sistema de automatizaci\u00f3n y en la v\u00e1lvula con su contacto seco, que da informaci\u00f3n de posici\u00f3n abierta y cerrada. Es adecuado para uso en interiores y exteriores.<\/p>\n<p>Sus ventajas sobre otras v\u00e1lvulas de control y cierre son que ocupa menos espacio, tiene un buen sellado y es m\u00e1s econ\u00f3mica. La p\u00e9rdida de presi\u00f3n es mayor que otras v\u00e1lvulas de control y cierre.<\/p>\n<h2><span class=\"ez-toc-section\" id=\"%C2%BFQue_es_una_valvula_de_control\"><\/span><span style=\"font-size: 22px;\">\u00bfQu\u00e9 es una v\u00e1lvula de control?<\/span><span class=\"ez-toc-section-end\"><\/span><\/h2>\n<p>V\u00e1lvula de control; Una v\u00e1lvula utilizada para controlar el fluido cambiando el tama\u00f1o del paso de flujo seg\u00fan lo indique una se\u00f1al de un controlador. Las v\u00e1lvulas de control proporcionan control de presi\u00f3n, temperatura, caudal y nivel en todos los procesos en los que hay l\u00edquido. Las v\u00e1lvulas de control se utilizan para agua fr\u00eda, agua caliente, vapor, agua sobrecalentada, vapor y gas, etc. producidos por el consumo de energ\u00eda en las empresas. Asegura que los fluidos puedan ser transportados y controlados sin p\u00e9rdida alguna. <\/p>\n<p>&nbsp;<\/p>\n<p>&nbsp;<\/p>\n","protected":false},"excerpt":{"rendered":"<p><button style=\"background-color: #11224b; color: #ffffff; padding: 10px 15px; font-family: montserrat; font-weight: bold; font-size: 19px; border-radius: 10px;\"><img decoding=\"async\" style=\"width: 25px; height: 25px;\" src=\"https:\/\/unox.com.tr\/wp-content\/uploads\/2023\/02\/pdf-1.png\">CAT\u00c1LOGO DE PRODUCTO<\/button><\/p>\n<p><button style=\"background-color: #11224b; margin-top: 5px; color: white; padding: 0px 15px; width: 150px; height: 55px; border-radius: 10px; border: none; cursor: pointer;\"><br \/>\n<img decoding=\"async\" style=\"width: 120px; height: 30px;\" src=\"https:\/\/unox.com.tr\/wp-content\/uploads\/2023\/02\/4-1.svg\"><\/button><\/p>\n","protected":false},"featured_media":29632,"comment_status":"open","ping_status":"closed","template":"","meta":{"_joinchat":[]},"product_brand":[],"product_cat":[1195],"product_tag":[],"class_list":{"0":"post-34526","1":"product","2":"type-product","3":"status-publish","4":"has-post-thumbnail","6":"product_cat-valvulas-de-control-de-grupos-de-incendio","8":"first","9":"instock","10":"shipping-taxable","11":"product-type-simple"},"_links":{"self":[{"href":"https:\/\/unox.com.tr\/es\/wp-json\/wp\/v2\/product\/34526","targetHints":{"allow":["GET"]}}],"collection":[{"href":"https:\/\/unox.com.tr\/es\/wp-json\/wp\/v2\/product"}],"about":[{"href":"https:\/\/unox.com.tr\/es\/wp-json\/wp\/v2\/types\/product"}],"replies":[{"embeddable":true,"href":"https:\/\/unox.com.tr\/es\/wp-json\/wp\/v2\/comments?post=34526"}],"version-history":[{"count":0,"href":"https:\/\/unox.com.tr\/es\/wp-json\/wp\/v2\/product\/34526\/revisions"}],"wp:featuredmedia":[{"embeddable":true,"href":"https:\/\/unox.com.tr\/es\/wp-json\/wp\/v2\/media\/29632"}],"wp:attachment":[{"href":"https:\/\/unox.com.tr\/es\/wp-json\/wp\/v2\/media?parent=34526"}],"wp:term":[{"taxonomy":"product_brand","embeddable":true,"href":"https:\/\/unox.com.tr\/es\/wp-json\/wp\/v2\/product_brand?post=34526"},{"taxonomy":"product_cat","embeddable":true,"href":"https:\/\/unox.com.tr\/es\/wp-json\/wp\/v2\/product_cat?post=34526"},{"taxonomy":"product_tag","embeddable":true,"href":"https:\/\/unox.com.tr\/es\/wp-json\/wp\/v2\/product_tag?post=34526"}],"curies":[{"name":"wp","href":"https:\/\/api.w.org\/{rel}","templated":true}]}}