{"id":34537,"date":"2021-12-23T08:17:33","date_gmt":"2021-12-23T05:17:33","guid":{"rendered":"https:\/\/www.unox.com.tr\/urun\/valvula-de-diluvio-de-tipo-electrico\/"},"modified":"2023-02-28T09:24:02","modified_gmt":"2023-02-28T06:24:02","slug":"valvula-electrica-de-dilatacion","status":"publish","type":"product","link":"https:\/\/unox.com.tr\/es\/valvula-electrica-de-dilatacion\/","title":{"rendered":"V\u00e1lvula de Diluvio de Tipo El\u00e9ctrico"},"content":{"rendered":"<div id=\"ez-toc-container\" class=\"ez-toc-v2_0_82_2 counter-hierarchy ez-toc-counter ez-toc-grey ez-toc-container-direction\">\n<div class=\"ez-toc-title-container\">\n<p class=\"ez-toc-title\" style=\"cursor:inherit\">Sayfa \u0130\u00e7eri\u011fi<\/p>\n<span class=\"ez-toc-title-toggle\"><a href=\"#\" class=\"ez-toc-pull-right ez-toc-btn ez-toc-btn-xs ez-toc-btn-default ez-toc-toggle\" aria-label=\"Alternar tabla de contenidos\"><span class=\"ez-toc-js-icon-con\"><span class=\"\"><span class=\"eztoc-hide\" style=\"display:none;\">Toggle<\/span><span class=\"ez-toc-icon-toggle-span\"><svg style=\"fill: #999;color:#999\" xmlns=\"http:\/\/www.w3.org\/2000\/svg\" class=\"list-377408\" width=\"20px\" height=\"20px\" viewBox=\"0 0 24 24\" fill=\"none\"><path d=\"M6 6H4v2h2V6zm14 0H8v2h12V6zM4 11h2v2H4v-2zm16 0H8v2h12v-2zM4 16h2v2H4v-2zm16 0H8v2h12v-2z\" fill=\"currentColor\"><\/path><\/svg><svg style=\"fill: #999;color:#999\" class=\"arrow-unsorted-368013\" xmlns=\"http:\/\/www.w3.org\/2000\/svg\" width=\"10px\" height=\"10px\" viewBox=\"0 0 24 24\" version=\"1.2\" baseProfile=\"tiny\"><path d=\"M18.2 9.3l-6.2-6.3-6.2 6.3c-.2.2-.3.4-.3.7s.1.5.3.7c.2.2.4.3.7.3h11c.3 0 .5-.1.7-.3.2-.2.3-.5.3-.7s-.1-.5-.3-.7zM5.8 14.7l6.2 6.3 6.2-6.3c.2-.2.3-.5.3-.7s-.1-.5-.3-.7c-.2-.2-.4-.3-.7-.3h-11c-.3 0-.5.1-.7.3-.2.2-.3.5-.3.7s.1.5.3.7z\"\/><\/svg><\/span><\/span><\/span><\/a><\/span><\/div>\n<nav><ul class='ez-toc-list ez-toc-list-level-1 ' ><li class='ez-toc-page-1 ez-toc-heading-level-2'><a class=\"ez-toc-link ez-toc-heading-1\" href=\"https:\/\/unox.com.tr\/es\/valvula-electrica-de-dilatacion\/#%C2%BFQue_es_la_valvula_de_diluvio_de_tipo_electrico\" >\u00bfQu\u00e9 es la v\u00e1lvula de diluvio de tipo el\u00e9ctrico?<\/a><\/li><li class='ez-toc-page-1 ez-toc-heading-level-2'><a class=\"ez-toc-link ez-toc-heading-2\" href=\"https:\/\/unox.com.tr\/es\/valvula-electrica-de-dilatacion\/#%C2%BFDonde_se_utiliza_la_valvula_de_diluvio_de_tipo_electrico\" >\u00bfD\u00f3nde se utiliza la v\u00e1lvula de diluvio de tipo el\u00e9ctrico?<\/a><\/li><li class='ez-toc-page-1 ez-toc-heading-level-2'><a class=\"ez-toc-link ez-toc-heading-3\" href=\"https:\/\/unox.com.tr\/es\/valvula-electrica-de-dilatacion\/#%C2%BFQue_es_una_valvula_de_control\" >\u00bfQu\u00e9 es una v\u00e1lvula de control?<\/a><\/li><li class='ez-toc-page-1 ez-toc-heading-level-2'><a class=\"ez-toc-link ez-toc-heading-4\" href=\"https:\/\/unox.com.tr\/es\/valvula-electrica-de-dilatacion\/#Caracteristicas_Generales\" >Caracter\u00edsticas Generales<\/a><\/li><\/ul><\/nav><\/div>\n<h2><span class=\"ez-toc-section\" id=\"%C2%BFQue_es_la_valvula_de_diluvio_de_tipo_electrico\"><\/span><span style=\"font-size: 22px;\">\u00bfQu\u00e9 es la v\u00e1lvula de diluvio de tipo el\u00e9ctrico?<\/span><span class=\"ez-toc-section-end\"><\/span><\/h2>\n<p>La v\u00e1lvula de diluvio de tipo el\u00e9ctrico es el tipo de v\u00e1lvula que se utiliza en los sistemas de protecci\u00f3n contra incendios para controlar la descarga de agua de un sistema de inundaci\u00f3n. Los sistemas Raid est\u00e1n dise\u00f1ados para liberar r\u00e1pidamente grandes vol\u00famenes de agua en un \u00e1rea determinada en caso de incendio. La v\u00e1lvula de diluvio de tipo el\u00e9ctrico se activa mediante una se\u00f1al el\u00e9ctrica del panel de alarma contra incendios u otro sistema de control. Cuando se abre la v\u00e1lvula, permite que el agua fluya a trav\u00e9s del sistema y se disperse a trav\u00e9s de una red de rociadores u otros dispositivos de drenaje. La v\u00e1lvula de diluvio de tipo el\u00e9ctrico se usa generalmente en edificios industriales y comerciales y otras instalaciones con riesgo de incendio.<\/p>\n<h2><span class=\"ez-toc-section\" id=\"%C2%BFDonde_se_utiliza_la_valvula_de_diluvio_de_tipo_electrico\"><\/span><span style=\"font-size: 22px;\">\u00bfD\u00f3nde se utiliza la v\u00e1lvula de diluvio de tipo el\u00e9ctrico?<\/span><span class=\"ez-toc-section-end\"><\/span><\/h2>\n<p>Las v\u00e1lvulas de diluvio de tipo el\u00e9ctrico se utilizan generalmente en sistemas de protecci\u00f3n contra incendios en edificios industriales y comerciales, como f\u00e1bricas, almacenes y edificios de oficinas. Tambi\u00e9n se pueden utilizar en otras instalaciones donde exista riesgo de incendio, como hospitales, escuelas y edificios gubernamentales.<\/p>\n<p>Las v\u00e1lvulas de diluvio de tipo el\u00e9ctrico se pueden usar en otros tipos de sistemas donde se necesita controlar el flujo de agua, como sistemas de riego, plantas de tratamiento de agua y otras aplicaciones industriales, as\u00ed como tambi\u00e9n para controlar la liberaci\u00f3n de agua en el sistema de protecci\u00f3n contra incendios. .<\/p>\n<h2><span class=\"ez-toc-section\" id=\"%C2%BFQue_es_una_valvula_de_control\"><\/span><span style=\"font-size: 22px;\">\u00bfQu\u00e9 es una v\u00e1lvula de control?<\/span><span class=\"ez-toc-section-end\"><\/span><\/h2>\n<p>V\u00e1lvula de control; Una v\u00e1lvula utilizada para controlar el fluido cambiando el tama\u00f1o del paso de flujo seg\u00fan lo indique una se\u00f1al de un controlador. Las v\u00e1lvulas de control proporcionan control de presi\u00f3n, temperatura, caudal y nivel en todos los procesos en los que hay l\u00edquido. Las v\u00e1lvulas de control se utilizan para agua fr\u00eda, agua caliente, vapor, agua sobrecalentada, vapor y gas, etc. producidos por el consumo de energ\u00eda en las empresas. Asegura que los fluidos puedan ser transportados y controlados sin p\u00e9rdida alguna. <\/p>\n<h2><span class=\"ez-toc-section\" id=\"Caracteristicas_Generales\"><\/span><span style=\"font-size: 22px;\">Caracter\u00edsticas Generales<\/span><span class=\"ez-toc-section-end\"><\/span><\/h2>\n<ul>\n<li>Funciona hidr\u00e1ulicamente con presi\u00f3n de red.<\/li>\n<li>Funciona de forma completamente autom\u00e1tica gracias a la electrov\u00e1lvula montada en \u00e9l.<\/li>\n<li>Tiene un proceso de mantenimiento bastante f\u00e1cil.<\/li>\n<\/ul>\n","protected":false},"excerpt":{"rendered":"<p><button style=\"background-color: #11224b; color: #ffffff; padding: 10px 15px; font-family: montserrat; font-weight: bold; font-size: 19px; border-radius: 10px;\"><img decoding=\"async\" style=\"width: 25px; height: 25px;\" src=\"https:\/\/unox.com.tr\/wp-content\/uploads\/2023\/02\/pdf-1.png\">CAT\u00c1LOGO DE PRODUCTO<\/button><\/p>\n<p><button style=\"background-color: #11224b; margin-top: 5px; color: white; padding: 0px 15px; width: 150px; height: 55px; border-radius: 10px; border: none; cursor: pointer;\"><br \/>\n<img decoding=\"async\" style=\"width: 120px; height: 30px;\" src=\"https:\/\/unox.com.tr\/wp-content\/uploads\/2023\/02\/4-1.svg\"><\/button><\/p>\n","protected":false},"featured_media":37684,"comment_status":"open","ping_status":"closed","template":"","meta":{"_joinchat":[]},"product_brand":[],"product_cat":[1099],"product_tag":[],"class_list":{"0":"post-34537","1":"product","2":"type-product","3":"status-publish","4":"has-post-thumbnail","6":"product_cat-valvulas-de-control-hidraulicas","8":"first","9":"instock","10":"shipping-taxable","11":"product-type-simple"},"_links":{"self":[{"href":"https:\/\/unox.com.tr\/es\/wp-json\/wp\/v2\/product\/34537","targetHints":{"allow":["GET"]}}],"collection":[{"href":"https:\/\/unox.com.tr\/es\/wp-json\/wp\/v2\/product"}],"about":[{"href":"https:\/\/unox.com.tr\/es\/wp-json\/wp\/v2\/types\/product"}],"replies":[{"embeddable":true,"href":"https:\/\/unox.com.tr\/es\/wp-json\/wp\/v2\/comments?post=34537"}],"version-history":[{"count":0,"href":"https:\/\/unox.com.tr\/es\/wp-json\/wp\/v2\/product\/34537\/revisions"}],"wp:featuredmedia":[{"embeddable":true,"href":"https:\/\/unox.com.tr\/es\/wp-json\/wp\/v2\/media\/37684"}],"wp:attachment":[{"href":"https:\/\/unox.com.tr\/es\/wp-json\/wp\/v2\/media?parent=34537"}],"wp:term":[{"taxonomy":"product_brand","embeddable":true,"href":"https:\/\/unox.com.tr\/es\/wp-json\/wp\/v2\/product_brand?post=34537"},{"taxonomy":"product_cat","embeddable":true,"href":"https:\/\/unox.com.tr\/es\/wp-json\/wp\/v2\/product_cat?post=34537"},{"taxonomy":"product_tag","embeddable":true,"href":"https:\/\/unox.com.tr\/es\/wp-json\/wp\/v2\/product_tag?post=34537"}],"curies":[{"name":"wp","href":"https:\/\/api.w.org\/{rel}","templated":true}]}}