{"id":34559,"date":"2021-09-07T14:28:40","date_gmt":"2021-09-07T14:28:40","guid":{"rendered":"https:\/\/www.unox.com.tr\/urun\/valvula-solenoide-de-combustible-normalmente-abierta\/"},"modified":"2023-02-28T09:33:25","modified_gmt":"2023-02-28T06:33:25","slug":"solenoide-valvula-de-combustible-normalmente-abierta","status":"publish","type":"product","link":"https:\/\/unox.com.tr\/es\/solenoide-valvula-de-combustible-normalmente-abierta\/","title":{"rendered":"V\u00e1lvula solenoide de Combustible &#8211; Normalmente Abierta"},"content":{"rendered":"<div id=\"ez-toc-container\" class=\"ez-toc-v2_0_82_2 counter-hierarchy ez-toc-counter ez-toc-grey ez-toc-container-direction\">\n<div class=\"ez-toc-title-container\">\n<p class=\"ez-toc-title\" style=\"cursor:inherit\">Sayfa \u0130\u00e7eri\u011fi<\/p>\n<span class=\"ez-toc-title-toggle\"><a href=\"#\" class=\"ez-toc-pull-right ez-toc-btn ez-toc-btn-xs ez-toc-btn-default ez-toc-toggle\" aria-label=\"Alternar tabla de contenidos\"><span class=\"ez-toc-js-icon-con\"><span class=\"\"><span class=\"eztoc-hide\" style=\"display:none;\">Toggle<\/span><span class=\"ez-toc-icon-toggle-span\"><svg style=\"fill: #999;color:#999\" xmlns=\"http:\/\/www.w3.org\/2000\/svg\" class=\"list-377408\" width=\"20px\" height=\"20px\" viewBox=\"0 0 24 24\" fill=\"none\"><path d=\"M6 6H4v2h2V6zm14 0H8v2h12V6zM4 11h2v2H4v-2zm16 0H8v2h12v-2zM4 16h2v2H4v-2zm16 0H8v2h12v-2z\" fill=\"currentColor\"><\/path><\/svg><svg style=\"fill: #999;color:#999\" class=\"arrow-unsorted-368013\" xmlns=\"http:\/\/www.w3.org\/2000\/svg\" width=\"10px\" height=\"10px\" viewBox=\"0 0 24 24\" version=\"1.2\" baseProfile=\"tiny\"><path d=\"M18.2 9.3l-6.2-6.3-6.2 6.3c-.2.2-.3.4-.3.7s.1.5.3.7c.2.2.4.3.7.3h11c.3 0 .5-.1.7-.3.2-.2.3-.5.3-.7s-.1-.5-.3-.7zM5.8 14.7l6.2 6.3 6.2-6.3c.2-.2.3-.5.3-.7s-.1-.5-.3-.7c-.2-.2-.4-.3-.7-.3h-11c-.3 0-.5.1-.7.3-.2.2-.3.5-.3.7s.1.5.3.7z\"\/><\/svg><\/span><\/span><\/span><\/a><\/span><\/div>\n<nav><ul class='ez-toc-list ez-toc-list-level-1 ' ><li class='ez-toc-page-1 ez-toc-heading-level-2'><a class=\"ez-toc-link ez-toc-heading-1\" href=\"https:\/\/unox.com.tr\/es\/solenoide-valvula-de-combustible-normalmente-abierta\/#%C2%BFQue_es_la_valvula_de_combustible_solenoide\" >\u00bfQu\u00e9 es la v\u00e1lvula de combustible solenoide?<\/a><\/li><li class='ez-toc-page-1 ez-toc-heading-level-2'><a class=\"ez-toc-link ez-toc-heading-2\" href=\"https:\/\/unox.com.tr\/es\/solenoide-valvula-de-combustible-normalmente-abierta\/#%C2%BFComo_funciona_la_valvula_de_combustible_solenoide\" >\u00bfC\u00f3mo funciona la v\u00e1lvula de combustible solenoide?<\/a><\/li><li class='ez-toc-page-1 ez-toc-heading-level-2'><a class=\"ez-toc-link ez-toc-heading-3\" href=\"https:\/\/unox.com.tr\/es\/solenoide-valvula-de-combustible-normalmente-abierta\/#Sistema_operativo_de_estado_normalmente_abierto\" >Sistema operativo de estado normalmente abierto<\/a><\/li><li class='ez-toc-page-1 ez-toc-heading-level-2'><a class=\"ez-toc-link ez-toc-heading-4\" href=\"https:\/\/unox.com.tr\/es\/solenoide-valvula-de-combustible-normalmente-abierta\/#Caracteristicas_Generales\" >Caracter\u00edsticas Generales<\/a><ul class='ez-toc-list-level-3' ><li class='ez-toc-heading-level-3'><a class=\"ez-toc-link ez-toc-heading-5\" href=\"https:\/\/unox.com.tr\/es\/solenoide-valvula-de-combustible-normalmente-abierta\/#Sugerencias\" >Sugerencias<\/a><\/li><\/ul><\/li><li class='ez-toc-page-1 ez-toc-heading-level-2'><a class=\"ez-toc-link ez-toc-heading-6\" href=\"https:\/\/unox.com.tr\/es\/solenoide-valvula-de-combustible-normalmente-abierta\/#Cosas_a_considerar_al_elegir_una_valvula_solenoide\" >Cosas a considerar al elegir una v\u00e1lvula solenoide:<\/a><\/li><\/ul><\/nav><\/div>\n<h2><span class=\"ez-toc-section\" id=\"%C2%BFQue_es_la_valvula_de_combustible_solenoide\"><\/span><span style=\"font-size: 22px;\">\u00bfQu\u00e9 es la v\u00e1lvula de combustible solenoide?<\/span><span class=\"ez-toc-section-end\"><\/span><\/h2>\n<p>v\u00e1lvulas solenoides de combustible; Son v\u00e1lvulas electromagn\u00e9ticas que permiten controlar fluidos como gas natural, aire, derivados del petr\u00f3leo, agua. Gracias a la energ\u00eda el\u00e9ctrica suministrada a la bobina, el pist\u00f3n de la v\u00e1lvula se mueve. La corriente el\u00e9ctrica se mueve en la bobina, el pist\u00f3n se convierte en un electroim\u00e1n y el pist\u00f3n se mueve seg\u00fan la situaci\u00f3n de uso de la bobina. De esta forma, el canal de entrada empuja el fluido en direcci\u00f3n a la salida. Si se interrumpe la se\u00f1al, la v\u00e1lvula vuelve a su estado original y se impide el flujo de fluido.<\/p>\n<h2><span class=\"ez-toc-section\" id=\"%C2%BFComo_funciona_la_valvula_de_combustible_solenoide\"><\/span><span style=\"font-size: 22px;\">\u00bfC\u00f3mo funciona la v\u00e1lvula de combustible solenoide?<\/span><span class=\"ez-toc-section-end\"><\/span><\/h2>\n<p>La v\u00e1lvula solenoide de combustible funciona mediante el uso de un dispositivo electromec\u00e1nico llamado solenoide para controlar el flujo de combustible al motor de un veh\u00edculo. Un solenoide es una bobina de alambre rodeada por un campo magn\u00e9tico cuando una corriente el\u00e9ctrica fluye a trav\u00e9s de ella. Un solenoide es una bobina de alambre rodeada por un campo magn\u00e9tico cuando una corriente el\u00e9ctrica fluye a trav\u00e9s de ella. El n\u00facleo m\u00f3vil est\u00e1 conectado a una v\u00e1lvula que controla el flujo de combustible.<\/p>\n<p>Cuando se activa el solenoide y el n\u00facleo m\u00f3vil se empuja hacia el centro del solenoide, abre la v\u00e1lvula y permite que el combustible fluya desde el tanque de combustible al motor. Cuando se corta la corriente el\u00e9ctrica al solenoide, el campo magn\u00e9tico desaparece y el n\u00facleo m\u00f3vil vuelve a su posici\u00f3n original, cerrando la v\u00e1lvula y deteniendo el flujo de combustible.<\/p>\n<p>La v\u00e1lvula solenoide de combustible est\u00e1 controlada por el m\u00f3dulo de control electr\u00f3nico (ECM) del motor, que env\u00eda una se\u00f1al el\u00e9ctrica al solenoide para abrir o cerrar la v\u00e1lvula seg\u00fan sea necesario. El ECM monitorea varios sensores en el motor, como la posici\u00f3n del acelerador, la velocidad del motor y el flujo de aire, y ajusta la v\u00e1lvula solenoide de combustible en consecuencia para mantener la relaci\u00f3n aire-combustible adecuada para una combusti\u00f3n eficiente y evitar da\u00f1os en el motor debido a una sobrecarga. .<\/p>\n<h2><span class=\"ez-toc-section\" id=\"Sistema_operativo_de_estado_normalmente_abierto\"><\/span><span style=\"font-size: 22px;\">Sistema operativo de estado normalmente abierto<\/span><span class=\"ez-toc-section-end\"><\/span><\/h2>\n<p>La electrov\u00e1lvula normalmente abierta permite inicialmente el paso del fluido. Para cerrar la v\u00e1lvula, la bobina se mueve con la corriente el\u00e9ctrica que llega a la bobina y empuja el n\u00facleo hacia abajo y cierra la boca del orificio del orificio. En poco tiempo, la presi\u00f3n se reparte homog\u00e9neamente sobre el diafragma y la presi\u00f3n superior a la presi\u00f3n del fluido impide que el fluido levante el diafragma, por lo que la v\u00e1lvula queda en posici\u00f3n cerrada. Todo esto sucede en muy poco tiempo. Nuestro producto est\u00e1 dise\u00f1ado para obtener la mejor eficiencia.<\/p>\n<h2><span class=\"ez-toc-section\" id=\"Caracteristicas_Generales\"><\/span><span style=\"font-size: 22px;\">Caracter\u00edsticas Generales<\/span><span class=\"ez-toc-section-end\"><\/span><\/h2>\n<ul>\n<li><strong>Junta<\/strong>: Vit\u00f3n<\/li>\n<li><strong>Manga<\/strong>: Lat\u00f3n<\/li>\n<li><strong>Cuerpo:<\/strong> Lat\u00f3n<\/li>\n<li><strong>N\u00facleo<\/strong>: Inoxidable<\/li>\n<li><strong>Temperatura<\/strong>: -10 \/ +150 \u00b0C<\/li>\n<li><strong>Bobina<\/strong>: Z\u00f3calo<\/li>\n<\/ul>\n<h3><span class=\"ez-toc-section\" id=\"Sugerencias\"><\/span><span style=\"font-size: 20px;\">Sugerencias<\/span><span class=\"ez-toc-section-end\"><\/span><\/h3>\n<p>Montar la electrov\u00e1lvula de forma que la bobina quede arriba. En la instalaci\u00f3n, como un filtro antes de la electrov\u00e1lvula, etc. utilizar filtros. Utilizamos material de junta y diafragma m\u00e1s duradero para altas temperaturas.<br \/>\nPor favor, especifique su solicitud de diafragma y junta para alta temperatura en sus pedidos.<\/p>\n<h2><span class=\"ez-toc-section\" id=\"Cosas_a_considerar_al_elegir_una_valvula_solenoide\"><\/span><span style=\"font-size: 22px;\">Cosas a considerar al elegir una v\u00e1lvula solenoide:<\/span><span class=\"ez-toc-section-end\"><\/span><\/h2>\n<ul>\n<li>La bobina debe seleccionarse de acuerdo con el voltaje de operaci\u00f3n (AC-DC). Se debe prever protecci\u00f3n y aislamiento seg\u00fan el lugar donde se vaya a aplicar. (La electricidad se enciende cuando entra aire y se vuelve a apagar cuando se corta la electricidad)<\/li>\n<li>En la l\u00ednea o sistema que vaya a utilizar, m\u00edn. y m\u00e1x. Los valores de presi\u00f3n son muy importantes en la selecci\u00f3n de la v\u00e1lvula.<\/li>\n<li>La calidad y temperatura del fluido es un factor directo en la selecci\u00f3n de la v\u00e1lvula.<\/li>\n<li>La direcci\u00f3n del fluido y la marca de la flecha en el cuerpo est\u00e1n en la misma direcci\u00f3n y se debe prestar atenci\u00f3n al montaje.<\/li>\n<li>Dado que la v\u00e1lvula solenoide no funciona como v\u00e1lvula de retenci\u00f3n, el fluido retrocede a presiones inversas. En estos casos, la instalaci\u00f3n de una v\u00e1lvula de retenci\u00f3n despu\u00e9s de la v\u00e1lvula solenoide es correcta para la conexi\u00f3n.<\/li>\n<li>La l\u00ednea a la que se conecta la v\u00e1lvula debe estar libre de impurezas.<\/li>\n<\/ul>\n<p>&nbsp;<\/p>\n<p>[table id=\u00bb33&#8243; \/]<\/p>\n<p>&nbsp;<\/p>\n<p>Puede visitar nuestra p\u00e1gina<a href=\"\/?page_id=8324\" target=\"_blank\" rel=\"noopener noreferrer\">\u00abV\u00e1lvula solenoide<\/a>\u00bb para obtener informaci\u00f3n m\u00e1s detallada sobre el tema o para encontrar soluciones a los problemas que est\u00e1 experimentando.<\/p>\n","protected":false},"excerpt":{"rendered":"<p><a href=\"https:\/\/unox.com.tr\/wp-content\/uploads\/2022\/12\/YAKIT-SOLENOID-VALFLER-N.A-3-8-YKTA1512.pdf\" target=\"_blank\" rel=\"noopener\"><button style=\"background-color: #11224b; color: #ffffff; padding: 10px 15px; font-family: montserrat; font-weight: bold; font-size: 19px; border-radius: 10px;\"><img decoding=\"async\" style=\"width: 25px; height: 25px;\" src=\"https:\/\/unox.com.tr\/wp-content\/uploads\/2023\/02\/pdf-1.png\">CAT\u00c1LOGO DE PRODUCTO<\/button><\/a><\/p>\n<p><button style=\"background-color: #11224b; margin-top: 5px; color: white; padding: 0px 15px; width: 150px; height: 55px; border-radius: 10px; border: none; cursor: pointer;\"><br \/>\n<img decoding=\"async\" style=\"width: 120px; height: 30px;\" src=\"https:\/\/unox.com.tr\/wp-content\/uploads\/2023\/02\/4-1.svg\"><\/button><\/p>\n","protected":false},"featured_media":68776,"comment_status":"closed","ping_status":"closed","template":"","meta":{"_joinchat":[]},"product_brand":[],"product_cat":[1204,469],"product_tag":[],"class_list":{"0":"post-34559","1":"product","2":"type-product","3":"status-publish","4":"has-post-thumbnail","6":"product_cat-valvulas-de-solenoides-de-combustible","7":"product_cat-valvulas-solenoides","9":"first","10":"instock","11":"shipping-taxable","12":"product-type-simple"},"_links":{"self":[{"href":"https:\/\/unox.com.tr\/es\/wp-json\/wp\/v2\/product\/34559","targetHints":{"allow":["GET"]}}],"collection":[{"href":"https:\/\/unox.com.tr\/es\/wp-json\/wp\/v2\/product"}],"about":[{"href":"https:\/\/unox.com.tr\/es\/wp-json\/wp\/v2\/types\/product"}],"replies":[{"embeddable":true,"href":"https:\/\/unox.com.tr\/es\/wp-json\/wp\/v2\/comments?post=34559"}],"version-history":[{"count":0,"href":"https:\/\/unox.com.tr\/es\/wp-json\/wp\/v2\/product\/34559\/revisions"}],"wp:featuredmedia":[{"embeddable":true,"href":"https:\/\/unox.com.tr\/es\/wp-json\/wp\/v2\/media\/68776"}],"wp:attachment":[{"href":"https:\/\/unox.com.tr\/es\/wp-json\/wp\/v2\/media?parent=34559"}],"wp:term":[{"taxonomy":"product_brand","embeddable":true,"href":"https:\/\/unox.com.tr\/es\/wp-json\/wp\/v2\/product_brand?post=34559"},{"taxonomy":"product_cat","embeddable":true,"href":"https:\/\/unox.com.tr\/es\/wp-json\/wp\/v2\/product_cat?post=34559"},{"taxonomy":"product_tag","embeddable":true,"href":"https:\/\/unox.com.tr\/es\/wp-json\/wp\/v2\/product_tag?post=34559"}],"curies":[{"name":"wp","href":"https:\/\/api.w.org\/{rel}","templated":true}]}}