{"id":34582,"date":"2021-09-07T08:49:20","date_gmt":"2021-09-07T08:49:20","guid":{"rendered":"https:\/\/www.unox.com.tr\/urun\/valvula-de-solenoide-de-uso-general-3-2-normalmente-cerrada\/"},"modified":"2024-11-04T09:53:33","modified_gmt":"2024-11-04T06:53:33","slug":"electrovalvula-de-uso-general-3-2-cerrada","status":"publish","type":"product","link":"https:\/\/unox.com.tr\/es\/electrovalvula-de-uso-general-3-2-cerrada\/","title":{"rendered":"V\u00e1lvula Solenoide de Uso General &#8211; 3\/2 Normalmente Cerrada"},"content":{"rendered":"<p><strong><span style=\"font-size: 22px;\">\u00bfQu\u00e9 es una V\u00e1lvula Solenoide de Uso General?<\/span><\/strong><\/p>\n<p>La v\u00e1lvula solenoide de uso general es un dispositivo mec\u00e1nico que se mueve con el efecto de un campo magn\u00e9tico alrededor de una bobina a trav\u00e9s de la cual pasa la corriente el\u00e9ctrica. Generalmente se utiliza para controlar el flujo de l\u00edquidos o gases como agua, aire, aceite o gas. Estas v\u00e1lvulas; La v\u00e1lvula piloto se puede encender y apagar conect\u00e1ndose a un sistema de control como un interruptor o dispositivo de control. Las v\u00e1lvulas solenoides son ampliamente utilizadas debido a su peque\u00f1o tama\u00f1o y f\u00e1cil control.<\/p>\n<p><strong><span style=\"font-size: 22px;\">\u00bfD\u00f3nde se utilizan las v\u00e1lvulas solenoides de uso general?<\/span><\/strong><\/p>\n<p>Las v\u00e1lvulas solenoides de uso general son un tipo de instrumento electromagn\u00e9tico que se utiliza para controlar el flujo de l\u00edquidos y gases como agua, aire, aceite o gas. Generalmente se utilizan en diferentes \u00e1reas como automoci\u00f3n, l\u00ednea blanca, maquinaria y sistemas industriales. Por ejemplo, pueden usarse en sistemas de fertilizaci\u00f3n en motores de autom\u00f3viles o en sistemas de enfriamiento en electrodom\u00e9sticos como refrigeradores. Tambi\u00e9n se pueden utilizar para controlar el flujo de l\u00edquidos y gases en procesos o plantas industriales.<\/p>\n<p>Las electrov\u00e1lvulas se fabrican en dos tipos normalmente cerradas (para abrir la v\u00e1lvula cerrada cuando la bobina recibe energ\u00eda) y normalmente abiertas (para cerrar la v\u00e1lvula abierta cuando recibe energ\u00eda de la bobina).<\/p>\n<p><strong><span style=\"font-size: 22px;\">Sistema de operaci\u00f3n normalmente cerrado<\/span><\/strong><\/p>\n<p>La electrov\u00e1lvula normalmente cerrada permite inicialmente el paso del fluido. Para que la v\u00e1lvula se abra, la bobina se mueve con la corriente el\u00e9ctrica que llega a la bobina, tira del n\u00facleo hacia arriba y abre la boca del orificio del orificio, y as\u00ed, el fluido a alta presi\u00f3n avanza hacia la salida r\u00e1pidamente desde el orificio de derivaci\u00f3n. . Con este progreso, la presi\u00f3n en el interior cae muy r\u00e1pidamente y se produce una diferencia de presi\u00f3n en el interior. Debido a esta diferencia, el diafragma vence la fuerza del resorte y se eleva hacia arriba y se permite el paso del fluido, por lo que la v\u00e1lvula est\u00e1 en la posici\u00f3n abierta. Todo esto sucede en muy poco tiempo. Nuestro producto est\u00e1 dise\u00f1ado para obtener la mejor eficiencia.<\/p>\n<p><strong><span style=\"font-size: 22px;\">Caracter\u00edsticas Generales<\/span><\/strong><\/p>\n<ul>\n<li><strong><span style=\"vertical-align: inherit;\"><span style=\"vertical-align: inherit;\">Junta<\/span><\/span><\/strong>: <span style=\"vertical-align: inherit;\"><span style=\"vertical-align: inherit;\">NBR<\/span><\/span><\/li>\n<li><strong>Manga<\/strong>: Inoxidable<\/li>\n<li><strong>Cuerpo:<\/strong> Lat\u00f3n<\/li>\n<li><strong>N\u00facleo<\/strong>: Inoxidable<\/li>\n<li><strong>Calor:<\/strong> -10 \/ +90 \u00b0C<\/li>\n<li><strong>Bobina<\/strong>: Z\u00f3calo<\/li>\n<\/ul>\n<p><strong><span style=\"font-size: 20px;\">Sugerencias<\/span><\/strong><\/p>\n<p>Montar la electrov\u00e1lvula de forma que la bobina quede arriba. En la instalaci\u00f3n, como un filtro antes de la electrov\u00e1lvula, etc. utilizar filtros. Utilizamos material de junta y diafragma m\u00e1s duradero para altas temperaturas. Especifique su solicitud de diafragma y junta para alta temperatura en sus pedidos.<\/p>\n<p><strong><span style=\"font-size: 22px;\">Cosas a considerar al elegir una v\u00e1lvula solenoide:<\/span><\/strong><\/p>\n<ul>\n<li>La bobina debe seleccionarse de acuerdo con el voltaje de operaci\u00f3n (AC-DC). Se debe prever protecci\u00f3n y aislamiento seg\u00fan el lugar donde se vaya a aplicar. (La electricidad se enciende cuando entra aire y se vuelve a apagar cuando se corta la electricidad)<\/li>\n<li>En la l\u00ednea o sistema que vayas a utilizar, el min. y m\u00e1x. Los valores de presi\u00f3n son muy importantes en la selecci\u00f3n de la v\u00e1lvula. <\/li>\n<li>La calidad y temperatura del fluido es un factor directo en la selecci\u00f3n de la v\u00e1lvula.<\/li>\n<li>La direcci\u00f3n del fluido y la marca de la flecha en el cuerpo est\u00e1n en la misma direcci\u00f3n y se debe prestar atenci\u00f3n al montaje.<\/li>\n<li>Dado que la v\u00e1lvula solenoide no funciona como v\u00e1lvula de retenci\u00f3n, el fluido retrocede a presiones inversas. En estos casos, la instalaci\u00f3n de una v\u00e1lvula de retenci\u00f3n despu\u00e9s de la v\u00e1lvula solenoide es correcta para la conexi\u00f3n.<\/li>\n<li>La l\u00ednea a la que se conecta la v\u00e1lvula debe estar libre de impurezas.<\/li>\n<\/ul>\n<p>&nbsp;<\/p>\n<p><span style=\"vertical-align: inherit;\"><span style=\"vertical-align: inherit;\">[table id=\u00bb8&#8243; \/]<\/span><\/span><\/p>\n<p>Puede visitar nuestra p\u00e1gina<a href=\"https:\/\/unox.com.tr\/urun-kategorileri\/solenoid-valf\/\" target=\"_blank\" rel=\"noopener noreferrer\">\u00abV\u00e1lvula solenoide<\/a>\u00bb para obtener informaci\u00f3n m\u00e1s detallada sobre el tema o para encontrar soluciones a los problemas que est\u00e1 experimentando.<\/p>\n","protected":false},"excerpt":{"rendered":"<p><a href=\"https:\/\/unox.com.tr\/wp-content\/uploads\/2024\/05\/GENEL-MAKSAT-3-2-N.K.pdf\" target=\"_blank\" rel=\"noopener\"><button style=\"background-color: #11224b; color: #ffffff; padding: 10px 15px; font-family: montserrat; font-weight: bold; font-size: 19px; border-radius: 10px;\"><img decoding=\"async\" style=\"width: 25px; height: 25px;\" src=\"https:\/\/unox.com.tr\/wp-content\/uploads\/2023\/02\/pdf-1.png\">CAT\u00c1LOGO DE PRODUCTO<\/button><\/a><\/p>\n<p><button style=\"background-color: #11224b; margin-top: 5px; color: white; padding: 0px 15px; width: 150px; height: 55px; border-radius: 10px; border: none; cursor: pointer;\"><br \/>\n<img decoding=\"async\" style=\"width: 120px; height: 30px;\" src=\"https:\/\/unox.com.tr\/wp-content\/uploads\/2023\/02\/4-1.svg\"><\/button><\/p>\n","protected":false},"featured_media":68677,"comment_status":"closed","ping_status":"closed","template":"","meta":[],"product_brand":[],"product_cat":[1553,469],"product_tag":[],"class_list":{"0":"post-34582","1":"product","2":"type-product","3":"status-publish","4":"has-post-thumbnail","6":"product_cat-valvulas-de-solenoide-de-uso-general","7":"product_cat-valvulas-solenoides","9":"first","10":"instock","11":"shipping-taxable","12":"product-type-simple"},"_links":{"self":[{"href":"https:\/\/unox.com.tr\/es\/wp-json\/wp\/v2\/product\/34582","targetHints":{"allow":["GET"]}}],"collection":[{"href":"https:\/\/unox.com.tr\/es\/wp-json\/wp\/v2\/product"}],"about":[{"href":"https:\/\/unox.com.tr\/es\/wp-json\/wp\/v2\/types\/product"}],"replies":[{"embeddable":true,"href":"https:\/\/unox.com.tr\/es\/wp-json\/wp\/v2\/comments?post=34582"}],"version-history":[{"count":0,"href":"https:\/\/unox.com.tr\/es\/wp-json\/wp\/v2\/product\/34582\/revisions"}],"wp:featuredmedia":[{"embeddable":true,"href":"https:\/\/unox.com.tr\/es\/wp-json\/wp\/v2\/media\/68677"}],"wp:attachment":[{"href":"https:\/\/unox.com.tr\/es\/wp-json\/wp\/v2\/media?parent=34582"}],"wp:term":[{"taxonomy":"product_brand","embeddable":true,"href":"https:\/\/unox.com.tr\/es\/wp-json\/wp\/v2\/product_brand?post=34582"},{"taxonomy":"product_cat","embeddable":true,"href":"https:\/\/unox.com.tr\/es\/wp-json\/wp\/v2\/product_cat?post=34582"},{"taxonomy":"product_tag","embeddable":true,"href":"https:\/\/unox.com.tr\/es\/wp-json\/wp\/v2\/product_tag?post=34582"}],"curies":[{"name":"wp","href":"https:\/\/api.w.org\/{rel}","templated":true}]}}