{"id":34589,"date":"2021-09-07T11:30:27","date_gmt":"2021-09-07T11:30:27","guid":{"rendered":"https:\/\/www.unox.com.tr\/urun\/valvula-solenoide-del-compresor-3-2-normalmente-cerrada\/"},"modified":"2023-02-28T10:25:32","modified_gmt":"2023-02-28T07:25:32","slug":"compresor-solenoide-valvula-3-2-kom","status":"publish","type":"product","link":"https:\/\/unox.com.tr\/es\/compresor-solenoide-valvula-3-2-kom\/","title":{"rendered":"V\u00e1lvula Solenoide del Compresor &#8211; 3\/2 Normalmente Cerrada"},"content":{"rendered":"<div id=\"ez-toc-container\" class=\"ez-toc-v2_0_82_2 counter-hierarchy ez-toc-counter ez-toc-grey ez-toc-container-direction\">\n<div class=\"ez-toc-title-container\">\n<p class=\"ez-toc-title\" style=\"cursor:inherit\">Sayfa \u0130\u00e7eri\u011fi<\/p>\n<span class=\"ez-toc-title-toggle\"><a href=\"#\" class=\"ez-toc-pull-right ez-toc-btn ez-toc-btn-xs ez-toc-btn-default ez-toc-toggle\" aria-label=\"Alternar tabla de contenidos\"><span class=\"ez-toc-js-icon-con\"><span class=\"\"><span class=\"eztoc-hide\" style=\"display:none;\">Toggle<\/span><span class=\"ez-toc-icon-toggle-span\"><svg style=\"fill: #999;color:#999\" xmlns=\"http:\/\/www.w3.org\/2000\/svg\" class=\"list-377408\" width=\"20px\" height=\"20px\" viewBox=\"0 0 24 24\" fill=\"none\"><path d=\"M6 6H4v2h2V6zm14 0H8v2h12V6zM4 11h2v2H4v-2zm16 0H8v2h12v-2zM4 16h2v2H4v-2zm16 0H8v2h12v-2z\" fill=\"currentColor\"><\/path><\/svg><svg style=\"fill: #999;color:#999\" class=\"arrow-unsorted-368013\" xmlns=\"http:\/\/www.w3.org\/2000\/svg\" width=\"10px\" height=\"10px\" viewBox=\"0 0 24 24\" version=\"1.2\" baseProfile=\"tiny\"><path d=\"M18.2 9.3l-6.2-6.3-6.2 6.3c-.2.2-.3.4-.3.7s.1.5.3.7c.2.2.4.3.7.3h11c.3 0 .5-.1.7-.3.2-.2.3-.5.3-.7s-.1-.5-.3-.7zM5.8 14.7l6.2 6.3 6.2-6.3c.2-.2.3-.5.3-.7s-.1-.5-.3-.7c-.2-.2-.4-.3-.7-.3h-11c-.3 0-.5.1-.7.3-.2.2-.3.5-.3.7s.1.5.3.7z\"\/><\/svg><\/span><\/span><\/span><\/a><\/span><\/div>\n<nav><ul class='ez-toc-list ez-toc-list-level-1 ' ><li class='ez-toc-page-1 ez-toc-heading-level-2'><a class=\"ez-toc-link ez-toc-heading-1\" href=\"https:\/\/unox.com.tr\/es\/compresor-solenoide-valvula-3-2-kom\/#%C2%BFQue_es_la_valvula_solenoide_del_compresor\" >\u00bfQu\u00e9 es la v\u00e1lvula solenoide del compresor?<\/a><\/li><li class='ez-toc-page-1 ez-toc-heading-level-2'><a class=\"ez-toc-link ez-toc-heading-2\" href=\"https:\/\/unox.com.tr\/es\/compresor-solenoide-valvula-3-2-kom\/#%C2%BFDonde_se_usa_la_valvula_solenoide_del_compresor\" >\u00bfD\u00f3nde se usa la v\u00e1lvula solenoide del compresor?<\/a><\/li><li class='ez-toc-page-1 ez-toc-heading-level-2'><a class=\"ez-toc-link ez-toc-heading-3\" href=\"https:\/\/unox.com.tr\/es\/compresor-solenoide-valvula-3-2-kom\/#Sistema_de_operacion_normalmente_cerrado\" >Sistema de operaci\u00f3n normalmente cerrado<\/a><\/li><li class='ez-toc-page-1 ez-toc-heading-level-2'><a class=\"ez-toc-link ez-toc-heading-4\" href=\"https:\/\/unox.com.tr\/es\/compresor-solenoide-valvula-3-2-kom\/#Caracteristicas_Generales\" >Caracter\u00edsticas Generales<\/a><ul class='ez-toc-list-level-3' ><li class='ez-toc-heading-level-3'><a class=\"ez-toc-link ez-toc-heading-5\" href=\"https:\/\/unox.com.tr\/es\/compresor-solenoide-valvula-3-2-kom\/#Sugerencias\" >Sugerencias<\/a><\/li><\/ul><\/li><li class='ez-toc-page-1 ez-toc-heading-level-2'><a class=\"ez-toc-link ez-toc-heading-6\" href=\"https:\/\/unox.com.tr\/es\/compresor-solenoide-valvula-3-2-kom\/#Cosas_a_considerar_al_elegir_una_valvula_solenoide\" >Cosas a considerar al elegir una v\u00e1lvula solenoide:<\/a><\/li><\/ul><\/nav><\/div>\n<h2><span class=\"ez-toc-section\" id=\"%C2%BFQue_es_la_valvula_solenoide_del_compresor\"><\/span><span style=\"font-size: 22px;\">\u00bfQu\u00e9 es la v\u00e1lvula solenoide del compresor?<\/span><span class=\"ez-toc-section-end\"><\/span><\/h2>\n<p>La v\u00e1lvula solenoide del compresor es la parte del compresor que controla el flujo de aire. Esta v\u00e1lvula se utiliza para gestionar la compresi\u00f3n de aire del compresor y controlar la presi\u00f3n del aire. Por lo general, est\u00e1 controlado por una fuerza electromagn\u00e9tica y puede abrir y cerrar el flujo de aire. De esta forma, el sistema del compresor puede ajustar la presi\u00f3n del aire regularmente, aumentando o disminuyendo la presi\u00f3n del aire seg\u00fan sea necesario.<\/p>\n<h2><span class=\"ez-toc-section\" id=\"%C2%BFDonde_se_usa_la_valvula_solenoide_del_compresor\"><\/span><span style=\"font-size: 22px;\">\u00bfD\u00f3nde se usa la v\u00e1lvula solenoide del compresor?<\/span><span class=\"ez-toc-section-end\"><\/span><\/h2>\n<p>La v\u00e1lvula solenoide del compresor se usa ampliamente en sistemas de compresi\u00f3n de aire. Por ejemplo, se puede encontrar en acondicionadores de aire dom\u00e9sticos, sistemas de aire acondicionado y acondicionadores de aire de autom\u00f3viles utilizados para controlar la calidad del aire. Esta v\u00e1lvula tambi\u00e9n se puede utilizar en compresores de aire y algunos sistemas neum\u00e1ticos.<\/p>\n<p>Las v\u00e1lvulas solenoides se fabrican en dos tipos normalmente cerradas (para abrir la v\u00e1lvula cerrada cuando la bobina recibe energ\u00eda) y normalmente abiertas (para cerrar la v\u00e1lvula abierta cuando recibe energ\u00eda de la bobina).<\/p>\n<h2><span class=\"ez-toc-section\" id=\"Sistema_de_operacion_normalmente_cerrado\"><\/span><span style=\"font-size: 22px;\">Sistema de operaci\u00f3n normalmente cerrado<\/span><span class=\"ez-toc-section-end\"><\/span><\/h2>\n<p>La electrov\u00e1lvula normalmente cerrada permite inicialmente el paso del fluido. Para que la v\u00e1lvula se abra, la bobina se mueve con la corriente el\u00e9ctrica que llega a la bobina, tira del n\u00facleo hacia arriba y abre la boca del orificio del orificio, y as\u00ed, el fluido a alta presi\u00f3n avanza hacia la salida r\u00e1pidamente desde el orificio de derivaci\u00f3n. . Con este progreso, la presi\u00f3n en el interior cae muy r\u00e1pidamente y se produce una diferencia de presi\u00f3n en el interior. Debido a esta diferencia, el diafragma vence la fuerza del resorte y se eleva hacia arriba y se permite el paso del fluido, por lo que la v\u00e1lvula est\u00e1 en la posici\u00f3n abierta. Todo esto sucede en muy poco tiempo. Nuestro producto est\u00e1 dise\u00f1ado para obtener la mejor eficiencia.<\/p>\n<h2><span class=\"ez-toc-section\" id=\"Caracteristicas_Generales\"><\/span><span style=\"font-size: 22px;\">Caracter\u00edsticas Generales<\/span><span class=\"ez-toc-section-end\"><\/span><\/h2>\n<ul>\n<li><strong>Junta<\/strong>: Vit\u00f3n<\/li>\n<li><strong>Manga<\/strong>: Inoxidable<\/li>\n<li><strong>Cuerpo:<\/strong> Lat\u00f3n<\/li>\n<li><strong>N\u00facleo<\/strong>: Inoxidable<\/li>\n<li><strong>Temperatura<\/strong>: -10 \/ +150 \u00b0C<\/li>\n<li><strong>Bobina<\/strong>: Z\u00f3calo<\/li>\n<\/ul>\n<h3><span class=\"ez-toc-section\" id=\"Sugerencias\"><\/span><span style=\"font-size: 20px;\">Sugerencias<\/span><span class=\"ez-toc-section-end\"><\/span><\/h3>\n<p>Montar la electrov\u00e1lvula de forma que la bobina quede arriba. En la instalaci\u00f3n, como un filtro antes de la electrov\u00e1lvula, etc. utilizar filtros. Utilizamos material de junta y diafragma m\u00e1s duradero para altas temperaturas.<br \/>\nEspecifique su solicitud de diafragma y junta para alta temperatura en sus pedidos.<\/p>\n<h2><span class=\"ez-toc-section\" id=\"Cosas_a_considerar_al_elegir_una_valvula_solenoide\"><\/span><span style=\"font-size: 22px;\">Cosas a considerar al elegir una v\u00e1lvula solenoide:<\/span><span class=\"ez-toc-section-end\"><\/span><\/h2>\n<ul>\n<li>La bobina debe seleccionarse de acuerdo con el voltaje de operaci\u00f3n (AC-DC). Se debe prever protecci\u00f3n y aislamiento seg\u00fan el lugar donde se vaya a aplicar. (La electricidad se enciende cuando entra aire y se vuelve a apagar cuando se corta la electricidad)<\/li>\n<li>En la l\u00ednea o sistema que vaya a utilizar, m\u00edn. y m\u00e1x. Los valores de presi\u00f3n son muy importantes en la selecci\u00f3n de la v\u00e1lvula.<\/li>\n<li>La calidad y temperatura del fluido es un factor directo en la selecci\u00f3n de la v\u00e1lvula.<\/li>\n<li>La direcci\u00f3n del fluido y la marca de la flecha en el cuerpo est\u00e1n en la misma direcci\u00f3n y se debe prestar atenci\u00f3n al montaje.<\/li>\n<li>Dado que la v\u00e1lvula solenoide no funciona como v\u00e1lvula de retenci\u00f3n, el fluido retrocede a presiones inversas. En estos casos, la instalaci\u00f3n de una v\u00e1lvula de retenci\u00f3n despu\u00e9s de la v\u00e1lvula solenoide es correcta para la conexi\u00f3n.<\/li>\n<li>La l\u00ednea a la que se conecta la v\u00e1lvula debe estar libre de impurezas.<\/li>\n<\/ul>\n<p>&nbsp;<\/p>\n<p>[table id=\u00bb12&#8243; \/]<\/p>\n<p>&nbsp;<\/p>\n<p>Puede visitar nuestra p\u00e1gina<a href=\"\/?page_id=8324\" target=\"_blank\" rel=\"noopener noreferrer\">\u00abV\u00e1lvula solenoide<\/a>\u00bb para obtener informaci\u00f3n m\u00e1s detallada sobre el tema o para encontrar soluciones a los problemas que est\u00e1 experimentando.<\/p>\n","protected":false},"excerpt":{"rendered":"<p><a href=\"https:\/\/unox.com.tr\/wp-content\/uploads\/2022\/12\/KOMPRESSOR-3-2-N.K-1-8-KOM1509.pdf\" target=\"_blank\" rel=\"noopener\"><button style=\"background-color: #11224b; color: #ffffff; padding: 10px 15px; font-family: montserrat; font-weight: bold; font-size: 19px; border-radius: 10px;\"><img decoding=\"async\" style=\"width: 25px; height: 25px;\" src=\"https:\/\/unox.com.tr\/wp-content\/uploads\/2023\/02\/pdf-1.png\">CAT\u00c1LOGO DE PRODUCTO<\/button><\/a><\/p>\n<p><button style=\"background-color: #11224b; margin-top: 5px; color: white; padding: 0px 15px; width: 150px; height: 55px; border-radius: 10px; border: none; cursor: pointer;\"><br \/>\n<img decoding=\"async\" style=\"width: 120px; height: 30px;\" src=\"https:\/\/unox.com.tr\/wp-content\/uploads\/2023\/02\/4-1.svg\"><\/button><\/p>\n","protected":false},"featured_media":68648,"comment_status":"closed","ping_status":"closed","template":"","meta":{"_joinchat":[]},"product_brand":[],"product_cat":[1554,469],"product_tag":[],"class_list":{"0":"post-34589","1":"product","2":"type-product","3":"status-publish","4":"has-post-thumbnail","6":"product_cat-valvulas-de-solenoide-del-compresor","7":"product_cat-valvulas-solenoides","9":"first","10":"instock","11":"shipping-taxable","12":"product-type-simple"},"_links":{"self":[{"href":"https:\/\/unox.com.tr\/es\/wp-json\/wp\/v2\/product\/34589","targetHints":{"allow":["GET"]}}],"collection":[{"href":"https:\/\/unox.com.tr\/es\/wp-json\/wp\/v2\/product"}],"about":[{"href":"https:\/\/unox.com.tr\/es\/wp-json\/wp\/v2\/types\/product"}],"replies":[{"embeddable":true,"href":"https:\/\/unox.com.tr\/es\/wp-json\/wp\/v2\/comments?post=34589"}],"version-history":[{"count":0,"href":"https:\/\/unox.com.tr\/es\/wp-json\/wp\/v2\/product\/34589\/revisions"}],"wp:featuredmedia":[{"embeddable":true,"href":"https:\/\/unox.com.tr\/es\/wp-json\/wp\/v2\/media\/68648"}],"wp:attachment":[{"href":"https:\/\/unox.com.tr\/es\/wp-json\/wp\/v2\/media?parent=34589"}],"wp:term":[{"taxonomy":"product_brand","embeddable":true,"href":"https:\/\/unox.com.tr\/es\/wp-json\/wp\/v2\/product_brand?post=34589"},{"taxonomy":"product_cat","embeddable":true,"href":"https:\/\/unox.com.tr\/es\/wp-json\/wp\/v2\/product_cat?post=34589"},{"taxonomy":"product_tag","embeddable":true,"href":"https:\/\/unox.com.tr\/es\/wp-json\/wp\/v2\/product_tag?post=34589"}],"curies":[{"name":"wp","href":"https:\/\/api.w.org\/{rel}","templated":true}]}}