{"id":34603,"date":"2021-09-07T12:00:11","date_gmt":"2021-09-07T12:00:11","guid":{"rendered":"https:\/\/www.unox.com.tr\/urun\/valvula-solenoide-de-piston-normalmente-abierta\/"},"modified":"2023-02-28T10:00:43","modified_gmt":"2023-02-28T07:00:43","slug":"valvula-solenoide-de-piston-de-apertura-normal","status":"publish","type":"product","link":"https:\/\/unox.com.tr\/es\/valvula-solenoide-de-piston-de-apertura-normal\/","title":{"rendered":"V\u00e1lvula Solenoide Tipo Pist\u00f3n &#8211; Normalmente Abierta"},"content":{"rendered":"<div id=\"ez-toc-container\" class=\"ez-toc-v2_0_82_2 counter-hierarchy ez-toc-counter ez-toc-grey ez-toc-container-direction\">\n<div class=\"ez-toc-title-container\">\n<p class=\"ez-toc-title\" style=\"cursor:inherit\">Sayfa \u0130\u00e7eri\u011fi<\/p>\n<span class=\"ez-toc-title-toggle\"><a href=\"#\" class=\"ez-toc-pull-right ez-toc-btn ez-toc-btn-xs ez-toc-btn-default ez-toc-toggle\" aria-label=\"Alternar tabla de contenidos\"><span class=\"ez-toc-js-icon-con\"><span class=\"\"><span class=\"eztoc-hide\" style=\"display:none;\">Toggle<\/span><span class=\"ez-toc-icon-toggle-span\"><svg style=\"fill: #999;color:#999\" xmlns=\"http:\/\/www.w3.org\/2000\/svg\" class=\"list-377408\" width=\"20px\" height=\"20px\" viewBox=\"0 0 24 24\" fill=\"none\"><path d=\"M6 6H4v2h2V6zm14 0H8v2h12V6zM4 11h2v2H4v-2zm16 0H8v2h12v-2zM4 16h2v2H4v-2zm16 0H8v2h12v-2z\" fill=\"currentColor\"><\/path><\/svg><svg style=\"fill: #999;color:#999\" class=\"arrow-unsorted-368013\" xmlns=\"http:\/\/www.w3.org\/2000\/svg\" width=\"10px\" height=\"10px\" viewBox=\"0 0 24 24\" version=\"1.2\" baseProfile=\"tiny\"><path d=\"M18.2 9.3l-6.2-6.3-6.2 6.3c-.2.2-.3.4-.3.7s.1.5.3.7c.2.2.4.3.7.3h11c.3 0 .5-.1.7-.3.2-.2.3-.5.3-.7s-.1-.5-.3-.7zM5.8 14.7l6.2 6.3 6.2-6.3c.2-.2.3-.5.3-.7s-.1-.5-.3-.7c-.2-.2-.4-.3-.7-.3h-11c-.3 0-.5.1-.7.3-.2.2-.3.5-.3.7s.1.5.3.7z\"\/><\/svg><\/span><\/span><\/span><\/a><\/span><\/div>\n<nav><ul class='ez-toc-list ez-toc-list-level-1 ' ><li class='ez-toc-page-1 ez-toc-heading-level-2'><a class=\"ez-toc-link ez-toc-heading-1\" href=\"https:\/\/unox.com.tr\/es\/valvula-solenoide-de-piston-de-apertura-normal\/#%C2%BFQue_es_la_valvula_solenoide_tipo_piston\" >\u00bfQu\u00e9 es la v\u00e1lvula solenoide tipo pist\u00f3n?<\/a><\/li><li class='ez-toc-page-1 ez-toc-heading-level-2'><a class=\"ez-toc-link ez-toc-heading-2\" href=\"https:\/\/unox.com.tr\/es\/valvula-solenoide-de-piston-de-apertura-normal\/#%C2%BFDonde_se_usa_la_valvula_solenoide_tipo_piston\" >\u00bfD\u00f3nde se usa la v\u00e1lvula solenoide tipo pist\u00f3n?<\/a><\/li><li class='ez-toc-page-1 ez-toc-heading-level-2'><a class=\"ez-toc-link ez-toc-heading-3\" href=\"https:\/\/unox.com.tr\/es\/valvula-solenoide-de-piston-de-apertura-normal\/#Sistema_operativo_de_estado_normalmente_abierto\" >Sistema operativo de estado normalmente abierto<\/a><\/li><li class='ez-toc-page-1 ez-toc-heading-level-2'><a class=\"ez-toc-link ez-toc-heading-4\" href=\"https:\/\/unox.com.tr\/es\/valvula-solenoide-de-piston-de-apertura-normal\/#Caracteristicas_Generales\" >Caracter\u00edsticas Generales<\/a><ul class='ez-toc-list-level-3' ><li class='ez-toc-heading-level-3'><a class=\"ez-toc-link ez-toc-heading-5\" href=\"https:\/\/unox.com.tr\/es\/valvula-solenoide-de-piston-de-apertura-normal\/#Sugerencias\" >Sugerencias<\/a><\/li><\/ul><\/li><li class='ez-toc-page-1 ez-toc-heading-level-2'><a class=\"ez-toc-link ez-toc-heading-6\" href=\"https:\/\/unox.com.tr\/es\/valvula-solenoide-de-piston-de-apertura-normal\/#Cosas_a_considerar_al_elegir_una_valvula_solenoide\" >Cosas a considerar al elegir una v\u00e1lvula solenoide:<\/a><\/li><\/ul><\/nav><\/div>\n<h2><span class=\"ez-toc-section\" id=\"%C2%BFQue_es_la_valvula_solenoide_tipo_piston\"><\/span><span style=\"font-size: 22px;\">\u00bfQu\u00e9 es la v\u00e1lvula solenoide tipo pist\u00f3n?<\/span><span class=\"ez-toc-section-end\"><\/span><\/h2>\n<p>La v\u00e1lvula solenoide tipo pist\u00f3n es una v\u00e1lvula electromec\u00e1nica que act\u00faa con la ayuda de una fuerza magn\u00e9tica. Puede abrirse y cerrarse con la ayuda de un mecanismo alternativo y, a menudo, se usa para controlar el paso de l\u00edquido o gas. Las v\u00e1lvulas de solenoide tipo pist\u00f3n se usan a menudo en sistemas de automatizaci\u00f3n industrial y pueden cambiar propiedades como la velocidad y la direcci\u00f3n del flujo de aire controlado.<\/p>\n<h2><span class=\"ez-toc-section\" id=\"%C2%BFDonde_se_usa_la_valvula_solenoide_tipo_piston\"><\/span><span style=\"font-size: 22px;\">\u00bfD\u00f3nde se usa la v\u00e1lvula solenoide tipo pist\u00f3n?<\/span><span class=\"ez-toc-section-end\"><\/span><\/h2>\n<p>Las electrov\u00e1lvulas tipo pist\u00f3n se utilizan generalmente para abrir o cerrar un flujo de l\u00edquido o gas de forma controlada. Por ejemplo, en los sistemas de riego autom\u00e1tico, los tiempos y las cantidades de riego pueden ajustarse utilizando tales v\u00e1lvulas. Adem\u00e1s, estas v\u00e1lvulas se pueden utilizar en sistemas controlados por presi\u00f3n de aire o agua.<\/p>\n<p>Las v\u00e1lvulas solenoides se fabrican en dos tipos normalmente cerradas (para abrir la v\u00e1lvula cerrada cuando la bobina recibe energ\u00eda) y normalmente abiertas (para cerrar la v\u00e1lvula abierta cuando recibe energ\u00eda de la bobina).<\/p>\n<h2><span class=\"ez-toc-section\" id=\"Sistema_operativo_de_estado_normalmente_abierto\"><\/span><span style=\"font-size: 22px;\">Sistema operativo de estado normalmente abierto<\/span><span class=\"ez-toc-section-end\"><\/span><\/h2>\n<p>La electrov\u00e1lvula normalmente abierta permite inicialmente el paso del fluido. Para cerrar la v\u00e1lvula, la bobina se mueve con la corriente el\u00e9ctrica que llega a la bobina y empuja el n\u00facleo hacia abajo y cierra la boca del orificio del orificio. En poco tiempo, la presi\u00f3n se reparte homog\u00e9neamente sobre el diafragma y la presi\u00f3n superior a la presi\u00f3n del fluido impide que el fluido levante el diafragma, por lo que la v\u00e1lvula queda en posici\u00f3n cerrada. Todo esto sucede en muy poco tiempo. Nuestro producto est\u00e1 dise\u00f1ado para obtener la mejor eficiencia.<\/p>\n<h2><span class=\"ez-toc-section\" id=\"Caracteristicas_Generales\"><\/span><span style=\"font-size: 22px;\">Caracter\u00edsticas Generales<\/span><span class=\"ez-toc-section-end\"><\/span><\/h2>\n<ul>\n<li><strong>Junta<\/strong>: EPDM \/ NBR \/ Vit\u00f3n<\/li>\n<li><strong>Manga<\/strong>: Lat\u00f3n<\/li>\n<li><strong>Cuerpo:<\/strong> Lat\u00f3n<\/li>\n<li><strong>N\u00facleo<\/strong>: Inoxidable AISI316<\/li>\n<li><strong>Temperatura<\/strong>: -10 \/ +150 \u00b0C<\/li>\n<li><strong>Bobina<\/strong>: Z\u00f3calo<\/li>\n<li><strong>Manga<\/strong>: Inoxidable AISI316<\/li>\n<li><strong>Muelle<\/strong>: Inoxidable AISI316<\/li>\n<\/ul>\n<h3><span class=\"ez-toc-section\" id=\"Sugerencias\"><\/span><span style=\"font-size: 20px;\">Sugerencias<\/span><span class=\"ez-toc-section-end\"><\/span><\/h3>\n<p>Montar la electrov\u00e1lvula de forma que la bobina quede arriba. En la instalaci\u00f3n, como un filtro antes de la electrov\u00e1lvula, etc. utilizar filtros. Utilizamos material de junta y diafragma m\u00e1s duradero para altas temperaturas.<br \/>\nPor favor, especifique su solicitud de diafragma y junta para alta temperatura en sus pedidos.<\/p>\n<h2><span class=\"ez-toc-section\" id=\"Cosas_a_considerar_al_elegir_una_valvula_solenoide\"><\/span><span style=\"font-size: 22px;\">Cosas a considerar al elegir una v\u00e1lvula solenoide:<\/span><span class=\"ez-toc-section-end\"><\/span><\/h2>\n<ul>\n<li>La bobina debe seleccionarse de acuerdo con el voltaje de operaci\u00f3n (AC-DC). Se debe prever protecci\u00f3n y aislamiento seg\u00fan el lugar donde se vaya a aplicar. (La electricidad se enciende cuando entra aire y se vuelve a apagar cuando se corta la electricidad)<\/li>\n<li>En la l\u00ednea o sistema que vaya a utilizar, m\u00edn. y m\u00e1x. Los valores de presi\u00f3n son muy importantes en la selecci\u00f3n de la v\u00e1lvula.<\/li>\n<li>La calidad y temperatura del fluido es un factor directo en la selecci\u00f3n de la v\u00e1lvula.<\/li>\n<li>La direcci\u00f3n del fluido y la marca de la flecha en el cuerpo est\u00e1n en la misma direcci\u00f3n y se debe prestar atenci\u00f3n al montaje.<\/li>\n<li>Dado que la v\u00e1lvula solenoide no funciona como v\u00e1lvula de retenci\u00f3n, el fluido retrocede a presiones inversas. En estos casos, la instalaci\u00f3n de una v\u00e1lvula de retenci\u00f3n despu\u00e9s de la v\u00e1lvula solenoide es correcta para la conexi\u00f3n.<\/li>\n<li>La l\u00ednea a la que se conecta la v\u00e1lvula debe estar libre de impurezas.<\/li>\n<\/ul>\n<p>&nbsp;<\/p>\n<p>[table id=\u00bb25&#8243; \/]<\/p>\n<p>&nbsp;<\/p>\n<p>Puede visitar nuestra p\u00e1gina<a href=\"\/?page_id=8324\" target=\"_blank\" rel=\"noopener noreferrer\">\u00abV\u00e1lvula solenoide<\/a>\u00bb para obtener informaci\u00f3n m\u00e1s detallada sobre el tema o para encontrar soluciones a los problemas que est\u00e1 experimentando.<\/p>\n","protected":false},"excerpt":{"rendered":"<p><a href=\"https:\/\/unox.com.tr\/wp-content\/uploads\/2022\/12\/PST-N.A-3-8-PST1313A-1.pdf\" target=\"_blank\" rel=\"noopener\"><button style=\"background-color: #11224b; color: #ffffff; padding: 10px 15px; font-family: montserrat; font-weight: bold; font-size: 19px; border-radius: 10px;\"><img decoding=\"async\" style=\"width: 25px; height: 25px;\" src=\"https:\/\/unox.com.tr\/wp-content\/uploads\/2023\/02\/pdf-1.png\">CAT\u00c1LOGO DE PRODUCTO<\/button><\/a><\/p>\n<p><button style=\"background-color: #11224b; margin-top: 5px; color: white; padding: 0px 15px; width: 150px; height: 55px; border-radius: 10px; border: none; cursor: pointer;\"><br \/>\n<img decoding=\"async\" style=\"width: 120px; height: 30px;\" src=\"https:\/\/unox.com.tr\/wp-content\/uploads\/2023\/02\/4-1.svg\"><\/button><\/p>\n","protected":false},"featured_media":68875,"comment_status":"closed","ping_status":"closed","template":"","meta":{"_joinchat":[]},"product_brand":[],"product_cat":[1219,469],"product_tag":[],"class_list":{"0":"post-34603","1":"product","2":"type-product","3":"status-publish","4":"has-post-thumbnail","6":"product_cat-valvulas-de-solenoide-tipo-piston","7":"product_cat-valvulas-solenoides","9":"first","10":"instock","11":"shipping-taxable","12":"product-type-simple"},"_links":{"self":[{"href":"https:\/\/unox.com.tr\/es\/wp-json\/wp\/v2\/product\/34603","targetHints":{"allow":["GET"]}}],"collection":[{"href":"https:\/\/unox.com.tr\/es\/wp-json\/wp\/v2\/product"}],"about":[{"href":"https:\/\/unox.com.tr\/es\/wp-json\/wp\/v2\/types\/product"}],"replies":[{"embeddable":true,"href":"https:\/\/unox.com.tr\/es\/wp-json\/wp\/v2\/comments?post=34603"}],"version-history":[{"count":0,"href":"https:\/\/unox.com.tr\/es\/wp-json\/wp\/v2\/product\/34603\/revisions"}],"wp:featuredmedia":[{"embeddable":true,"href":"https:\/\/unox.com.tr\/es\/wp-json\/wp\/v2\/media\/68875"}],"wp:attachment":[{"href":"https:\/\/unox.com.tr\/es\/wp-json\/wp\/v2\/media?parent=34603"}],"wp:term":[{"taxonomy":"product_brand","embeddable":true,"href":"https:\/\/unox.com.tr\/es\/wp-json\/wp\/v2\/product_brand?post=34603"},{"taxonomy":"product_cat","embeddable":true,"href":"https:\/\/unox.com.tr\/es\/wp-json\/wp\/v2\/product_cat?post=34603"},{"taxonomy":"product_tag","embeddable":true,"href":"https:\/\/unox.com.tr\/es\/wp-json\/wp\/v2\/product_tag?post=34603"}],"curies":[{"name":"wp","href":"https:\/\/api.w.org\/{rel}","templated":true}]}}