{"id":36297,"date":"2021-05-04T09:20:54","date_gmt":"2021-05-04T06:20:54","guid":{"rendered":"https:\/\/www.unox.com.tr\/urun\/valvula-de-bola-accionada-electricamente-2-vias\/"},"modified":"2023-03-15T10:57:02","modified_gmt":"2023-03-15T07:57:02","slug":"valvula-de-bola-accionada-electricamente-de-2-vias","status":"publish","type":"product","link":"https:\/\/unox.com.tr\/es\/valvula-de-bola-accionada-electricamente-de-2-vias\/","title":{"rendered":"V\u00e1lvula de Bola Accionada El\u00e9ctricamente &#8211; 2 V\u00edas"},"content":{"rendered":"<div id=\"ez-toc-container\" class=\"ez-toc-v2_0_82_2 counter-hierarchy ez-toc-counter ez-toc-grey ez-toc-container-direction\">\n<div class=\"ez-toc-title-container\">\n<p class=\"ez-toc-title\" style=\"cursor:inherit\">Sayfa \u0130\u00e7eri\u011fi<\/p>\n<span class=\"ez-toc-title-toggle\"><a href=\"#\" class=\"ez-toc-pull-right ez-toc-btn ez-toc-btn-xs ez-toc-btn-default ez-toc-toggle\" aria-label=\"Alternar tabla de contenidos\"><span class=\"ez-toc-js-icon-con\"><span class=\"\"><span class=\"eztoc-hide\" style=\"display:none;\">Toggle<\/span><span class=\"ez-toc-icon-toggle-span\"><svg style=\"fill: #999;color:#999\" xmlns=\"http:\/\/www.w3.org\/2000\/svg\" class=\"list-377408\" width=\"20px\" height=\"20px\" viewBox=\"0 0 24 24\" fill=\"none\"><path d=\"M6 6H4v2h2V6zm14 0H8v2h12V6zM4 11h2v2H4v-2zm16 0H8v2h12v-2zM4 16h2v2H4v-2zm16 0H8v2h12v-2z\" fill=\"currentColor\"><\/path><\/svg><svg style=\"fill: #999;color:#999\" class=\"arrow-unsorted-368013\" xmlns=\"http:\/\/www.w3.org\/2000\/svg\" width=\"10px\" height=\"10px\" viewBox=\"0 0 24 24\" version=\"1.2\" baseProfile=\"tiny\"><path d=\"M18.2 9.3l-6.2-6.3-6.2 6.3c-.2.2-.3.4-.3.7s.1.5.3.7c.2.2.4.3.7.3h11c.3 0 .5-.1.7-.3.2-.2.3-.5.3-.7s-.1-.5-.3-.7zM5.8 14.7l6.2 6.3 6.2-6.3c.2-.2.3-.5.3-.7s-.1-.5-.3-.7c-.2-.2-.4-.3-.7-.3h-11c-.3 0-.5.1-.7.3-.2.2-.3.5-.3.7s.1.5.3.7z\"\/><\/svg><\/span><\/span><\/span><\/a><\/span><\/div>\n<nav><ul class='ez-toc-list ez-toc-list-level-1 ' ><li class='ez-toc-page-1 ez-toc-heading-level-2'><a class=\"ez-toc-link ez-toc-heading-1\" href=\"https:\/\/unox.com.tr\/es\/valvula-de-bola-accionada-electricamente-de-2-vias\/#%C2%BFQue_es_la_valvula_de_bola_accionada_electricamente\" >\u00bfQu\u00e9 es la v\u00e1lvula de bola accionada el\u00e9ctricamente?<\/a><\/li><li class='ez-toc-page-1 ez-toc-heading-level-2'><a class=\"ez-toc-link ez-toc-heading-2\" href=\"https:\/\/unox.com.tr\/es\/valvula-de-bola-accionada-electricamente-de-2-vias\/#%C2%BFDonde_se_usa_la_valvula_de_bola_accionada_electricamente\" >\u00bfD\u00f3nde se usa la v\u00e1lvula de bola accionada el\u00e9ctricamente?<\/a><\/li><\/ul><\/nav><\/div>\n<h2><span class=\"ez-toc-section\" id=\"%C2%BFQue_es_la_valvula_de_bola_accionada_electricamente\"><\/span><span style=\"font-size: 22px;\">\u00bfQu\u00e9 es la v\u00e1lvula de bola accionada el\u00e9ctricamente?<\/span><span class=\"ez-toc-section-end\"><\/span><\/h2>\n<p>Una v\u00e1lvula de bola accionada el\u00e9ctricamente es un tipo de v\u00e1lvula que utiliza una bola con un orificio para controlar el flujo de un l\u00edquido. La bola gira mediante un actuador el\u00e9ctrico para abrir o cerrar la v\u00e1lvula. Cuando la v\u00e1lvula est\u00e1 abierta, el orificio de la bola se alinea con el flujo de fluido, lo que le permite pasar. Cuando la v\u00e1lvula est\u00e1 cerrada, la bola girar\u00e1 de modo que el orificio quede perpendicular al flujo de l\u00edquido y el flujo de l\u00edquido se bloquear\u00e1.<\/p>\n<p>Las v\u00e1lvulas de bola de 2 v\u00edas accionadas el\u00e9ctricamente se utilizan en una variedad de aplicaciones, incluido el control de agua, petr\u00f3leo, gas y otros l\u00edquidos en entornos industriales, comerciales y residenciales. Por lo general, se prefieren a otros tipos de v\u00e1lvulas porque son simples, confiables y f\u00e1ciles de mantener. Tambi\u00e9n tienen una ca\u00edda de presi\u00f3n baja y se pueden encender y apagar r\u00e1pidamente, lo que los hace muy adecuados para su uso en sistemas de alto flujo.<\/p>\n<h2><span class=\"ez-toc-section\" id=\"%C2%BFDonde_se_usa_la_valvula_de_bola_accionada_electricamente\"><\/span><span style=\"font-size: 22px;\">\u00bfD\u00f3nde se usa la v\u00e1lvula de bola accionada el\u00e9ctricamente?<\/span><span class=\"ez-toc-section-end\"><\/span><\/h2>\n<p>Las v\u00e1lvulas de bola accionadas el\u00e9ctricamente se utilizan en una variedad de aplicaciones, incluido el control de agua, petr\u00f3leo, gas y otros l\u00edquidos en entornos industriales, comerciales y residenciales. Algunos ejemplos comunes donde se pueden usar estas v\u00e1lvulas son:<\/p>\n<ul>\n<li>A menudo se utiliza en procesos industriales para controlar el flujo de l\u00edquidos como agua, petr\u00f3leo, gas y productos qu\u00edmicos. Se pueden usar para regular el flujo de fluidos en tuber\u00edas, tanques y otros recipientes de almacenamiento.<\/li>\n<li>Sistemas HVAC: estas v\u00e1lvulas se usan com\u00fanmente en sistemas de calefacci\u00f3n, ventilaci\u00f3n y aire acondicionado (HVAC) para controlar el flujo de aire, agua y otros fluidos. A menudo se utilizan para regular el flujo de agua en los sistemas de calefacci\u00f3n y refrigeraci\u00f3n, as\u00ed como para controlar el flujo de aire en los sistemas de ventilaci\u00f3n.<\/li>\n<li>Sistemas de plomer\u00eda: Tambi\u00e9n se usa en sistemas de plomer\u00eda para controlar el flujo de agua en casas y edificios. Se pueden usar para regular el flujo de agua hacia y desde fregaderos, duchas, inodoros y otros accesorios.<\/li>\n<li>Se utiliza en sistemas de riego para controlar el flujo de agua a cultivos y plantas. Se pueden usar para regular el flujo de agua en tuber\u00edas, tanques y otros recipientes de almacenamiento.<\/li>\n<li>Se utiliza para controlar el flujo de gas natural y otros gases en los sistemas de gas. A menudo se utilizan en tuber\u00edas, tanques de almacenamiento y otros sistemas de distribuci\u00f3n de gas.<\/li>\n<\/ul>\n","protected":false},"excerpt":{"rendered":"<p><a href=\"https:\/\/unox.com.tr\/wp-content\/uploads\/2022\/12\/ELEKTRIK-AKTUATORLU-KURESEL-VANA-2-YOLLU.pdf\" target=\"_blank\" rel=\"noopener\"><button style=\"background-color: #11224b; color: #ffffff; padding: 10px 15px; font-family: montserrat; font-weight: bold; font-size: 19px; border-radius: 10px;\"><img decoding=\"async\" style=\"width: 25px; height: 25px;\" src=\"https:\/\/unox.com.tr\/wp-content\/uploads\/2023\/02\/pdf-1.png\">CAT\u00c1LOGO DE PRODUCTO<\/button><\/a><\/p>\n<p><button style=\"background-color: #11224b; margin-top: 5px; color: white; padding: 0px 15px; width: 150px; height: 55px; border-radius: 10px; border: none; cursor: pointer;\"><br \/>\n<img decoding=\"async\" style=\"width: 120px; height: 30px;\" src=\"https:\/\/unox.com.tr\/wp-content\/uploads\/2023\/02\/4-1.svg\"><\/button><\/p>\n","protected":false},"featured_media":25331,"comment_status":"open","ping_status":"closed","template":"","meta":{"_joinchat":[]},"product_brand":[],"product_cat":[470,1122,1007],"product_tag":[],"class_list":{"0":"post-36297","1":"product","2":"type-product","3":"status-publish","4":"has-post-thumbnail","6":"product_cat-valvulas-accionadas-electricamente","7":"product_cat-valvulas-actuadas","8":"product_cat-valvulas-electricas","10":"first","11":"instock","12":"shipping-taxable","13":"product-type-simple"},"_links":{"self":[{"href":"https:\/\/unox.com.tr\/es\/wp-json\/wp\/v2\/product\/36297","targetHints":{"allow":["GET"]}}],"collection":[{"href":"https:\/\/unox.com.tr\/es\/wp-json\/wp\/v2\/product"}],"about":[{"href":"https:\/\/unox.com.tr\/es\/wp-json\/wp\/v2\/types\/product"}],"replies":[{"embeddable":true,"href":"https:\/\/unox.com.tr\/es\/wp-json\/wp\/v2\/comments?post=36297"}],"version-history":[{"count":0,"href":"https:\/\/unox.com.tr\/es\/wp-json\/wp\/v2\/product\/36297\/revisions"}],"wp:featuredmedia":[{"embeddable":true,"href":"https:\/\/unox.com.tr\/es\/wp-json\/wp\/v2\/media\/25331"}],"wp:attachment":[{"href":"https:\/\/unox.com.tr\/es\/wp-json\/wp\/v2\/media?parent=36297"}],"wp:term":[{"taxonomy":"product_brand","embeddable":true,"href":"https:\/\/unox.com.tr\/es\/wp-json\/wp\/v2\/product_brand?post=36297"},{"taxonomy":"product_cat","embeddable":true,"href":"https:\/\/unox.com.tr\/es\/wp-json\/wp\/v2\/product_cat?post=36297"},{"taxonomy":"product_tag","embeddable":true,"href":"https:\/\/unox.com.tr\/es\/wp-json\/wp\/v2\/product_tag?post=36297"}],"curies":[{"name":"wp","href":"https:\/\/api.w.org\/{rel}","templated":true}]}}