{"id":36310,"date":"2021-05-04T09:16:16","date_gmt":"2021-05-04T06:16:16","guid":{"rendered":"https:\/\/www.unox.com.tr\/urun\/valvula-de-bola-de-3-vias-accionada-electricamente\/"},"modified":"2023-03-15T11:02:10","modified_gmt":"2023-03-15T08:02:10","slug":"valvula-de-bola-de-3-vias-accionada-electricamente","status":"publish","type":"product","link":"https:\/\/unox.com.tr\/es\/valvula-de-bola-de-3-vias-accionada-electricamente\/","title":{"rendered":"V\u00e1lvula de Bola de 3 V\u00edas Accionada El\u00e9ctricamente"},"content":{"rendered":"<div id=\"ez-toc-container\" class=\"ez-toc-v2_0_82_2 counter-hierarchy ez-toc-counter ez-toc-grey ez-toc-container-direction\">\n<div class=\"ez-toc-title-container\">\n<p class=\"ez-toc-title\" style=\"cursor:inherit\">Sayfa \u0130\u00e7eri\u011fi<\/p>\n<span class=\"ez-toc-title-toggle\"><a href=\"#\" class=\"ez-toc-pull-right ez-toc-btn ez-toc-btn-xs ez-toc-btn-default ez-toc-toggle\" aria-label=\"Alternar tabla de contenidos\"><span class=\"ez-toc-js-icon-con\"><span class=\"\"><span class=\"eztoc-hide\" style=\"display:none;\">Toggle<\/span><span class=\"ez-toc-icon-toggle-span\"><svg style=\"fill: #999;color:#999\" xmlns=\"http:\/\/www.w3.org\/2000\/svg\" class=\"list-377408\" width=\"20px\" height=\"20px\" viewBox=\"0 0 24 24\" fill=\"none\"><path d=\"M6 6H4v2h2V6zm14 0H8v2h12V6zM4 11h2v2H4v-2zm16 0H8v2h12v-2zM4 16h2v2H4v-2zm16 0H8v2h12v-2z\" fill=\"currentColor\"><\/path><\/svg><svg style=\"fill: #999;color:#999\" class=\"arrow-unsorted-368013\" xmlns=\"http:\/\/www.w3.org\/2000\/svg\" width=\"10px\" height=\"10px\" viewBox=\"0 0 24 24\" version=\"1.2\" baseProfile=\"tiny\"><path d=\"M18.2 9.3l-6.2-6.3-6.2 6.3c-.2.2-.3.4-.3.7s.1.5.3.7c.2.2.4.3.7.3h11c.3 0 .5-.1.7-.3.2-.2.3-.5.3-.7s-.1-.5-.3-.7zM5.8 14.7l6.2 6.3 6.2-6.3c.2-.2.3-.5.3-.7s-.1-.5-.3-.7c-.2-.2-.4-.3-.7-.3h-11c-.3 0-.5.1-.7.3-.2.2-.3.5-.3.7s.1.5.3.7z\"\/><\/svg><\/span><\/span><\/span><\/a><\/span><\/div>\n<nav><ul class='ez-toc-list ez-toc-list-level-1 ' ><li class='ez-toc-page-1 ez-toc-heading-level-2'><a class=\"ez-toc-link ez-toc-heading-1\" href=\"https:\/\/unox.com.tr\/es\/valvula-de-bola-de-3-vias-accionada-electricamente\/#%C2%BFQue_es_una_valvula_de_bola_de_3_vias_accionada_electricamente\" >\u00bfQu\u00e9 es una v\u00e1lvula de bola de 3 v\u00edas accionada el\u00e9ctricamente?<\/a><\/li><li class='ez-toc-page-1 ez-toc-heading-level-2'><a class=\"ez-toc-link ez-toc-heading-2\" href=\"https:\/\/unox.com.tr\/es\/valvula-de-bola-de-3-vias-accionada-electricamente\/#%C2%BFComo_funciona_una_valvula_de_bola_de_3_vias_accionada_electricamente\" >\u00bfC\u00f3mo funciona una v\u00e1lvula de bola de 3 v\u00edas accionada el\u00e9ctricamente?<\/a><\/li><li class='ez-toc-page-1 ez-toc-heading-level-2'><a class=\"ez-toc-link ez-toc-heading-3\" href=\"https:\/\/unox.com.tr\/es\/valvula-de-bola-de-3-vias-accionada-electricamente\/#Areas_de_Uso\" >Areas de Uso<\/a><\/li><li class='ez-toc-page-1 ez-toc-heading-level-2'><a class=\"ez-toc-link ez-toc-heading-4\" href=\"https:\/\/unox.com.tr\/es\/valvula-de-bola-de-3-vias-accionada-electricamente\/#Caracteristicas_del_Producto\" >Caracter\u00edsticas del Producto<\/a><\/li><\/ul><\/nav><\/div>\n<h2><span class=\"ez-toc-section\" id=\"%C2%BFQue_es_una_valvula_de_bola_de_3_vias_accionada_electricamente\"><\/span><span style=\"font-size: 22px;\">\u00bfQu\u00e9 es una v\u00e1lvula de bola de 3 v\u00edas accionada el\u00e9ctricamente?<\/span><span class=\"ez-toc-section-end\"><\/span><\/h2>\n<p>La v\u00e1lvula de bola de 3 v\u00edas accionada el\u00e9ctricamente es un tipo de v\u00e1lvula que controla el flujo de fluido en el sistema de tuber\u00edas. Consiste en una bola con un agujero en el medio, montada de forma giratoria en un cuerpo de v\u00e1lvula. La bola se puede girar a diferentes posiciones para permitir o bloquear el flujo de fluido a trav\u00e9s de la v\u00e1lvula. Cuando el orificio est\u00e1 alineado con los puertos de entrada y salida de la v\u00e1lvula, el fluido puede fluir a trav\u00e9s de la v\u00e1lvula. Cuando el orificio es perpendicular a los puertos de entrada y salida, el flujo de fluido se bloquea.<\/p>\n<h2><span class=\"ez-toc-section\" id=\"%C2%BFComo_funciona_una_valvula_de_bola_de_3_vias_accionada_electricamente\"><\/span><span style=\"font-size: 22px;\">\u00bfC\u00f3mo funciona una v\u00e1lvula de bola de 3 v\u00edas accionada el\u00e9ctricamente?<\/span><span class=\"ez-toc-section-end\"><\/span><\/h2>\n<p>La v\u00e1lvula de bola de 3 v\u00edas accionada el\u00e9ctricamente tiene tres puertos: un puerto de entrada, un puerto de salida y un puerto auxiliar. El puerto de entrada es donde el fluido ingresa a la v\u00e1lvula, el puerto de salida es donde el fluido sale de la v\u00e1lvula y el puerto auxiliar se puede usar para desviar o desviar el flujo de fluido. La v\u00e1lvula es operada por un actuador el\u00e9ctrico, que es un dispositivo que usa electricidad para mover un mecanismo o controlar un proceso. El actuador el\u00e9ctrico est\u00e1 conectado a la bola dentro de la v\u00e1lvula y se usa para girar la bola a la posici\u00f3n deseada.<\/p>\n<h2><span class=\"ez-toc-section\" id=\"Areas_de_Uso\"><\/span><span style=\"font-size: 22px;\">Areas de Uso<\/span><span class=\"ez-toc-section-end\"><\/span><\/h2>\n<p>Las v\u00e1lvulas de bola de 3 v\u00edas accionadas el\u00e9ctricamente se utilizan ampliamente en una variedad de aplicaciones que incluyen sistemas HVAC, sistemas de control de procesos y sistemas de manejo de fluidos. Son preferibles a las v\u00e1lvulas manuales, ya que pueden controlarse y automatizarse de forma remota como parte de un sistema de control m\u00e1s grande. Tambi\u00e9n son m\u00e1s confiables y requieren menos mantenimiento que las v\u00e1lvulas manuales.<\/p>\n<h2><span class=\"ez-toc-section\" id=\"Caracteristicas_del_Producto\"><\/span><span style=\"font-size: 22px;\">Caracter\u00edsticas del Producto<\/span><span class=\"ez-toc-section-end\"><\/span><\/h2>\n<ul>\n<li><strong>Clase de Protecci\u00f3n:<\/strong> IP 67- IP 68<\/li>\n<li><strong>Tiempo de Movimiento:<\/strong> 30\/60 seg.<\/li>\n<li><strong>Temperatura Ambiente:<\/strong> -30 +60 \u00b0C<\/li>\n<li><strong>Conexi\u00f3n El\u00e9ctrica:<\/strong> \u00bd\u201d A Prueba de Agua<\/li>\n<\/ul>\n","protected":false},"excerpt":{"rendered":"<p><a href=\"https:\/\/unox.com.tr\/wp-content\/uploads\/2022\/12\/ELEKTRIK-AKTUATORLU-3-YOLLU-KURESEL-VANA.pdf\" target=\"_blank\" rel=\"noopener\"><button style=\"background-color: #11224b; color: #ffffff; padding: 10px 15px; font-family: montserrat; font-weight: bold; font-size: 19px; border-radius: 10px;\"><img decoding=\"async\" style=\"width: 25px; height: 25px;\" src=\"https:\/\/unox.com.tr\/wp-content\/uploads\/2023\/02\/pdf-1.png\">CAT\u00c1LOGO DE PRODUCTO<\/button><\/a><\/p>\n<p><button style=\"background-color: #11224b; margin-top: 5px; color: white; padding: 0px 15px; width: 150px; height: 55px; border-radius: 10px; border: none; cursor: pointer;\"><br \/>\n<img decoding=\"async\" style=\"width: 120px; height: 30px;\" src=\"https:\/\/unox.com.tr\/wp-content\/uploads\/2023\/02\/4-1.svg\"><\/button><\/p>\n","protected":false},"featured_media":25342,"comment_status":"open","ping_status":"closed","template":"","meta":{"_joinchat":[]},"product_brand":[],"product_cat":[470,1122,1007],"product_tag":[],"class_list":{"0":"post-36310","1":"product","2":"type-product","3":"status-publish","4":"has-post-thumbnail","6":"product_cat-valvulas-accionadas-electricamente","7":"product_cat-valvulas-actuadas","8":"product_cat-valvulas-electricas","10":"first","11":"instock","12":"shipping-taxable","13":"product-type-simple"},"_links":{"self":[{"href":"https:\/\/unox.com.tr\/es\/wp-json\/wp\/v2\/product\/36310","targetHints":{"allow":["GET"]}}],"collection":[{"href":"https:\/\/unox.com.tr\/es\/wp-json\/wp\/v2\/product"}],"about":[{"href":"https:\/\/unox.com.tr\/es\/wp-json\/wp\/v2\/types\/product"}],"replies":[{"embeddable":true,"href":"https:\/\/unox.com.tr\/es\/wp-json\/wp\/v2\/comments?post=36310"}],"version-history":[{"count":0,"href":"https:\/\/unox.com.tr\/es\/wp-json\/wp\/v2\/product\/36310\/revisions"}],"wp:featuredmedia":[{"embeddable":true,"href":"https:\/\/unox.com.tr\/es\/wp-json\/wp\/v2\/media\/25342"}],"wp:attachment":[{"href":"https:\/\/unox.com.tr\/es\/wp-json\/wp\/v2\/media?parent=36310"}],"wp:term":[{"taxonomy":"product_brand","embeddable":true,"href":"https:\/\/unox.com.tr\/es\/wp-json\/wp\/v2\/product_brand?post=36310"},{"taxonomy":"product_cat","embeddable":true,"href":"https:\/\/unox.com.tr\/es\/wp-json\/wp\/v2\/product_cat?post=36310"},{"taxonomy":"product_tag","embeddable":true,"href":"https:\/\/unox.com.tr\/es\/wp-json\/wp\/v2\/product_tag?post=36310"}],"curies":[{"name":"wp","href":"https:\/\/api.w.org\/{rel}","templated":true}]}}