{"id":36336,"date":"2020-09-17T12:54:27","date_gmt":"2020-09-17T12:54:27","guid":{"rendered":"https:\/\/www.unox.com.tr\/urun\/valvula-de-mariposa-tipo-orejeta-accionada-neumaticamente-doble-efecto\/"},"modified":"2023-03-01T14:26:23","modified_gmt":"2023-03-01T11:26:23","slug":"valvula-de-mariposa-tipo-orejeta-accionada-neumaticamente","status":"publish","type":"product","link":"https:\/\/unox.com.tr\/es\/valvula-de-mariposa-tipo-orejeta-accionada-neumaticamente\/","title":{"rendered":"V\u00e1lvula de Mariposa Tipo Orejeta Accionada Neum\u00e1ticamente &#8211; Doble Efecto"},"content":{"rendered":"<div id=\"ez-toc-container\" class=\"ez-toc-v2_0_82_2 counter-hierarchy ez-toc-counter ez-toc-grey ez-toc-container-direction\">\n<div class=\"ez-toc-title-container\">\n<p class=\"ez-toc-title\" style=\"cursor:inherit\">Sayfa \u0130\u00e7eri\u011fi<\/p>\n<span class=\"ez-toc-title-toggle\"><a href=\"#\" class=\"ez-toc-pull-right ez-toc-btn ez-toc-btn-xs ez-toc-btn-default ez-toc-toggle\" aria-label=\"Alternar tabla de contenidos\"><span class=\"ez-toc-js-icon-con\"><span class=\"\"><span class=\"eztoc-hide\" style=\"display:none;\">Toggle<\/span><span class=\"ez-toc-icon-toggle-span\"><svg style=\"fill: #999;color:#999\" xmlns=\"http:\/\/www.w3.org\/2000\/svg\" class=\"list-377408\" width=\"20px\" height=\"20px\" viewBox=\"0 0 24 24\" fill=\"none\"><path d=\"M6 6H4v2h2V6zm14 0H8v2h12V6zM4 11h2v2H4v-2zm16 0H8v2h12v-2zM4 16h2v2H4v-2zm16 0H8v2h12v-2z\" fill=\"currentColor\"><\/path><\/svg><svg style=\"fill: #999;color:#999\" class=\"arrow-unsorted-368013\" xmlns=\"http:\/\/www.w3.org\/2000\/svg\" width=\"10px\" height=\"10px\" viewBox=\"0 0 24 24\" version=\"1.2\" baseProfile=\"tiny\"><path d=\"M18.2 9.3l-6.2-6.3-6.2 6.3c-.2.2-.3.4-.3.7s.1.5.3.7c.2.2.4.3.7.3h11c.3 0 .5-.1.7-.3.2-.2.3-.5.3-.7s-.1-.5-.3-.7zM5.8 14.7l6.2 6.3 6.2-6.3c.2-.2.3-.5.3-.7s-.1-.5-.3-.7c-.2-.2-.4-.3-.7-.3h-11c-.3 0-.5.1-.7.3-.2.2-.3.5-.3.7s.1.5.3.7z\"\/><\/svg><\/span><\/span><\/span><\/a><\/span><\/div>\n<nav><ul class='ez-toc-list ez-toc-list-level-1 ' ><li class='ez-toc-page-1 ez-toc-heading-level-2'><a class=\"ez-toc-link ez-toc-heading-1\" href=\"https:\/\/unox.com.tr\/es\/valvula-de-mariposa-tipo-orejeta-accionada-neumaticamente\/#%C2%BFQue_es_la_valvula_de_mariposa_tipo_orejeta_con_actuador_neumatico\" >\u00bfQu\u00e9 es la v\u00e1lvula de mariposa tipo orejeta con actuador neum\u00e1tico?<\/a><\/li><li class='ez-toc-page-1 ez-toc-heading-level-2'><a class=\"ez-toc-link ez-toc-heading-2\" href=\"https:\/\/unox.com.tr\/es\/valvula-de-mariposa-tipo-orejeta-accionada-neumaticamente\/#Caracteristicas_del_Producto\" >Caracter\u00edsticas del Producto<\/a><\/li><li class='ez-toc-page-1 ez-toc-heading-level-2'><a class=\"ez-toc-link ez-toc-heading-3\" href=\"https:\/\/unox.com.tr\/es\/valvula-de-mariposa-tipo-orejeta-accionada-neumaticamente\/#Ambito_de_Aplicacion\" >\u00c1mbito de Aplicaci\u00f3n<\/a><ul class='ez-toc-list-level-3' ><li class='ez-toc-heading-level-3'><a class=\"ez-toc-link ez-toc-heading-4\" href=\"https:\/\/unox.com.tr\/es\/valvula-de-mariposa-tipo-orejeta-accionada-neumaticamente\/#Construccion\" >Construcci\u00f3n<\/a><\/li><\/ul><\/li><\/ul><\/nav><\/div>\n<h2><span class=\"ez-toc-section\" id=\"%C2%BFQue_es_la_valvula_de_mariposa_tipo_orejeta_con_actuador_neumatico\"><\/span><span style=\"font-size: 22px;\">\u00bfQu\u00e9 es la v\u00e1lvula de mariposa tipo orejeta con actuador neum\u00e1tico?<\/span><span class=\"ez-toc-section-end\"><\/span><\/h2>\n<p>La v\u00e1lvula de mariposa se utiliza para controlar el flujo de l\u00edquidos o gases como gas, agua o aire. Consiste en un par de tapas y estas tapas giran alrededor de un eje. Cuando una aleta est\u00e1 abierta, la otra est\u00e1 cerrada para que pueda controlar el flujo. Las v\u00e1lvulas de mariposa se utilizan generalmente para tuber\u00edas o mangueras de gran di\u00e1metro y se utilizan a menudo en plantas, f\u00e1bricas y plantas industriales para controlar el flujo de sustancias como agua, gas o aire.<\/p>\n<p>V\u00e1lvulas de mariposa tipo orejeta con accionamiento neum\u00e1tico; Son v\u00e1lvulas de mariposa con diferentes di\u00e1metros de conexi\u00f3n, con flap de lat\u00f3n o inoxidable, producci\u00f3n tipo wafer y lug, conexi\u00f3n entre dos bridas, operadas con suministro de aire, actuador neum\u00e1tico, preferidas en \u00e1reas estrechas de la instalaci\u00f3n en aplicaciones de agua y fluidos no corrosivos.<\/p>\n<h2><span class=\"ez-toc-section\" id=\"Caracteristicas_del_Producto\"><\/span><span style=\"font-size: 22px;\">Caracter\u00edsticas del Producto<\/span><span class=\"ez-toc-section-end\"><\/span><\/h2>\n<ul>\n<li><strong>Cuerpo:<\/strong> Hierro d\u00factil GGG-40<\/li>\n<li><strong>Disco<\/strong>: AISI316, AISI304, AL-BR<\/li>\n<li><strong>Eje<\/strong>: Acero Inoxidable<\/li>\n<li><strong>Temperatura<\/strong>: -10\u00baC \/ 110\u00baC<\/li>\n<li><strong>Junta:<\/strong> EPDM<\/li>\n<\/ul>\n<h2><span class=\"ez-toc-section\" id=\"Ambito_de_Aplicacion\"><\/span> <span style=\"font-size: 22px;\">\u00c1mbito de Aplicaci\u00f3n<\/span><span class=\"ez-toc-section-end\"><\/span><\/h2>\n<ul>\n<li>Sistemas de calefacci\u00f3n, ventilaci\u00f3n y aire acondicionado<\/li>\n<li>Sistemas de tratamiento y distribuci\u00f3n de agua<\/li>\n<li>Industria minera<\/li>\n<li>Instalaciones de perforaci\u00f3n y construcci\u00f3n naval<\/li>\n<li>Empresas alimentarias y qu\u00edmicas<\/li>\n<li>Sistemas de extinci\u00f3n de incendios<\/li>\n<li>Agua, agua de mar, polvo, gas, aguas residuales y aire<\/li>\n<\/ul>\n<p><strong>El control de la v\u00e1lvula tipo orejeta accionada neum\u00e1ticamente se realiza de dos maneras:<\/strong><\/p>\n<ol>\n<li>Control de encendido y apagado<\/li>\n<li>Control proporcional<\/li>\n<\/ol>\n<h3><span class=\"ez-toc-section\" id=\"Construccion\"><\/span><span style=\"font-size: 20px;\">Construcci\u00f3n<\/span><span class=\"ez-toc-section-end\"><\/span><\/h3>\n<ul>\n<li>Extrusi\u00f3n de aluminio, resistente a la corrosi\u00f3n interna y externa, larga vida \u00fatil y superficie cil\u00edndrica obtenida con una t\u00e9cnica de proceso muy sensible para un bajo coeficiente de fricci\u00f3n.<\/li>\n<li> Posici\u00f3n de montaje sim\u00e9trica y f\u00e1cil; pistones compactos fabricados en una aleaci\u00f3n especial de aluminio, lo que proporciona un funcionamiento r\u00e1pido y al mismo tiempo permite que los pistones trabajen en sentido contrario simplemente reemplaz\u00e1ndolos.<\/li>\n<li> Un pi\u00f1\u00f3n de acero de alta calidad resistente a la corrosi\u00f3n y sim\u00e9trico que permite el montaje en \u00e1ngulos de 45\u00b0 a 90\u00b0 si se desea y tambi\u00e9n funciona en armon\u00eda con la carrera del pist\u00f3n en cada \u00e1ngulo de montaje.<\/li>\n<li>Elementos de rodamiento fabricados en pl\u00e1stico duro industrial, que permiten abrir y cerrar en el menor tiempo, bajo coeficiente de fricci\u00f3n, minimizando el desgaste de las superficies de fricci\u00f3n.<\/li>\n<li> Engranajes de m\u00f3dulo abiertos en maquinaria de precisi\u00f3n con una t\u00e9cnica de proceso especial que har\u00e1 trabajar silenciosa, arm\u00f3nicamente, con la m\u00e1xima eficiencia al pist\u00f3n y al pi\u00f1\u00f3n.<\/li>\n<li> Sujetadores de acero inoxidable resistentes a la corrosi\u00f3n a largo plazo.<\/li>\n<li>Pleno cumplimiento de las \u00faltimas especificaciones. Para montar y desmontar f\u00e1cilmente solenoides, finales de carrera y otros accesorios y para intercambiar productos entre s\u00ed; Cumple con los est\u00e1ndares y normas ISI 5211, DIN 3337 y VDI\/VDE 3845NAMUR.<\/li>\n<\/ul>\n","protected":false},"excerpt":{"rendered":"<p><a href=\"https:\/\/unox.com.tr\/wp-content\/uploads\/2022\/12\/PNOMATIK-AKTUATORLU-LUG-TIP-KELEBEK-VANA.pdf\" target=\"_blank\" rel=\"noopener\"><button style=\"background-color: #11224b; color: #ffffff; padding: 10px 15px; font-family: montserrat; font-weight: bold; font-size: 19px; border-radius: 10px;\"><img decoding=\"async\" style=\"width: 25px; height: 25px;\" src=\"https:\/\/unox.com.tr\/wp-content\/uploads\/2023\/02\/pdf-1.png\">CAT\u00c1LOGO DE PRODUCTO<\/button><\/a><\/p>\n<p><button style=\"background-color: #11224b; margin-top: 5px; color: white; padding: 0px 15px; width: 150px; height: 55px; border-radius: 10px; border: none; cursor: pointer;\"><br \/>\n<img decoding=\"async\" style=\"width: 120px; height: 30px;\" src=\"https:\/\/unox.com.tr\/wp-content\/uploads\/2023\/02\/4-1.svg\"><\/button><\/p>\n","protected":false},"featured_media":70032,"comment_status":"closed","ping_status":"closed","template":"","meta":{"_joinchat":[]},"product_brand":[],"product_cat":[467,1122,468],"product_tag":[],"class_list":{"0":"post-36336","1":"product","2":"type-product","3":"status-publish","4":"has-post-thumbnail","6":"product_cat-valvulas-accionadas-neumaticamente","7":"product_cat-valvulas-actuadas","8":"product_cat-valvulas-neumaticas","10":"first","11":"instock","12":"shipping-taxable","13":"product-type-simple"},"_links":{"self":[{"href":"https:\/\/unox.com.tr\/es\/wp-json\/wp\/v2\/product\/36336","targetHints":{"allow":["GET"]}}],"collection":[{"href":"https:\/\/unox.com.tr\/es\/wp-json\/wp\/v2\/product"}],"about":[{"href":"https:\/\/unox.com.tr\/es\/wp-json\/wp\/v2\/types\/product"}],"replies":[{"embeddable":true,"href":"https:\/\/unox.com.tr\/es\/wp-json\/wp\/v2\/comments?post=36336"}],"version-history":[{"count":0,"href":"https:\/\/unox.com.tr\/es\/wp-json\/wp\/v2\/product\/36336\/revisions"}],"wp:featuredmedia":[{"embeddable":true,"href":"https:\/\/unox.com.tr\/es\/wp-json\/wp\/v2\/media\/70032"}],"wp:attachment":[{"href":"https:\/\/unox.com.tr\/es\/wp-json\/wp\/v2\/media?parent=36336"}],"wp:term":[{"taxonomy":"product_brand","embeddable":true,"href":"https:\/\/unox.com.tr\/es\/wp-json\/wp\/v2\/product_brand?post=36336"},{"taxonomy":"product_cat","embeddable":true,"href":"https:\/\/unox.com.tr\/es\/wp-json\/wp\/v2\/product_cat?post=36336"},{"taxonomy":"product_tag","embeddable":true,"href":"https:\/\/unox.com.tr\/es\/wp-json\/wp\/v2\/product_tag?post=36336"}],"curies":[{"name":"wp","href":"https:\/\/api.w.org\/{rel}","templated":true}]}}