{"id":36348,"date":"2020-09-17T06:02:11","date_gmt":"2020-09-17T06:02:11","guid":{"rendered":"https:\/\/www.unox.com.tr\/urun\/valvula-de-mariposa-tipo-oblea-accionada-electricamente\/"},"modified":"2023-03-02T17:29:59","modified_gmt":"2023-03-02T14:29:59","slug":"valvula-de-mariposa-tipo-oblea-accionada-electricamente","status":"publish","type":"product","link":"https:\/\/unox.com.tr\/es\/valvula-de-mariposa-tipo-oblea-accionada-electricamente\/","title":{"rendered":"V\u00e1lvula de Mariposa Tipo Oblea Accionada El\u00e9ctricamente"},"content":{"rendered":"<div id=\"ez-toc-container\" class=\"ez-toc-v2_0_82_2 counter-hierarchy ez-toc-counter ez-toc-grey ez-toc-container-direction\">\n<div class=\"ez-toc-title-container\">\n<p class=\"ez-toc-title\" style=\"cursor:inherit\">Sayfa \u0130\u00e7eri\u011fi<\/p>\n<span class=\"ez-toc-title-toggle\"><a href=\"#\" class=\"ez-toc-pull-right ez-toc-btn ez-toc-btn-xs ez-toc-btn-default ez-toc-toggle\" aria-label=\"Alternar tabla de contenidos\"><span class=\"ez-toc-js-icon-con\"><span class=\"\"><span class=\"eztoc-hide\" style=\"display:none;\">Toggle<\/span><span class=\"ez-toc-icon-toggle-span\"><svg style=\"fill: #999;color:#999\" xmlns=\"http:\/\/www.w3.org\/2000\/svg\" class=\"list-377408\" width=\"20px\" height=\"20px\" viewBox=\"0 0 24 24\" fill=\"none\"><path d=\"M6 6H4v2h2V6zm14 0H8v2h12V6zM4 11h2v2H4v-2zm16 0H8v2h12v-2zM4 16h2v2H4v-2zm16 0H8v2h12v-2z\" fill=\"currentColor\"><\/path><\/svg><svg style=\"fill: #999;color:#999\" class=\"arrow-unsorted-368013\" xmlns=\"http:\/\/www.w3.org\/2000\/svg\" width=\"10px\" height=\"10px\" viewBox=\"0 0 24 24\" version=\"1.2\" baseProfile=\"tiny\"><path d=\"M18.2 9.3l-6.2-6.3-6.2 6.3c-.2.2-.3.4-.3.7s.1.5.3.7c.2.2.4.3.7.3h11c.3 0 .5-.1.7-.3.2-.2.3-.5.3-.7s-.1-.5-.3-.7zM5.8 14.7l6.2 6.3 6.2-6.3c.2-.2.3-.5.3-.7s-.1-.5-.3-.7c-.2-.2-.4-.3-.7-.3h-11c-.3 0-.5.1-.7.3-.2.2-.3.5-.3.7s.1.5.3.7z\"\/><\/svg><\/span><\/span><\/span><\/a><\/span><\/div>\n<nav><ul class='ez-toc-list ez-toc-list-level-1 ' ><li class='ez-toc-page-1 ez-toc-heading-level-2'><a class=\"ez-toc-link ez-toc-heading-1\" href=\"https:\/\/unox.com.tr\/es\/valvula-de-mariposa-tipo-oblea-accionada-electricamente\/#%C2%BFQue_es_una_valvula_de_mariposa_tipo_wafer_accionada_electricamente\" >\u00bfQu\u00e9 es una v\u00e1lvula de mariposa tipo wafer accionada el\u00e9ctricamente?<\/a><\/li><li class='ez-toc-page-1 ez-toc-heading-level-2'><a class=\"ez-toc-link ez-toc-heading-2\" href=\"https:\/\/unox.com.tr\/es\/valvula-de-mariposa-tipo-oblea-accionada-electricamente\/#%C2%BFDonde_se_utiliza_la_valvula_de_mariposa_tipo_wafer_accionada_electricamente\" >\u00bfD\u00f3nde se utiliza la v\u00e1lvula de mariposa tipo wafer accionada el\u00e9ctricamente?<\/a><\/li><li class='ez-toc-page-1 ez-toc-heading-level-2'><a class=\"ez-toc-link ez-toc-heading-3\" href=\"https:\/\/unox.com.tr\/es\/valvula-de-mariposa-tipo-oblea-accionada-electricamente\/#Ambito_de_Aplicacion\" >\u00c1mbito de Aplicaci\u00f3n<\/a><\/li><li class='ez-toc-page-1 ez-toc-heading-level-2'><a class=\"ez-toc-link ez-toc-heading-4\" href=\"https:\/\/unox.com.tr\/es\/valvula-de-mariposa-tipo-oblea-accionada-electricamente\/#Caracteristicas_del_Producto\" >Caracter\u00edsticas del Producto<\/a><\/li><\/ul><\/nav><\/div>\n<h2><span class=\"ez-toc-section\" id=\"%C2%BFQue_es_una_valvula_de_mariposa_tipo_wafer_accionada_electricamente\"><\/span><span style=\"font-size: 22px;\">\u00bfQu\u00e9 es una v\u00e1lvula de mariposa tipo wafer accionada el\u00e9ctricamente?<\/span><span class=\"ez-toc-section-end\"><\/span><\/h2>\n<p>Una v\u00e1lvula de mariposa wafer accionada el\u00e9ctricamente es un tipo de v\u00e1lvula dise\u00f1ada para controlar el flujo de l\u00edquidos a trav\u00e9s de una tuber\u00eda. Consiste en un disco circular montado en un eje que pasa por el centro del cuerpo de la v\u00e1lvula. El disco puede girar alrededor del eje, lo que le permite abrir y cerrar el flujo de fluido a trav\u00e9s de la v\u00e1lvula. El accionamiento el\u00e9ctrico significa que la v\u00e1lvula puede abrirse y cerrarse mediante un motor el\u00e9ctrico en lugar de accionarse manualmente.<\/p>\n<p>Las v\u00e1lvulas de mariposa tipo oblea est\u00e1n dise\u00f1adas para montarse entre bridas con un disco en forma de oblea insertado entre bridas y sujeto con pernos. Esto permite que la v\u00e1lvula se instale f\u00e1cilmente sin necesidad de cortar la tuber\u00eda o realizar otros cambios en el sistema de tuber\u00edas.<\/p>\n<h2><span class=\"ez-toc-section\" id=\"%C2%BFDonde_se_utiliza_la_valvula_de_mariposa_tipo_wafer_accionada_electricamente\"><\/span><span style=\"font-size: 22px;\">\u00bfD\u00f3nde se utiliza la v\u00e1lvula de mariposa tipo wafer accionada el\u00e9ctricamente?<\/span><span class=\"ez-toc-section-end\"><\/span><\/h2>\n<p>Las v\u00e1lvulas de mariposa tipo wafer accionadas el\u00e9ctricamente se utilizan normalmente en aplicaciones en las que se requiere un control preciso del flujo de fluido, como en procesos industriales o en el funcionamiento de centrales el\u00e9ctricas. Tambi\u00e9n se utilizan con frecuencia en aplicaciones en las que la v\u00e1lvula debe poder abrirse y cerrarse de forma r\u00e1pida y fiable, como en los sistemas de cierre de emergencia.<\/p>\n<h2><span class=\"ez-toc-section\" id=\"Ambito_de_Aplicacion\"><\/span><span style=\"font-size: 22px;\">\u00c1mbito de Aplicaci\u00f3n<\/span><span class=\"ez-toc-section-end\"><\/span><\/h2>\n<ul>\n<li>Sistemas de calefacci\u00f3n, ventilaci\u00f3n y aire acondicionado<\/li>\n<li>Sistemas de tratamiento y distribuci\u00f3n de agua<\/li>\n<li>Industria minera<\/li>\n<li>Instalaciones de perforaci\u00f3n y construcci\u00f3n naval<\/li>\n<li>Empresas alimentarias y qu\u00edmicas<\/li>\n<li>Sistemas de extinci\u00f3n de incendios<\/li>\n<li>Agua, agua de mar, polvo, gas, aguas residuales y aire<\/li>\n<\/ul>\n<h2><span class=\"ez-toc-section\" id=\"Caracteristicas_del_Producto\"><\/span><span style=\"font-size: 22px;\">Caracter\u00edsticas del Producto<\/span><span class=\"ez-toc-section-end\"><\/span><\/h2>\n<ul>\n<li><strong>Cuerpo:<\/strong> Hierro d\u00factil GGG40.3<\/li>\n<li><strong>Disco<\/strong>: Al-Br Aluminio Bronce<\/li>\n<li><strong>Eje<\/strong>: Acero Inoxidable 416<\/li>\n<li><strong>Temperatura<\/strong>: -10\u00baC \/ 110\u00baC<\/li>\n<li><strong>Junta:<\/strong> EPDM<\/li>\n<li><strong>Di\u00e1metro<\/strong>: DN25 (1\u201d) \u2013 DN300 (12\u201d)<\/li>\n<\/ul>\n","protected":false},"excerpt":{"rendered":"<p><a href=\"https:\/\/unox.com.tr\/wp-content\/uploads\/2022\/12\/ELEKTRIK-AKTUATORLU-WAFER-TIP-KELEBEK-VANA-1-1.pdf\" target=\"_blank\" rel=\"noopener\"><button style=\"background-color: #11224b; color: #ffffff; padding: 10px 15px; font-family: montserrat; font-weight: bold; font-size: 19px; border-radius: 10px;\"><img decoding=\"async\" style=\"width: 25px; height: 25px;\" src=\"https:\/\/unox.com.tr\/wp-content\/uploads\/2023\/02\/pdf-1.png\">CAT\u00c1LOGO DE PRODUCTO<\/button><\/a><\/p>\n<p><button style=\"background-color: #11224b; margin-top: 5px; color: white; padding: 0px 15px; width: 150px; height: 55px; border-radius: 10px; border: none; cursor: pointer;\"><br \/>\n<img decoding=\"async\" style=\"width: 120px; height: 30px;\" src=\"https:\/\/unox.com.tr\/wp-content\/uploads\/2023\/02\/4-1.svg\"><\/button><\/p>\n","protected":false},"featured_media":69819,"comment_status":"closed","ping_status":"closed","template":"","meta":{"_joinchat":[]},"product_brand":[],"product_cat":[470,1122,1007],"product_tag":[],"class_list":{"0":"post-36348","1":"product","2":"type-product","3":"status-publish","4":"has-post-thumbnail","6":"product_cat-valvulas-accionadas-electricamente","7":"product_cat-valvulas-actuadas","8":"product_cat-valvulas-electricas","10":"first","11":"instock","12":"shipping-taxable","13":"product-type-simple"},"_links":{"self":[{"href":"https:\/\/unox.com.tr\/es\/wp-json\/wp\/v2\/product\/36348","targetHints":{"allow":["GET"]}}],"collection":[{"href":"https:\/\/unox.com.tr\/es\/wp-json\/wp\/v2\/product"}],"about":[{"href":"https:\/\/unox.com.tr\/es\/wp-json\/wp\/v2\/types\/product"}],"replies":[{"embeddable":true,"href":"https:\/\/unox.com.tr\/es\/wp-json\/wp\/v2\/comments?post=36348"}],"version-history":[{"count":0,"href":"https:\/\/unox.com.tr\/es\/wp-json\/wp\/v2\/product\/36348\/revisions"}],"wp:featuredmedia":[{"embeddable":true,"href":"https:\/\/unox.com.tr\/es\/wp-json\/wp\/v2\/media\/69819"}],"wp:attachment":[{"href":"https:\/\/unox.com.tr\/es\/wp-json\/wp\/v2\/media?parent=36348"}],"wp:term":[{"taxonomy":"product_brand","embeddable":true,"href":"https:\/\/unox.com.tr\/es\/wp-json\/wp\/v2\/product_brand?post=36348"},{"taxonomy":"product_cat","embeddable":true,"href":"https:\/\/unox.com.tr\/es\/wp-json\/wp\/v2\/product_cat?post=36348"},{"taxonomy":"product_tag","embeddable":true,"href":"https:\/\/unox.com.tr\/es\/wp-json\/wp\/v2\/product_tag?post=36348"}],"curies":[{"name":"wp","href":"https:\/\/api.w.org\/{rel}","templated":true}]}}