{"id":36354,"date":"2020-09-17T05:55:33","date_gmt":"2020-09-17T05:55:33","guid":{"rendered":"https:\/\/www.unox.com.tr\/urun\/valvula-de-mariposa-de-u-pvc-accionada-electricamente\/"},"modified":"2023-03-02T17:41:46","modified_gmt":"2023-03-02T14:41:46","slug":"valvula-de-mariposa-de-u-pvc-accionada-electricamente","status":"publish","type":"product","link":"https:\/\/unox.com.tr\/es\/valvula-de-mariposa-de-u-pvc-accionada-electricamente\/","title":{"rendered":"V\u00e1lvula de Mariposa de U-PVC Accionada El\u00e9ctricamente"},"content":{"rendered":"<div id=\"ez-toc-container\" class=\"ez-toc-v2_0_82_2 counter-hierarchy ez-toc-counter ez-toc-grey ez-toc-container-direction\">\n<div class=\"ez-toc-title-container\">\n<p class=\"ez-toc-title\" style=\"cursor:inherit\">Sayfa \u0130\u00e7eri\u011fi<\/p>\n<span class=\"ez-toc-title-toggle\"><a href=\"#\" class=\"ez-toc-pull-right ez-toc-btn ez-toc-btn-xs ez-toc-btn-default ez-toc-toggle\" aria-label=\"Alternar tabla de contenidos\"><span class=\"ez-toc-js-icon-con\"><span class=\"\"><span class=\"eztoc-hide\" style=\"display:none;\">Toggle<\/span><span class=\"ez-toc-icon-toggle-span\"><svg style=\"fill: #999;color:#999\" xmlns=\"http:\/\/www.w3.org\/2000\/svg\" class=\"list-377408\" width=\"20px\" height=\"20px\" viewBox=\"0 0 24 24\" fill=\"none\"><path d=\"M6 6H4v2h2V6zm14 0H8v2h12V6zM4 11h2v2H4v-2zm16 0H8v2h12v-2zM4 16h2v2H4v-2zm16 0H8v2h12v-2z\" fill=\"currentColor\"><\/path><\/svg><svg style=\"fill: #999;color:#999\" class=\"arrow-unsorted-368013\" xmlns=\"http:\/\/www.w3.org\/2000\/svg\" width=\"10px\" height=\"10px\" viewBox=\"0 0 24 24\" version=\"1.2\" baseProfile=\"tiny\"><path d=\"M18.2 9.3l-6.2-6.3-6.2 6.3c-.2.2-.3.4-.3.7s.1.5.3.7c.2.2.4.3.7.3h11c.3 0 .5-.1.7-.3.2-.2.3-.5.3-.7s-.1-.5-.3-.7zM5.8 14.7l6.2 6.3 6.2-6.3c.2-.2.3-.5.3-.7s-.1-.5-.3-.7c-.2-.2-.4-.3-.7-.3h-11c-.3 0-.5.1-.7.3-.2.2-.3.5-.3.7s.1.5.3.7z\"\/><\/svg><\/span><\/span><\/span><\/a><\/span><\/div>\n<nav><ul class='ez-toc-list ez-toc-list-level-1 ' ><li class='ez-toc-page-1 ez-toc-heading-level-2'><a class=\"ez-toc-link ez-toc-heading-1\" href=\"https:\/\/unox.com.tr\/es\/valvula-de-mariposa-de-u-pvc-accionada-electricamente\/#%C2%BFQue_es_la_valvula_de_mariposa_de_U-PVC_accionada_electricamente\" >\u00bfQu\u00e9 es la v\u00e1lvula de mariposa de U-PVC accionada el\u00e9ctricamente?<\/a><\/li><li class='ez-toc-page-1 ez-toc-heading-level-2'><a class=\"ez-toc-link ez-toc-heading-2\" href=\"https:\/\/unox.com.tr\/es\/valvula-de-mariposa-de-u-pvc-accionada-electricamente\/#%C2%BFDonde_se_utiliza_la_valvula_de_mariposa_de_U-PVC_accionada_electricamente\" >\u00bfD\u00f3nde se utiliza la v\u00e1lvula de mariposa de U-PVC accionada el\u00e9ctricamente?<\/a><ul class='ez-toc-list-level-3' ><li class='ez-toc-heading-level-3'><a class=\"ez-toc-link ez-toc-heading-3\" href=\"https:\/\/unox.com.tr\/es\/valvula-de-mariposa-de-u-pvc-accionada-electricamente\/#Las_caracteristicas_generales_del_polietileno_son_las_siguientes\" >Las caracter\u00edsticas generales del polietileno son las siguientes:<\/a><\/li><\/ul><\/li><\/ul><\/nav><\/div>\n<h2><span class=\"ez-toc-section\" id=\"%C2%BFQue_es_la_valvula_de_mariposa_de_U-PVC_accionada_electricamente\"><\/span><span style=\"font-size: 22px;\">\u00bfQu\u00e9 es la v\u00e1lvula de mariposa de U-PVC accionada el\u00e9ctricamente?<\/span><span class=\"ez-toc-section-end\"><\/span><\/h2>\n<p>La v\u00e1lvula de mariposa U-PVC accionada el\u00e9ctricamente es un tipo de v\u00e1lvula de mariposa dise\u00f1ada para controlar el flujo de l\u00edquidos o gases a trav\u00e9s de un sistema de tuber\u00edas. Consiste en un elemento circular en forma de disco que gira alrededor de un eje central y est\u00e1 montado en un cuerpo cil\u00edndrico. El disco est\u00e1 conectado a un actuador con un motor el\u00e9ctrico que gira el disco para abrir o cerrar la v\u00e1lvula.<\/p>\n<p>U-PVC significa cloruro de polivinilo no plastificado, un tipo de pl\u00e1stico com\u00fanmente utilizado en la construcci\u00f3n de v\u00e1lvulas y sistemas de tuber\u00edas. El U-PVC es resistente a la corrosi\u00f3n, tiene baja conductividad t\u00e9rmica y es relativamente econ\u00f3mico, lo que lo convierte en una opci\u00f3n popular para su uso en plantas de tratamiento de agua y aguas residuales, as\u00ed como en aplicaciones industriales y agr\u00edcolas.<\/p>\n<h2><span class=\"ez-toc-section\" id=\"%C2%BFDonde_se_utiliza_la_valvula_de_mariposa_de_U-PVC_accionada_electricamente\"><\/span><span style=\"font-size: 22px;\">\u00bfD\u00f3nde se utiliza la v\u00e1lvula de mariposa de U-PVC accionada el\u00e9ctricamente?<\/span><span class=\"ez-toc-section-end\"><\/span><\/h2>\n<p>Las v\u00e1lvulas de mariposa de U-PVC accionadas el\u00e9ctricamente se pueden usar en una variedad de aplicaciones industriales y comerciales, que incluyen:<\/p>\n<ul>\n<li>Plantas de tratamiento de agua y aguas residuales: Las v\u00e1lvulas de mariposa se utilizan para controlar el flujo de agua, aguas residuales y otros l\u00edquidos en los procesos de tratamiento.<\/li>\n<li>Procesamiento qu\u00edmico: Las v\u00e1lvulas de mariposa se utilizan para controlar el flujo de productos qu\u00edmicos y otros materiales peligrosos en las plantas de procesamiento.<\/li>\n<li>Procesamiento de alimentos y bebidas: las v\u00e1lvulas de mariposa se utilizan para controlar el flujo de l\u00edquidos y gases en las plantas de procesamiento de alimentos y bebidas, incluidas las cervecer\u00edas, las bodegas y las lecher\u00edas.<\/li>\n<li>HVAC (calefacci\u00f3n, ventilaci\u00f3n y aire acondicionado): Las v\u00e1lvulas de mariposa se utilizan en los sistemas HVAC para controlar el flujo de aire y otros gases.<\/li>\n<li>Petr\u00f3leo y gas: Las v\u00e1lvulas de mariposa se utilizan en la producci\u00f3n, procesamiento y transporte de petr\u00f3leo y gas.<\/li>\n<li>Generaci\u00f3n de energ\u00eda: Las v\u00e1lvulas de mariposa se utilizan en centrales el\u00e9ctricas para controlar el flujo de vapor, agua y otros l\u00edquidos.<\/li>\n<li>Productos farmac\u00e9uticos: las v\u00e1lvulas de mariposa se utilizan en la fabricaci\u00f3n y procesamiento de medicamentos para controlar el flujo de l\u00edquidos y gases.<\/li>\n<li>Marina: Las v\u00e1lvulas de mariposa se utilizan en aplicaciones marinas para controlar el flujo de l\u00edquidos y gases en barcos y plataformas marinas.<\/li>\n<li>Agricultura: Las v\u00e1lvulas de mariposa se utilizan para controlar el flujo de agua y otros l\u00edquidos en los sistemas de riego y otras aplicaciones agr\u00edcolas.<\/li>\n<li>Miner\u00eda: En las operaciones mineras, las v\u00e1lvulas de mariposa se utilizan para controlar el flujo de l\u00edquido y gas en las tuber\u00edas.<\/li>\n<li>Las v\u00e1lvulas de mariposa de U-PVC accionadas el\u00e9ctricamente son preferibles a las v\u00e1lvulas de mariposa manuales cuando se requiere un control de flujo preciso o la v\u00e1lvula debe operarse de forma remota. Tambi\u00e9n son \u00fatiles en aplicaciones donde la v\u00e1lvula debe abrirse y cerrarse r\u00e1pidamente, como en situaciones de parada de emergencia.<\/li>\n<\/ul>\n<p>Son preferibles a las v\u00e1lvulas de mariposa manuales cuando se requiere un control de flujo preciso o la v\u00e1lvula debe operarse de forma remota. Las v\u00e1lvulas de mariposa accionadas el\u00e9ctricamente tambi\u00e9n son \u00fatiles en aplicaciones donde la v\u00e1lvula debe abrirse y cerrarse r\u00e1pidamente, como en situaciones de parada de emergencia.<\/p>\n<h3><span class=\"ez-toc-section\" id=\"Las_caracteristicas_generales_del_polietileno_son_las_siguientes\"><\/span><span style=\"font-size: 18px;\">Las caracter\u00edsticas generales del polietileno son las siguientes:<\/span><span class=\"ez-toc-section-end\"><\/span><\/h3>\n<ul>\n<li>Es Solido<\/li>\n<li>Resistente a \u00e1cidos, bases y disolventes.<\/li>\n<li>Las propiedades diel\u00e9ctricas son superiores.<\/li>\n<li>Es resistente a las condiciones ambientales.<\/li>\n<\/ul>\n","protected":false},"excerpt":{"rendered":"<p><a href=\"https:\/\/unox.com.tr\/wp-content\/uploads\/2022\/12\/ELEKTRIK-AKTUATORLU-U-PVC-KELEBEK-VANA-.pdf\" target=\"_blank\" rel=\"noopener\"><button style=\"background-color: #11224b; color: #ffffff; padding: 10px 15px; font-family: montserrat; font-weight: bold; font-size: 19px; border-radius: 10px;\"><img decoding=\"async\" style=\"width: 25px; height: 25px;\" src=\"https:\/\/unox.com.tr\/wp-content\/uploads\/2023\/02\/pdf-1.png\">CAT\u00c1LOGO DE PRODUCTO<\/button><\/a><\/p>\n<p><button style=\"background-color: #11224b; margin-top: 5px; color: white; padding: 0px 15px; width: 150px; height: 55px; border-radius: 10px; border: none; cursor: pointer;\"><br \/>\n<img decoding=\"async\" style=\"width: 120px; height: 30px;\" src=\"https:\/\/unox.com.tr\/wp-content\/uploads\/2023\/02\/4-1.svg\"><\/button><\/p>\n","protected":false},"featured_media":69959,"comment_status":"closed","ping_status":"closed","template":"","meta":[],"product_brand":[],"product_cat":[470,1122,1007],"product_tag":[],"class_list":{"0":"post-36354","1":"product","2":"type-product","3":"status-publish","4":"has-post-thumbnail","6":"product_cat-valvulas-accionadas-electricamente","7":"product_cat-valvulas-actuadas","8":"product_cat-valvulas-electricas","10":"first","11":"instock","12":"shipping-taxable","13":"product-type-simple"},"_links":{"self":[{"href":"https:\/\/unox.com.tr\/es\/wp-json\/wp\/v2\/product\/36354","targetHints":{"allow":["GET"]}}],"collection":[{"href":"https:\/\/unox.com.tr\/es\/wp-json\/wp\/v2\/product"}],"about":[{"href":"https:\/\/unox.com.tr\/es\/wp-json\/wp\/v2\/types\/product"}],"replies":[{"embeddable":true,"href":"https:\/\/unox.com.tr\/es\/wp-json\/wp\/v2\/comments?post=36354"}],"version-history":[{"count":0,"href":"https:\/\/unox.com.tr\/es\/wp-json\/wp\/v2\/product\/36354\/revisions"}],"wp:featuredmedia":[{"embeddable":true,"href":"https:\/\/unox.com.tr\/es\/wp-json\/wp\/v2\/media\/69959"}],"wp:attachment":[{"href":"https:\/\/unox.com.tr\/es\/wp-json\/wp\/v2\/media?parent=36354"}],"wp:term":[{"taxonomy":"product_brand","embeddable":true,"href":"https:\/\/unox.com.tr\/es\/wp-json\/wp\/v2\/product_brand?post=36354"},{"taxonomy":"product_cat","embeddable":true,"href":"https:\/\/unox.com.tr\/es\/wp-json\/wp\/v2\/product_cat?post=36354"},{"taxonomy":"product_tag","embeddable":true,"href":"https:\/\/unox.com.tr\/es\/wp-json\/wp\/v2\/product_tag?post=36354"}],"curies":[{"name":"wp","href":"https:\/\/api.w.org\/{rel}","templated":true}]}}