{"id":36365,"date":"2020-09-17T05:43:57","date_gmt":"2020-09-17T05:43:57","guid":{"rendered":"https:\/\/www.unox.com.tr\/urun\/valvula-de-bola-roscada-accionada-electricamente\/"},"modified":"2023-03-23T11:32:00","modified_gmt":"2023-03-23T08:32:00","slug":"valvula-de-bola-de-engranaje-accionada-electricamente","status":"publish","type":"product","link":"https:\/\/unox.com.tr\/es\/valvula-de-bola-de-engranaje-accionada-electricamente\/","title":{"rendered":"V\u00e1lvula de Bola Roscada Accionada El\u00e9ctricamente"},"content":{"rendered":"<div id=\"ez-toc-container\" class=\"ez-toc-v2_0_82_2 counter-hierarchy ez-toc-counter ez-toc-grey ez-toc-container-direction\">\n<div class=\"ez-toc-title-container\">\n<p class=\"ez-toc-title\" style=\"cursor:inherit\">Sayfa \u0130\u00e7eri\u011fi<\/p>\n<span class=\"ez-toc-title-toggle\"><a href=\"#\" class=\"ez-toc-pull-right ez-toc-btn ez-toc-btn-xs ez-toc-btn-default ez-toc-toggle\" aria-label=\"Alternar tabla de contenidos\"><span class=\"ez-toc-js-icon-con\"><span class=\"\"><span class=\"eztoc-hide\" style=\"display:none;\">Toggle<\/span><span class=\"ez-toc-icon-toggle-span\"><svg style=\"fill: #999;color:#999\" xmlns=\"http:\/\/www.w3.org\/2000\/svg\" class=\"list-377408\" width=\"20px\" height=\"20px\" viewBox=\"0 0 24 24\" fill=\"none\"><path d=\"M6 6H4v2h2V6zm14 0H8v2h12V6zM4 11h2v2H4v-2zm16 0H8v2h12v-2zM4 16h2v2H4v-2zm16 0H8v2h12v-2z\" fill=\"currentColor\"><\/path><\/svg><svg style=\"fill: #999;color:#999\" class=\"arrow-unsorted-368013\" xmlns=\"http:\/\/www.w3.org\/2000\/svg\" width=\"10px\" height=\"10px\" viewBox=\"0 0 24 24\" version=\"1.2\" baseProfile=\"tiny\"><path d=\"M18.2 9.3l-6.2-6.3-6.2 6.3c-.2.2-.3.4-.3.7s.1.5.3.7c.2.2.4.3.7.3h11c.3 0 .5-.1.7-.3.2-.2.3-.5.3-.7s-.1-.5-.3-.7zM5.8 14.7l6.2 6.3 6.2-6.3c.2-.2.3-.5.3-.7s-.1-.5-.3-.7c-.2-.2-.4-.3-.7-.3h-11c-.3 0-.5.1-.7.3-.2.2-.3.5-.3.7s.1.5.3.7z\"\/><\/svg><\/span><\/span><\/span><\/a><\/span><\/div>\n<nav><ul class='ez-toc-list ez-toc-list-level-1 ' ><li class='ez-toc-page-1 ez-toc-heading-level-2'><a class=\"ez-toc-link ez-toc-heading-1\" href=\"https:\/\/unox.com.tr\/es\/valvula-de-bola-de-engranaje-accionada-electricamente\/#%C2%BFQue_es_la_valvula_de_bola_roscada_accionada_electricamente\" >\u00bfQu\u00e9 es la v\u00e1lvula de bola roscada accionada el\u00e9ctricamente?<\/a><\/li><li class='ez-toc-page-1 ez-toc-heading-level-2'><a class=\"ez-toc-link ez-toc-heading-2\" href=\"https:\/\/unox.com.tr\/es\/valvula-de-bola-de-engranaje-accionada-electricamente\/#%C2%BFDonde_se_Utiliza_la_Valvula_de_Bola_Roscada_Accionada_Electricamente\" >\u00bfD\u00f3nde se Utiliza la V\u00e1lvula de Bola Roscada Accionada El\u00e9ctricamente?<\/a><\/li><li class='ez-toc-page-1 ez-toc-heading-level-2'><a class=\"ez-toc-link ez-toc-heading-3\" href=\"https:\/\/unox.com.tr\/es\/valvula-de-bola-de-engranaje-accionada-electricamente\/#Caracteristicas_del_Producto\" >Caracter\u00edsticas del Producto<\/a><\/li><\/ul><\/nav><\/div>\n<h2 class=\"serp-title\" data-format=\"%title% %sep% %sitename%\" data-empty-title=\"\u00d6zel ba\u015fl\u0131k girmek i\u00e7in t\u0131klay\u0131n\"><span class=\"ez-toc-section\" id=\"%C2%BFQue_es_la_valvula_de_bola_roscada_accionada_electricamente\"><\/span><span style=\"font-size: 22px;\">\u00bfQu\u00e9 es la v\u00e1lvula de bola roscada accionada el\u00e9ctricamente?<\/span><span class=\"ez-toc-section-end\"><\/span><\/h2>\n<p>Una v\u00e1lvula de bola roscada accionada el\u00e9ctricamente es un tipo de v\u00e1lvula controlada por un motor el\u00e9ctrico y utilizada para regular el flujo de fluido a trav\u00e9s de un sistema de tuber\u00edas. Consiste en una bola con un agujero en el medio colocada dentro del cuerpo de la v\u00e1lvula. El fluido puede fluir a trav\u00e9s de la v\u00e1lvula cuando se gira la bola para que el orificio se alinee con los puertos de entrada y salida. Cuando se gira la bola de modo que el orificio quede perpendicular a los puertos de entrada y salida, se bloquea el flujo de fluido.<\/p>\n<p>La v\u00e1lvula de bola es accionada o controlada por un motor el\u00e9ctrico. El motor est\u00e1 conectado a un sistema de engranajes que gira la bola a la posici\u00f3n deseada. La v\u00e1lvula se puede abrir o cerrar enviando una se\u00f1al el\u00e9ctrica al motor, el motor luego devuelve la bola a la posici\u00f3n adecuada.<\/p>\n<h2 class=\"serp-title\" data-format=\"%title% %sep% %sitename%\" data-empty-title=\"\u00d6zel ba\u015fl\u0131k girmek i\u00e7in t\u0131klay\u0131n\"><span class=\"ez-toc-section\" id=\"%C2%BFDonde_se_Utiliza_la_Valvula_de_Bola_Roscada_Accionada_Electricamente\"><\/span><span style=\"font-size: 22px;\">\u00bfD\u00f3nde se Utiliza la V\u00e1lvula de Bola Roscada Accionada El\u00e9ctricamente?<\/span><span class=\"ez-toc-section-end\"><\/span><\/h2>\n<p>Las v\u00e1lvulas de bola roscadas accionadas el\u00e9ctricamente se utilizan en una amplia variedad de aplicaciones industriales y comerciales donde se requiere un control preciso del flujo de fluidos. Algunos ejemplos de la industria y el sistema donde se pueden usar incluyen:<\/p>\n<ul>\n<li>A menudo se usa en la industria del petr\u00f3leo y el gas para controlar el flujo de l\u00edquidos a trav\u00e9s de las tuber\u00edas. Son particularmente \u00fatiles para aplicaciones con alta presi\u00f3n y fluctuaciones de temperatura.<\/li>\n<li>Plantas de tratamiento de agua: estas v\u00e1lvulas se utilizan para controlar el flujo de agua en las plantas de tratamiento, incluida la regulaci\u00f3n del flujo de agua que entra y sale de los tanques y dep\u00f3sitos.<\/li>\n<li>Se utiliza en plantas de procesamiento de productos qu\u00edmicos para controlar el flujo de productos qu\u00edmicos y otros l\u00edquidos a trav\u00e9s de las tuber\u00edas. Pueden manejar una amplia variedad de l\u00edquidos, incluidos \u00e1cidos, bases y materiales corrosivos.<\/li>\n<li>Se utiliza en centrales el\u00e9ctricas para controlar el flujo de vapor y otros l\u00edquidos a trav\u00e9s de tuber\u00edas y v\u00e1lvulas.<\/li>\n<li>Se utiliza en la industria de alimentos y bebidas para controlar el flujo de l\u00edquidos como agua, leche y otras bebidas. Se utilizan en aplicaciones donde la limpieza y la higiene son importantes, como los procesos de embotellado y enlatado.<\/li>\n<\/ul>\n<p>En general, las v\u00e1lvulas de bola roscadas accionadas el\u00e9ctricamente se utilizan en una amplia variedad de industrias y aplicaciones donde se requiere un control preciso del flujo de fluidos. Son duraderos, confiables y f\u00e1ciles de mantener, lo que los convierte en una opci\u00f3n popular para muchos sistemas industriales y comerciales. Ofrecen una serie de beneficios, incluida la baja ca\u00edda de presi\u00f3n, la facilidad de mantenimiento y la capacidad de manejar una amplia variedad de fluidos.<\/p>\n<h2><span class=\"ez-toc-section\" id=\"Caracteristicas_del_Producto\"><\/span><span style=\"font-size: 22px;\">Caracter\u00edsticas del Producto<\/span><span class=\"ez-toc-section-end\"><\/span><\/h2>\n<ul>\n<li><strong>Cuerpo:<\/strong> Inoxidable AISI 304<\/li>\n<li><strong>Clase de protecci\u00f3n:<\/strong> IP 68<\/li>\n<li><strong>Tiempo de movimiento:<\/strong> 8\/10 seg.<\/li>\n<li><strong>Temperatura Ambiente:<\/strong> -10 +80\u00b0C<\/li>\n<li><strong>Conexi\u00f3n El\u00e9ctrica:<\/strong> 1\/2&#8243; A Prueba de Agua<\/li>\n<li><strong>Conexi\u00f3n:<\/strong> ISO 5211<\/li>\n<\/ul>\n","protected":false},"excerpt":{"rendered":"<p><a href=\"https:\/\/unox.com.tr\/wp-content\/uploads\/2022\/12\/ELEKTRIK-AKTUATORLU-DISLI-KURESEL-VANA.pdf\" target=\"_blank\" rel=\"noopener\"><button style=\"background-color: #11224b; color: #ffffff; padding: 10px 15px; font-family: montserrat; font-weight: bold; font-size: 19px; border-radius: 10px;\"><img decoding=\"async\" style=\"width: 25px; height: 25px;\" src=\"https:\/\/unox.com.tr\/wp-content\/uploads\/2023\/02\/pdf-1.png\">CAT\u00c1LOGO DE PRODUCTO<\/button><\/a><\/p>\n<p><button style=\"background-color: #11224b; margin-top: 5px; color: white; padding: 0px 15px; width: 150px; height: 55px; border-radius: 10px; border: none; cursor: pointer;\"><br \/>\n<img decoding=\"async\" style=\"width: 120px; height: 30px;\" src=\"https:\/\/unox.com.tr\/wp-content\/uploads\/2023\/02\/4-1.svg\"><\/button><\/p>\n","protected":false},"featured_media":69132,"comment_status":"closed","ping_status":"closed","template":"","meta":{"_joinchat":[]},"product_brand":[],"product_cat":[470,1122,1007],"product_tag":[],"class_list":{"0":"post-36365","1":"product","2":"type-product","3":"status-publish","4":"has-post-thumbnail","6":"product_cat-valvulas-accionadas-electricamente","7":"product_cat-valvulas-actuadas","8":"product_cat-valvulas-electricas","10":"first","11":"instock","12":"shipping-taxable","13":"product-type-simple"},"_links":{"self":[{"href":"https:\/\/unox.com.tr\/es\/wp-json\/wp\/v2\/product\/36365","targetHints":{"allow":["GET"]}}],"collection":[{"href":"https:\/\/unox.com.tr\/es\/wp-json\/wp\/v2\/product"}],"about":[{"href":"https:\/\/unox.com.tr\/es\/wp-json\/wp\/v2\/types\/product"}],"replies":[{"embeddable":true,"href":"https:\/\/unox.com.tr\/es\/wp-json\/wp\/v2\/comments?post=36365"}],"version-history":[{"count":0,"href":"https:\/\/unox.com.tr\/es\/wp-json\/wp\/v2\/product\/36365\/revisions"}],"wp:featuredmedia":[{"embeddable":true,"href":"https:\/\/unox.com.tr\/es\/wp-json\/wp\/v2\/media\/69132"}],"wp:attachment":[{"href":"https:\/\/unox.com.tr\/es\/wp-json\/wp\/v2\/media?parent=36365"}],"wp:term":[{"taxonomy":"product_brand","embeddable":true,"href":"https:\/\/unox.com.tr\/es\/wp-json\/wp\/v2\/product_brand?post=36365"},{"taxonomy":"product_cat","embeddable":true,"href":"https:\/\/unox.com.tr\/es\/wp-json\/wp\/v2\/product_cat?post=36365"},{"taxonomy":"product_tag","embeddable":true,"href":"https:\/\/unox.com.tr\/es\/wp-json\/wp\/v2\/product_tag?post=36365"}],"curies":[{"name":"wp","href":"https:\/\/api.w.org\/{rel}","templated":true}]}}