{"id":36435,"date":"2021-08-09T11:37:22","date_gmt":"2021-08-09T08:37:22","guid":{"rendered":"https:\/\/www.unox.com.tr\/urun\/actuador-electrico-a-prueba-de-explosiones\/"},"modified":"2023-05-12T09:30:54","modified_gmt":"2023-05-12T06:30:54","slug":"actuador-electrico-a-prueba-de-explosiones","status":"publish","type":"product","link":"https:\/\/unox.com.tr\/es\/actuador-electrico-a-prueba-de-explosiones\/","title":{"rendered":"Actuador El\u00e9ctrico a Prueba de Explosiones"},"content":{"rendered":"<div id=\"ez-toc-container\" class=\"ez-toc-v2_0_82_2 counter-hierarchy ez-toc-counter ez-toc-grey ez-toc-container-direction\">\n<div class=\"ez-toc-title-container\">\n<p class=\"ez-toc-title\" style=\"cursor:inherit\">Sayfa \u0130\u00e7eri\u011fi<\/p>\n<span class=\"ez-toc-title-toggle\"><a href=\"#\" class=\"ez-toc-pull-right ez-toc-btn ez-toc-btn-xs ez-toc-btn-default ez-toc-toggle\" aria-label=\"Alternar tabla de contenidos\"><span class=\"ez-toc-js-icon-con\"><span class=\"\"><span class=\"eztoc-hide\" style=\"display:none;\">Toggle<\/span><span class=\"ez-toc-icon-toggle-span\"><svg style=\"fill: #999;color:#999\" xmlns=\"http:\/\/www.w3.org\/2000\/svg\" class=\"list-377408\" width=\"20px\" height=\"20px\" viewBox=\"0 0 24 24\" fill=\"none\"><path d=\"M6 6H4v2h2V6zm14 0H8v2h12V6zM4 11h2v2H4v-2zm16 0H8v2h12v-2zM4 16h2v2H4v-2zm16 0H8v2h12v-2z\" fill=\"currentColor\"><\/path><\/svg><svg style=\"fill: #999;color:#999\" class=\"arrow-unsorted-368013\" xmlns=\"http:\/\/www.w3.org\/2000\/svg\" width=\"10px\" height=\"10px\" viewBox=\"0 0 24 24\" version=\"1.2\" baseProfile=\"tiny\"><path d=\"M18.2 9.3l-6.2-6.3-6.2 6.3c-.2.2-.3.4-.3.7s.1.5.3.7c.2.2.4.3.7.3h11c.3 0 .5-.1.7-.3.2-.2.3-.5.3-.7s-.1-.5-.3-.7zM5.8 14.7l6.2 6.3 6.2-6.3c.2-.2.3-.5.3-.7s-.1-.5-.3-.7c-.2-.2-.4-.3-.7-.3h-11c-.3 0-.5.1-.7.3-.2.2-.3.5-.3.7s.1.5.3.7z\"\/><\/svg><\/span><\/span><\/span><\/a><\/span><\/div>\n<nav><ul class='ez-toc-list ez-toc-list-level-1 ' ><li class='ez-toc-page-1 ez-toc-heading-level-2'><a class=\"ez-toc-link ez-toc-heading-1\" href=\"https:\/\/unox.com.tr\/es\/actuador-electrico-a-prueba-de-explosiones\/#%C2%BFQue_es_el_actuador_electrico_a_prueba_de_explosiones\" >\u00bfQu\u00e9 es el actuador el\u00e9ctrico a prueba de explosiones?<\/a><\/li><li class='ez-toc-page-1 ez-toc-heading-level-2'><a class=\"ez-toc-link ez-toc-heading-2\" href=\"https:\/\/unox.com.tr\/es\/actuador-electrico-a-prueba-de-explosiones\/#%C2%BFDonde_se_utiliza_el_actuador_electrico_a_prueba_de_explosiones\" >\u00bfD\u00f3nde se utiliza el actuador el\u00e9ctrico a prueba de explosiones?<\/a><\/li><li class='ez-toc-page-1 ez-toc-heading-level-2'><a class=\"ez-toc-link ez-toc-heading-3\" href=\"https:\/\/unox.com.tr\/es\/actuador-electrico-a-prueba-de-explosiones\/#Estructura_General\" >Estructura General<\/a><\/li><li class='ez-toc-page-1 ez-toc-heading-level-2'><a class=\"ez-toc-link ez-toc-heading-4\" href=\"https:\/\/unox.com.tr\/es\/actuador-electrico-a-prueba-de-explosiones\/#Ajuste_de_Par\" >Ajuste de Par<\/a><\/li><li class='ez-toc-page-1 ez-toc-heading-level-2'><a class=\"ez-toc-link ez-toc-heading-5\" href=\"https:\/\/unox.com.tr\/es\/actuador-electrico-a-prueba-de-explosiones\/#Caracteristicas_del_Producto\" >Caracter\u00edsticas del Producto<\/a><\/li><\/ul><\/nav><\/div>\n<h2><span class=\"ez-toc-section\" id=\"%C2%BFQue_es_el_actuador_electrico_a_prueba_de_explosiones\"><\/span><span style=\"font-size: 22px;\">\u00bfQu\u00e9 es el actuador el\u00e9ctrico a prueba de explosiones?<\/span><span class=\"ez-toc-section-end\"><\/span><\/h2>\n<p>El actuador el\u00e9ctrico a prueba de explosiones es un tipo de actuador el\u00e9ctrico dise\u00f1ado para su uso en atm\u00f3sferas potencialmente explosivas. Est\u00e1 especialmente dise\u00f1ado para evitar la ignici\u00f3n de gases, vapores o polvos inflamables que puedan estar presentes en el ambiente.<\/p>\n<p>Los actuadores el\u00e9ctricos a prueba de explosi\u00f3n est\u00e1n equipados con caracter\u00edsticas especiales para reducir el riesgo de ignici\u00f3n, como gabinetes a prueba de explosiones, motores a prueba de llamas e interruptores a prueba de chispas. Tambi\u00e9n ha sido dise\u00f1ado para cumplir con estrictos est\u00e1ndares de seguridad como ATEX e IECEx, que establecen pautas para el uso de equipos el\u00e9ctricos en atm\u00f3sferas explosivas.<\/p>\n<p>En general, los actuadores el\u00e9ctricos a prueba de explosiones son un componente fundamental de muchos sistemas industriales, ya que ayudan a garantizar la seguridad de los trabajadores y los equipos en entornos potencialmente peligrosos.<\/p>\n<h2><span class=\"ez-toc-section\" id=\"%C2%BFDonde_se_utiliza_el_actuador_electrico_a_prueba_de_explosiones\"><\/span><span style=\"font-size: 22px;\">\u00bfD\u00f3nde se utiliza el actuador el\u00e9ctrico a prueba de explosiones?<\/span><span class=\"ez-toc-section-end\"><\/span><\/h2>\n<p>Los actuadores el\u00e9ctricos a prueba de explosiones se utilizan ampliamente en industrias como la del petr\u00f3leo y el gas, el procesamiento qu\u00edmico y la producci\u00f3n farmac\u00e9utica, donde existe riesgo de explosi\u00f3n debido a la presencia de materiales inflamables. Tambi\u00e9n se utilizan en minas subterr\u00e1neas y otros lugares donde el riesgo de explosi\u00f3n es alto.<\/p>\n<p>Actuadores el\u00e9ctricos a prueba de explosiones; Hay dos tipos, 24 V CC, 220 V CA.<\/p>\n<h2><span class=\"ez-toc-section\" id=\"Estructura_General\"><\/span><span style=\"font-size: 22px;\">Estructura General<\/span><span class=\"ez-toc-section-end\"><\/span><\/h2>\n<p>Actuadores el\u00e9ctricos; Consta de motor trif\u00e1sico, regulador de velocidad, control de par, indicador de apertura de control de carrera, interruptores el\u00e9ctricos manuales, reductor manual y partes el\u00e9ctricas.<\/p>\n<h2><span class=\"ez-toc-section\" id=\"Ajuste_de_Par\"><\/span><span style=\"font-size: 22px;\">Ajuste de Par<\/span><span class=\"ez-toc-section-end\"><\/span><\/h2>\n<p>El actuador contiene un mecanismo de torsi\u00f3n ajustable mec\u00e1nicamente. Los ajustes de control de par necesarios se han realizado en f\u00e1brica. Sin embargo, si a\u00fan se necesita un ajuste, se puede hacer mec\u00e1nicamente.<\/p>\n<p>\u00c1reas de aplicaci\u00f3n de actuadores el\u00e9ctricos a prueba de explosiones; Se puede aplicar a tipos de v\u00e1lvulas, incluidas v\u00e1lvulas de bola, de mariposa y todos los movimientos giratorios.<\/p>\n<h2><span class=\"ez-toc-section\" id=\"Caracteristicas_del_Producto\"><\/span><span style=\"font-size: 22px;\">Caracter\u00edsticas del Producto<\/span><span class=\"ez-toc-section-end\"><\/span><\/h2>\n<ul>\n<li><strong>Clase de protecci\u00f3n:<\/strong> IP 68<\/li>\n<li><strong>Tiempo de movimiento:<\/strong> 8\/10 seg.<\/li>\n<li><strong>Temperatura Ambiente:<\/strong> -10 +80\u00b0C<\/li>\n<li><strong>Conexi\u00f3n El\u00e9ctrica:<\/strong> 1\/2&#8243; A Prueba de Agua<\/li>\n<li><strong>Conexi\u00f3n:<\/strong> ISO 5211<\/li>\n<\/ul>\n<p>Nuestra gama de Actuadores El\u00e9ctricos UNOX; V\u00e1lvula de mariposa accionada, v\u00e1lvula de bola accionada y v\u00e1lvula de accionamiento el\u00e9ctrico lineal, miniv\u00e1lvulas de bola accionadas el\u00e9ctricamente.<\/p>\n","protected":false},"excerpt":{"rendered":"<p><a href=\"https:\/\/unox.com.tr\/wp-content\/uploads\/2023\/05\/e-ukst-serisi-unox-ex-proof-elektrikli-aktuator.pdf\" target=\"_blank\" rel=\"noopener\"><button style=\"background-color: #11224b; color: #ffffff; padding: 10px 15px; font-family: montserrat; font-weight: bold; font-size: 19px; border-radius: 10px;\"><img decoding=\"async\" style=\"width: 25px; height: 25px;\" src=\"https:\/\/unox.com.tr\/wp-content\/uploads\/2023\/02\/pdf-1.png\">CAT\u00c1LOGO DE PRODUCTO<\/button><\/a><\/p>\n<p><button style=\"background-color: #11224b; margin-top: 5px; color: white; padding: 0px 15px; width: 150px; height: 55px; border-radius: 10px; border: none; cursor: pointer;\"><br \/>\n<img decoding=\"async\" style=\"width: 120px; height: 30px;\" src=\"https:\/\/unox.com.tr\/wp-content\/uploads\/2023\/02\/4-1.svg\"><\/button><\/p>\n","protected":false},"featured_media":26123,"comment_status":"open","ping_status":"closed","template":"","meta":{"_joinchat":[]},"product_brand":[],"product_cat":[1551,473],"product_tag":[],"class_list":{"0":"post-36435","1":"product","2":"type-product","3":"status-publish","4":"has-post-thumbnail","6":"product_cat-actuadores","7":"product_cat-actuadores-electricos","9":"first","10":"instock","11":"shipping-taxable","12":"product-type-simple"},"_links":{"self":[{"href":"https:\/\/unox.com.tr\/es\/wp-json\/wp\/v2\/product\/36435","targetHints":{"allow":["GET"]}}],"collection":[{"href":"https:\/\/unox.com.tr\/es\/wp-json\/wp\/v2\/product"}],"about":[{"href":"https:\/\/unox.com.tr\/es\/wp-json\/wp\/v2\/types\/product"}],"replies":[{"embeddable":true,"href":"https:\/\/unox.com.tr\/es\/wp-json\/wp\/v2\/comments?post=36435"}],"version-history":[{"count":0,"href":"https:\/\/unox.com.tr\/es\/wp-json\/wp\/v2\/product\/36435\/revisions"}],"wp:featuredmedia":[{"embeddable":true,"href":"https:\/\/unox.com.tr\/es\/wp-json\/wp\/v2\/media\/26123"}],"wp:attachment":[{"href":"https:\/\/unox.com.tr\/es\/wp-json\/wp\/v2\/media?parent=36435"}],"wp:term":[{"taxonomy":"product_brand","embeddable":true,"href":"https:\/\/unox.com.tr\/es\/wp-json\/wp\/v2\/product_brand?post=36435"},{"taxonomy":"product_cat","embeddable":true,"href":"https:\/\/unox.com.tr\/es\/wp-json\/wp\/v2\/product_cat?post=36435"},{"taxonomy":"product_tag","embeddable":true,"href":"https:\/\/unox.com.tr\/es\/wp-json\/wp\/v2\/product_tag?post=36435"}],"curies":[{"name":"wp","href":"https:\/\/api.w.org\/{rel}","templated":true}]}}