{"id":36446,"date":"2021-03-12T12:58:38","date_gmt":"2021-03-12T12:58:38","guid":{"rendered":"https:\/\/www.unox.com.tr\/urun\/actuadores-electricos-de-30-nm\/"},"modified":"2026-03-02T11:43:40","modified_gmt":"2026-03-02T08:43:40","slug":"actuadores-electricos-de-30-nm","status":"publish","type":"product","link":"https:\/\/unox.com.tr\/es\/actuadores-electricos-de-30-nm\/","title":{"rendered":"Actuadores El\u00e9ctricos de 30 Nm"},"content":{"rendered":"<p class=\"p1\">Los actuadores el\u00e9ctricos de 30 Nm est\u00e1n dise\u00f1ados para proporcionar movimiento mec\u00e1nico mediante se\u00f1al el\u00e9ctrica en sistemas con bajos requerimientos de par. En estos actuadores se suministra un par de 30 Newton metro, permitiendo el movimiento controlado de v\u00e1lvulas, compuertas o mecanismos rotativos. Estos dispositivos, accionados por un motor el\u00e9ctrico, permiten la gesti\u00f3n precisa tanto de movimientos lineales como rotativos.  <\/p>\n<p class=\"p1\">En este tipo de actuadores, la energ\u00eda generada por el motor se transmite directamente mediante un sistema de engranajes. De este modo, las operaciones de apertura y cierre se realizan de forma fiable y estable.<br \/>Los modelos de actuadores el\u00e9ctricos de 30 Nm se encuentran entre las opciones ideales, especialmente para su uso en espacios compactos y en sistemas con bajos requerimientos de par. Adem\u00e1s, estos dispositivos pueden operar de forma integrada como parte de sistemas de automatizaci\u00f3n, permitiendo el control remoto o el funcionamiento mediante temporizadores.   <\/p>\n<div id=\"ez-toc-container\" class=\"ez-toc-v2_0_82_2 counter-hierarchy ez-toc-counter ez-toc-grey ez-toc-container-direction\">\n<div class=\"ez-toc-title-container\">\n<p class=\"ez-toc-title\" style=\"cursor:inherit\">Sayfa \u0130\u00e7eri\u011fi<\/p>\n<span class=\"ez-toc-title-toggle\"><a href=\"#\" class=\"ez-toc-pull-right ez-toc-btn ez-toc-btn-xs ez-toc-btn-default ez-toc-toggle\" aria-label=\"Alternar tabla de contenidos\"><span class=\"ez-toc-js-icon-con\"><span class=\"\"><span class=\"eztoc-hide\" style=\"display:none;\">Toggle<\/span><span class=\"ez-toc-icon-toggle-span\"><svg style=\"fill: #999;color:#999\" xmlns=\"http:\/\/www.w3.org\/2000\/svg\" class=\"list-377408\" width=\"20px\" height=\"20px\" viewBox=\"0 0 24 24\" fill=\"none\"><path d=\"M6 6H4v2h2V6zm14 0H8v2h12V6zM4 11h2v2H4v-2zm16 0H8v2h12v-2zM4 16h2v2H4v-2zm16 0H8v2h12v-2z\" fill=\"currentColor\"><\/path><\/svg><svg style=\"fill: #999;color:#999\" class=\"arrow-unsorted-368013\" xmlns=\"http:\/\/www.w3.org\/2000\/svg\" width=\"10px\" height=\"10px\" viewBox=\"0 0 24 24\" version=\"1.2\" baseProfile=\"tiny\"><path d=\"M18.2 9.3l-6.2-6.3-6.2 6.3c-.2.2-.3.4-.3.7s.1.5.3.7c.2.2.4.3.7.3h11c.3 0 .5-.1.7-.3.2-.2.3-.5.3-.7s-.1-.5-.3-.7zM5.8 14.7l6.2 6.3 6.2-6.3c.2-.2.3-.5.3-.7s-.1-.5-.3-.7c-.2-.2-.4-.3-.7-.3h-11c-.3 0-.5.1-.7.3-.2.2-.3.5-.3.7s.1.5.3.7z\"\/><\/svg><\/span><\/span><\/span><\/a><\/span><\/div>\n<nav><ul class='ez-toc-list ez-toc-list-level-1 ' ><li class='ez-toc-page-1 ez-toc-heading-level-3'><a class=\"ez-toc-link ez-toc-heading-1\" href=\"https:\/\/unox.com.tr\/es\/actuadores-electricos-de-30-nm\/#%C2%BFDonde_se_utilizan_los_actuadores_electricos_de_30_Nm\" >\u00bfD\u00f3nde se utilizan los actuadores el\u00e9ctricos de 30 Nm?<\/a><\/li><li class='ez-toc-page-1 ez-toc-heading-level-3'><a class=\"ez-toc-link ez-toc-heading-2\" href=\"https:\/\/unox.com.tr\/es\/actuadores-electricos-de-30-nm\/#Estructura_General_de_los_Actuadores_Electricos_de_30_Nm\" >Estructura General de los Actuadores El\u00e9ctricos de 30 Nm<\/a><\/li><li class='ez-toc-page-1 ez-toc-heading-level-3'><a class=\"ez-toc-link ez-toc-heading-3\" href=\"https:\/\/unox.com.tr\/es\/actuadores-electricos-de-30-nm\/#Ajuste_de_Par_del_Actuador_Electrico_de_30_Nm\" >Ajuste de Par del Actuador El\u00e9ctrico de 30 Nm<\/a><\/li><li class='ez-toc-page-1 ez-toc-heading-level-3'><a class=\"ez-toc-link ez-toc-heading-4\" href=\"https:\/\/unox.com.tr\/es\/actuadores-electricos-de-30-nm\/#Caracteristicas_del_Producto\" >Caracter\u00edsticas del Producto<\/a><\/li><\/ul><\/nav><\/div>\n<h3><span class=\"ez-toc-section\" id=\"%C2%BFDonde_se_utilizan_los_actuadores_electricos_de_30_Nm\"><\/span><b>\u00bfD\u00f3nde se utilizan los actuadores el\u00e9ctricos de 30 Nm?<\/b><span class=\"ez-toc-section-end\"><\/span><\/h3>\n<p class=\"p1\">Los actuadores el\u00e9ctricos de 30 Nm tienen un amplio campo de aplicaci\u00f3n, desde sistemas de automatizaci\u00f3n industrial hasta procesos de control. Generalmente se utilizan en sistemas de v\u00e1lvulas de peque\u00f1o di\u00e1metro, aplicaciones HVAC, l\u00edneas de producci\u00f3n de alimentos y sistemas de tratamiento de agua. Adem\u00e1s, desempe\u00f1an un papel activo en sistemas de proceso tipo laboratorio, m\u00e1quinas de producci\u00f3n compactas y l\u00edneas de fluidos de baja presi\u00f3n.  <\/p>\n<p class=\"p1\">Se integran ampliamente, especialmente en sistemas como <a href=\"https:\/\/unox.com.tr\/es\/actuadores\/\">v\u00e1lvulas mariposa con actuador<\/a> y <a href=\"https:\/\/unox.com.tr\/es\/?attachment_id=40643\">v\u00e1lvulas de bola con actuador<\/a>. De este modo, la direcci\u00f3n y la presi\u00f3n del fluido se controlan con alta precisi\u00f3n. <\/p>\n<h3><span class=\"ez-toc-section\" id=\"Estructura_General_de_los_Actuadores_Electricos_de_30_Nm\"><\/span><b>Estructura General de los Actuadores El\u00e9ctricos de 30 Nm<\/b><span class=\"ez-toc-section-end\"><\/span><\/h3>\n<p class=\"p1\">En la estructura interna de estos actuadores se incluyen un motor trif\u00e1sico, un mecanismo de ajuste de par, una unidad de control de velocidad, control de carrera, engranaje manual y un indicador de apertura-cierre.<br \/>La conexi\u00f3n el\u00e9ctrica se realiza mediante una protecci\u00f3n impermeable de \u00bd\u2019\u2019 y el cuerpo con grado de protecci\u00f3n IP67 ofrece resistencia frente a las condiciones ambientales. <\/p>\n<p class=\"p1\">Gracias a su dise\u00f1o compacto, puede instalarse f\u00e1cilmente en aplicaciones donde el espacio es limitado. Asimismo, gracias al est\u00e1ndar de conexi\u00f3n ISO 5211, puede operar de manera compatible con diferentes tipos de v\u00e1lvulas. <\/p>\n<h3><span class=\"ez-toc-section\" id=\"Ajuste_de_Par_del_Actuador_Electrico_de_30_Nm\"><\/span><b>Ajuste de Par del Actuador El\u00e9ctrico de 30 Nm<\/b><span class=\"ez-toc-section-end\"><\/span><\/h3>\n<p class=\"p1\">Gracias al mecanismo mec\u00e1nico de par integrado en el dispositivo, la potencia de salida se mantiene bajo control. El ajuste previo realizado en f\u00e1brica puede reconfigurarse manualmente seg\u00fan las necesidades del usuario. Esto contribuye a la seguridad del sistema y a una vida \u00fatil prolongada.  <\/p>\n<h3><span class=\"ez-toc-section\" id=\"Caracteristicas_del_Producto\"><\/span><b>Caracter\u00edsticas del Producto<\/b><span class=\"ez-toc-section-end\"><\/span><\/h3>\n<ul>\n<li>\n<p class=\"p1\">Modelo: URL &#8211; 03AC<\/p>\n<\/li>\n<li>\n<p class=\"p1\">Valor de Par: 30 N\u00b7m<\/p>\n<\/li>\n<li>\n<p class=\"p1\">Carcasa: Pl\u00e1stico ABS<\/p>\n<\/li>\n<li>\n<p class=\"p1\">Clase de protecci\u00f3n: IP 67<\/p>\n<\/li>\n<li>\n<p class=\"p1\">Temperatura de Funcionamiento: -10\u00b0C a +80\u00b0C<\/p>\n<\/li>\n<li>\n<p class=\"p1\">Tipo de Conexi\u00f3n: ISO 5211<\/p>\n<\/li>\n<li>\n<p class=\"p1\">Entrada El\u00e9ctrica: Conector Impermeable de \u00bd\u201d<\/p>\n<\/li>\n<\/ul>\n<p class=\"p1\">Los modelos de <a href=\"https:\/\/unox.com.tr\/30-nm-elektrikli-aktuatorler\/\">actuadores el\u00e9ctricos de 30 Nm<\/a> ofrecidos con la garant\u00eda de UNOX proporcionan soluciones ideales para hacer que sus sistemas sean seguros, silenciosos y energ\u00e9ticamente eficientes.<br \/>Puede consultar nuestra <a href=\"https:\/\/www.unoxonline.com.tr\/urun-kategori\/aktuator\/\" rel=\"nofollow noopener\" target=\"_blank\">categor\u00eda de actuadores<\/a> para conocer otros tipos de actuadores el\u00e9ctricos. <\/p>\n<div id=\"attachment_40620\" style=\"width: 310px\" class=\"wp-caption alignnone\"><img decoding=\"async\" aria-describedby=\"caption-attachment-40620\" class=\"size-medium wp-image-40614\" src=\"https:\/\/unox.com.tr\/wp-content\/themes\/woodmart\/images\/lazy.svg\" data-src=\"https:\/\/unox.com.tr\/wp-content\/uploads\/2021\/03\/17-2-300x300.jpg\" alt=\"Actuadores El\u00e9ctricos de 30 Nm\" width=\"300\" height=\"300\" title=\"\" srcset=\"\" data-srcset=\"https:\/\/unox.com.tr\/wp-content\/uploads\/2021\/03\/17-2-300x300.jpg 300w, https:\/\/unox.com.tr\/wp-content\/uploads\/2021\/03\/17-2-150x150.jpg 150w, https:\/\/unox.com.tr\/wp-content\/uploads\/2021\/03\/17-2-600x600.jpg 600w, https:\/\/unox.com.tr\/wp-content\/uploads\/2021\/03\/17-2-768x768.jpg 768w, https:\/\/unox.com.tr\/wp-content\/uploads\/2021\/03\/17-2-640x640.jpg 640w, https:\/\/unox.com.tr\/wp-content\/uploads\/2021\/03\/17-2-400x400.jpg 400w, https:\/\/unox.com.tr\/wp-content\/uploads\/2021\/03\/17-2-560x560.jpg 560w, https:\/\/unox.com.tr\/wp-content\/uploads\/2021\/03\/17-2-367x367.jpg 367w, https:\/\/unox.com.tr\/wp-content\/uploads\/2021\/03\/17-2-85x85.jpg 85w, https:\/\/unox.com.tr\/wp-content\/uploads\/2021\/03\/17-2-32x32.jpg 32w, https:\/\/unox.com.tr\/wp-content\/uploads\/2021\/03\/17-2.jpg 1000w\" sizes=\"(max-width: 300px) 100vw, 300px\" \/><p id=\"caption-attachment-40620\" class=\"wp-caption-text\">Actuadores El\u00e9ctricos de 30 Nm<\/p><\/div>\n","protected":false},"excerpt":{"rendered":"<p><a href=\"https:\/\/unox.com.tr\/wp-content\/uploads\/2024\/12\/Rotary-On-Off-Elektrikli-Aktuator-30Nm.pdf\" target=\"_blank\" rel=\"noopener\"><button style=\"background-color: #11224b; color: #ffffff; padding: 10px 15px; font-family: montserrat; font-weight: bold; font-size: 19px; border-radius: 10px;\"><img decoding=\"async\" style=\"width: 25px; height: 25px;\" src=\"https:\/\/unox.com.tr\/wp-content\/uploads\/2023\/02\/pdf-1.png\">CAT\u00c1LOGO DE PRODUCTO<\/button><\/a><\/p>\n<p><button style=\"background-color: #11224b; margin-top: 5px; color: white; padding: 0px 15px; width: 150px; height: 55px; border-radius: 10px; border: none; cursor: pointer;\"><br \/>\n<img decoding=\"async\" style=\"width: 120px; height: 30px;\" src=\"https:\/\/unox.com.tr\/wp-content\/uploads\/2023\/02\/4-1.svg\"><\/button><\/p>\n<p><a href=\"https:\/\/www.unoxonline.com.tr\/urun\/30-nm-elektrikli-aktuator\/\" target=\"_blank\" rel=\"noopener\"><button style=\"background-color: #11224b; color: #ffffff; padding: 10px 15px; font-family: montserrat; font-weight: bold; font-size: 19px; border-radius: 10px;\">Realizar Pedido en L\u00ednea<\/button><\/a><\/p>\n","protected":false},"featured_media":40620,"comment_status":"closed","ping_status":"closed","template":"","meta":[],"product_brand":[],"product_cat":[473,1551],"product_tag":[],"class_list":{"0":"post-36446","1":"product","2":"type-product","3":"status-publish","4":"has-post-thumbnail","6":"product_cat-actuadores-electricos","7":"product_cat-actuadores","9":"first","10":"instock","11":"shipping-taxable","12":"product-type-simple"},"_links":{"self":[{"href":"https:\/\/unox.com.tr\/es\/wp-json\/wp\/v2\/product\/36446","targetHints":{"allow":["GET"]}}],"collection":[{"href":"https:\/\/unox.com.tr\/es\/wp-json\/wp\/v2\/product"}],"about":[{"href":"https:\/\/unox.com.tr\/es\/wp-json\/wp\/v2\/types\/product"}],"replies":[{"embeddable":true,"href":"https:\/\/unox.com.tr\/es\/wp-json\/wp\/v2\/comments?post=36446"}],"version-history":[{"count":1,"href":"https:\/\/unox.com.tr\/es\/wp-json\/wp\/v2\/product\/36446\/revisions"}],"predecessor-version":[{"id":70405,"href":"https:\/\/unox.com.tr\/es\/wp-json\/wp\/v2\/product\/36446\/revisions\/70405"}],"wp:featuredmedia":[{"embeddable":true,"href":"https:\/\/unox.com.tr\/es\/wp-json\/wp\/v2\/media\/40620"}],"wp:attachment":[{"href":"https:\/\/unox.com.tr\/es\/wp-json\/wp\/v2\/media?parent=36446"}],"wp:term":[{"taxonomy":"product_brand","embeddable":true,"href":"https:\/\/unox.com.tr\/es\/wp-json\/wp\/v2\/product_brand?post=36446"},{"taxonomy":"product_cat","embeddable":true,"href":"https:\/\/unox.com.tr\/es\/wp-json\/wp\/v2\/product_cat?post=36446"},{"taxonomy":"product_tag","embeddable":true,"href":"https:\/\/unox.com.tr\/es\/wp-json\/wp\/v2\/product_tag?post=36446"}],"curies":[{"name":"wp","href":"https:\/\/api.w.org\/{rel}","templated":true}]}}